{"id":4566,"date":"2021-03-15T11:54:15","date_gmt":"2021-03-15T08:54:15","guid":{"rendered":"https:\/\/laspalmas.md\/?page_id=4566"},"modified":"2021-03-15T12:18:40","modified_gmt":"2021-03-15T09:18:40","slug":"reguli-de-intrare-in-germania","status":"publish","type":"page","link":"https:\/\/laspalmas.md\/ru\/reguli-de-intrare-in-germania\/","title":{"rendered":"REGULI DE INTRARE IN GERMANIA"},"content":{"rendered":"\n<p><strong>Stima\u021bi pasageri,<\/strong><\/p>\n\n\n\n<p><strong>V\u0103 inform\u0103m despre noile reguli de intrare \u00een Germania, pentru perioada 14 ianuarie 2021 &#8211; 31 martie 2021 inclusiv.<\/strong><\/p>\n\n\n\n<p><strong>To\u021bi pasagerii care intr\u0103 din \u021b\u0103rile aflate \u00een zona ro\u0219ie (inclusiv Republica Moldova), trebuie s\u0103 treac\u0103 testul SARS-COV-2 efectuat nu mai devreme de 48 de ore \u00eenainte de sosirea \u00een Germania. Pasagerul trebuie s\u0103 prezinte un rezultat negativ al testului la check-in pentru zbor, precum \u0219i la cererea poli\u021biei federale sau a autorit\u0103\u021bilor competente atunci c\u00e2nd trece controlul de frontier\u0103 \u00een Germania.<\/strong><\/p>\n\n\n\n<p><strong>Pasagerii care intr\u0103 \u00een Germania din \u021b\u0103rile din zona ro\u0219ie trebuie s\u0103 se autoizoleze timp de 10 zile la sosire.<\/strong><\/p>\n\n\n\n<p><strong>\u0218i, de asemenea, \u00eenainte de plecare, trebuie s\u0103 completeze f\u0103r\u0103 gre\u0219 formularul online PLF la&nbsp;<\/strong><a rel=\"noreferrer noopener\" href=\"https:\/\/www.einreiseanmeldung.de\/\" target=\"_blank\"><strong>www.einreiseanmeldung.de<\/strong><\/a><strong>. Dup\u0103 completarea formularului online PLF, pasagerul prime\u0219te un e-mail de confirmare. Prezen\u021ba formularului completat, precum \u0219i corectitudinea complet\u0103rii acestuia, sunt verificate la check-in la aeroport.<\/strong><\/p>\n\n\n\n<p><strong>Pasagerii trebuie s\u0103 poarte cu ei dovada finaliz\u0103rii PLF pe tot parcursul c\u0103l\u0103toriei.<\/strong><\/p>\n\n\n\n<p><strong>Pasagerilor care nu vor completa formularul online PLF nu li se va permite zborul.<\/strong><\/p>\n\n\n\n<p><strong>Pentru mai multe detalii privind condi\u021biile de c\u0103l\u0103torie \u00een Republica Federala Germania v\u0103 rug\u0103m s\u0103 accesa\u021bi\u00a0<\/strong><a rel=\"noreferrer noopener\" href=\"https:\/\/mfa.gov.md\/ro\/content\/alerte-de-calatorie-covid-19\" target=\"_blank\"><strong>urm\u0103torul link<\/strong><\/a><strong>.<\/strong><br><br><strong>ACESTE REGULI SE POT MODIFICA ORIC\u00c2ND! RESTRIC\u021aIILE TREBUIE S\u0102 LE VERIFICA\u021aI CU AUTORIT\u0102\u021aILE RESPONSABILE!<\/strong><\/p>\n","protected":false},"excerpt":{"rendered":"<p>Stima\u021bi pasageri, V\u0103 inform\u0103m despre noile reguli de intrare \u00een Germania, pentru perioada 14 ianuarie 2021 &#8211; 31 martie 2021 inclusiv. To\u021bi pasagerii care intr\u0103 din \u021b\u0103rile aflate \u00een zona &#8230;<\/p>\n","protected":false},"author":1,"featured_media":3448,"parent":0,"menu_order":0,"comment_status":"closed","ping_status":"closed","template":"","meta":[],"_links":{"self":[{"href":"https:\/\/laspalmas.md\/ru\/wp-json\/wp\/v2\/pages\/4566"}],"collection":[{"href":"https:\/\/laspalmas.md\/ru\/wp-json\/wp\/v2\/pages"}],"about":[{"href":"https:\/\/laspalmas.md\/ru\/wp-json\/wp\/v2\/types\/page"}],"author":[{"embeddable":true,"href":"https:\/\/laspalmas.md\/ru\/wp-json\/wp\/v2\/users\/1"}],"replies":[{"embeddable":true,"href":"https:\/\/laspalmas.md\/ru\/wp-json\/wp\/v2\/comments?post=4566"}],"version-history":[{"count":5,"href":"https:\/\/laspalmas.md\/ru\/wp-json\/wp\/v2\/pages\/4566\/revisions"}],"predecessor-version":[{"id":4588,"href":"https:\/\/laspalmas.md\/ru\/wp-json\/wp\/v2\/pages\/4566\/revisions\/4588"}],"wp:featuredmedia":[{"embeddable":true,"href":"https:\/\/laspalmas.md\/ru\/wp-json\/wp\/v2\/media\/3448"}],"wp:attachment":[{"href":"https:\/\/laspalmas.md\/ru\/wp-json\/wp\/v2\/media?parent=4566"}],"curies":[{"name":"wp","href":"https:\/\/api.w.org\/{rel}","templated":true}]}}