{"id":4557,"date":"2021-03-15T11:50:04","date_gmt":"2021-03-15T08:50:04","guid":{"rendered":"https:\/\/laspalmas.md\/?page_id=4557"},"modified":"2021-03-15T12:19:35","modified_gmt":"2021-03-15T09:19:35","slug":"reguli-de-zbor-spre-israel","status":"publish","type":"page","link":"https:\/\/laspalmas.md\/ru\/reguli-de-zbor-spre-israel\/","title":{"rendered":"REGULI DE ZBOR SPRE ISRAEL"},"content":{"rendered":"\n<p><strong>Stima\u021bi pasageri,<br>V\u0103 inform\u0103m despre noile reguli de intrare \u00een Israel, care vor intra \u00een vigoare pe 23 ianuarie 2021:<\/strong><\/p>\n\n\n\n<p><strong>1.&nbsp;To\u021bi pasagerii, indiferent de v\u00e2rst\u0103, care au fost \u00een afara Israelului \u00een ultimele 72 de ore, trebuie s\u0103 prezinte unul dintre urm\u0103toarele documente la check-in pentru zborul Chi\u0219in\u0103u-Tel Aviv:<\/strong><\/p>\n\n\n\n<p><strong>a.&nbsp;rezultat negativ al testului PCR la COVID-19, realizat nu mai devreme de 72 de ore \u00eenainte de ora estimat\u0103 de \u00eembarcare la zborul Chi\u0219in\u0103u-Tel Aviv. Rezultatul ar trebui s\u0103 con\u021bin\u0103 urm\u0103toarele date:<\/strong><\/p>\n\n\n\n<ul><li><strong>metoda de testare: PCR \/ RT-PCR \/ Q-PCR<\/strong><\/li><li><strong>datele personale ale pasagerului: nume \/ prenume; num\u0103rul de identificare sau num\u0103rul pa\u0219aportului;<\/strong><\/li><li><strong>data testului.<\/strong><\/li><\/ul>\n\n\n\n<p><strong>Pasagerii care tranziteaz\u0103 prin Aeroportul Ben Gurion trebuie s\u0103 prezinte un test PCR negativ la COVID-19, efectuat cu cel pu\u021bin 72 de ore \u00eenainte de ora estimat\u0103 de \u00eembarcare la zborul Chi\u0219in\u0103u-Tel Aviv. Timpul de conectare \u00een Tel Aviv nu ar trebui s\u0103 dep\u0103\u0219easc\u0103 24 de ore.<\/strong><\/p>\n\n\n\n<p><strong>b.&nbsp;un certificat de vaccinare valid emis de Israel sau o confirmare de recuperare din cazurile confirmate de boal\u0103 eliberate de Israel:<\/strong><\/p>\n\n\n\n<ul><li><strong>formatul de atestare a recuper\u0103rii din cazurile confirmate de boal\u0103 va fi publicat pe site-ul oficial al Ministerului S\u0103n\u0103t\u0103\u021bii din Israel \u00een urm\u0103toarele zile.<\/strong><\/li><li><strong>un certificat de vaccinare emis de Ministerul S\u0103n\u0103t\u0103\u021bii din Israel, \u00een timp ce a doua vaccinare trebuie efectuat\u0103 cu cel pu\u021bin \u0219apte zile \u00eenainte de plecare.<\/strong><\/li><li><strong>permisiunea special\u0103 a Ministerului Afacerilor Externe din Israel<\/strong><\/li><\/ul>\n\n\n\n<p><strong>2.<\/strong>&nbsp;<strong>Pasagerilor care nu vor prezenta unul dintre documentele enumerate din punctul 1 de mai sus, nu li se va permite s\u0103 zboare.<\/strong><\/p>\n\n\n\n<p><strong>3.<\/strong>&nbsp;<strong>La completarea unei declara\u021bii electronice de s\u0103n\u0103tate, pasagerii trebuie s\u0103 indice c\u0103 au unul dintre documentele specificate \u00een punctul 1.<\/strong><\/p>\n\n\n\n<p><strong>Noile reguli se adaug\u0103 regulilor existente, \u0219i anume:&nbsp;<\/strong><\/p>\n\n\n\n<p><strong>a.<\/strong>&nbsp;<strong>To\u021bi pasagerii care zboar\u0103 c\u0103tre Israel trebuie s\u0103 completeze&nbsp;<\/strong><a rel=\"noreferrer noopener\" href=\"https:\/\/govforms.gov.il\/mw\/forms\/Quarantine@health.gov.il\" target=\"_blank\"><strong>Clearance Application<\/strong><\/a><strong>&nbsp;cu cel pu\u021bin 24 de ore \u00eenainte de zbor.<\/strong><\/p>\n\n\n\n<p><strong>b.<\/strong>&nbsp;<strong>To\u021bi pasagerii ce intr\u0103 \u00een Israel care \u00een ultimele 14 zile au fost \u00een Africa de Sud, Zambia, Emiratele Arabe Unite \u0219i Brazilia, vor fi supu\u0219i unei carantine obligatorii de 14 zile \u00een centrele de carantin\u0103 de stat.<\/strong><\/p>\n\n\n\n<p><strong>c.<\/strong>&nbsp;<strong>To\u021bi pasagerii care sosesc \u00een Israel din \u021b\u0103ri care nu sunt enumerate \u00een punctul b de mai sus (cet\u0103\u021beni \u0219i reziden\u021bi israelieni, precum \u0219i cet\u0103\u021beni str\u0103ini) trebuie s\u0103 fie supu\u0219i unei carantine obligatorii acas\u0103 sau \u00een alt\u0103 parte, \u00een conformitate cu sec\u021biunea 20 din Ordinul de s\u0103n\u0103tate public\u0103 din 1940 ( \u00een loc s\u0103 treac\u0103 \u00een carantin\u0103 \u00een centrele de carantin\u0103 de stat) sub rezerva urm\u0103toarelor condi\u021bii:<\/strong><\/p>\n\n\n\n<ul><li><strong>Pasagerul trebuie s\u0103 treac\u0103 testul PCR la COVID-19:<br>&#8211; la aeroport imediat dup\u0103 sosirea \u00een Israel<br>&#8211; \u00een centrul de carantin\u0103 de stat, dac\u0103 pasagerul a \u00eenceput procesul de carantina acolo la sosirea \u00een Israel \u0219i dore\u0219te s\u0103 schimbe locul de carantin\u0103.<\/strong><\/li><li><strong>\u00cenainte de deplasare la locul autoizol\u0103rii, pasagerul trebuie s\u0103-\u0219i asume un angajament scris de a face un nou test PCR la COVID-19 \u00een a noua zi de autoizolare.<\/strong><\/li><\/ul>\n\n\n\n<p><strong>d.<\/strong>&nbsp;<strong>A\u0219a cum R. Moldova este considerat\u0103 zon\u0103 ro\u0219ie, pasagerii ce pleac\u0103 spre Israel vor \u00eentra \u00een izolare \u0219i astfel trebuie s\u0103 completeze&nbsp;<\/strong><a rel=\"noreferrer noopener\" href=\"https:\/\/govforms.gov.il\/mw\/forms\/HouseIsolation%40health.gov.il\" target=\"_blank\"><strong>formularul Isolation form<\/strong><\/a><strong>. Pasagerii care pleac\u0103 din Israel spre Moldova, deasemenea sunt obliga\u021bi s\u0103 completeaze&nbsp;<\/strong><a rel=\"noreferrer noopener\" href=\"https:\/\/go.gov.il\/depart-from-israelen\" target=\"_blank\"><strong>on-line formularul<\/strong><\/a><strong>.<\/strong><\/p>\n\n\n\n<p><strong>Important!&nbsp;Cet\u0103\u021benii str\u0103ini pot intra \u00een Israel doar cu autorizare special\u0103 emis\u0103 de Autorit\u0103\u0163ile de Migra\u021bie a Israelului.<\/strong><\/p>\n\n\n\n<p><strong>ACESTE REGULI SE POT MODIFICA ORIC\u00c2ND! RESTRIC\u021aIILE TREBUIE S\u0102 LE VERIFICA\u021aI CU AUTORIT\u0102\u021aILE RESPONSABILE!<\/strong><\/p>\n","protected":false},"excerpt":{"rendered":"<p>Stima\u021bi pasageri,V\u0103 inform\u0103m despre noile reguli de intrare \u00een Israel, care vor intra \u00een vigoare pe 23 ianuarie 2021: 1.&nbsp;To\u021bi pasagerii, indiferent de v\u00e2rst\u0103, care au fost \u00een afara Israelului &#8230;<\/p>\n","protected":false},"author":1,"featured_media":3448,"parent":0,"menu_order":0,"comment_status":"closed","ping_status":"closed","template":"","meta":[],"_links":{"self":[{"href":"https:\/\/laspalmas.md\/ru\/wp-json\/wp\/v2\/pages\/4557"}],"collection":[{"href":"https:\/\/laspalmas.md\/ru\/wp-json\/wp\/v2\/pages"}],"about":[{"href":"https:\/\/laspalmas.md\/ru\/wp-json\/wp\/v2\/types\/page"}],"author":[{"embeddable":true,"href":"https:\/\/laspalmas.md\/ru\/wp-json\/wp\/v2\/users\/1"}],"replies":[{"embeddable":true,"href":"https:\/\/laspalmas.md\/ru\/wp-json\/wp\/v2\/comments?post=4557"}],"version-history":[{"count":8,"href":"https:\/\/laspalmas.md\/ru\/wp-json\/wp\/v2\/pages\/4557\/revisions"}],"predecessor-version":[{"id":4592,"href":"https:\/\/laspalmas.md\/ru\/wp-json\/wp\/v2\/pages\/4557\/revisions\/4592"}],"wp:featuredmedia":[{"embeddable":true,"href":"https:\/\/laspalmas.md\/ru\/wp-json\/wp\/v2\/media\/3448"}],"wp:attachment":[{"href":"https:\/\/laspalmas.md\/ru\/wp-json\/wp\/v2\/media?parent=4557"}],"curies":[{"name":"wp","href":"https:\/\/api.w.org\/{rel}","templated":true}]}}