{"id":4538,"date":"2021-03-15T11:39:54","date_gmt":"2021-03-15T08:39:54","guid":{"rendered":"https:\/\/laspalmas.md\/?page_id=4538"},"modified":"2021-03-15T12:20:00","modified_gmt":"2021-03-15T09:20:00","slug":"reguli-de-zbor-spre-marea-britanie","status":"publish","type":"page","link":"https:\/\/laspalmas.md\/ru\/reguli-de-zbor-spre-marea-britanie\/","title":{"rendered":"REGULI DE ZBOR SPRE MAREA BRITANIE"},"content":{"rendered":"\n<p><strong>Stima\u0163i pasageri,<\/strong><\/p>\n\n\n\n<p><strong>V\u0103 inform\u0103m despre noile reguli de intrare \u00een Marea Britanie, care au intrat \u00een vigoare la 15 februarie 2021.<\/strong><\/p>\n\n\n\n<p><strong>Pentru a c\u0103l\u0103tori \u00een Marea Britanie pasagerii trebuie s\u0103 indeplineasc\u0103 urm\u0103toarele condi\u021bii:<\/strong><\/p>\n\n\n\n<p><strong>1.&nbsp;A prezenta un rezultat negativ al testului \u00eenainte de zbor (care trebuie s\u0103 fie f\u0103cut \u00een termen de 3 zile \u00eenainte de zbor) \u00een englez\u0103.<\/strong><\/p>\n\n\n\n<p><strong>To\u021bi pasagerii care intr\u0103 \u00een Marea Britanie trebuie s\u0103 fac\u0103 un test COVID-19 PCR \u00een termen de trei zile p\u00e2n\u0103 la sosire. Conform informa\u021biei de pe site-ul&nbsp;<\/strong><a rel=\"noreferrer noopener\" href=\"https:\/\/www.gov.uk\/\" target=\"_blank\"><strong>www.gov.uk<\/strong><\/a><strong>&nbsp;se accept\u0103 urm\u0103toarele tipuri de teste:&nbsp;RT PCR, RT LAMP \u0219i test antigen cu un dispozitiv cu flux lateral. Detalii pot fi g\u0103site acces\u00eend link-ul.<\/strong><\/p>\n\n\n\n<p><strong>\u00cen timpul \u00eenregistr\u0103rii pentru fiecare curs\u0103, to\u021bi pasagerii, cu excep\u021bia copiilor sub 11 ani, trebuie s\u0103 prezinte un rezultat negativ al testului. Rezultatul testului trebuie prezentat \u00een original \u00een englez\u0103, francez\u0103 sau spaniol\u0103; testele de traducere nu vor fi acceptate.<\/strong><\/p>\n\n\n\n<p><strong>Rezultatul testului trebuie s\u0103 con\u021bin\u0103 urm\u0103toarele informa\u021bii:<\/strong><\/p>\n\n\n\n<ul><li><strong>numele \/ prenumele pasagerului care corespunde documentelor de c\u0103l\u0103torie<\/strong><\/li><li><strong>data na\u0219terii sau v\u00e2rsta pasagerului<\/strong><\/li><li><strong>rezultatul testului<\/strong><\/li><li><strong>data testului<\/strong><\/li><li><strong>numele \u0219i contactele laboratorului \u00een care a fost efectuat testul<\/strong><\/li><li><strong>numele testului<\/strong><\/li><\/ul>\n\n\n\n<p><strong>Dac\u0103 rezultatul testului nu con\u021bine toate informa\u021biile de mai sus sau rezultatul testului PCR lipse\u0219te, pasagerului i se va refuza \u00eembarcarea. Rezultatul testului poate fi prezentat pe suport de h\u00e2rtie sau \u00een format electronic; la prezentarea rezultatului \u00een form\u0103 electronic\u0103, pasagerul trebuie s\u0103 furnizeze dispozitivului s\u0103u electronic nivelul de \u00eenc\u0103rcare necesar.<\/strong><\/p>\n\n\n\n<p><strong>2.&nbsp;Rezervarea din timp retestarii la sosirea \u00een Marea Britanie \u00een zilele 2 \u0219i 8. Confirmarea rezerv\u0103rii cu privire la testare trebuie indicat\u0103 \u00een Passenger Locator Form.<\/strong><\/p>\n\n\n\n<p><strong>3.&nbsp;Completarea on-line a formularului Passenger Locator Form (\u00eencep\u00eend cu 48 de ore \u00eenainte de data zborului sau \u00een ziua zborului cel t\u00eerziu). Dup\u0103 completarea formularului ve\u021bi primi o confirmare pe e-mail cu un QR code pe care va trebui s\u0103 o prezenta\u021bi la check-in\/boarding, \u0219i la sosire \u00een Londra. Confirmarea poate fi prezentat\u0103 prin o copie printat\u0103 sau \u00een telefonul dvs.<\/strong><\/p>\n\n\n\n<p><strong>4.&nbsp;Pasagerii care au fost \/ au traversat \u00een ultimele 10 zile dintr-o \u021bar\u0103 care este o zon\u0103 ro\u0219ie pentru Marea Britanie trebuie s\u0103 se autoizoleze la hotel, care este rezervat individual \u00een detrimentul pasagerilor. Confirmarea rezerv\u0103rii trebuie s\u0103 fie indicat\u0103 \u00een Passenger Locator Form.<\/strong><\/p>\n\n\n\n<ul><li><strong>Lista zonelor ro\u0219ii pute\u0163i&nbsp;<\/strong><a rel=\"noreferrer noopener\" href=\"https:\/\/www.gov.uk\/guidance\/transport-measures-to-protect-the-uk-from-variant-strains-of-covid-19\" target=\"_blank\"><strong>g\u0103si aici<\/strong><\/a><\/li><li><strong>Rezerv\u0103rile la hotel se pot face&nbsp;<\/strong><a rel=\"noreferrer noopener\" href=\"https:\/\/quarantinehotelbookings.ctmportal.co.uk\/\" target=\"_blank\"><strong>aici<\/strong><\/a><strong>.<\/strong><\/li><\/ul>\n\n\n\n<p><strong>5.&nbsp;La sosire, pasagerul trebuie s\u0103 se autoizoleze timp de 10 zile.<\/strong><\/p>\n\n\n\n<p><strong>6.&nbsp;Este o cerin\u021b\u0103 obligatorie s\u0103 purta\u021bi masc\u0103 \u00een transportul public din Marea Britanie. Nerespectarea regulilor men\u021bionate mai sus este considerat\u0103 o infrac\u021biune care presupune amenda \u00een m\u0103rimea de la 10.000 \u00a3 sau \u00eenchisoare.<\/strong><\/p>\n\n\n\n<p><strong>V\u0103 rug\u0103m s\u0103 vizita\u021bi&nbsp;<\/strong><a rel=\"noreferrer noopener\" href=\"https:\/\/www.gov.uk\/uk-border-control\" target=\"_blank\"><strong>www.gov.uk\/uk-border-control<\/strong><\/a><strong>&nbsp;pentru recomand\u0103ri detaliate de s\u0103n\u0103tate public\u0103 \u0219i cerin\u021be pentru intrarea \u00een Marea Britanie.<\/strong><\/p>\n\n\n\n<p><strong>Informa\u021bii oficiale privind reglement\u0103rile de intrare \u00een Marea Britanie pot fi&nbsp;<\/strong><a href=\"https:\/\/www.airmoldova.md\/static\/filemanager\/pdf\/box_A_UK_Covid_entry_rules.pdf\"><strong>g\u0103site aici<\/strong><\/a><strong>.<\/strong><\/p>\n\n\n\n<hr class=\"wp-block-separator\"\/>\n\n\n\n<p><strong>Stima\u0163i pasageri, informa\u021biile despre regulile de zbor \u00een perioada de pandemie furnizate de compania aerian\u0103 sunt pur informative.<\/strong><\/p>\n\n\n\n<p><strong>V\u0103 rug\u0103m insistent s\u0103 verifica\u021bi adi\u021bional, informa\u021biile emise de c\u0103tre autorit\u0103\u021bile statului \u00een care inten\u021biona\u021bi s\u0103 c\u0103l\u0103tori\u021b, sau s\u0103 tranzita\u021bi, despre toate restric\u021biile actuale de c\u0103l\u0103torie, sau de intrare impuse curent.<\/strong><\/p>\n\n\n\n<p><strong>ACESTE REGULI SE POT MODIFICA ORIC\u00c2ND! RESTRIC\u021aIILE TREBUIE S\u0102 LE VERIFICA\u021aI CU AUTORIT\u0102\u021aILE RESPONSABILE!<\/strong><\/p>\n","protected":false},"excerpt":{"rendered":"<p>Stima\u0163i pasageri, V\u0103 inform\u0103m despre noile reguli de intrare \u00een Marea Britanie, care au intrat \u00een vigoare la 15 februarie 2021. Pentru a c\u0103l\u0103tori \u00een Marea Britanie pasagerii trebuie s\u0103 &#8230;<\/p>\n","protected":false},"author":1,"featured_media":3448,"parent":0,"menu_order":0,"comment_status":"closed","ping_status":"closed","template":"","meta":[],"_links":{"self":[{"href":"https:\/\/laspalmas.md\/ru\/wp-json\/wp\/v2\/pages\/4538"}],"collection":[{"href":"https:\/\/laspalmas.md\/ru\/wp-json\/wp\/v2\/pages"}],"about":[{"href":"https:\/\/laspalmas.md\/ru\/wp-json\/wp\/v2\/types\/page"}],"author":[{"embeddable":true,"href":"https:\/\/laspalmas.md\/ru\/wp-json\/wp\/v2\/users\/1"}],"replies":[{"embeddable":true,"href":"https:\/\/laspalmas.md\/ru\/wp-json\/wp\/v2\/comments?post=4538"}],"version-history":[{"count":9,"href":"https:\/\/laspalmas.md\/ru\/wp-json\/wp\/v2\/pages\/4538\/revisions"}],"predecessor-version":[{"id":4593,"href":"https:\/\/laspalmas.md\/ru\/wp-json\/wp\/v2\/pages\/4538\/revisions\/4593"}],"wp:featuredmedia":[{"embeddable":true,"href":"https:\/\/laspalmas.md\/ru\/wp-json\/wp\/v2\/media\/3448"}],"wp:attachment":[{"href":"https:\/\/laspalmas.md\/ru\/wp-json\/wp\/v2\/media?parent=4538"}],"curies":[{"name":"wp","href":"https:\/\/api.w.org\/{rel}","templated":true}]}}