{"id":4532,"date":"2021-03-15T11:33:34","date_gmt":"2021-03-15T08:33:34","guid":{"rendered":"https:\/\/laspalmas.md\/?page_id=4532"},"modified":"2021-03-15T12:18:52","modified_gmt":"2021-03-15T09:18:52","slug":"reguli-de-intrare-in-r-moldova","status":"publish","type":"page","link":"https:\/\/laspalmas.md\/ru\/reguli-de-intrare-in-r-moldova\/","title":{"rendered":"REGULI DE INTRARE IN R. MOLDOVA"},"content":{"rendered":"\n<p><strong>Stima\u021bi pasageri,<\/strong><\/p>\n\n\n\n<p><strong>V\u0103 inform\u0103m c\u0103 prin decizia Comisiei Na\u021bionale Extraordinare de S\u0103n\u0103tate Public\u0103 sunt introduse noi restric\u021bii la intrarea \u00een Republica Moldova, \u00eencep\u00e2nd cu 5 martie 2021.<\/strong><\/p>\n\n\n\n<p><strong>Pasagerii care traverseaz\u0103 frontiera Republicii Moldova, la intrare, trebuie s\u0103 prezinte rezultatul unui test PCR negativ pentru COVID-19(\u00een limba de stat al RM, rus\u0103, englez\u0103 sau francez\u0103), efectuat cu 72 de ore \u00eenainte de sosire.<\/strong><\/p>\n\n\n\n<p><strong>Excep\u021bii: copiii p\u00e2n\u0103 la 5 ani, conduc\u0103torii auto a vehiculelor rutiere de transport marfar \u015fi a vehiculelor rutiere de transport de persoane contra cost, echipajele \u015fi personalul de deservire ale aeronavelor\/navelor \u015fi brig\u0103zile \u015fi personalul de deservire ale garniturilor de tren, membrii delega\u021biilor, lucr\u0103torii transfrontalieri, sportivii pasagerii \u00een tranzit \u0219i cei care au act confiramtiv de administrare a vaccinului, precum \u0219i multe altele. \u00centreaga list\u0103 de excep\u021bii poate fi g\u0103sit\u0103&nbsp;<\/strong><a rel=\"noreferrer noopener\" href=\"https:\/\/cancelaria.gov.md\/sites\/default\/files\/hotarirea_cnesp_nr.48_04.03.2021.pdf\" target=\"_blank\"><strong>aici<\/strong><\/a><strong>.<\/strong><\/p>\n\n\n\n<p><strong>De asemenea, pasagerii care nu prezint\u0103 un test PCR negativ pentru COVID-19 sau pasagerilor care nu sunt inclu\u015fi \u00een lista excep\u021biilor de mai sus, vor fi obliga\u0163i s\u0103 completeye o declara\u0163ie de auto-izolare pe un termen de 14 zile, indiferent de punctul de sosire.<\/strong><\/p>\n\n\n\n<p><strong>\u00cen toate celelalte cazuri, regimul de autoizolare poate fi \u00eentrerupt timp de 10 zile \u00een cazul unui test PCR negativ pentru COVID-19.<\/strong><\/p>\n\n\n\n<p><strong>Pasagerii ce vin \u00een Republica Moldova trebuie s\u0103 completeze&nbsp;<\/strong><a rel=\"noreferrer noopener\" href=\"https:\/\/www.airmoldova.md\/static\/filemanager\/pdf\/Fisa_Epedimiologica_MD.pdf\" target=\"_blank\"><strong>fi\u015fa epidemiologic\u0103<\/strong><\/a><strong>.<\/strong><\/p>\n\n\n\n<p><strong>ACESTE REGULI SE POT MODIFICA ORIC\u00c2ND! RESTRIC\u021aIILE TREBUIE S\u0102 LE VERIFICA\u021aI CU AUTORIT\u0102\u021aILE RESPONSABILE!<\/strong><\/p>\n","protected":false},"excerpt":{"rendered":"<p>Stima\u021bi pasageri, V\u0103 inform\u0103m c\u0103 prin decizia Comisiei Na\u021bionale Extraordinare de S\u0103n\u0103tate Public\u0103 sunt introduse noi restric\u021bii la intrarea \u00een Republica Moldova, \u00eencep\u00e2nd cu 5 martie 2021. Pasagerii care traverseaz\u0103 &#8230;<\/p>\n","protected":false},"author":1,"featured_media":3448,"parent":0,"menu_order":0,"comment_status":"closed","ping_status":"closed","template":"","meta":[],"_links":{"self":[{"href":"https:\/\/laspalmas.md\/ru\/wp-json\/wp\/v2\/pages\/4532"}],"collection":[{"href":"https:\/\/laspalmas.md\/ru\/wp-json\/wp\/v2\/pages"}],"about":[{"href":"https:\/\/laspalmas.md\/ru\/wp-json\/wp\/v2\/types\/page"}],"author":[{"embeddable":true,"href":"https:\/\/laspalmas.md\/ru\/wp-json\/wp\/v2\/users\/1"}],"replies":[{"embeddable":true,"href":"https:\/\/laspalmas.md\/ru\/wp-json\/wp\/v2\/comments?post=4532"}],"version-history":[{"count":5,"href":"https:\/\/laspalmas.md\/ru\/wp-json\/wp\/v2\/pages\/4532\/revisions"}],"predecessor-version":[{"id":4589,"href":"https:\/\/laspalmas.md\/ru\/wp-json\/wp\/v2\/pages\/4532\/revisions\/4589"}],"wp:featuredmedia":[{"embeddable":true,"href":"https:\/\/laspalmas.md\/ru\/wp-json\/wp\/v2\/media\/3448"}],"wp:attachment":[{"href":"https:\/\/laspalmas.md\/ru\/wp-json\/wp\/v2\/media?parent=4532"}],"curies":[{"name":"wp","href":"https:\/\/api.w.org\/{rel}","templated":true}]}}