{"id":4518,"date":"2021-03-15T11:01:50","date_gmt":"2021-03-15T08:01:50","guid":{"rendered":"https:\/\/laspalmas.md\/?page_id=4518"},"modified":"2021-03-15T11:32:49","modified_gmt":"2021-03-15T08:32:49","slug":"pensiunea-vila-roz","status":"publish","type":"page","link":"https:\/\/laspalmas.md\/ru\/pensiunea-vila-roz\/","title":{"rendered":"PENSIUNEA VILA ROZ"},"content":{"rendered":"\n<p>Vila Roz este o denumire sugestiv\u0103, care s-a n\u0103scut din dragostea proprietarei pentru trandafiri, cultiv\u00e2nd o mul\u021bime de specii \u00een gr\u0103dina sa. Prin intermediul gazdei, Liuba Railean, care este nativ\u0103 din satul Trebujeni, ve\u0163i putea afla \u015fi c\u00e2teva din particularit\u0103\u0163ile regiunii. Iar buc\u0103t\u0103reasa va fi cea care v\u0103 va deschide secretul m\u00e2nc\u0103rurilor moldovene\u015fti. Toate m\u0103nc\u0103rurile sunt preg\u0103tite din alimente proaspete \u015fi delicioase. Apropo, doritorii pot \u00eenv\u0103\u021ba s\u0103 g\u0103teasc\u0103 aici corni\u0219oare cu dulcea\u021b\u0103 din trandafir &#8211; specialitate casei. De Pa\u0219ti, aici sunt organizate \u0219i ateliere de \u00eencondeiere a ou\u0103lor. Pe l\u00e2ng\u0103 asta, pensiunea dispune \u0219i de o zon\u0103 pentru camping. Totodat\u0103, pe l\u00e2ng\u0103 micul dejun, turi\u0219tii mai au incluse \u00een pachet \u0219i biciclete, cu care pot descoperi Orheiul Vechi.\u00a0Vila Roz\u00a0este locul potrivit unde fiecare oaspete va fi \u00eent\u00e2lnit cu bra\u0163ele deschise, cu ospitalitate\u00a0\u015fi c\u0103ldur\u0103.<br><br><\/p>\n\n\n\n<p>Vila Roz v\u0103 pune la dispozi\u0163ie dou\u0103 case cu toate comodit\u0103\u0163ile:<\/p>\n\n\n\n<ul><li>cazare \u00een camere individuale sau de grup ( 4 camere a c\u00e2te 2 persoane; o camera pentru 3 persoane \u015fi o camer\u0103 pentru 5 persoane)<\/li><li>s\u0103li de baie partajate cu ap\u0103 cald\u0103<\/li><li>Wi-Fi<\/li><li>teras\u0103 spa\u0163ioas\u0103 cu acces la gr\u0103tar<\/li><li>curte \u015fi gr\u0103din\u0103 cu acces la r\u00e2ul R\u0103ut<\/li><\/ul>\n\n\n\n<p>Se ofer\u0103 \u0219i locuri de campare cu cortul pentru cei interesa\u021bi.<br><br><\/p>\n\n\n\n<table class=\"wp-block-table\"><thead><tr><th>Ofert\u0103<\/th><th>Min pers \u00een grup<\/th><th>Pre\u021b<\/th><th><\/th><\/tr><\/thead><tbody><tr><td><strong>Camer\u0103 SGL<\/strong><br>Camer\u0103 standard, pat matrimonial. Tariful include mic dejun, pentru 1 persoan\u0103. Check in: 14.00 \/ Check out:12:00 Pr\u00e2nzul\/cina se vor comanda \u00een prealabil.<\/td><td>1<\/td><td>24\u20ac pre\u021b standard<\/td><td><a href=\"https:\/\/laspalmas.md\/contact-us-1\/\">REZERVEAZ\u0102 ACUM<\/a><\/td><\/tr><tr><td><strong>Camer\u0103 DBL<\/strong><br>Camer\u0103 standard, pat matrimonial. Tariful include mic dejun, pentru 2 persoane. Check in: 14.00 \/ Check out:12:00. Pr\u00e2nzul\/cina se vor comanda \u00een prealabil.<\/td><td>2<\/td><td>50\u20ac pre\u021b standard<\/td><td><a href=\"https:\/\/laspalmas.md\/contact-us-1\/\">REZERVEAZ\u0102 ACUM<\/a><\/td><\/tr><tr><td><strong>Camer\u0103 TWIN<\/strong><br>Camer\u0103 standard, 2 paturi. Tariful include mic dejun, pentru 2 persoane. Check in: 14.00 \/ Check out:12:00. Pr\u00e2nzul\/cina se vor comanda \u00een prealabil.<\/td><td>2<\/td><td>50\u20ac pre\u021b standard<\/td><td><a href=\"https:\/\/laspalmas.md\/contact-us-1\/\">REZERVEAZ\u0102 ACUM<\/a><\/td><\/tr><tr><td><strong>Camer\u0103 Family #3<\/strong><br>Camer\u0103 standard, pat matrimonial + pat. Tariful include mic dejun, pentru 3 persoane. Check in: 14.00 \/ Check out:12:00. Pr\u00e2nzul\/cina se vor comanda \u00een prealabil.<\/td><td>3<\/td><td>75\u20ac pre\u021b standard<\/td><td><a href=\"https:\/\/laspalmas.md\/contact-us-1\/\">REZERVEAZ\u0102 ACUM<\/a><\/td><\/tr><tr><td><strong>Camer\u0103 Family #5<\/strong><br>Camer\u0103 standard, 5 paturi. Tariful include mic dejun, pentru 5 persoane. Check in: 14.00 \/ Check out:12:00. Pr\u00e2nzul\/cina se vor comanda \u00een prealabil.<\/td><td>5<\/td><td>124\u20ac pre\u021b standard<\/td><\/tr><\/tbody><\/table>\n","protected":false},"excerpt":{"rendered":"<p>Vila Roz este o denumire sugestiv\u0103, care s-a n\u0103scut din dragostea proprietarei pentru trandafiri, cultiv\u00e2nd o mul\u021bime de specii \u00een gr\u0103dina sa. Prin intermediul gazdei, Liuba Railean, care este nativ\u0103 &#8230;<\/p>\n","protected":false},"author":1,"featured_media":4531,"parent":0,"menu_order":0,"comment_status":"closed","ping_status":"closed","template":"","meta":[],"_links":{"self":[{"href":"https:\/\/laspalmas.md\/ru\/wp-json\/wp\/v2\/pages\/4518"}],"collection":[{"href":"https:\/\/laspalmas.md\/ru\/wp-json\/wp\/v2\/pages"}],"about":[{"href":"https:\/\/laspalmas.md\/ru\/wp-json\/wp\/v2\/types\/page"}],"author":[{"embeddable":true,"href":"https:\/\/laspalmas.md\/ru\/wp-json\/wp\/v2\/users\/1"}],"replies":[{"embeddable":true,"href":"https:\/\/laspalmas.md\/ru\/wp-json\/wp\/v2\/comments?post=4518"}],"version-history":[{"count":11,"href":"https:\/\/laspalmas.md\/ru\/wp-json\/wp\/v2\/pages\/4518\/revisions"}],"predecessor-version":[{"id":4530,"href":"https:\/\/laspalmas.md\/ru\/wp-json\/wp\/v2\/pages\/4518\/revisions\/4530"}],"wp:featuredmedia":[{"embeddable":true,"href":"https:\/\/laspalmas.md\/ru\/wp-json\/wp\/v2\/media\/4531"}],"wp:attachment":[{"href":"https:\/\/laspalmas.md\/ru\/wp-json\/wp\/v2\/media?parent=4518"}],"curies":[{"name":"wp","href":"https:\/\/api.w.org\/{rel}","templated":true}]}}