{"id":4500,"date":"2021-03-15T10:54:03","date_gmt":"2021-03-15T07:54:03","guid":{"rendered":"https:\/\/laspalmas.md\/?page_id=4500"},"modified":"2021-03-15T10:55:56","modified_gmt":"2021-03-15T07:55:56","slug":"pensiunea-la-gura-cuptorului","status":"publish","type":"page","link":"https:\/\/laspalmas.md\/ru\/pensiunea-la-gura-cuptorului\/","title":{"rendered":"PENSIUNEA LA GURA CUPTORULUI"},"content":{"rendered":"\n<p>Pensiunea &#8221;La Gura Cuptorului&#8221; este amplasat\u0103 \u00eentr-o loca\u021bie deosebit\u0103, unde tradi\u021bionalul se \u00eemplete\u0219te frumos cu actualul, iar obiceiurile sunt p\u0103strate cu sfin\u021benie.&nbsp;<\/p>\n\n\n\n<p>Pensiunea se afl\u0103 \u00een satul\u00a0V\u0103leni, un loc pitoresc \u00eenc\u0103rcat de energie pozitiv\u0103 \u0219i oamnei primitori, la o distan\u021b\u0103 de 25 km de or. Cahul, pe traseul interna\u021bional Cahul &#8211; Gala\u021bi (Rom\u00e2nia) , \u0219i la 200 km de or.Chi\u0219in\u0103u.<br><br>La pensiune sunt\u00a04 camere, care se pun la dispozi\u021bia vizitatorilor:\u00a07\u00a0locuri de cazare, cu grupuri sanitare separat, living. Sala de expozi\u021bie de 50 de locuri \u00een care este amplasat \u201cMuzeul p\u00e2inii de ritual, tradi\u021bii \u0219i obiceiuri &#8220;, este locul unde turi\u0219tii, sunt servi\u021bi cu ceai de melis\u0103-ment\u0103 rece \u0219i miere de albin\u0103, cu cozonac copt la pensiune \u0219i burn\u0103cei (porumbei) pe vatr\u0103, av\u00eend ocazia s\u0103 participe la jucatul pupezei de soacra mare, \u00een compania bunic\u0103i care bate toba, \u00eempreun\u0103 cu bunelul \u0219i nepo\u021belul. Gazdele pensiunii V\u0103\u00a0a\u0219teapt\u0103\u00a0cu drag, \u00een locul unde tradi\u021bia este la ea acas\u0103.<br><\/p>\n\n\n\n<table class=\"wp-block-table\"><thead><tr><th>Ofert\u0103<\/th><th>Min pers \u00een grup<\/th><th>Pre\u021b<\/th><th><\/th><\/tr><\/thead><tbody><tr><td><strong>Camer\u0103<\/strong><br>Camer\u0103 standard. <br>Tariful NU include mic dejun. Check in: 14.00 \/ Check out:12:00. Pensiunea nu ofer\u0103 servicii de alimenta\u021bie (temporar).<\/td><td>2<\/td><td>26\u20ac pre\u021b standard<\/td><\/tr><\/tbody><\/table>\n","protected":false},"excerpt":{"rendered":"<p>Pensiunea &#8221;La Gura Cuptorului&#8221; este amplasat\u0103 \u00eentr-o loca\u021bie deosebit\u0103, unde tradi\u021bionalul se \u00eemplete\u0219te frumos cu actualul, iar obiceiurile sunt p\u0103strate cu sfin\u021benie.&nbsp; Pensiunea se afl\u0103 \u00een satul\u00a0V\u0103leni, un loc pitoresc &#8230;<\/p>\n","protected":false},"author":1,"featured_media":4506,"parent":0,"menu_order":0,"comment_status":"closed","ping_status":"closed","template":"","meta":[],"_links":{"self":[{"href":"https:\/\/laspalmas.md\/ru\/wp-json\/wp\/v2\/pages\/4500"}],"collection":[{"href":"https:\/\/laspalmas.md\/ru\/wp-json\/wp\/v2\/pages"}],"about":[{"href":"https:\/\/laspalmas.md\/ru\/wp-json\/wp\/v2\/types\/page"}],"author":[{"embeddable":true,"href":"https:\/\/laspalmas.md\/ru\/wp-json\/wp\/v2\/users\/1"}],"replies":[{"embeddable":true,"href":"https:\/\/laspalmas.md\/ru\/wp-json\/wp\/v2\/comments?post=4500"}],"version-history":[{"count":4,"href":"https:\/\/laspalmas.md\/ru\/wp-json\/wp\/v2\/pages\/4500\/revisions"}],"predecessor-version":[{"id":4505,"href":"https:\/\/laspalmas.md\/ru\/wp-json\/wp\/v2\/pages\/4500\/revisions\/4505"}],"wp:featuredmedia":[{"embeddable":true,"href":"https:\/\/laspalmas.md\/ru\/wp-json\/wp\/v2\/media\/4506"}],"wp:attachment":[{"href":"https:\/\/laspalmas.md\/ru\/wp-json\/wp\/v2\/media?parent=4500"}],"curies":[{"name":"wp","href":"https:\/\/api.w.org\/{rel}","templated":true}]}}