{"id":4491,"date":"2021-03-15T10:50:54","date_gmt":"2021-03-15T07:50:54","guid":{"rendered":"https:\/\/laspalmas.md\/?page_id=4491"},"modified":"2021-03-15T10:53:30","modified_gmt":"2021-03-15T07:53:30","slug":"pensiunea-casa-parinteasca","status":"publish","type":"page","link":"https:\/\/laspalmas.md\/ru\/pensiunea-casa-parinteasca\/","title":{"rendered":"PENSIUNEA CASA P\u0102RINTEASC\u0102"},"content":{"rendered":"\n<p>Pensiunea &#8220;Casa P\u0103rinteasc\u0103&#8221; este situat\u0103 \u00een satul Palanca, raionul C\u0103l\u0103ra\u0219i \u0219i este un adev\u0103rat muzeu al vie\u021bii rurale. Proprietara acesteia, dna Tatiana Popa, a transformat casa familiei sale \u00eentr-un muzeu al me\u0219te\u0219ugurilor. Muzeu afi\u0219eaz\u0103 articole ale vie\u021bii tradi\u021bionale \u021b\u0103r\u0103ne\u0219ti, inclusiv textile vechi, articole de uz casnic, unelte, fotografii \u0219i o varietate de materiale textile, cus\u0103turi \u0219i \u021bes\u0103turi.<br><br><\/p>\n\n\n\n<p>Vizitatorii au \u0219ansa de a \u00eenv\u0103\u021ba despre o tehnic\u0103 unic\u0103 de \u021besut covoare, numit\u0103 &#8220;Covorul \u00een bumbi&#8221;. O tradi\u021bie uitat\u0103, dar reanimat\u0103 de Dna Popa. Aceste lucr\u0103ri au servit drept surs\u0103 de inspira\u021bie pentru designeri de renume din Europa. Celebrul designer Isabell de Hillerin, fiind impresionat de frumuse\u021bea elementelor, care creeaz\u0103 aceast\u0103 oper\u0103 de art\u0103, a decis s\u0103-l foloseasc\u0103 \u00een colec\u021bia sa &#8220;haute couture&#8221;. Chiar \u0219i renumita companie francez\u0103 Chanel a ajuns la Casa P\u0103rinteasc\u0103 \u00een c\u0103utarea de inspira\u021bie \u0219i originalitate. Anumite articole sunt disponibile pentru achizi\u021bionare. Pentru grupuri mari, \u00een func\u021bie de condi\u021biile meteorologice pot fi organizate programe etno-folcloric cu c\u00e2ntece \u0219i dansuri tradi\u021bionale.<\/p>\n\n\n\n<p>Pr\u00e2nzul este de obicei servit \u00een curtea muzeului. Meniul include m\u00e2nc\u0103ruri tradi\u021bionale asociate cu vin de cas\u0103. De asemenea sunt propuse spre degustare ceaiuri bio de plante, compot de cire\u0219e \u0219i licoare de trandafir, cu o arom\u0103 extraordinar\u0103.<\/p>\n\n\n\n<p>\u00cen apropierea muzeului este o splendid\u0103 biseric\u0103 veche de lemn &#8211; Acoperem\u00e2ntul Maicii Domnului. Biserica a fost construit\u0103 din lemn de zad\u0103, la sf\u00e2r\u0219itul secolului al XVIII-lea.<br><br><\/p>\n\n\n\n<table class=\"wp-block-table\"><thead><tr><th>Ofert\u0103<\/th><th>Min pers \u00een grup<\/th><th>Pre\u021b<\/th><th><\/th><\/tr><\/thead><tbody><tr><td><strong>Vizit\u0103 + pr\u00e2nz<\/strong><br>vizitarea muzeului, inclusiv casa batr\u00e2neasc\u0103 a \u021b\u0103ranilor \u00eenst\u0103ri\u021bi din sec. 19, atelier de \u021besut, curtea cu anexe auxiliare. Pr\u00eenz &#8211; micul osp\u0103\u021b \u021b\u0103r\u0103nesc &#8211; sarmale cu bulgur \u0219i pasat, serbu\u0219c\u0103 cu balabu\u0219te, pl\u0103cinte la cuptor, vin, la desert ceaiul biblic cu dulcea\u021b\u0103 \u0219i dulciuri \u021b\u0103r\u0103ne\u0219ti. Grup min. 2 pers. Grup 2-9 pers = 350 MDL\/pers Grup mai mare de 10 pers \u2013 250 MDL\/pers<\/td><td>2<\/td><td>18\u20ac pre\u021b standard<\/td><\/tr><\/tbody><\/table>\n","protected":false},"excerpt":{"rendered":"<p>Pensiunea &#8220;Casa P\u0103rinteasc\u0103&#8221; este situat\u0103 \u00een satul Palanca, raionul C\u0103l\u0103ra\u0219i \u0219i este un adev\u0103rat muzeu al vie\u021bii rurale. Proprietara acesteia, dna Tatiana Popa, a transformat casa familiei sale \u00eentr-un muzeu &#8230;<\/p>\n","protected":false},"author":1,"featured_media":4498,"parent":0,"menu_order":0,"comment_status":"closed","ping_status":"closed","template":"","meta":[],"_links":{"self":[{"href":"https:\/\/laspalmas.md\/ru\/wp-json\/wp\/v2\/pages\/4491"}],"collection":[{"href":"https:\/\/laspalmas.md\/ru\/wp-json\/wp\/v2\/pages"}],"about":[{"href":"https:\/\/laspalmas.md\/ru\/wp-json\/wp\/v2\/types\/page"}],"author":[{"embeddable":true,"href":"https:\/\/laspalmas.md\/ru\/wp-json\/wp\/v2\/users\/1"}],"replies":[{"embeddable":true,"href":"https:\/\/laspalmas.md\/ru\/wp-json\/wp\/v2\/comments?post=4491"}],"version-history":[{"count":6,"href":"https:\/\/laspalmas.md\/ru\/wp-json\/wp\/v2\/pages\/4491\/revisions"}],"predecessor-version":[{"id":4499,"href":"https:\/\/laspalmas.md\/ru\/wp-json\/wp\/v2\/pages\/4491\/revisions\/4499"}],"wp:featuredmedia":[{"embeddable":true,"href":"https:\/\/laspalmas.md\/ru\/wp-json\/wp\/v2\/media\/4498"}],"wp:attachment":[{"href":"https:\/\/laspalmas.md\/ru\/wp-json\/wp\/v2\/media?parent=4491"}],"curies":[{"name":"wp","href":"https:\/\/api.w.org\/{rel}","templated":true}]}}