{"id":4476,"date":"2021-03-15T10:43:19","date_gmt":"2021-03-15T07:43:19","guid":{"rendered":"https:\/\/laspalmas.md\/?page_id=4476"},"modified":"2021-03-15T10:45:31","modified_gmt":"2021-03-15T07:45:31","slug":"pensiunea-vatra-stramoseasca","status":"publish","type":"page","link":"https:\/\/laspalmas.md\/ru\/pensiunea-vatra-stramoseasca\/","title":{"rendered":"PENSIUNEA VATRA STR\u0102MO\u0218EASC\u0102"},"content":{"rendered":"\n<p>Ospi\u00adta\u00adli\u00adtate, tra\u00addi\u00ad\u0163ii \u015fi expe\u00adrien\u0163e unice\u2009\u2013toate le g\u0103si\u021bi la pensiunea &#8220;Vatra Str\u0103mo\u0219easc\u0103\u201d. Proprietarul pensiunii, Mo\u015f Anton La\u0219cu, a transformat casa familiei, una\u00a0 din cele mai vechi din sat, \u00eentr-un muzeu.\u00a0<br><br>Casa \u00eens\u0103\u0219i reprezint\u0103 un monument architectural data\u0435 cu \u00eenceputul sec.XIX. \u00cen muzeul de la Vatici \u00ee\u0219i g\u0103sesc locul zeci de obiecte vechi cu valoare istoric\u0103: prosoape, covoare, p\u0103retare, o sal\u00adtea umplut\u0103 cu c\u00e2nep\u0103, veche de peste 100 de ani, oale dar \u0219i un cuptor, unde gospodinele coc pl\u0103cinte \u0219i sarmale. La Vatra Str\u0103mo\u0219easc\u0103 oaspe\u021bii pot degusta bucate tradi\u021bionale, a\u0219a cum era pe vremea str\u0103bunilor \u0219i degust\u0103 vin \u00een beciul casei. Pentru grupuri mari pot fi organizare ateliere de cioplit \u00een lemn.<\/p>\n","protected":false},"excerpt":{"rendered":"<p>Ospi\u00adta\u00adli\u00adtate, tra\u00addi\u00ad\u0163ii \u015fi expe\u00adrien\u0163e unice\u2009\u2013toate le g\u0103si\u021bi la pensiunea &#8220;Vatra Str\u0103mo\u0219easc\u0103\u201d. Proprietarul pensiunii, Mo\u015f Anton La\u0219cu, a transformat casa familiei, una\u00a0 din cele mai vechi din sat, \u00eentr-un muzeu.\u00a0 Casa &#8230;<\/p>\n","protected":false},"author":1,"featured_media":4481,"parent":0,"menu_order":0,"comment_status":"closed","ping_status":"closed","template":"","meta":[],"_links":{"self":[{"href":"https:\/\/laspalmas.md\/ru\/wp-json\/wp\/v2\/pages\/4476"}],"collection":[{"href":"https:\/\/laspalmas.md\/ru\/wp-json\/wp\/v2\/pages"}],"about":[{"href":"https:\/\/laspalmas.md\/ru\/wp-json\/wp\/v2\/types\/page"}],"author":[{"embeddable":true,"href":"https:\/\/laspalmas.md\/ru\/wp-json\/wp\/v2\/users\/1"}],"replies":[{"embeddable":true,"href":"https:\/\/laspalmas.md\/ru\/wp-json\/wp\/v2\/comments?post=4476"}],"version-history":[{"count":4,"href":"https:\/\/laspalmas.md\/ru\/wp-json\/wp\/v2\/pages\/4476\/revisions"}],"predecessor-version":[{"id":4482,"href":"https:\/\/laspalmas.md\/ru\/wp-json\/wp\/v2\/pages\/4476\/revisions\/4482"}],"wp:featuredmedia":[{"embeddable":true,"href":"https:\/\/laspalmas.md\/ru\/wp-json\/wp\/v2\/media\/4481"}],"wp:attachment":[{"href":"https:\/\/laspalmas.md\/ru\/wp-json\/wp\/v2\/media?parent=4476"}],"curies":[{"name":"wp","href":"https:\/\/api.w.org\/{rel}","templated":true}]}}