{"id":4464,"date":"2021-03-15T10:37:30","date_gmt":"2021-03-15T07:37:30","guid":{"rendered":"https:\/\/laspalmas.md\/?page_id=4464"},"modified":"2021-03-15T10:43:11","modified_gmt":"2021-03-15T07:43:11","slug":"hanul-lui-hanganu","status":"publish","type":"page","link":"https:\/\/laspalmas.md\/ru\/hanul-lui-hanganu\/","title":{"rendered":"HANUL LUI HANGANU"},"content":{"rendered":"\n<p>Hanul lui Hanganu este alegerea perfect\u0103 pentru o vacan\u021b\u0103 lini\u0219tit\u0103, plin\u0103 de emo\u021bii \u0219i energie pozitiv\u0103. O or\u0103 \u0219i jum\u0103tate desparte agita\u021bia \u0219i zgomotul urban de lini\u0219tea \u0219i \u00eemprejur\u0103rile mioritice rupte din poveste. Pensiunea, se afl\u0103 \u00een raionul Rezina, satul Lalova, la 100 km de Chi\u0219in\u0103u. Hanul apar\u021bine familiei Hanganu, care v\u0103 a\u0219teapt\u0103 cu drag \u0219i este gat\u0103 s\u0103 v\u0103 deserveasc\u0103 cu tot respectul \u0219i bun\u0103tatea sufletului.<\/p>\n\n\n\n<p>Domnul Sergiu este un v\u00e2n\u0103tor iscusit \u0219i un bun\u00a0gospodar. Ve\u021bi afla multe secrete despre aceste \u00eendeletniciri. O persoan\u0103 sociabil\u0103 \u0219i vesel\u0103, care \u0219tie s\u0103 impresioneze cu adev\u0103rat, prin colec\u021bia sa de vinuri \u0219i \u021buic\u0103. Cu siguran\u021b\u0103 o s\u0103 v\u0103 \u00eendr\u0103gosti\u021bi de bucatele doamnei Emilia. O fire primitoare \u0219i bl\u00e2nd\u0103, care cunoa\u0219te toate tainele culinare din buc\u0103t\u0103ria moldoveneasc\u0103.<br><\/p>\n\n\n\n<p>Familia Hanganu dispune de 7 camere, 2 \u00eenc\u0103peri de tip basc\u0103 \u0219i o f\u00e2nea\u021b\u0103. Toate \u00een aspect rustic cu elemente arhaice \u0219i decor \u00een stil tradi\u021bional. Pe l\u00e2ng\u0103 locurile de cazare pensiunea dispune \u0219i de o sal\u0103 de conferin\u021be. Hanul este o alegere perfect\u0103 pentru organizarea de team building-uri sau \u0219edin\u021be de grup. Un loc pitoresc \u00een s\u00e2nul naturii cu priviri panoramice de excep\u021bie.<\/p>\n\n\n\n<p>V\u0103 recomand\u0103m s\u0103 veni\u021bi la Hanul lui Hanganu iarna, atunci c\u00e2nd Nistrul e \u00eenghe\u021bat \u0219i pute\u021bi s\u0103 patina\u021bi pe el. Totodat\u0103, \u00een februarie \u00eenghea\u021b\u0103 \u0219i cascada \u021aipova, aflat\u0103 \u00een zon\u0103 &#8211; \u0219i totul \u00een jur seam\u0103n\u0103 cu un regat din ghea\u021b\u0103. Bojdeucile calde \u0219i focul din sob\u0103 o s\u0103 v\u0103-\u00eenc\u0103lzeasc\u0103 dup\u0103 asta toate sim\u021burile. Dar dac\u0103 ajunge\u021bi aici vara, oricum n-o s\u0103 v\u0103 plictisi\u021bi. Plimb\u0103rile cu barca pe Nistru \u0219i cu c\u0103ru\u021ba, prin satele al\u0103turate, o s\u0103 v\u0103 plac\u0103 la nebunie! \u0218i sigur c\u0103, nu \u00een ultimul r\u00e2nd trebuie s\u0103 gusta\u021bi din specialitatea culinar\u0103 a casei care sunt sarmalele pitice, c\u00e2t unghia.<br><br><\/p>\n\n\n\n<table class=\"wp-block-table\"><thead><tr><th>Ofert\u0103<\/th><th>Min pers \u00een grup<\/th><th>Pre\u021b<\/th><th><\/th><\/tr><\/thead><tbody><tr><td><strong>Camer\u0103 SGL<\/strong><br>Camer\u0103 standard, pat matrimonial. Tariful include mic dejun, pentru 1 persoan\u0103, accesul la piscin\u0103. Check in: 14.00 \/ Check out:12:00 Pr\u00e2nzul\/cina se vor comanda \u00een prealabil.<\/td><td><\/td><td>30\u20ac pre\u021b standard<\/td><td><a href=\"https:\/\/laspalmas.md\/contact-us-1\/\">REZERVEAZ\u0102 ACUM<\/a><\/td><\/tr><tr><td><strong>Camer\u0103 DBL<\/strong><br>Camer\u0103 standard, pat matrimonial. Tariful include mic dejun, pentru 2 persoane, accesul la piscin\u0103. Check in: 14.00 \/ Check out:12:00 Pr\u00e2nzul\/cina se vor comanda separat \u00een prealabil.<\/td><td><\/td><td>50\u20ac pre\u021b standard<\/td><td><a href=\"https:\/\/laspalmas.md\/contact-us-1\/\">REZERVEAZ\u0102 ACUM<\/a><\/td><\/tr><tr><td><strong>Ba\u0219c\u0103 cu sob\u0103<\/strong><br>\u00cenc\u0103pere cu un specific aparte, \u00een special soba din c\u0103r\u0103mid\u0103 ro\u0219ie. O s\u0103 tr\u0103i\u021bi clipe frumoase din timpurile str\u0103mo\u0219ilor moldoveni. Ve\u021bi cunoa\u0219te cu adev\u0103rat tradi\u021bii \u0219i obiceiuri. Tariful include mic dejun, pentru 2 persoane, accesul la piscin\u0103. Check in: 14.00 \/ Check out:12:00 Pr\u00e2nzul\/cina se vor comanda separat \u00een prealabil.<\/td><td><\/td><td>55\u20ac pre\u021b standard<\/td><td><a href=\"https:\/\/laspalmas.md\/contact-us-1\/\">REZERVEAZ\u0102 ACUM<\/a><\/td><\/tr><tr><td><strong>F\u00e2nea\u021b\u0103 \u00een aer liber<\/strong><br>Loc deosebit pentru odihn\u0103, \u00een special pentru cei mai romantici. Un decor din natur\u0103 cu a\u0219ternut din ierburi proasp\u0103t t\u0103iate. De aici se deschide o priveli\u0219te minunat\u0103 a r\u00eeului Nistru. Tariful include mic dejun, pentru 2 persoane, accesul la piscin\u0103. Check in: 14.00 \/ Check out:12:00 Pr\u00e2nzul\/cina se vor comanda separat \u00een prealabil.<\/td><td><\/td><td>20\u20ac pre\u021b standard<\/td><\/tr><\/tbody><\/table>\n","protected":false},"excerpt":{"rendered":"<p>Hanul lui Hanganu este alegerea perfect\u0103 pentru o vacan\u021b\u0103 lini\u0219tit\u0103, plin\u0103 de emo\u021bii \u0219i energie pozitiv\u0103. O or\u0103 \u0219i jum\u0103tate desparte agita\u021bia \u0219i zgomotul urban de lini\u0219tea \u0219i \u00eemprejur\u0103rile mioritice &#8230;<\/p>\n","protected":false},"author":1,"featured_media":4468,"parent":0,"menu_order":0,"comment_status":"closed","ping_status":"closed","template":"","meta":[],"_links":{"self":[{"href":"https:\/\/laspalmas.md\/ru\/wp-json\/wp\/v2\/pages\/4464"}],"collection":[{"href":"https:\/\/laspalmas.md\/ru\/wp-json\/wp\/v2\/pages"}],"about":[{"href":"https:\/\/laspalmas.md\/ru\/wp-json\/wp\/v2\/types\/page"}],"author":[{"embeddable":true,"href":"https:\/\/laspalmas.md\/ru\/wp-json\/wp\/v2\/users\/1"}],"replies":[{"embeddable":true,"href":"https:\/\/laspalmas.md\/ru\/wp-json\/wp\/v2\/comments?post=4464"}],"version-history":[{"count":9,"href":"https:\/\/laspalmas.md\/ru\/wp-json\/wp\/v2\/pages\/4464\/revisions"}],"predecessor-version":[{"id":4475,"href":"https:\/\/laspalmas.md\/ru\/wp-json\/wp\/v2\/pages\/4464\/revisions\/4475"}],"wp:featuredmedia":[{"embeddable":true,"href":"https:\/\/laspalmas.md\/ru\/wp-json\/wp\/v2\/media\/4468"}],"wp:attachment":[{"href":"https:\/\/laspalmas.md\/ru\/wp-json\/wp\/v2\/media?parent=4464"}],"curies":[{"name":"wp","href":"https:\/\/api.w.org\/{rel}","templated":true}]}}