{"id":4450,"date":"2021-03-15T10:28:44","date_gmt":"2021-03-15T07:28:44","guid":{"rendered":"https:\/\/laspalmas.md\/?page_id=4450"},"modified":"2021-03-15T10:34:48","modified_gmt":"2021-03-15T07:34:48","slug":"eco-resort-butuceni","status":"publish","type":"page","link":"https:\/\/laspalmas.md\/ru\/eco-resort-butuceni\/","title":{"rendered":"ECO RESORT BUTUCENI"},"content":{"rendered":"\n<p>Dac\u0103 ave\u021bi pu\u021bin timp, dar vre\u021bi s\u0103 vede\u021bi toat\u0103 Moldova la un loc, atunci destina\u021bia voastr\u0103 este Eco-Resort Butuceni, situat\u0103 \u00eentr-un loc pitoresc, care te \u00eenc\u00eent\u0103 cu peisajele ce se deschid \u00eenaintea ochilor. E o localitate cu dealuri st\u00eencoase \u015fi lunci de un verde crud,r\u00eeul R\u0103ut pare a sta la straja lini\u015ftei \u015fi p\u0103cii de aici.Satul Butuceni se afl\u0103 la 47 de km de la Chi\u015fin\u0103u (direc\u0163ia Nord) \u015fi la 18 km de la Orhei. La&nbsp;Agropensiunea \u201eEco Resort Butuceni\u201d&nbsp;ave\u0163i inedita ocazie s\u0103 v\u0103 \u00eentoarce\u0163i \u00een timpurile str\u0103mo\u015filor no\u015ftri, prin obiectele p\u0103strate \u00een expozi\u0163ia pensiunii, \u015fi \u00een special ve\u0163i vedea restaurate gospod\u0103riile \u0163\u0103r\u0103ne\u015fti. Fiecare obiect, piatr\u0103 sau unelt\u0103 de munc\u0103 pot s\u0103 povesteasc\u0103 de originea poporului moldovenesc.<\/p>\n\n\n\n<p>Pensiunea este renumit\u0103 pentru stilul rustic, buc\u0103t\u0103ria savuroas\u0103, vinul moldovenesc \u0219i agrementul autentic oferit turi\u0219tilor. \u201eEco Resort Butuceni\u201d are 19 camere \u00een stil tradi\u021bional, toate cu dot\u0103ri complete, la fel pensiunea dispuen de piscin\u0103, spa, teras\u0103 \u0219i parcare. Turi\u0219tii pot participa la diverse ateliere de g\u0103tit; participa la prepararea mustului de struguri; s\u0103 \u00eencerce mulsul vacilor \u0219i caprelor din gospod\u0103rie; \u0219i chiar s\u0103 \u00ee\u0219i fac\u0103 propria br\u00e2nz\u0103. Locul este inclus \u00een re\u021beaua interna\u021bional\u0103 de turism CerTour (sistemul de certificare a calit\u0103\u021bii \u00een domeniul turismului agricol) \u0219i din 2015, \u00een fiecare an, g\u0103zduie\u0219te cel mai mare spectacol de oper\u0103 \u00een aer liber al \u021b\u0103rii, denumit \u201eDescOpera\u201d.<br><br><\/p>\n\n\n\n<p>Pensiunea v\u0103 pune la dispozi\u021bie camere confortabile, cu baie proprie, decorate \u00eentr-un stil tradi\u021bional, rustic, dar cu facilit\u0103\u021bi moderne &#8211; aer condi\u021bionat \u0219i TV cu ecran plat \u0219i canale prin cablu.&nbsp;<br>Restaurantul serve\u0219te m\u00e2nc\u0103ruri tradi\u021bionale moldovene\u0219ti, preparate din ingrediente naturale, multe dintre ele cultivate \u00een gr\u0103dina proprie a pensiunii. Pensiunea dispune de piscine \u00een aer liber, saun\u0103, echipament de tenis de mas\u0103, precum \u0219i o zon\u0103 confortabil\u0103 de relaxare decorat\u0103 cu obiecte tradi\u021bionale de art\u0103 \u0219i me\u0219te\u0219ug\u0103rit. La cerere, pensiunea poate organiza recital de muzic\u0103 \u0219i dansuri tradi\u021bionale \u0219i alte activit\u0103\u021bi. Internet gratuit. Parcare gratuit\u0103.<\/p>\n\n\n\n<p>Aici pute\u021bi s\u0103 tr\u0103i\u021bi o zi exact ca un locuitor al satului. Da\u021bi m\u00e2ncare la animale, mulge\u021bi vaca, str\u00e2nge\u021bi ou\u0103le din cote\u021b, mai pe scurt descoperi\u021bi adev\u0103ratul farmec al vie\u021bii de la \u021bar\u0103. Totodat\u0103 ave\u021bi \u0219ansa s\u0103 participa\u021bi la atelierele de g\u0103tit. Cu m\u00e2inile voastre ve\u021bi pl\u0103m\u0103di \u0219i \u00eempleti colaci. Aici se g\u0103te\u0219te fenomenal, iar deseori meniul este condimentat cu muzic\u0103 \u0219i dansuri locale. Totodat\u0103 pute\u021bi face drume\u021bii e st\u00e2ncile de la Orheiul Vechi, iar seara v\u0103 pute\u021bi relaxa \u00een SPA-ul de la pensiune. Cei care vin de Cr\u0103ciun la Butuceni pot s\u0103 se dea cu sania tras\u0103 de cai \u0219i s\u0103 asculte colinde tradi\u021bionale. Toate c\u0103su\u021bele sunt construite din materiale ecologice, iar cei mai noroco\u0219i pot dormi chiar pe o lejanc\u0103 (pat-sob\u0103) adev\u0103rat\u0103.<br><br><\/p>\n\n\n\n<table class=\"wp-block-table\"><thead><tr><th>Ofert\u0103<\/th><th>Min pers \u00een grup<\/th><th>Pre\u021b<\/th><th><\/th><\/tr><\/thead><tbody><tr><td><strong>Camer\u0103 SGL<\/strong><br>Camer\u0103 standard, inclusiv mic dejun, pentru 1 persoan\u0103, pat matrimonial, accesul la piscin\u0103 este inclus Check in: 14.00 \/ Check out:12:00 Copii pana la 6 ani gratuit, 6-12 ani 250 MDL. Serviiciile de pr\u00e2nz\/cin\u0103 pot fi comandate la fa\u021ba locului, \u00een restaurantul pensiunii.<\/td><td><\/td><td>34\u20ac pre\u021b standard<\/td><td><a href=\"https:\/\/laspalmas.md\/contact-us-1\/\">REZERVEAZ\u0102 ACUM<\/a><\/td><\/tr><tr><td><strong>Camer\u0103 DBL<\/strong><br>Camer\u0103 standard, inclusiv mic dejun, pentru 2 persoane, pat matrimonial, accesul la piscin\u0103 este inclus Check in: 14.00 \/ Check out:12:00 Copii pana la 6 ani gratuit, 6-12 ani 250 MDL. Serviiciile de pr\u00e2nz\/cin\u0103 pot fi comandate la fa\u021ba locului, \u00een restaurantul pensiunii.<\/td><td><\/td><td>52\u20ac pre\u021b standard<\/td><td><a href=\"https:\/\/laspalmas.md\/contact-us-1\/\">REZERVEAZ\u0102 ACUM<\/a><\/td><\/tr><tr><td><strong>Camer\u0103 TWIN bed<\/strong><br>Camer\u0103 standard, inclusiv mic dejun, pentru 2 persoane, 2 paturi, accesul la piscin\u0103 este inclus Check in: 14.00 \/ Check out:12:00 Copii pana la 6 ani gratuit, 6-12 ani 250 MDL. Serviiciile de pr\u00e2nz\/cin\u0103 pot fi comandate la fa\u021ba locului, \u00een restaurantul pensiunii.<\/td><td><\/td><td>52\u20ac pre\u021b standard<\/td><td><a href=\"https:\/\/laspalmas.md\/contact-us-1\/\">REZERVEAZ\u0102 ACUM<\/a><\/td><\/tr><tr><td><strong>Camer\u0103 TRPL<\/strong><br>Camer\u0103 standard, inclusiv mic dejun, pentru 3 persoane, 3 paturi, accesul la piscin\u0103 este inclus Check in: 14.00 \/ Check out:12:00 Copii pana la 6 ani gratuit, 6-12 ani 250 MDL. Serviiciile de pr\u00e2nz\/cin\u0103 pot fi comandate la fa\u021ba locului, \u00een restaurantul pensiunii.<\/td><td><\/td><td>73\u20ac pre\u021b standard<\/td><td><a href=\"https:\/\/laspalmas.md\/contact-us-1\/\">REZERVEAZ\u0102 ACUM<\/a><\/td><\/tr><tr><td><strong>Camer\u0103 Quadruple<\/strong><br>Camer\u0103 standard, inclusiv mic dejun, pentru 4 persoane, accesul la piscin\u0103 este inclus Check in: 14.00 \/ Check out:12:00 Copii pana la 6 ani gratuit, 6-12 ani 250 MDL. Serviiciile de pr\u00e2nz\/cin\u0103 pot fi comandate la fa\u021ba locului, \u00een restaurantul pensiunii.<\/td><td><\/td><td>83\u20ac pre\u021b standard<\/td><\/tr><\/tbody><\/table>\n","protected":false},"excerpt":{"rendered":"<p>Dac\u0103 ave\u021bi pu\u021bin timp, dar vre\u021bi s\u0103 vede\u021bi toat\u0103 Moldova la un loc, atunci destina\u021bia voastr\u0103 este Eco-Resort Butuceni, situat\u0103 \u00eentr-un loc pitoresc, care te \u00eenc\u00eent\u0103 cu peisajele ce se &#8230;<\/p>\n","protected":false},"author":1,"featured_media":4456,"parent":0,"menu_order":0,"comment_status":"closed","ping_status":"closed","template":"","meta":[],"_links":{"self":[{"href":"https:\/\/laspalmas.md\/ru\/wp-json\/wp\/v2\/pages\/4450"}],"collection":[{"href":"https:\/\/laspalmas.md\/ru\/wp-json\/wp\/v2\/pages"}],"about":[{"href":"https:\/\/laspalmas.md\/ru\/wp-json\/wp\/v2\/types\/page"}],"author":[{"embeddable":true,"href":"https:\/\/laspalmas.md\/ru\/wp-json\/wp\/v2\/users\/1"}],"replies":[{"embeddable":true,"href":"https:\/\/laspalmas.md\/ru\/wp-json\/wp\/v2\/comments?post=4450"}],"version-history":[{"count":11,"href":"https:\/\/laspalmas.md\/ru\/wp-json\/wp\/v2\/pages\/4450\/revisions"}],"predecessor-version":[{"id":4463,"href":"https:\/\/laspalmas.md\/ru\/wp-json\/wp\/v2\/pages\/4450\/revisions\/4463"}],"wp:featuredmedia":[{"embeddable":true,"href":"https:\/\/laspalmas.md\/ru\/wp-json\/wp\/v2\/media\/4456"}],"wp:attachment":[{"href":"https:\/\/laspalmas.md\/ru\/wp-json\/wp\/v2\/media?parent=4450"}],"curies":[{"name":"wp","href":"https:\/\/api.w.org\/{rel}","templated":true}]}}