{"id":4422,"date":"2021-03-14T15:14:20","date_gmt":"2021-03-14T12:14:20","guid":{"rendered":"https:\/\/laspalmas.md\/?page_id=4422"},"modified":"2021-03-14T15:19:55","modified_gmt":"2021-03-14T12:19:55","slug":"combinatul-de-vinuri-si-coniacuri-barza-alba","status":"publish","type":"page","link":"https:\/\/laspalmas.md\/ru\/combinatul-de-vinuri-si-coniacuri-barza-alba\/","title":{"rendered":"COMBINATUL DE VINURI \u0218I CONIACURI BARZA ALB\u0102"},"content":{"rendered":"\n<p>Celebra istorie a combinatului de vinuri \u0219i coniacuri din B\u0103l\u021bi &#8220;Barza Alb\u0103&#8221; \u00ee\u0219i are\u00a0\u00eenceputul \u00een anul 1944. Pe parcursul a\u00a070 ani de activitate, acest\u0103 \u00eentreprindere faimoas\u0103 a devenit \u00eentruchiparea unor tradi\u021bii vinicole bogate a Republicii Moldova. In anul 2000 \u00een baza acesteia\u00a0a fost creat\u0103 societatea pe ac\u021biuni Barza Alb\u0103. Ast\u0103zi\u00a0este recunoscut\u0103 drept una dintre cele mai mari \u00eentreprinderi produc\u0103toare de b\u0103uturi alcoolice din regiune.<br><br>Compania colaboreaz\u0103 cu cei mai buni distribuitori, iar pia\u021ba de desfacere se extinde din Australia p\u00een\u0103 \u00een SUA, \u0219i incluz\u00eend a\u0219a \u021b\u0103ri ca Rusia, \u00eentreg teritoriul CSI, Germania, Cehia, China \u0219i \u021b\u0103rile Baltice.\u00a0Echipa Barza Alb\u0103 e compus\u0103 din aproximativ\u00a0200 profesioni\u0219ti \u00een domeniul viniculturii, pentru care tradi\u021biile \u0219i calitatea nu sunt doar cuvinte m\u0103re\u021be. \u00cen companie exist\u0103 o continuitate de genera\u021bii \u2013 acest fapt vine s\u0103 confirme implicarea personal\u0103 a angaja\u021bilor \u00een afacerile \u00eentreprinderii. Cele mai recunoscute divinuri sunt \u2013 \u201dBel\u00eei Aist\u201d, \u201dB\u0103l\u021bi\u201d, \u201dSperan\u021ba\u201d, \u201dBucuria\u201d, \u201dCodru\u201d, \u201dPrezident\u201d care au acumulat mai bine 150 medalii, din care cca. 80 de aur, 10 \u201dGrand Prix\u201d, precum \u0219i \u201dStar AWARD\u201d pentru merite deosebite \u00een domeniul calit\u0103\u021bii.\u00a0Sunt disponibile pachete variate, care includ excursii cu degustare de divin (coniac). De cele mai multe ori aceastea sunt petrecute nemijlocit de tehnologul-\u0219ef al companiei.<br><br><strong>Pre\u021burile afi\u0219ate nu includ\u00a0transportul c\u0103tre vin\u0103rie, care poate fi organizat la solicitare contra cost.<\/strong><br><br><\/p>\n\n\n\n<table class=\"wp-block-table\"><thead><tr><th>Ofert\u0103<\/th><th>Durat\u0103<\/th><th>Min pers \u00een grup<\/th><th>Pre\u021b<\/th><th><\/th><\/tr><\/thead><tbody><tr><td><strong>Express<\/strong><br>include excursia ghidat\u0103 \u0219i degustare a 1 tip de divin, cu vechimea de 5 ani Divin Bel\u00eei Aist + Rachiu de cidru de mere (calvados). La degustare sunt oferite gust\u0103ri variate. <br>***Pre\u021bul indicat este pentru o persoan\u0103. Grup minim 3 persoane.<\/td><td>1.5 ore<\/td><td>3<\/td><td>6\u20ac pre\u021b standard<\/td><td><a href=\"https:\/\/laspalmas.md\/contact-us-1\/\">REZERVEAZ\u0102 ACUM<\/a><\/td><\/tr><tr><td><strong>Start<\/strong><br>include excursia ghidat\u0103 \u0219i degustare a 5 tipuri de divinuri, cu vechimea maximal\u0103 de 15 ani: Rachiu de cidru de mere (calvados), Divin Voievod, Divin Bel\u00eei Aist, Divin B\u0103l\u021bi, Divin Speran\u021ba, Divin Prazdnicin\u00eei. La degustare sunt oferite gust\u0103ri variate. <br>***Pre\u021bul indicat este pentru o persoan\u0103. Grup minim 3 persoane.<\/td><td>2 ore<\/td><td>3<\/td><td>12\u20ac pre\u021b standard<\/td><td><a href=\"https:\/\/laspalmas.md\/contact-us-1\/\">REZERVEAZ\u0102 ACUM<\/a><\/td><\/tr><tr><td><strong>Bronz<\/strong><br>include excursia ghidat\u0103 \u0219i degustare a 5 tipuri de divinuri, cu vechimea maximal\u0103 de 15 ani: Rachiu de cidru de mere (calvados), Divin Voievod, Divin B\u0103l\u021bi, Divin Speran\u021ba, Divin Bucuria, Divin Prazdnicin\u00eei. La degustare sunt oferite gust\u0103ri variate. <br>***Pre\u021bul indicat este pentru o persoan\u0103. Grup minim 3 persoane.<\/td><td>2 ore<\/td><td>3<\/td><td>18\u20ac pre\u021b standard<\/td><td><a href=\"https:\/\/laspalmas.md\/contact-us-1\/\">REZERVEAZ\u0102 ACUM<\/a><\/td><\/tr><tr><td><strong>Silver<\/strong><br>include excursia ghidat\u0103 \u0219i degustare a 5 tipuri de divinuri, cu vechimea maximal\u0103 de 33 ani: Rachiu de cidru de mere (calvados), Divin Bel\u00eei Aist, Divin B\u0103l\u021bi, Divin Bucuria, Divin Codru, Divin Sofia. La degustare sunt oferite gust\u0103ri variate. <br>***Pre\u021bul indicat este pentru o persoan\u0103. Grup minim 3 persoane.<\/td><td>2 ore<\/td><td>3<\/td><td>21\u20ac pre\u021b standard<\/td><td><a href=\"https:\/\/laspalmas.md\/contact-us-1\/\">REZERVEAZ\u0102 ACUM<\/a><\/td><\/tr><tr><td><strong>Gold<\/strong><br>include excursia ghidat\u0103 \u0219i degustare a 5 tipuri de divinuri, cu vechimea maximal\u0103 de 40 ani: Rachiu de cidru de mere (calvados), Divin B\u0103l\u021bi, Divin Speran\u021ba, Divin Bucuria, Divin Codru, Divin Drago\u0219 Voievod. La degustare sunt oferite gust\u0103ri variate. <br>***Pre\u021bul indicat este pentru o persoan\u0103. Grup minim 3 persoane.<\/td><td>2 ore<\/td><td>3<\/td><td>26 \u20acpre\u021b standard<\/td><td><a href=\"https:\/\/laspalmas.md\/contact-us-1\/\">REZERVEAZ\u0102 ACUM<\/a><\/td><\/tr><tr><td><strong>Platinum<\/strong><br>include excursia ghidat\u0103 \u0219i degustare a 5 tipuri de divinuri, cu vechimea maximal\u0103 de 40 ani: Rachiu de cidru de mere (calvados), Divin Speran\u021ba, Divin Bucuria, Divin Prazdnicin\u00eei, Divin Sofia, Divin Drago\u0219 Voievod. La degustare sunt oferite gust\u0103ri variate. <br>***Pre\u021bul indicat este pentru o persoan\u0103. Grup minim 3 persoane.<\/td><td>2 ore<\/td><td>3<\/td><td>37\u20ac pre\u021b standard<\/td><td><a href=\"https:\/\/laspalmas.md\/contact-us-1\/\">REZERVEAZ\u0102 ACUM<\/a><\/td><\/tr><tr><td><strong>Paradis<\/strong><br>include excursia ghidat\u0103 \u0219i degustare a 5 tipuri de divinuri, cu vechimea maximal\u0103 de 50 ani: Rachiu de cidru de mere (calvados), Divin Bucuria, Divin Prazdnicin\u00eei, Divin Codru, Divin Sofia, Divin Prezident. La degustare sunt oferite gust\u0103ri variate. <br>***Pre\u021bul indicat este pentru o persoan\u0103. Grup minim 3 persoane.<\/td><td>2 ore<\/td><td>3<\/td><td>52\u20ac pre\u021b standard<\/td><\/tr><\/tbody><\/table>\n","protected":false},"excerpt":{"rendered":"<p>Celebra istorie a combinatului de vinuri \u0219i coniacuri din B\u0103l\u021bi &#8220;Barza Alb\u0103&#8221; \u00ee\u0219i are\u00a0\u00eenceputul \u00een anul 1944. Pe parcursul a\u00a070 ani de activitate, acest\u0103 \u00eentreprindere faimoas\u0103 a devenit \u00eentruchiparea unor &#8230;<\/p>\n","protected":false},"author":1,"featured_media":4428,"parent":0,"menu_order":0,"comment_status":"closed","ping_status":"closed","template":"","meta":[],"_links":{"self":[{"href":"https:\/\/laspalmas.md\/ru\/wp-json\/wp\/v2\/pages\/4422"}],"collection":[{"href":"https:\/\/laspalmas.md\/ru\/wp-json\/wp\/v2\/pages"}],"about":[{"href":"https:\/\/laspalmas.md\/ru\/wp-json\/wp\/v2\/types\/page"}],"author":[{"embeddable":true,"href":"https:\/\/laspalmas.md\/ru\/wp-json\/wp\/v2\/users\/1"}],"replies":[{"embeddable":true,"href":"https:\/\/laspalmas.md\/ru\/wp-json\/wp\/v2\/comments?post=4422"}],"version-history":[{"count":13,"href":"https:\/\/laspalmas.md\/ru\/wp-json\/wp\/v2\/pages\/4422\/revisions"}],"predecessor-version":[{"id":4437,"href":"https:\/\/laspalmas.md\/ru\/wp-json\/wp\/v2\/pages\/4422\/revisions\/4437"}],"wp:featuredmedia":[{"embeddable":true,"href":"https:\/\/laspalmas.md\/ru\/wp-json\/wp\/v2\/media\/4428"}],"wp:attachment":[{"href":"https:\/\/laspalmas.md\/ru\/wp-json\/wp\/v2\/media?parent=4422"}],"curies":[{"name":"wp","href":"https:\/\/api.w.org\/{rel}","templated":true}]}}