{"id":4406,"date":"2021-03-14T15:08:02","date_gmt":"2021-03-14T12:08:02","guid":{"rendered":"https:\/\/laspalmas.md\/?page_id=4406"},"modified":"2021-03-14T15:13:47","modified_gmt":"2021-03-14T12:13:47","slug":"vinaria-si-distileria-din-tiraspol-kvint","status":"publish","type":"page","link":"https:\/\/laspalmas.md\/ru\/vinaria-si-distileria-din-tiraspol-kvint\/","title":{"rendered":"VIN\u0102RIA \u0218I DISTILERIA DIN TIRASPOL KVINT"},"content":{"rendered":"\n<p>Ast\u0103zi, aceast\u0103 companie cu mai mult de 120 de ani de istorie de\u021bine o pozi\u021bie de lider printre produc\u0103torii de b\u0103uturi alcoolice \u00een Moldova. Clima unic\u0103, solul fertil, terenul deluros \u0219i apropierea fa\u021b\u0103 de r\u00e2ului Nistru au creat cele mai favorabile condi\u021bii pentru cultivarea celor mai buni struguri; echipamente moderne, tehnologii avansate, re\u021bete originale, respectul fa\u021b\u0103 de\u00a0tradi\u021biile str\u0103vechi \u0219i\u00a0eforturile\u00a0entuziaste\u00a0a\u00a0profesioni\u0219tilor de la Kvint &#8211; to\u021bi ace\u0219ti factori permit producerea unor\u00a0b\u0103uturi deosebite, care concureaz\u0103 cu m\u0103rci interna\u021bionale de renume.<br><\/p>\n\n\n\n<p>&nbsp;\u00cen pivni\u021bele companiei&nbsp;KVINT sunt p\u0103strate 10 milioane de litri de eaux-de-vie distilate cu v\u00e2rsta cuprins\u0103 \u00eentre 1 \u0219i&nbsp;60 de ani. Cu aceast\u0103 gam\u0103 larg\u0103 de distilate&nbsp;un&nbsp;Master of the Cellar&nbsp;se bucur\u0103 de o mai mare libertate \u0219i flexibilitate la&nbsp;crearea&nbsp;noilor&nbsp;branduri.<\/p>\n\n\n\n<p>Participa\u021bi la o\u00a0comunicare informativ\u0103 cu somelierul\u00a0laun pahar\u00a0de vin bun sau divin. \u00cen timpul acestei \u00eent\u00e2lniri, ve\u021bi primi r\u0103spunsuri la toate \u00eentreb\u0103rile de baz\u0103 referitoare la soiurile de vi\u021b\u0103 de vie \u0219i a vinurilor produse de Vin\u0103ria \u0219i Distileria din Tiraspol &#8220;KVINT&#8221;. De asemenea ve\u021bi primi\u00a0recomand\u0103rile necesare pentru a\u00a0\u00een\u021belege mai bine \u0219i a savura\u00a0aceste b\u0103uturi uimitoare. Toate\u00a0pachetele\u00a0includ un tur\u00a0prin sec\u021biile de producere, unde ve\u021bi\u00a0cunoa\u0219te\u00a0cele mai importante\u00a0etape de producere.\u00a0<br><br><strong>Pre\u021burile afi\u0219ate nu includ\u00a0transportul c\u0103tre vin\u0103rie, care poate fi organizat la solicitare contra cost. Pentru accesul \u00een regiunea Transnistrean\u0103 c\u0103l\u0103torii trebuie s\u0103 prezinte un pa\u0219aport valabil.<\/strong><br><br><\/p>\n\n\n\n<table class=\"wp-block-table\"><thead><tr><th>Ofert\u0103<\/th><th>Durat\u0103<\/th><th>Min pers \u00een grup<\/th><th>Pre\u021b<\/th><th><\/th><\/tr><\/thead><tbody><tr><td><strong>Mini<\/strong><br>include excursia ghidat\u0103 \u0219i degustare a 5 tipuri de divinuri, cu vechimea maximal\u0103 de 10 ani . La degustare sunt oferite: ca\u0219cavaluri, salamuri, copturi, nuci, pesme\u021bi, ap\u0103 mineral\u0103. <br>***Pre\u021bul indicat este pentru o persoan\u0103. Grup minim 5 persoane.<\/td><td>1.5 ore<\/td><td>5<\/td><td>9\u20ac pre\u021b standard<br><br>18\u20ac pre\u021b \u00een weekend \u0219i seara<\/td><td><a href=\"https:\/\/laspalmas.md\/contact-us-1\/\">REZERVEAZ\u0102 ACUM<\/a><\/td><\/tr><tr><td><strong>Standard<\/strong><br>include excursia ghidat\u0103 \u0219i degustare a 5 tipuri de divinuri, cu vechimea maximal\u0103 de 15 ani . La degustare sunt oferite: ca\u0219cavaluri, salamuri, copturi, nuci, pesme\u021bi, ap\u0103 mineral\u0103. <br>***Pre\u021bul indicat este pentru o persoan\u0103. Grup minim 5 persoane.<\/td><td>1.5 ore<\/td><td>5<\/td><td>14\u20ac pre\u021b standard<br><br>23\u20ac pre\u021b \u00een weekend \u0219i seara<\/td><td><a href=\"https:\/\/laspalmas.md\/contact-us-1\/\">REZERVEAZ\u0102 ACUM<\/a><\/td><\/tr><tr><td><strong>Classic<\/strong><br>include excursia ghidat\u0103 \u0219i degustare a 5 tipuri de divinuri, cu vechimea maximal\u0103 de 25 ani . La degustare sunt oferite: ca\u0219cavaluri, salamuri, copturi, nuci, pesme\u021bi, ap\u0103 mineral\u0103. <br>***Pre\u021bul indicat este pentru o persoan\u0103. Grup minim 5 persoane.<\/td><td>1.5 ore<\/td><td>5<\/td><td>23\u20ac pre\u021b standard<br><br>31\u20ac pre\u021b \u00een weekend \u0219i seara<\/td><td><a href=\"https:\/\/laspalmas.md\/contact-us-1\/\">REZERVEAZ\u0102 ACUM<\/a><\/td><\/tr><tr><td><strong>Classic Plus<\/strong><br>include excursia ghidat\u0103 \u0219i degustare a 5 tipuri de divinuri, cu vechimea maximal\u0103 de 30 ani . La degustare sunt oferite: ca\u0219cavaluri, salamuri, copturi, nuci, pesme\u021bi, ap\u0103 mineral\u0103. <br>***Pre\u021bul indicat este pentru o persoan\u0103. Grup minim 5 persoane.<\/td><td>1.5 ore<\/td><td>5<\/td><td>27\u20ac pre\u021b standard<br><br>36\u20ac pre\u021b \u00een weekend \u0219i seara<\/td><td><a href=\"https:\/\/laspalmas.md\/contact-us-1\/\">REZERVEAZ\u0102 ACUM<\/a><\/td><\/tr><tr><td><strong>Premium<\/strong><br>include excursia ghidat\u0103 \u0219i degustare a 7 tipuri de divinuri, cu vechimea maximal\u0103 de 40 ani . La degustare sunt oferite: ca\u0219cavaluri, salamuri, copturi, nuci, pesme\u021bi, ap\u0103 mineral\u0103. <br>***Pre\u021bul indicat este pentru o persoan\u0103. Grup minim 3 persoane.<\/td><td>2 ore<\/td><td>3<\/td><td>36\u20ac pre\u021b standard<br><br>45\u20ac pre\u021b \u00een weekend \u0219i seara<\/td><td><a href=\"https:\/\/laspalmas.md\/contact-us-1\/\">REZERVEAZ\u0102 ACUM<\/a><\/td><\/tr><tr><td><strong>VIP<\/strong><br>include excursia ghidat\u0103 \u0219i degustare a 8 tipuri de divinuri, cu vechimea maximal\u0103 de 50 ani . La degustare sunt oferite: ca\u0219cavaluri, salamuri, copturi, nuci, pesme\u021bi, ap\u0103 mineral\u0103. <br>***Pre\u021bul indicat este pentru o persoan\u0103. Grup minim 2 persoane.<\/td><td>2.5 ore<\/td><td>2<\/td><td>62\u20ac pre\u021b standard<br><br>71\u20ac pre\u021b \u00een weekend \u0219i seara<\/td><\/tr><\/tbody><\/table>\n","protected":false},"excerpt":{"rendered":"<p>Ast\u0103zi, aceast\u0103 companie cu mai mult de 120 de ani de istorie de\u021bine o pozi\u021bie de lider printre produc\u0103torii de b\u0103uturi alcoolice \u00een Moldova. Clima unic\u0103, solul fertil, terenul deluros &#8230;<\/p>\n","protected":false},"author":1,"featured_media":4413,"parent":0,"menu_order":0,"comment_status":"closed","ping_status":"closed","template":"","meta":[],"_links":{"self":[{"href":"https:\/\/laspalmas.md\/ru\/wp-json\/wp\/v2\/pages\/4406"}],"collection":[{"href":"https:\/\/laspalmas.md\/ru\/wp-json\/wp\/v2\/pages"}],"about":[{"href":"https:\/\/laspalmas.md\/ru\/wp-json\/wp\/v2\/types\/page"}],"author":[{"embeddable":true,"href":"https:\/\/laspalmas.md\/ru\/wp-json\/wp\/v2\/users\/1"}],"replies":[{"embeddable":true,"href":"https:\/\/laspalmas.md\/ru\/wp-json\/wp\/v2\/comments?post=4406"}],"version-history":[{"count":13,"href":"https:\/\/laspalmas.md\/ru\/wp-json\/wp\/v2\/pages\/4406\/revisions"}],"predecessor-version":[{"id":4421,"href":"https:\/\/laspalmas.md\/ru\/wp-json\/wp\/v2\/pages\/4406\/revisions\/4421"}],"wp:featuredmedia":[{"embeddable":true,"href":"https:\/\/laspalmas.md\/ru\/wp-json\/wp\/v2\/media\/4413"}],"wp:attachment":[{"href":"https:\/\/laspalmas.md\/ru\/wp-json\/wp\/v2\/media?parent=4406"}],"curies":[{"name":"wp","href":"https:\/\/api.w.org\/{rel}","templated":true}]}}