{"id":4394,"date":"2021-03-14T15:02:25","date_gmt":"2021-03-14T12:02:25","guid":{"rendered":"https:\/\/laspalmas.md\/?page_id=4394"},"modified":"2021-03-14T15:07:52","modified_gmt":"2021-03-14T12:07:52","slug":"vinaria-karagani","status":"publish","type":"page","link":"https:\/\/laspalmas.md\/ru\/vinaria-karagani\/","title":{"rendered":"VIN\u0102RIA KARAGANI"},"content":{"rendered":"\n<p>Vin\u0103ria a fost fondat\u0103 \u00een 2006 de familia Cherven. Tradi\u021bia \u0219i pasiunea fa\u021b\u0103 de vinifica\u021bie \u00een familia Cherven provine de la str\u0103mo\u0219ii lor g\u0103g\u0103uzi, popor cre\u0219tin-ortodox, vorbitor de limb\u0103 turc\u0103, care s-au stabilit \u00een zon\u0103, la \u00eenceputul secolului XVIII. Pe m\u0103sur\u0103 ce me\u0219te\u0219ugul pentru vin a fost transmis pe parcursul a 4 genera\u021bii, so\u021bii Lora \u0219i Gheorghe, au reu\u0219it s\u0103 creasc\u0103 din aceast\u0103 pasiune o afacere.<\/p>\n\n\n\n<p>Pe l\u00e2ng\u0103 vin\u0103rie, familia Cherven a amenajat propriul muzeu, care red\u0103 \u00een via\u021b\u0103 tradi\u021biile poporului g\u0103g\u0103uz, \u0219i care include obiecte adunate din familiile lor de-a lungul anilor. O mul\u021bime de obiecte au pove\u0219ti de povestit, de la fotografii cu rudele acestora, obiecte de uz casnic, mobilier g\u0103g\u0103uz, covoare \u021besute manual \u0219i un cuf\u0103r plin de zestrea de nunt\u0103 a bunicii.<\/p>\n\n\n\n<p>\u00cen timp ce ve\u021bi degusta vinurile, Lora sau Gheorghe v\u0103 vor oferi informa\u021bii detaliate despre fiecare vin. Pentru cei care doresc s\u0103 se cunoasc\u0103 mai bine cultura g\u0103g\u0103uz\u0103, gazdele v\u0103 pot servi diverse specialit\u0103\u021bi din buc\u0103t\u0103ria tradi\u021bional\u0103 g\u0103g\u0103uz\u0103, precum br\u00e2nza tradi\u021bional\u0103, guzleme \u0219i faimoasele bucate de miel &#8211; kavurma, shurpa, etc. La fel pot fi organizate ateliere culinare.<\/p>\n\n\n\n<p>\u201eKaraGani\u201d este o vin\u0103rie, care se ocup\u0103 cu cultivarea strugurilor \u0219i producerea vinului. Vinurile \u201eKaraGani\u201d sunt produse prin tehnologie original\u0103 din struguri selecta\u021bi din soiuri europene, cultivate pe podgoriile proprii \u0219i situate \u00een partea de Sud a Republicii Moldova, \u00een ora\u0219ul Vulc\u0103ne\u0219ti (la 200 km de Chi\u0219in\u0103u).<\/p>\n\n\n\n<p>\u00cen preriile Budjacului de Sud, \u00een interfluviul r\u00eeurilor Dun\u0103re \u0219i Nistru, nu departe de Lacul Kahul, se afl\u0103 podgoriile \u201eKaraGani\u201d. Cele 10 ha de podgorii se \u00eentind pe un teren impregnat cu istorie, situ\u00e2ndu-se \u00eentre de jos a Valului lui Traian (construit \u00een secolul al III-lea) \u0219i monumentul b\u0103t\u0103liei turco-ruse de la Cahul din 1770 (un obelisc inaugurat \u00een 1849).<\/p>\n\n\n\n<p>Vinurile \u201eKara Gani\u201d au fost numite \u00een mod repetat \u201ecele mai bune\u201d dintre vinurile g\u0103g\u0103uze la numeroasele competi\u021bii de vinuri locale \u0219i na\u021bionale. \u00cen fiecare an, vin\u0103ria produce doar 10.000 de sticle, v\u00e2ndute \u00een c\u00e2teva magazine din Capital\u0103, \u00een Comrat \u0219i direct la cram\u0103.<br><br><strong>Pre\u021burile afi\u0219ate nu includ\u00a0transportul c\u0103tre vin\u0103rie, care poate fi organizat la solicitare contra cost.<\/strong><br><br><\/p>\n\n\n\n<table class=\"wp-block-table\"><thead><tr><th>fert\u0103<\/th><th>Durat\u0103<\/th><th>Min pers \u00een grup<\/th><th>Pre\u021b<\/th><th><\/th><\/tr><\/thead><tbody><tr><td><strong>Pack #1 &#8211; Excursie + degustare 3 vinuri<\/strong><br>Excursie + degustare 3 vinuri. Excursia include vizitarea Valul lui Traian, monumentul b\u0103t\u0103liei de la Cahul \u0219i Vin\u0103ria. ***Pre\u021bul indicat este pentru o persoan\u0103. Grup minim 2 persoane.<\/td><td>1.5 ore<\/td><td>2<\/td><td>8\u20ac pre\u021b standard<br><br>8\u20ac pre\u021b \u00een weekend \u0219i seara<\/td><td><a href=\"https:\/\/laspalmas.md\/contact-us-1\/\">REZERVEAZ\u0102 ACUM<\/a><\/td><\/tr><tr><td><strong>Pack #2 &#8211; Excursie + degustare 4 vinuri + pr\u00e2nz 5 bucate<\/strong><br>Excursie + degustare 4 vinuri + pr\u00e2nz 5 feluri de bucate tradi\u021bionale din buc\u0103t\u0103ria g\u0103g\u0103uz\u0103. Excursia include vizitarea Valul lui Traian, monumentul b\u0103t\u0103liei de la Cahul \u0219i Vin\u0103ria. ***Pre\u021bul indicat este pentru o persoan\u0103. Grup minim 2 persoane.<\/td><td>3 ore<\/td><td>2<\/td><td>20\u20ac pre\u021b standard<br><br>20\u20ac pre\u021b \u00een weekend \u0219i seara<\/td><td><a href=\"https:\/\/laspalmas.md\/contact-us-1\/\">REZERVEAZ\u0102 ACUM<\/a><\/td><\/tr><tr><td><strong>Pack #3 &#8211; Excursie + degustare 4 vinuri + pr\u00e2nz 6 bucate<\/strong><br>Excursie + degustare 4 vinuri + pr\u00e2nz 6 feluri de bucate tradi\u021bionale din buc\u0103t\u0103ria g\u0103g\u0103uz\u0103. Excursia include vizitarea Valul lui Traian, monumentul b\u0103t\u0103liei de la Cahul \u0219i Vin\u0103ria. ***Pre\u021bul indicat este pentru o persoan\u0103. Grup minim 2 persoane.<\/td><td>3 ore<\/td><td>2<\/td><td>29\u20ac pre\u021b standard<br><br>29\u20ac pre\u021b \u00een weekend \u0219i seara<\/td><\/tr><\/tbody><\/table>\n","protected":false},"excerpt":{"rendered":"<p>Vin\u0103ria a fost fondat\u0103 \u00een 2006 de familia Cherven. Tradi\u021bia \u0219i pasiunea fa\u021b\u0103 de vinifica\u021bie \u00een familia Cherven provine de la str\u0103mo\u0219ii lor g\u0103g\u0103uzi, popor cre\u0219tin-ortodox, vorbitor de limb\u0103 turc\u0103, &#8230;<\/p>\n","protected":false},"author":1,"featured_media":4400,"parent":0,"menu_order":0,"comment_status":"closed","ping_status":"closed","template":"","meta":[],"_links":{"self":[{"href":"https:\/\/laspalmas.md\/ru\/wp-json\/wp\/v2\/pages\/4394"}],"collection":[{"href":"https:\/\/laspalmas.md\/ru\/wp-json\/wp\/v2\/pages"}],"about":[{"href":"https:\/\/laspalmas.md\/ru\/wp-json\/wp\/v2\/types\/page"}],"author":[{"embeddable":true,"href":"https:\/\/laspalmas.md\/ru\/wp-json\/wp\/v2\/users\/1"}],"replies":[{"embeddable":true,"href":"https:\/\/laspalmas.md\/ru\/wp-json\/wp\/v2\/comments?post=4394"}],"version-history":[{"count":9,"href":"https:\/\/laspalmas.md\/ru\/wp-json\/wp\/v2\/pages\/4394\/revisions"}],"predecessor-version":[{"id":4405,"href":"https:\/\/laspalmas.md\/ru\/wp-json\/wp\/v2\/pages\/4394\/revisions\/4405"}],"wp:featuredmedia":[{"embeddable":true,"href":"https:\/\/laspalmas.md\/ru\/wp-json\/wp\/v2\/media\/4400"}],"wp:attachment":[{"href":"https:\/\/laspalmas.md\/ru\/wp-json\/wp\/v2\/media?parent=4394"}],"curies":[{"name":"wp","href":"https:\/\/api.w.org\/{rel}","templated":true}]}}