{"id":4350,"date":"2021-03-14T14:40:31","date_gmt":"2021-03-14T11:40:31","guid":{"rendered":"https:\/\/laspalmas.md\/?page_id=4350"},"modified":"2021-03-14T14:52:08","modified_gmt":"2021-03-14T11:52:08","slug":"chateau-purcari","status":"publish","type":"page","link":"https:\/\/laspalmas.md\/ru\/chateau-purcari\/","title":{"rendered":"CH\u00c2TEAU PURCARI"},"content":{"rendered":"\n<p>Conacul Purcari este situat \u00eentr-o zona pitoreasc\u0103, in sud-estul \u021b\u0103rii, la doar 50 km de la \u021b\u0103rmul M\u0103rii Negre. Aici se afl\u0103 legendarele beciuri, r\u0103mase neschimbate din 1827, care p\u0103streaz\u0103 o parte a patrimoniului na\u021bional \u2013 renumita colec\u021bie de vinuri de Purcari.<\/p>\n\n\n\n<p>\u00cen Conacul Purcari, construit \u00een stil de chateau francez, pute\u0163i savura atmosfera de calm si lux, \u015fi s\u0103 descoperi\u0163i secretele cre\u0103rii vinurilor legendare. Turul podgoriilor Purcari, nu las\u0103 pe nimeni indiferent \u2013 aerul proasp\u0103t, briza m\u0103rii \u015fi vi\u0163\u0103 de vie cultivat\u0103 in baza celor mai stricte canoane ale viticulturii franceze, dezv\u0103luie secretele vinurilor noastre. Terroirul Purcari este cunoscut dincolo de grani\u0163ele \u0163\u0103rii \u2013 o micro-clim\u0103 unic\u0103, loca\u0163ia podgoriilor pe pantele de sud-vest \u015fi de sud-est, apropierea M\u0103riii Negre \u015fi a r\u00e2ului Nistru creaza condi\u0163ii ideale pentru producerea vinurilor de cea mai \u00eenalt\u0103 calitate.<br><\/p>\n\n\n\n<p>\u00cen Moldova, Drumul Vinului este una dintre rutele cele mai atractive ale \u0163\u0103rii, \u015fi Conacul Purcari, desigur, este una din principalele&nbsp;atrac\u0163ii. Mai mult de 3,500 turi\u015fti, anual, viziteaz\u0103 Moldova cu singurul scop \u2013 de a veni la legendarul Conac \u015fi de a atinge istoria \u015fi tradi\u0163iile stravechi ale vinifica\u0163iei.<\/p>\n\n\n\n<p>Perla Conacului sunt, desigur, beciurile Purcari \u2013 cele mai vechi galerii de vin din Moldova, r\u0103m\u00e2n\u00e2nd neschimbate din 1827. \u00cen galeriile conacului se afl\u0103 cea mai important\u0103 colec\u0163ie de vinuri Purcari; cu unele vinuri, dat\u00e2nd din anul 1948. Galeria v\u0103 va fermeca cu sticle aranjate ordonat, acoperite cu filamente subtiri de praf nobil. \u00cen sala de degustare a conacului, creat\u0103 \u00een stil stravechi, pute\u0163i gusta vinurile rafinate Purcari. Atmosfera \u015fi magia atrag cunosc\u0103tori de vinuri \u00eentr-o conversa\u0163ie despre gustul, propriet\u0103\u0163ile \u015fi valorile unui vin nobil.<\/p>\n\n\n\n<p>Conacul Purcari este un loc perfect pentru a-\u021bi petrece vacan\u021ba cu familia. Departe de forfota ora\u0219ului, te po\u021bi dedica \u00een \u00eentregime celor dragi. Vin\u0103ria Purcari ofer\u0103 un spectru larg de servicii pentru organizarea evenimentelor corporative: concursuri \u0219i jocuri legate de vinifica\u021bie, degust\u0103ri sau abilit\u0103\u021bi culinare; competi\u021bii sportive vor \u00eent\u0103ri f\u0103r\u0103 doar \u0219i poate spiritual echipei Dvs. &nbsp;S\u0103lile de conferin\u021b\u0103 ale conacului sunt echipate cu toate cele necesare pentru organizarea conferin\u021belor sau a \u00eentrunirilor de afaceri. Purcari ofer\u0103 o atmosfer\u0103 pozitiv\u0103 \u0219i constructiv\u0103, \u0219i garanteaz\u0103 confiden\u021bialitatea.<br><br><strong>Pre\u021burile afi\u0219ate nu includ&nbsp;transportul c\u0103tre vin\u0103rie, care poate fi organizat la solicitare contra cost.<\/strong><br><br><\/p>\n\n\n\n<table class=\"wp-block-table\"><thead><tr><th>Ofert\u0103<\/th><th>Durat\u0103<\/th><th>Min pers \u00een grup<\/th><th>Pre\u021b<\/th><th><\/th><\/tr><\/thead><tbody><tr><td><strong>Wine &#038; Food at Ch\u00e2teau Purcari<\/strong><br>include excursia ghidat\u0103 \u0219i degustare a 3 tipuri de vin. La degustare sunt oferite pesme\u021bi \u0219i ap\u0103 mineral\u0103. Oferta include \u0219i pr\u00eenzul cu 3 feluri de bucate din buc\u0103t\u0103ria european\u0103.(meniu #2)<br> ***Pre\u021bul indicat este pentru o persoan\u0103, \u00een grup de 2 persoane. *Pentru grupuri formate din 1 pers &#8211; 820 MDL\/pers *Pentru grupuri formate din 2-5 pers &#8211; 670 MDL\/pers *Pentru grupuri > 6 pers &#8211; 620 MDL\/pers<\/td><td>3 ore<\/td><td>1<\/td><td>35\u20ac pre\u021b standard<\/td><td><a href=\"https:\/\/laspalmas.md\/contact-us-1\/\">REZERVEAZ\u0102 ACUM<\/a><\/td><\/tr><tr><td><strong>Pack #2 &#8211; 3 vinuri soiuri locale<\/strong><br>include excursia ghidat\u0103 \u0219i degustare a 3 vinuri din soiuri locale. La degustare sunt oferite pesme\u021bi \u0219i ap\u0103 mineral\u0103. <br>***Pre\u021bul indicat este pentru o persoan\u0103, \u00een grup de 2 persoane. *Pentru grupuri formate din 1 pers &#8211; 630 MDL\/pers *Pentru grupuri formate din 2-5 pers &#8211; 410 MDL\/pers *Pentru grupuri > 6 pers &#8211; 280 MDL\/pers<\/td><td>1.5 ore<\/td><td>1<\/td><td>22\u20ac pre\u021b standard<\/td><td><a href=\"https:\/\/laspalmas.md\/contact-us-1\/\">REZERVEAZ\u0102 ACUM<\/a><\/td><\/tr><tr><td><strong>Pack Vintage<\/strong><br>include excursia ghidat\u0103 \u0219i degustare a 3 tipuri de vinuri Vintage. (Alb de Purcari, Rosu de Purcari, Negru de Purcari) La degustare sunt oferite pesme\u021bi \u0219i ap\u0103 mineral\u0103. <br>***Pre\u021bul indicat este pentru o persoan\u0103, \u00een grup de 2 persoane. *Pentru grupuri formate din 1 pers &#8211; 660 MDL\/pers *Pentru grupuri formate din 2-5 pers &#8211; 420 MDL\/pers *Pentru grupuri > 6 pers &#8211; 340 MDL\/pers<\/td><td>1.5 ore<\/td><td>1<\/td><td>22\u20ac pre\u021b standard<\/td><td><a href=\"https:\/\/laspalmas.md\/contact-us-1\/\">REZERVEAZ\u0102 ACUM<\/a><\/td><\/tr><tr><td><strong>Pack #1 &#8211; 3 vinuri<\/strong><br>include excursia ghidat\u0103 \u0219i degustare a 3 vinuri de calitatea Premium. La degustare sunt oferite pesme\u021bi \u0219i ap\u0103 mineral\u0103. <br>***Pre\u021bul indicat este pentru o persoan\u0103, \u00een grup de 2 persoane. *Pentru grupuri formate din 1 pers &#8211; 440 MDL\/pers *Pentru grupuri formate din 2-5 pers &#8211; 290 MDL\/pers *Pentru grupuri > 6 pers &#8211; 240 MDL\/pers<\/td><td>1.5 ore<\/td><td>1<\/td><td>15\u20ac pre\u021b standard<\/td><td><a href=\"https:\/\/laspalmas.md\/contact-us-1\/\">REZERVEAZ\u0102 ACUM<\/a><\/td><\/tr><tr><td><strong>Pack #3 &#8211; 6 vinuri<\/strong><br>include excursia ghidat\u0103 \u0219i degustare a 6 vinuri de calitatea Premium. La degustare sunt oferite pesme\u021bi \u0219i ap\u0103 mineral\u0103. <br>***Pre\u021bul indicat este pentru o persoan\u0103, \u00een grup de 2 persoane. *Pentru grupuri formate din 1 pers &#8211; 960 MDL\/pers *Pentru grupuri formate din 2-5 pers &#8211; 560 MDL\/pers *Pentru grupuri > 6 pers &#8211; 490 MDL\/pers<\/td><td>1.5 ore<\/td><td>1<\/td><td>29\u20ac pre\u021b standard<\/td><td><a href=\"https:\/\/laspalmas.md\/contact-us-1\/\">REZERVEAZ\u0102 ACUM<\/a><\/td><\/tr><tr><td><strong>Pack #4 &#8211; 9 vinuri<\/strong><br>include excursia ghidat\u0103 \u0219i degustare a 9 vinuri de calitatea Premium. La degustare sunt oferite pesme\u021bi \u0219i ap\u0103 mineral\u0103. <br>***Pre\u021bul indicat este pentru o persoan\u0103, \u00een grup de 2 persoane. *Pentru grupuri formate din 1 pers &#8211; 1600 MDL\/pers *Pentru grupuri formate din 2-5 pers &#8211; 880 MDL\/pers *Pentru grupuri > 6 pers &#8211; 570 MDL\/pers<\/td><td>1.5 ore<\/td><td>1<\/td><td>46\u20ac pre\u021b standard<\/td><td><a href=\"https:\/\/laspalmas.md\/contact-us-1\/\">REZERVEAZ\u0102 ACUM<\/a><\/td><\/tr><tr><td><strong>Excursie<\/strong><br>include excursia ghidat\u0103 f\u0103r\u0103 degustare de vinuri. ***Pre\u021bul indicat este pentru o persoan\u0103, \u00een grup de 2 persoane. *Pentru grupuri formate din 1 pers &#8211; 180 MDL\/pers *Pentru grupuri formate din 2-5 pers &#8211; 160 MDL\/pers *Pentru grupuri > 6 pers &#8211; 130 MDL\/pers<\/td><td>1 ore<\/td><td>1<\/td><td>9\u20ac pre\u021b standard<\/td><td><a href=\"https:\/\/laspalmas.md\/contact-us-1\/\">REZERVEAZ\u0102 ACUM<\/a><\/td><\/tr><tr><td><strong>Hotel &#8211; Standard Room,<\/strong> <br>SGL\/DBLSGL &#8211; 1900 MDL, DBL &#8211; 2200 MDL (duminic\u0103-joi), SGL &#8211; 2300 MDL, DBL &#8211; 2600 MDL (vineri-s\u00e2mb\u0103t\u0103). Num\u0103r total camere: 6, Tariful include mic dejun. (noiembrie-martie tarife sc\u0103zute, pentru detalii rug\u0103m s\u0103 ne expedia\u021bi un email)<\/td><td>24 ore<\/td><td>1<\/td><td>114\u20ac pre\u021b standard<br>134\u20ac pre\u021b \u00een weekend \u0219i seara<\/td><td><a href=\"https:\/\/laspalmas.md\/contact-us-1\/\">REZERVEAZ\u0102 ACUM<\/a><\/td><\/tr><tr><td><strong>Hotel &#8211; Deluxe Room, <\/strong><br>SGL\/DBLSGL &#8211; 2200 MDL, DBL &#8211; 2500 MDL (duminic\u0103-joi), SGL &#8211; 2600 MDL, DBL &#8211; 2900 MDL (vineri-s\u00e2mb\u0103t\u0103). Num\u0103r total camere: 2, Tariful include mic dejun. (noiembrie-martie tarife sc\u0103zute, pentru detalii rug\u0103m s\u0103 ne expedia\u021bi un email)<\/td><td>24 ore<\/td><td>1<\/td><td>129\u20ac pre\u021b standard<br>150\u20ac pre\u021b \u00een weekend \u0219i seara<\/td><td><a href=\"https:\/\/laspalmas.md\/contact-us-1\/\">REZERVEAZ\u0102 ACUM<\/a><\/td><\/tr><tr><td><strong>Hotel &#8211; VIP Room, <\/strong><br>SGL\/DBLSGL &#8211; 2500 MDL, DBL &#8211; 2800 MDL (duminic\u0103-joi), SGL &#8211; 2900 MDL, DBL &#8211; 3200 MDL (vineri-s\u00e2mb\u0103t\u0103). Num\u0103r total camere: 2, Tariful include mic dejun. (noiembrie-martie tarife sc\u0103zute, pentru detalii rug\u0103m s\u0103 ne expedia\u021bi un email)<\/td><td>24 ore<\/td><td>1<\/td><td>145\u20ac pre\u021b standard<br>165\u20ac pre\u021b \u00een weekend \u0219i seara<\/td><td><a href=\"https:\/\/laspalmas.md\/contact-us-1\/\">REZERVEAZ\u0102 ACUM<\/a><\/td><\/tr><tr><td><strong>Hotel &#8211; Exotic House, barrique, <\/strong><br>SGL\/DBLSGL &#8211; 1700 MDL, DBL &#8211; 2000 MDL (duminic\u0103-joi), SGL &#8211; 2000 MDL, DBL &#8211; 2300 MDL (vineri-s\u00e2mb\u0103t\u0103). Num\u0103r total camere: 2, Tariful include mic dejun. (noiembrie-martie tarife sc\u0103zute, pentru detalii rug\u0103m s\u0103 ne expedia\u021bi un email)<\/td><td>24 ore<\/td><td>1<\/td><td>103\u20ac pre\u021b standard<br>119\u20ac pre\u021b \u00een weekend \u0219i seara<\/td><td><a href=\"https:\/\/laspalmas.md\/contact-us-1\/\">REZERVEAZ\u0102 ACUM<\/a><\/td><\/tr><tr><td><strong>Hotel &#8211; Sky House, <\/strong><br>SGL\/DBLSGL &#8211; 3300 MDL, DBL &#8211; 3600 MDL (duminic\u0103-joi), SGL &#8211; 3700 MDL, DBL &#8211; 4000 MDL (vineri-s\u00e2mb\u0103t\u0103). Num\u0103r total camere: 1. Tariful nu include mic dejun.<\/td><td>24 ore<\/td><td>1<\/td><td>186\u20ac pre\u021b standard<br>206\u20ac pre\u021b \u00een weekend \u0219i seara<\/td><\/tr><\/tbody><\/table>\n","protected":false},"excerpt":{"rendered":"<p>Conacul Purcari este situat \u00eentr-o zona pitoreasc\u0103, in sud-estul \u021b\u0103rii, la doar 50 km de la \u021b\u0103rmul M\u0103rii Negre. Aici se afl\u0103 legendarele beciuri, r\u0103mase neschimbate din 1827, care p\u0103streaz\u0103 &#8230;<\/p>\n","protected":false},"author":1,"featured_media":4357,"parent":0,"menu_order":0,"comment_status":"closed","ping_status":"closed","template":"","meta":[],"_links":{"self":[{"href":"https:\/\/laspalmas.md\/ru\/wp-json\/wp\/v2\/pages\/4350"}],"collection":[{"href":"https:\/\/laspalmas.md\/ru\/wp-json\/wp\/v2\/pages"}],"about":[{"href":"https:\/\/laspalmas.md\/ru\/wp-json\/wp\/v2\/types\/page"}],"author":[{"embeddable":true,"href":"https:\/\/laspalmas.md\/ru\/wp-json\/wp\/v2\/users\/1"}],"replies":[{"embeddable":true,"href":"https:\/\/laspalmas.md\/ru\/wp-json\/wp\/v2\/comments?post=4350"}],"version-history":[{"count":28,"href":"https:\/\/laspalmas.md\/ru\/wp-json\/wp\/v2\/pages\/4350\/revisions"}],"predecessor-version":[{"id":4380,"href":"https:\/\/laspalmas.md\/ru\/wp-json\/wp\/v2\/pages\/4350\/revisions\/4380"}],"wp:featuredmedia":[{"embeddable":true,"href":"https:\/\/laspalmas.md\/ru\/wp-json\/wp\/v2\/media\/4357"}],"wp:attachment":[{"href":"https:\/\/laspalmas.md\/ru\/wp-json\/wp\/v2\/media?parent=4350"}],"curies":[{"name":"wp","href":"https:\/\/api.w.org\/{rel}","templated":true}]}}