{"id":4319,"date":"2021-03-14T14:25:55","date_gmt":"2021-03-14T11:25:55","guid":{"rendered":"https:\/\/laspalmas.md\/?page_id=4319"},"modified":"2021-03-14T14:40:06","modified_gmt":"2021-03-14T11:40:06","slug":"castel-mimi-wine-resort","status":"publish","type":"page","link":"https:\/\/laspalmas.md\/ru\/castel-mimi-wine-resort\/","title":{"rendered":"CASTEL MIMI WINE RESORT"},"content":{"rendered":"\n<p>Castel Mimi este situat la 30 km de aeroportul Chi\u015fin\u0103u \u015fi reprezint\u0103 o destina\u0163ie de interes interna\u0163ional, unic\u0103 \u00een Republica Moldova. La momentul actual Castel Mimi figureaz\u0103 \u00een topul celor mai frumoase capodopere arhitecturale din lumea vinului.\u00a0Povestea castelului\u00a0\u00eencepe \u00een anul\u00a01893, atunci c\u00e2nd Constantin Mimi, ultimul guvernator al Basarabiei, planteaz\u0103 primii buta\u0219i de vi\u021b\u0103-de-vie pe locul care urma s\u0103 devin\u0103 legend\u0103 peste ani. \u00a0<br><\/p>\n\n\n\n<p>\u00cen perioada sovietic\u0103, complexul lui Constantin Mimi a fost na\u0163ionalizat, fiind ascuns de ochii lumii. Abia \u00een 2010, \u00een cadrul unor lucr\u0103ri de rutin\u0103, muncitorii au scos fa\u0163ada placat\u0103 de pe cl\u0103dire, descoperind o adev\u0103rat\u0103 bijuterie arhitectural\u0103. Atunci s-a decis restaurarea fundamental\u0103 a Castelului, au fost redescoperite \u015fi puse \u00een valoare beciurile \u015fi galeriile subterane. La mai bine de un secol, Castel Mimi prinde a doua via\u0163\u0103.<\/p>\n\n\n\n<p>Acum, Castel Mimi reprezint\u0103 o destina\u0163ie unic\u0103, fie c\u0103 sunte\u0163i pasiona\u0163i de istorie \u015fi tradi\u0163ie; vre\u0163i s\u0103 admira\u0163i un complex de valoare arhitectural\u0103 inedit\u0103 pentru Moldova; ave\u0163i \u00een plan un eveniment sau o petrecere important\u0103; ori dori\u0163i o simpl\u0103 escapad\u0103 \u00een afara ora\u015fului, cu o degustare de vinuri extraordinare.<\/p>\n\n\n\n<p>Vizitatorii pot comanda excursii prin complexul istoric \u015fi sec\u0163ia modern\u0103 de producere a vinului. Vor fi puse la dispozi\u0163ie c\u00e2teva s\u0103li de degustare; restaurante, terase de var\u0103 cu havuz, piscin\u0103, un labirint \u00een aer liber, spa\u0163ii de joac\u0103 pentru copii, Wine Spa \u015fi b\u0103i termale. Pe loc pute\u0163i savura bucate deosebite, \u00een mijlocul istoriei. Din toamn\u0103, va fi disponibil\u0103 cazarea \u00een c\u0103su\u0163e de hotel \u00een stil tradi\u0163ional.<br><br><strong>Pre\u021burile afi\u0219ate nu includ\u00a0transportul c\u0103tre vin\u0103rie, care poate fi organizat la solicitare contra cost.<\/strong><br><br><\/p>\n\n\n\n<table class=\"wp-block-table\"><thead><tr><th>Ofert\u0103<\/th><th>Durat\u0103<\/th><th>Min pers \u00een grup<\/th><th>Pre\u021b<\/th><th><\/th><\/tr><\/thead><tbody><tr><td><strong>Bacchus<\/strong><br>include excursia ghidat\u0103 \u0219i degustare a 3 tipuri de vinuri. La degustare sunt oferite: biscui\u021bi ap\u0103 mineral\u0103. <br>***Pre\u021bul indicat este pentru o persoan\u0103.<\/td><td>1 ore<\/td><td>1<\/td><td>16\u20ac pre\u021b standard<br>21\u20ac pre\u021b \u00een weekend \u0219i seara<\/td><td><a href=\"https:\/\/laspalmas.md\/contact-us-1\/\">REZERVEAZ\u0102 ACUM<\/a><\/td><\/tr><tr><td><strong>Connaisseur<\/strong><br>TEMPORAR NU ESTE DISPONIBIL! <br>include excursia ghidat\u0103 \u0219i degustare a 3 vinuri de top. La degustare sunt oferite: ca\u0219cavaluri, olive \u0219i fructe. ***Pre\u021bul indicat este pentru o persoan\u0103.<\/td><td>1.5 ore<\/td><td>2<\/td><td>24\u20ac pre\u021b standard<br>29\u20ac pre\u021b \u00een weekend \u0219i seara<\/td><td><a href=\"https:\/\/laspalmas.md\/contact-us-1\/\">REZERVEAZ\u0102 ACUM<\/a><\/td><\/tr><tr><td><strong>Descoper\u0103<\/strong><br>include excursia ghidat\u0103 \u0219i o degustare a 5 tipuri de vinuri asociate cu mini gust\u0103ri potrivite fiec\u0103rui vin: Tartar din somon pe toast de secar\u0103 cu &#8216;frutti di capperi&#8217;; Ca\u0219caval Grano Padano cu struguri \u0219i miez de nuc\u0103; Ca\u0219caval Brie cu caise uscate si migdale; Specialitatea casei \u2013 Pat\u00e9 copt de ficat de pui, servit cu toast crocant; Salam crud-zv\u00e2ntat \u0219i olive <br>***Pre\u021bul indicat este pentru o persoan\u0103.<\/td><td>1.5 ore<\/td><td>2<\/td><td>26\u20ac pre\u021b standard<br>31\u20ac pre\u021b \u00een weekend \u0219i seara<\/td><td><a href=\"https:\/\/laspalmas.md\/contact-us-1\/\">REZERVEAZ\u0102 ACUM<\/a><\/td><\/tr><tr><td><strong>Tradi\u021bional<\/strong><br>include excursia ghidat\u0103 \u0219i degustare a 4 tipuri de vinuri \u0219i o mas\u0103 ce include iahnie de vinete, zeam\u0103, pl\u0103cint\u0103, friptur\u0103 cu m\u0103m\u0103lig\u0103, bab\u0103 neagr\u0103. <br>***Pre\u021bul indicat este pentru o persoan\u0103.<\/td><td>1.5 ore<\/td><td>2<\/td><td>39\u20ac pre\u021b standard<br>39\u20ac pre\u021b \u00een weekend \u0219i seara<\/td><td><a href=\"https:\/\/laspalmas.md\/contact-us-1\/\">REZERVEAZ\u0102 ACUM<\/a><\/td><\/tr><tr><td><strong>Tezaur<\/strong><br>TEMPORAR NU ESTE DISPONIBIL! <br>include excursia ghidat\u0103 \u0219i degustare a 4 tipuri de vinuri \u0219i o mas\u0103 cu meniul: Unt verde cu ierburi aromatice cu p\u00e2ine de cas\u0103; Pl\u0103cint\u0103 coapt\u0103 cu br\u00e2nz\u0103; Burtic\u0103 de Purcel g\u0103tit\u0103 \u00eendelungat servit\u0103 cu sos din prune \u0219i \u201cNucata Domneasc\u0103\u201d; Sarmale din crupe cu sm\u00eent\u00een\u0103 (dup\u0103 recet\u0103 din Nordul Moldovei); \u201dBab\u0103 Neagr\u0103\u201d cu sos pe baza de vin Cabernet Sauvignon \u201dCastel Mimi\u201d cu prune moldovene\u0219ti \u0219i cu crem\u0103 de Vanilie<br> ***Pre\u021bul indicat este pentru o persoan\u0103. Disponibil\u0103 \u0219i varianta vegetarian\u0103.<\/td><td>2 ore<\/td><td>2<\/td><td>41\u20ac pre\u021b standard<br>46\u20ac pre\u021b \u00een weekend \u0219i seara<\/td><td><a href=\"https:\/\/laspalmas.md\/contact-us-1\/\">REZERVEAZ\u0102 ACUM<\/a><\/td><\/tr><tr><td><strong>Osp\u0103\u021b<\/strong><br>include excursia ghidat\u0103 \u0219i degustare a celor mai bune 5 vinuri ale companiei \u0219i o mas\u0103 cu meniul: M\u0103m\u0103liga cu crema de br\u00e2nz\u0103; Gustare tradi\u021bional\u0103 (iahnie de vinete, fasoli\u021b\u0103 \u0219i sfecl\u0103 cu prune uscate) se serve\u0219te cu p\u00e2ine de cas\u0103 crocant\u0103; Pl\u0103cint\u0103 coapt\u0103 cu br\u00e2nz\u0103; Sarmale din crupe cu sm\u00eent\u00een\u0103 (dup\u0103 recet\u0103 din Nordul Moldovei); Costi\u021be de porc cu legume coapte; Desertul Casei &#8211; par\u0103 \u0219i prun\u0103 \u00een vin, \u00eenghe\u021bat\u0103 de cas\u0103 din vin Merlot \u201eCastel Mimi\u201d, jeleu din vin \u0219i miere. <br>***Pre\u021bul indicat este pentru o persoan\u0103. Grup minim 2 persoane.<\/td><td>2 ore<\/td><td>4<\/td><td>51\u20ac pre\u021b standard<br>62\u20ac pre\u021b \u00een weekend \u0219i seara<\/td><td><a href=\"https:\/\/laspalmas.md\/contact-us-1\/\">REZERVEAZ\u0102 ACUM<\/a><\/td><\/tr><tr><td><strong>\u00cen jurul lumii<\/strong><br>include excursia ghidat\u0103 \u0219i degustare a celor mai bune 6 vinuri ale companiei \u0219i o mas\u0103 cu meniul: Olive verzi cu migdale; Tar-Tar din somon cu crema de ca\u0219caval; Melci moldovene\u0219ti crescu\u021bi \u00een vi\u021b\u0103 de vie \u00een sos de unt aromat cu ierburi; Coq au vin \u2013 pui\u0219or francez copt \u00een vin de marca Merlot &#8220;Castel Mimi&#8221; cu legume; Wine Ice Cream de cas\u0103. <br>***Pre\u021bul indicat este pentru o persoan\u0103.<\/td><td>3 ore<\/td><td>4<\/td><td>60\u20ac pre\u021b standard<br>65\u20ac pre\u021b \u00een weekend \u0219i seara<\/td><td><a href=\"https:\/\/laspalmas.md\/contact-us-1\/\">REZERVEAZ\u0102 ACUM<\/a><\/td><\/tr><tr><td><strong>Nobil<\/strong><br>include excursia ghidat\u0103 \u0219i degustare a celor mai bune 6 vinuri ale companiei \u0219i o mas\u0103 cu meniul: Tar-Tar din somon \u0219i ton cu crema de ca\u0219caval; Risotto cu octopus Roastbeef \u00een sos Teryaki; Saut\u00e9 din iepure \u00een sos Velout\u00e9 cu legume aburite; Magret de ra\u021ba Sous Vide servit cu par\u0103 \u00een sos de portocal\u0103 \u0219i ghimbir; Mousse din ciocolat\u0103 neagr\u0103. <br>***Pre\u021bul indicat este pentru o persoan\u0103.<\/td><td>2 ore<\/td><td>4<\/td><td>129\u20ac pre\u021b standard<br>134\u20ac pre\u021b \u00een weekend \u0219i seara<\/td><td><a href=\"https:\/\/laspalmas.md\/contact-us-1\/\">REZERVEAZ\u0102 ACUM<\/a><\/td><\/tr><tr><td><strong>Degustare din pahare Riedel<\/strong><br>include excursia ghidat\u0103 \u0219i degustare a 4 tipuri de vinuri. La degustare sunt oferite: pesme\u021bi. <br>***Pre\u021bul indicat este pentru o persoan\u0103. Grup minim 8 persoane.<\/td><td>2 ore<\/td><td>8<\/td><td>24\u20ac pre\u021b standard<br>29\u20ac pre\u021b \u00een weekend \u0219i seara<\/td><td><a href=\"https:\/\/laspalmas.md\/contact-us-1\/\">REZERVEAZ\u0102 ACUM<\/a><\/td><\/tr><tr><td><strong>Blend your own wine<\/strong><br>Atelier de cupajare a vinului. Include cupajarea a 3 tipuri de vin \u0219i pictarea etichetei. Grup minim 10 persoane.<\/td><td>3 ore<\/td><td>10<\/td><td>35\u20ac pre\u021b standard<br>36\u20ac pre\u021b \u00een weekend \u0219i seara<\/td><td><a href=\"https:\/\/laspalmas.md\/contact-us-1\/\">REZERVEAZ\u0102 ACUM<\/a><\/td><\/tr><tr><td><strong>Atelier de g\u0103tit<\/strong><br>Atelier de g\u0103tit pl\u0103cinte la cuptor cu lemne. Grup minim 10 persoane.<\/td><td>3 ore<\/td><td>10<\/td><td>18\u20ac pre\u021b standard<br>24\u20ac pre\u021b \u00een weekend \u0219i seara<\/td><td><a href=\"https:\/\/laspalmas.md\/contact-us-1\/\">REZERVEAZ\u0102 ACUM<\/a><\/td><\/tr><tr><td><strong>Hotel &#8211; Loj\u0103 &#8211; camer\u0103 dubl\u0103<\/strong><br>Fiecare camer\u0103 dispune de un a\u0219ternut pentru cuplu, birou, camer\u0103 de baie, minibar, dul\u0103pioare, safeu. Sunt disponibile aparate de cafea \u0219i ceai, televiziune digital\u0103, WI-FI gratuit \u0219i sistem de aer condi\u021bionat (sau de \u00eenc\u0103lzire pe timp de iarn\u0103). Pre\u021bul include: &#8211; Micul dejun &#8211; Minibar cu b\u0103uturi r\u0103coritoare &#8211; Acces nelimitat la piscin\u0103. Luni-Joi -150 \u20ac, Vineri-Duminic\u0103 -180 \u20ac Num\u0103r total camere: 7<\/td><td>24 ore<\/td><td>1<\/td><td>150\u20ac pre\u021b standard<br>180\u20ac pre\u021b \u00een weekend \u0219i seara<\/td><\/tr><\/tbody><\/table>\n","protected":false},"excerpt":{"rendered":"<p>Castel Mimi este situat la 30 km de aeroportul Chi\u015fin\u0103u \u015fi reprezint\u0103 o destina\u0163ie de interes interna\u0163ional, unic\u0103 \u00een Republica Moldova. La momentul actual Castel Mimi figureaz\u0103 \u00een topul celor &#8230;<\/p>\n","protected":false},"author":1,"featured_media":4325,"parent":0,"menu_order":0,"comment_status":"closed","ping_status":"closed","template":"","meta":[],"_links":{"self":[{"href":"https:\/\/laspalmas.md\/ru\/wp-json\/wp\/v2\/pages\/4319"}],"collection":[{"href":"https:\/\/laspalmas.md\/ru\/wp-json\/wp\/v2\/pages"}],"about":[{"href":"https:\/\/laspalmas.md\/ru\/wp-json\/wp\/v2\/types\/page"}],"author":[{"embeddable":true,"href":"https:\/\/laspalmas.md\/ru\/wp-json\/wp\/v2\/users\/1"}],"replies":[{"embeddable":true,"href":"https:\/\/laspalmas.md\/ru\/wp-json\/wp\/v2\/comments?post=4319"}],"version-history":[{"count":28,"href":"https:\/\/laspalmas.md\/ru\/wp-json\/wp\/v2\/pages\/4319\/revisions"}],"predecessor-version":[{"id":4349,"href":"https:\/\/laspalmas.md\/ru\/wp-json\/wp\/v2\/pages\/4319\/revisions\/4349"}],"wp:featuredmedia":[{"embeddable":true,"href":"https:\/\/laspalmas.md\/ru\/wp-json\/wp\/v2\/media\/4325"}],"wp:attachment":[{"href":"https:\/\/laspalmas.md\/ru\/wp-json\/wp\/v2\/media?parent=4319"}],"curies":[{"name":"wp","href":"https:\/\/api.w.org\/{rel}","templated":true}]}}