{"id":4291,"date":"2021-03-14T14:12:18","date_gmt":"2021-03-14T11:12:18","guid":{"rendered":"https:\/\/laspalmas.md\/?page_id=4291"},"modified":"2021-03-14T14:25:24","modified_gmt":"2021-03-14T11:25:24","slug":"vinaria-asconi","status":"publish","type":"page","link":"https:\/\/laspalmas.md\/ru\/vinaria-asconi\/","title":{"rendered":"VIN\u0102RIA ASCONI"},"content":{"rendered":"\n<p>&#8220;Avem pasiune pentru via\u021b\u0103, dragoste \u0219i vin, iar vinificatorii no\u0219tri&nbsp;transform\u0103 strugurii&nbsp;aroma\u021bi, \u00een unele dintre&nbsp;cele mai bune vinuri de calitate din lume.&#8221;<\/p>\n\n\n\n<p>Accentul principal al Vin\u0103riei Asconi este producerea \u0219i v\u00e2nzarea de vinuri adaptate pentru fiecare pia\u021b\u0103 unde \u00ee\u0219i export\u0103 produsele, relief\u00eend&nbsp;cel mai bun raport posibil&nbsp;pre\u021b-calitate. Ei&nbsp;s-au adaptat pe deplin la cerin\u021bele UE, precum \u0219i altor&nbsp;regiuni \u0219i \u021b\u0103ri \u00een care&nbsp;opereaz\u0103.<br><\/p>\n\n\n\n<p>Compania Asconi a \u00eenfiin\u021bat\u0103 \u00een anul 1994.&nbsp;Vin\u0103ria s-a dezvoltat pe baza tehnologiilor moderne de producere a vinului, vinificatorii companiei utiliz\u00e2nd cele mai performante echipamente de producere. Ast\u0103zi Asconi de\u021bine circa 600 de hectare de vi\u021b\u0103 de vie, amplasate la o distan\u021b\u0103 de doar 8-10 km de vin\u0103rie. &nbsp;Se cultiv\u0103 soiuri europene, dar o aten\u021bie deosebit\u0103 sunt acordate soiurilor indigene precum Rar\u0103 Neagr\u0103, Feteasca Regal\u0103 (moldovenesc), Saperavi (georgian) etc. Una din particularit\u0103\u021bile vin\u0103riei Asconi este faptul c\u0103 ei culeg strugurii mecanic, pe timp de noapte, c\u00e2t bobi\u021bele sunt \u00eenc\u0103 reci.&nbsp;Vinurile Asconi nu se comercializeaz\u0103 \u00een Republica Moldova, acestea sunt exportate \u00een \u021b\u0103rile din Africa, UE, \u00een Chile, Brazilia, Australia, SUA, Israel etc. Singurul loc de unde pot fi achizi\u021bionate \u0219i degustate aceste vinuri fiind chiar magazinul de pe teritoriul vin\u0103riei\u2026<\/p>\n\n\n\n<p>\u00cen anul 2014 vin\u0103ria \u00ee\u0219i deschide por\u021bile pentru vizitatori. Complexul turistic prezint\u0103 dou\u0103 s\u0103li de restaurant, o teras\u0103 cu vederea la curtea spa\u021bioas\u0103 a vin\u0103riei. Aici pute\u021bi servi bucate exclusive din buc\u0103t\u0103ria na\u021bional\u0103, preg\u0103tite la cuptor, conform re\u021betelor originale. Excursiile sunt ghidate personal de unul dintre vinificatorii sau managerii companiei.<\/p>\n\n\n\n<p>Pentru excelen\u021ba \u0219i performan\u021bele deosebite, \u00een anul 2015 Vin\u0103ria Asconi a primit Marele Premiu \u00een domeniul vitivinicol.<br><br><strong>Pre\u021burile afi\u0219ate nu includ&nbsp;transportul c\u0103tre vin\u0103rie, care poate fi organizat la solicitare contra cost.<\/strong><br><br><\/p>\n\n\n\n<table class=\"wp-block-table\"><thead><tr><th>Ofert\u0103<\/th><th>Durat\u0103<\/th><th>Min pers \u00een grup<\/th><th>Pre\u021b<\/th><th><\/th><\/tr><\/thead><tbody><tr><td><strong>Pr\u00e2nz \u0219i 3 vinuri<\/strong><br>include excursia ghidat\u0103 \u0219i degustare a 3 tipuri de vin. Oferta include \u0219i pr\u00eenzul cu bucate tradi\u021bionale: sup\u0103 + pl\u0103cinte + fel de baz\u0103 + 1 sticl\u0103 de ap\u0103. <br>***Pre\u021bul indicat este pentru o persoan\u0103. Grup minim 2 persoane<\/td><td>3 ore<\/td><td>2<\/td><td>24\u20ac pre\u021b standard<\/td><td><a href=\"https:\/\/laspalmas.md\/contact-us-1\/\">REZERVEAZ\u0102 ACUM<\/a><\/td><\/tr><tr><td><strong>Cin\u0103 \u0219i 3 vinuri<\/strong><br>include excursia ghidat\u0103 \u0219i degustare a 3 tipuri de vin. Oferta include \u0219i cina cu bucate tradi\u021bionale: gustare + pl\u0103cinte + fel de baz\u0103 + desert + 1 sticl\u0103 de ap\u0103. <br>***Pre\u021bul indicat este pentru o persoan\u0103. Grup minim 2 persoane<\/td><td>3 ore<\/td><td>2<\/td><td>29\u20ac pre\u021b standard<\/td><td><a href=\"https:\/\/laspalmas.md\/contact-us-1\/\">REZERVEAZ\u0102 ACUM<\/a><\/td><\/tr><tr><td><strong>3 vinuri<\/strong><br>include excursia ghidat\u0103 \u0219i degustare a 3 tipuri de vin. La degustare sunt oferite: pesme\u021bi, ap\u0103 mineral\u0103. <br>***Pre\u021bul indicat este pentru o persoan\u0103. Grup minim 2 persoane<\/td><td>1.5 ore<\/td><td>2<\/td><td>8\u20ac pre\u021b standard<\/td><td><a href=\"https:\/\/laspalmas.md\/contact-us-1\/\">REZERVEAZ\u0102 ACUM<\/a><\/td><\/tr><tr><td><strong>5 vinuri<\/strong><br>include excursia ghidat\u0103 \u0219i degustare a 5 tipuri de vin. La degustare sunt oferite: pesme\u021bi, ap\u0103 mineral\u0103. <br>***Pre\u021bul indicat este pentru o persoan\u0103. Grup minim 2 persoane<\/td><td>1.5 ore<\/td><td>2<\/td><td>11\u20ac pre\u021b standard<\/td><td><a href=\"https:\/\/laspalmas.md\/contact-us-1\/\">REZERVEAZ\u0102 ACUM<\/a><\/td><\/tr><tr><td><strong>7 vinuri <\/strong><br>include excursia ghidat\u0103 \u0219i degustare a 7 tipuri de vin. La degustare sunt oferite: pesme\u021bi, ap\u0103 mineral\u0103. <br>***Pre\u021bul indicat este pentru o persoan\u0103. Grup minim 2 persoane<\/td><td>1.5 ore<\/td><td>2<\/td><td>13\u20ac pre\u021b standard<\/td><td><a href=\"https:\/\/laspalmas.md\/contact-us-1\/\">REZERVEAZ\u0102 ACUM<\/a><\/td><\/tr><tr><td><strong>5 vinuri de desert<\/strong><br>include excursia ghidat\u0103 \u0219i degustare a 5 vinuri de desert. La degustare sunt oferite: pesme\u021bi, ap\u0103 mineral\u0103. <br>***Pre\u021bul indicat este pentru o persoan\u0103. Grup minim 4 persoane<\/td><td>1.5 ore<\/td><td>4<\/td><td>18\u20ac pre\u021b standard<\/td><td><a href=\"https:\/\/laspalmas.md\/contact-us-1\/\">REZERVEAZ\u0102 ACUM<\/a><\/td><\/tr><tr><td><strong>Wine&#038;Food Pairing<\/strong><br>include excursia ghidat\u0103 \u0219i degustare de vinuri \u0219i asocierea lor cu bucate tradi\u021bionale moldovene\u0219ti: 6 vinuri + 6 feluri de bucate *Op\u021biune vegan\u0103 este disponibil\u0103. <br>***Pre\u021bul indicat este pentru o persoan\u0103. Grup minim 4 persoane.<\/td><td>2 ore<\/td><td>4<\/td><td>42\u20ac pre\u021b standard<\/td><td><a href=\"https:\/\/laspalmas.md\/contact-us-1\/\">REZERVEAZ\u0102 ACUM<\/a><\/td><\/tr><tr><td><strong>Masterclass de vin \u0219i g\u0103tit<\/strong><br>include excursia ghidat\u0103 \u0219i degustare de vinuri. Atelier de g\u0103tit pl\u0103cin\u021bele \u0219i huluba\u0219i, pr\u00e2nz cu bucate tradi\u021bionale. <br>*Op\u021biune vegan\u0103 este disponibil\u0103. <br>***Pre\u021bul indicat este pentru o persoan\u0103. Grup minim 4 persoane.<\/td><td>3 ore<\/td><td>4<\/td><td>39\u20ac pre\u021b standard<\/td><td><a href=\"https:\/\/laspalmas.md\/contact-us-1\/\">REZERVEAZ\u0102 ACUM<\/a><\/td><\/tr><tr><td><strong>Cazare Standard KING<\/strong><br>Camer\u0103 standard, pat matrimonial, nclusiv mic dejun pentru 1-2 persoane. Num\u0103r total camere: 12<\/td><td>24 ore<\/td><td>1<\/td><td>90\u20ac pre\u021b standard<\/td><td><a href=\"https:\/\/laspalmas.md\/contact-us-1\/\">REZERVEAZ\u0102 ACUM<\/a><\/td><\/tr><tr><td><strong>Cazare Standard TWIN<\/strong><br>Camer\u0103 standard, 2 paturi, inclusiv mic dejun pentru 1-2 persoane. Num\u0103r total camere: 4<\/td><td>24 ore<\/td><td>1<\/td><td>90\u20ac pre\u021b standard<\/td><td><a href=\"https:\/\/laspalmas.md\/contact-us-1\/\">REZERVEAZ\u0102 ACUM<\/a><\/td><\/tr><tr><td><strong>Cazare SUITE<\/strong><br>Camer\u0103 Suite, pat matrimonial, inclusiv mic dejun pentru 1-2 persoane. Num\u0103r total camere: 4<\/td><td>24 ore<\/td><td>1<\/td><td>120\u20ac pre\u021b standard<\/td><td><a href=\"https:\/\/laspalmas.md\/contact-us-1\/\">REZERVEAZ\u0102 ACUM<\/a><\/td><\/tr><tr><td><strong>Atelier de pictur\u0103 \u00een vin<\/strong><br>Atelier practic de pictur\u0103 \u00een vin cu artistul Vasile Botnaru. Activitatea include: 1 sticl\u0103 de vin cu etichet\u0103 alb\u0103 pentru a fi pictat\u0103. Grup minim 10 persoane.<\/td><td>2 ore<\/td><td>10<\/td><td>13\u20ac pre\u021b standard<\/td><td><a href=\"https:\/\/laspalmas.md\/contact-us-1\/\">REZERVEAZ\u0102 ACUM<\/a><\/td><\/tr><tr><td><strong>Junior Chef<\/strong><br>Activitatea perfect\u0103 pentru copiii pasiona\u021bi, care iubesc s\u0103 creeze \u0219i s\u0103 descopere magia buc\u0103t\u0103riei. Cei mici vor avea ocazia s\u0103 fr\u0103m\u00e2nte aluat \u0219i s\u0103 modeleze \u201dHuluba\u0219i\u201d, iar \u00een timp ce opera lor de art\u0103 se coace \u00een cuptor, vor preg\u0103ti deserturi unice din foi de cl\u0103tite. Pachetul include, procesul producerii de \u201dHuluba\u0219i\u201d, cl\u0103tite cu diferite umpluturi, diplom\u0103 \u201dJunior Chef Asconi Winery\u201d.<br> ***Pre\u021bul indicat este pentru o persoan\u0103. Grup minim 5 persoane, maxim 15 persoane<\/td><td>1 ore<\/td><td>5<\/td><td>8\u20ac pre\u021b standard<\/td><\/tr><\/tbody><\/table>\n","protected":false},"excerpt":{"rendered":"<p>&#8220;Avem pasiune pentru via\u021b\u0103, dragoste \u0219i vin, iar vinificatorii no\u0219tri&nbsp;transform\u0103 strugurii&nbsp;aroma\u021bi, \u00een unele dintre&nbsp;cele mai bune vinuri de calitate din lume.&#8221; Accentul principal al Vin\u0103riei Asconi este producerea \u0219i v\u00e2nzarea &#8230;<\/p>\n","protected":false},"author":1,"featured_media":4297,"parent":0,"menu_order":0,"comment_status":"closed","ping_status":"closed","template":"","meta":[],"_links":{"self":[{"href":"https:\/\/laspalmas.md\/ru\/wp-json\/wp\/v2\/pages\/4291"}],"collection":[{"href":"https:\/\/laspalmas.md\/ru\/wp-json\/wp\/v2\/pages"}],"about":[{"href":"https:\/\/laspalmas.md\/ru\/wp-json\/wp\/v2\/types\/page"}],"author":[{"embeddable":true,"href":"https:\/\/laspalmas.md\/ru\/wp-json\/wp\/v2\/users\/1"}],"replies":[{"embeddable":true,"href":"https:\/\/laspalmas.md\/ru\/wp-json\/wp\/v2\/comments?post=4291"}],"version-history":[{"count":25,"href":"https:\/\/laspalmas.md\/ru\/wp-json\/wp\/v2\/pages\/4291\/revisions"}],"predecessor-version":[{"id":4318,"href":"https:\/\/laspalmas.md\/ru\/wp-json\/wp\/v2\/pages\/4291\/revisions\/4318"}],"wp:featuredmedia":[{"embeddable":true,"href":"https:\/\/laspalmas.md\/ru\/wp-json\/wp\/v2\/media\/4297"}],"wp:attachment":[{"href":"https:\/\/laspalmas.md\/ru\/wp-json\/wp\/v2\/media?parent=4291"}],"curies":[{"name":"wp","href":"https:\/\/api.w.org\/{rel}","templated":true}]}}