{"id":4277,"date":"2021-03-14T13:55:56","date_gmt":"2021-03-14T10:55:56","guid":{"rendered":"https:\/\/laspalmas.md\/?page_id=4277"},"modified":"2021-03-14T14:11:15","modified_gmt":"2021-03-14T11:11:15","slug":"pivnitele-din-branesti-epoca-de-piatra","status":"publish","type":"page","link":"https:\/\/laspalmas.md\/ru\/pivnitele-din-branesti-epoca-de-piatra\/","title":{"rendered":"PIVNI\u021aELE DIN BR\u0102NE\u0218TI &#8211; EPOCA DE PIATR\u0102"},"content":{"rendered":"\n<p>Situat\u0103 \u00eentr-o zon\u0103 pitoreasc\u0103, \u00een coasta Orheiului Vechi, aceast\u0103 \u00eemp\u0103r\u0103\u021bie subteran\u0103 &#8220;Pivni\u021bele din Br\u0103ne\u0219ti&#8221;, de fiecare dat\u0103 treze\u0219te uimirea numero\u0219ilor vizitatori din \u021bar\u0103 \u0219i peste hotare.&nbsp;Vin\u0103ria Br\u0103ne\u0219ti este amplasat\u0103 \u00eentr-o veche min\u0103 de calcar, veche de peste 400 de ani, ale c\u0103rei galerii se \u00eentind pe 75 km. \u00centreaga construc\u021bie are cel pu\u021bin 60 de metri ad\u00e2ncime, asigur\u00e2nd o temperatur\u0103 constant\u0103 de 12-14 grade pe tot parcursul anului \u0219i un nivel de umiditate de 90-92%, ideal pentru \u00eemb\u0103tr\u00e2nirea vinului.&nbsp;<\/p>\n\n\n\n<p>Aceste condi\u021bii naturale sunt completate de artizanii care transform\u0103 strugurii \u00een vin delicios. Vin\u0103ria are aproximativ 800 de hectare de podgorii proprii \u00eentr-o frumoas\u0103 zon\u0103 \u00eemp\u0103durit\u0103 de pe versan\u021bii Orheiul Vechi, \u0219i, de asemenea, aproape de satele Romane\u0219ti \u0219i Tudora.&nbsp;Pivni\u021bele din Br\u0103ne\u0219ti produce&nbsp;vinuri albe \u0219i ro\u0219ii, spumante, seci, demiseci \u0219i de desert. Deosebit de apreciate sunt vinurile de colec\u021bie, precum \u0219i vinurile produse dup\u0103 o tehnologie special\u0103, precum ar fi Madera, Marsala, vinul pastoral.<\/p>\n\n\n\n<p>Vin\u0103ria&nbsp;lucreaz\u0103 acum la lansarea&nbsp;primului hotel subteran din Moldova \u0219i dezvolt\u0103 un complex turistic unic \u201eEpoca pietrelor\u201d. Acest lucru va oferi vizitatorilor o oportunitate de a experimenta via\u021ba \u00eentr-o pe\u0219ter\u0103, a\u0219a cum ar fi fost \u00een epoca de piatr\u0103, cu mici atingeri ale epocii moderne.&nbsp;\u00cen subteran nu exist\u0103 conexiune internet sau re\u021bea de telefonie mobil\u0103, de\u0219i aceasta&nbsp;va fi mereu disponibil\u0103 la intrarea principal\u0103&nbsp;\u00een complex.<\/p>\n\n\n\n<p>Un loc special este \u0219i sala pentru spectacole cu o acustic\u0103 deosebit\u0103, unde se petrec recitaluri de poezii, concerte \u0219i alte evenimente culturale. \u00cen cur\u00e2nd se planific\u0103 deschiderea zonei Wine Spa, unde vor fi amplasate c\u0103zi speciale cu vin, pentru r\u0103sf\u0103\u021bul turi\u0219tilorUn loc special este \u0219i sala pentru spectacole cu o acustic\u0103 deosebit\u0103, unde se petrec recitaluri de poezii, concerte \u0219i alte evenimente culturale. \u00cen cur\u00e2nd se planific\u0103 deschiderea zonei Wine Spa, unde vor fi amplasate c\u0103zi speciale cu vin, pentru r\u0103sf\u0103\u021bul turi\u0219tilor.<br><br>Pivni\u021bele din Br\u0103ne\u0219ti dispun de trei s\u0103li de degustare cu un design autentic, una dintre ele se afl\u0103 chiar \u00een subterana complexului. Elementele de decor sunt lucrate \u00een lemn \u0219i metal \u0219i reproduc imagini legate de cultivarea vi\u021bei de vie \u0219i de producerea vinului. Recre\u00e2ndu-v\u0103 \u00een acest loc minunat, pl\u0103cerea va fi mult mai mare c\u00eende ve\u021bi savura cele mai fine vinuri \u0219i ve\u021bi gusta din bucate tradi\u021bionale, precum pl\u0103cin\u021bele \u0219i mici ca la Br\u0103ne\u0219ti, toc\u0103ni\u021b\u0103 de iepure. La fel ve\u021bi degusta\u00a0apa cu calit\u0103\u021bi curative deosebite, produs\u0103 din apa izvorului subteran din beciurile companiei.\u00a0Pivni\u021bele din Br\u0103ne\u0219ti invit\u0103 to\u021bi doritorii s\u0103 deguste \u0219i s\u0103 traiasc\u0103 istoria vinului adev\u0103rat.<br><br><strong>Pre\u021burile afi\u0219ate nu includ\u00a0transportul c\u0103tre vin\u0103rie, care poate fi organizat la solicitare contra cost.<\/strong><br><br><\/p>\n\n\n\n<table class=\"wp-block-table\"><thead><tr><th>Ofert\u0103<\/th><th>Durat\u0103<\/th><th>Min pers \u00een grup<\/th><th>Pre\u021b<\/th><th><\/th><\/tr><\/thead><tbody><tr><td><strong>Degustare de vin \u21161<\/strong><br>include degustare a 2 tipuri de vin. La degustare sunt oferite nuci, biscui\u021bi \u0219i ap\u0103 mineral\u0103.<br> ***Pre\u021bul indicat este pentru o persoan\u0103 \u00een grup de 2 pers. Oferta este valabil\u0103 miercuri-duminic\u0103, 11.00-20.00<\/td><td>1 ore<\/td><td>2<\/td><td>16\u20ac pre\u021b standard <br>16\u20ac pre\u021b \u00een weekend \u0219i seara<\/td><td><a href=\"https:\/\/laspalmas.md\/contact-us-1\/\">REZERVEAZ\u0102 ACUM<\/a><\/td><\/tr><tr><td><strong>Wine &#038; Food at Pivni\u021bele din Br\u0103ne\u0219ti \u21162<\/strong><br>include degustare a 3 tipuri de vin. La degustare sunt oferite ca\u0219caval, nuci, biscui\u021bi \u0219i ap\u0103 mineral\u0103. Oferta include \u0219i pr\u00eenzul cu 3 feluri de bucate tradi\u021bionale. <br>***Pre\u021bul indicat este pentru o persoan\u0103 \u00een grup de 2 pers. Oferta este valabil\u0103 miercuri-duminic\u0103, 11.00-20.00<\/td><td>3 ore<\/td><td>2<\/td><td>29\u20ac pre\u021b standard <br>29\u20ac pre\u021b \u00een weekend \u0219i seara<\/td><td><a href=\"https:\/\/laspalmas.md\/contact-us-1\/\">REZERVEAZ\u0102 ACUM<\/a><\/td><\/tr><tr><td><strong>Excursie \u21163<\/strong><br>include excursia ghidat\u0103 prin beciurile companiei \u0219i prin complexul turistic &#8220;Epoca de piatr\u0103&#8221; <br>***Pre\u021bul indicat este pentru o persoan\u0103. Excursie este disponibil\u0103 luni-vineri, 10.00-15.00<\/td><td>1 ore<\/td><td>2<\/td><td>11\u20ac pre\u021b standard <br>11\u20ac pre\u021b \u00een weekend \u0219i seara<\/td><\/tr><\/tbody><\/table>\n","protected":false},"excerpt":{"rendered":"<p>Situat\u0103 \u00eentr-o zon\u0103 pitoreasc\u0103, \u00een coasta Orheiului Vechi, aceast\u0103 \u00eemp\u0103r\u0103\u021bie subteran\u0103 &#8220;Pivni\u021bele din Br\u0103ne\u0219ti&#8221;, de fiecare dat\u0103 treze\u0219te uimirea numero\u0219ilor vizitatori din \u021bar\u0103 \u0219i peste hotare.&nbsp;Vin\u0103ria Br\u0103ne\u0219ti este amplasat\u0103 \u00eentr-o &#8230;<\/p>\n","protected":false},"author":1,"featured_media":4284,"parent":0,"menu_order":0,"comment_status":"closed","ping_status":"closed","template":"","meta":[],"_links":{"self":[{"href":"https:\/\/laspalmas.md\/ru\/wp-json\/wp\/v2\/pages\/4277"}],"collection":[{"href":"https:\/\/laspalmas.md\/ru\/wp-json\/wp\/v2\/pages"}],"about":[{"href":"https:\/\/laspalmas.md\/ru\/wp-json\/wp\/v2\/types\/page"}],"author":[{"embeddable":true,"href":"https:\/\/laspalmas.md\/ru\/wp-json\/wp\/v2\/users\/1"}],"replies":[{"embeddable":true,"href":"https:\/\/laspalmas.md\/ru\/wp-json\/wp\/v2\/comments?post=4277"}],"version-history":[{"count":10,"href":"https:\/\/laspalmas.md\/ru\/wp-json\/wp\/v2\/pages\/4277\/revisions"}],"predecessor-version":[{"id":4290,"href":"https:\/\/laspalmas.md\/ru\/wp-json\/wp\/v2\/pages\/4277\/revisions\/4290"}],"wp:featuredmedia":[{"embeddable":true,"href":"https:\/\/laspalmas.md\/ru\/wp-json\/wp\/v2\/media\/4284"}],"wp:attachment":[{"href":"https:\/\/laspalmas.md\/ru\/wp-json\/wp\/v2\/media?parent=4277"}],"curies":[{"name":"wp","href":"https:\/\/api.w.org\/{rel}","templated":true}]}}