{"id":4257,"date":"2021-03-14T13:45:36","date_gmt":"2021-03-14T10:45:36","guid":{"rendered":"https:\/\/laspalmas.md\/?page_id=4257"},"modified":"2021-03-14T13:54:35","modified_gmt":"2021-03-14T10:54:35","slug":"vinaria-milestii-mici","status":"publish","type":"page","link":"https:\/\/laspalmas.md\/ru\/vinaria-milestii-mici\/","title":{"rendered":"VIN\u0102RIA MILE\u0218TII MICI"},"content":{"rendered":"\n<p>Galeriile\u00a0subterane Mile\u0219tii Mici sunt sunt situate la o ad\u00eencime de p\u00e2n\u0103 la 85m \u0219i reprezint\u0103 cea mai mare re\u021bea de galerii\u00a0cu cea mai\u00a0numeroas\u0103\u00a0colec\u021bie de vinuri din lume. Acest lucru a fost documentat \u00een mod oficial de Guinness Book of World Records! Mile\u0219tii Mici are peste 200 km str\u0103zi subterane, peste 50 km de galerii de vin, peste 2 milioane de sticle de vin, unele care dateaz\u0103 din 1968. Vizitatorii au posibilitatea unic\u0103 de a se plimba\u00a0de-a lungul galeriilor \u0219i aleelor\u00a0\u00eentunecoase, acolo unde sunt plasate butoaiele. Sticlele de vin\u00a0u\u0219or\u00a0pr\u0103fuite de mucegaiul nobil,\u00a0a\u0219teapt\u0103 ziua \u00een care vor fi deschise pentru\u00a0a fi savurate.<br><\/p>\n\n\n\n<p>Str\u0103zile subterane&nbsp;poart\u0103&nbsp;numele vinului cu depozitat cu grij\u0103 \u00een butoaiele de stejar din numeroasele ni\u0219e de-a lungul str\u0103zilor. La Mile\u0219tii Mici, oaspe\u021bii au&nbsp;posibilitatea&nbsp;s\u0103 se bucure de roadele culturii vinului moldovenesc.&nbsp;Beciurile de la Mile\u0219tii Mici&nbsp;nu&nbsp;sunt&nbsp;o atrac\u021bie doar pentru iubitorii de vin,&nbsp;acestea reprezint\u0103&nbsp;una dintre cele mai populare destina\u021bii turistice din Moldova. In timpul vizitei oaspe\u021bii vor afla mai multe despre istoria \u00eentreprinderii Mile\u0219tii Mici \u0219i industria vinului din Moldova. De asemenea, oaspe\u021bii vor vizita colec\u021bia de vinuri cu specimene rare \u0219i vor \u00eenv\u0103\u021ba cum se p\u0103streaz\u0103 \u00een mod corect vinul \u00een sticle. Turul se va \u00eencheia \u00eentr-una din s\u0103lile de degustare, unde v\u0103 ve\u021bi bucura de muzic\u0103 live \u0219i m\u00e2nc\u0103ruri tradi\u021bionale. Ap\u0103, piatr\u0103, lemn \u2013 sunt cele trei elemente naturale, care dicteaz\u0103 originalul stil al ansamblului arhitectural. Ele se completeaz\u0103 reciproc \u0219i armonizeaz\u0103 cu vinurile oferite pentru degustare.<\/p>\n\n\n\n<p>Nu rata\u021bi s\u0103 face\u021bi o fotografie la cascada subteran\u0103 s\u0103pat\u0103 \u00een piatr\u0103, la giganta u\u0219\u0103-butoi sau la havuzurile cu vin din curtea cramei. Numai la Mile\u0219tii Mici vizitatorii au ocazia s\u0103 vad\u0103 unica sta\u021bie seismic\u0103 situat\u0103 \u00een beciurile unei vin\u0103rii.<br><br><strong>Pre\u021burile afi\u0219ate nu includ\u00a0transportul c\u0103tre vin\u0103rie, care poate fi organizat la solicitare contra cost.<\/strong><br><br><\/p>\n\n\n\n<table class=\"wp-block-table\"><thead><tr><th>Ofert\u0103<\/th><th>Durat\u0103<\/th><th>Min pers \u00een grup<\/th><th>Pre\u021b<\/th><th><\/th><\/tr><\/thead><tbody><tr><td><strong>Excursie<\/strong><br>include doar excursia ghidat\u0103, f\u0103r\u0103 degustare de vin ***Pre\u021bul indicat este pentru o persoan\u0103.<\/td><td>1 ore<\/td><td>1<\/td><td>11\u20ac pre\u021b standard 16\u20ac pre\u021b \u00een weekend \u0219i seara<\/td><td><a href=\"https:\/\/laspalmas.md\/contact-us-1\/\">REZERVEAZ\u0102 ACUM<\/a><\/td><\/tr><tr><td><strong>Excursie pe biciclete<\/strong><br>include doar excursia ghidat\u0103, f\u0103r\u0103 degustare de vin ***Pre\u021bul indicat este pentru o persoan\u0103. Grup 1-10 pax.<\/td><td>1 ore<\/td><td>1<\/td><td>11\u20ac pre\u021b standard 16\u20ac pre\u021b \u00een weekend \u0219i seara<\/td><td><a href=\"https:\/\/laspalmas.md\/contact-us-1\/\">REZERVEAZ\u0102 ACUM<\/a><\/td><\/tr><tr><td><strong>Hai Noroc<\/strong><br>include excursia ghidat\u0103 \u0219i degustare a 3 tipuri de vinuri. La degustare sunt oferite: platou moldovenesc (bruschette \u00een asortiment), pl\u0103cinte,prune cu nuci. <br>***Pre\u021bul indicat este pentru o persoan\u0103. <br>****Vin\u0103ria \u00ee\u0219i rezerv\u0103 dreptul s\u0103 ajusteze cantitatea de vin oferit\u0103 la degustare, \u00een dependen\u021b\u0103 de num\u0103rul de persoane \u00een grup<\/td><td>1 ore<\/td><td>1<\/td><td>24\u20ac pre\u021b standard 29\u20ac pre\u021b \u00een weekend \u0219i seara<\/td><td><a href=\"https:\/\/laspalmas.md\/contact-us-1\/\">REZERVEAZ\u0102 ACUM<\/a><\/td><\/tr><tr><td><strong>Bachus<\/strong><br>include excursia ghidat\u0103 \u0219i degustare a 7 tipuri de vinuri. La degustare sunt oferite: platou de ca\u0219cavaluri, prune cu nuci. Fiecare oaspete prime\u0219te \u00een dar 1 sticl\u0103 de vin. ***Pre\u021bul indicat este pentru o persoan\u0103. ****Vin\u0103ria \u00ee\u0219i rezerv\u0103 dreptul s\u0103 ajusteze cantitatea de vin oferit\u0103 la degustare, \u00een dependen\u021b\u0103 de num\u0103rul de persoane \u00een grup<\/td><td>1 ore<\/td><td>1<\/td><td>31\u20ac pre\u021b standard 37\u20ac pre\u021b \u00een weekend \u0219i seara<\/td><td><a href=\"https:\/\/laspalmas.md\/contact-us-1\/\">REZERVEAZ\u0102 ACUM<\/a><\/td><\/tr><tr><td><strong>Moldova<\/strong><br>include excursia ghidat\u0103 \u0219i degustare a 5 tipuri de vinuri. Pr\u00eenzul include 3 feluri de bucate tradi\u021bionale. <br>***Pre\u021bul indicat este pentru o persoan\u0103. <br>****Vin\u0103ria \u00ee\u0219i rezerv\u0103 dreptul s\u0103 ajusteze cantitatea de vin oferit\u0103 la degustare, \u00een dependen\u021b\u0103 de num\u0103rul de persoane \u00een grup<\/td><td>2 ore<\/td><td>2<\/td><td>34\u20ac pre\u021b standard 39\u20ac pre\u021b \u00een weekend \u0219i seara<\/td><td><a href=\"https:\/\/laspalmas.md\/contact-us-1\/\">REZERVEAZ\u0102 ACUM<\/a><\/td><\/tr><tr><td><strong>Codru<\/strong><br>include excursia ghidat\u0103 \u0219i degustare a 7 tipuri de vinuri. Pr\u00eenzul include 5 feluri de bucate tradi\u021bionale. Fiecare oaspete prime\u0219te \u00een dar 1 sticl\u0103 de vin.<br> ***Pre\u021bul indicat este pentru o persoan\u0103. <br>****Vin\u0103ria \u00ee\u0219i rezerv\u0103 dreptul s\u0103 ajusteze cantitatea de vin oferit\u0103 la degustare, \u00een dependen\u021b\u0103 de num\u0103rul de persoane \u00een grup<\/td><td>2 ore<\/td><td>2<\/td><td>44\u20ac pre\u021b standard 49\u20ac pre\u021b \u00een weekend \u0219i seara<\/td><td><a href=\"https:\/\/laspalmas.md\/contact-us-1\/\">REZERVEAZ\u0102 ACUM<\/a><\/td><\/tr><tr><td><strong>Haiducesc<\/strong><br>include excursia ghidat\u0103 \u0219i degustare a 7 tipuri de vinuri, inclusiv spumant. Pr\u00eenzul include 5-6 feluri de bucate tradi\u021bionale. Fiecare oaspete prime\u0219te \u00een dar 1 sticl\u0103 de vin. <br>***Pre\u021bul indicat este pentru o persoan\u0103. <br>****Vin\u0103ria \u00ee\u0219i rezerv\u0103 dreptul s\u0103 ajusteze cantitatea de vin propus\u0103 la degustare, \u00een dependen\u021b\u0103 de num\u0103rul de persoane \u00een grup<\/td><td>2.5 ore<\/td><td>2<\/td><td>52\u20ac pre\u021b standard 57\u20ac pre\u021b \u00een weekend \u0219i seara<\/td><td><a href=\"https:\/\/laspalmas.md\/contact-us-1\/\">REZERVEAZ\u0102 ACUM<\/a><\/td><\/tr><tr><td><strong>Boieresc<\/strong><br>include excursia ghidat\u0103 \u0219i degustare a 7 tipuri de vinuri. Pr\u00eenzul include 7 feluri de bucate tradi\u021bionale. Fiecare oaspete prime\u0219te \u00een dar 1 sticl\u0103 de vin. <br>***Pre\u021bul indicat este pentru o persoan\u0103. <br>****Vin\u0103ria \u00ee\u0219i rezerv\u0103 dreptul s\u0103 ajusteze cantitatea de vin oferit\u0103 la degustare, \u00een dependen\u021b\u0103 de num\u0103rul de persoane \u00een grup<\/td><td>2.5 ore<\/td><td>2<\/td><td>73\u20ac pre\u021b standard 78\u20ac pre\u021b \u00een weekend \u0219i seara<\/td><td><a href=\"https:\/\/laspalmas.md\/contact-us-1\/\">REZERVEAZ\u0102 ACUM<\/a><\/td><\/tr><tr><td><strong>Tezaur<\/strong><br>include excursia ghidat\u0103 \u0219i degustare a 7 tipuri de vinuri. Pr\u00eenzul include 8 feluri de bucate tradi\u021bionale. Fiecare oaspete prime\u0219te \u00een dar 2 sticle de vin. <br>***Pre\u021bul indicat este pentru o persoan\u0103. <br>****Vin\u0103ria \u00ee\u0219i rezerv\u0103 dreptul s\u0103 ajusteze cantitatea de vin oferit\u0103 la degustare, \u00een dependen\u021b\u0103 de num\u0103rul de persoane \u00een grup<\/td><td>2.5 ore<\/td><td>2<\/td><td>78\u20ac pre\u021b standard 83\u20ac pre\u021b \u00een weekend \u0219i seara<\/td><td><a href=\"https:\/\/laspalmas.md\/contact-us-1\/\">REZERVEAZ\u0102 ACUM<\/a><\/td><\/tr><tr><td><strong>Mile\u0219tii Mici pe roate (Tur cu ATV)<\/strong><br>include excursia ghidat\u0103 prin planta\u021biile vinicole, galeriile subterane. Pr\u00eenzul include 3 feluri de bucate tradi\u021bionale. Fiecare oaspete prime\u0219te \u00een dar 1 sticl\u0103 de vin. <br>***Pre\u021bul indicat este pentru o persoan\u0103. 2100 MDL\/pers sau 2500 MDL\/2 pers. Grup minim 6 pers.<\/td><td>3 ore<\/td><td>6<\/td><td>109\u20ac pre\u021b standard 129\u20ac pre\u021b \u00een weekend \u0219i seara<\/td><\/tr><\/tbody><\/table>\n","protected":false},"excerpt":{"rendered":"<p>Galeriile\u00a0subterane Mile\u0219tii Mici sunt sunt situate la o ad\u00eencime de p\u00e2n\u0103 la 85m \u0219i reprezint\u0103 cea mai mare re\u021bea de galerii\u00a0cu cea mai\u00a0numeroas\u0103\u00a0colec\u021bie de vinuri din lume. Acest lucru a &#8230;<\/p>\n","protected":false},"author":1,"featured_media":4259,"parent":0,"menu_order":0,"comment_status":"closed","ping_status":"closed","template":"","meta":[],"_links":{"self":[{"href":"https:\/\/laspalmas.md\/ru\/wp-json\/wp\/v2\/pages\/4257"}],"collection":[{"href":"https:\/\/laspalmas.md\/ru\/wp-json\/wp\/v2\/pages"}],"about":[{"href":"https:\/\/laspalmas.md\/ru\/wp-json\/wp\/v2\/types\/page"}],"author":[{"embeddable":true,"href":"https:\/\/laspalmas.md\/ru\/wp-json\/wp\/v2\/users\/1"}],"replies":[{"embeddable":true,"href":"https:\/\/laspalmas.md\/ru\/wp-json\/wp\/v2\/comments?post=4257"}],"version-history":[{"count":17,"href":"https:\/\/laspalmas.md\/ru\/wp-json\/wp\/v2\/pages\/4257\/revisions"}],"predecessor-version":[{"id":4276,"href":"https:\/\/laspalmas.md\/ru\/wp-json\/wp\/v2\/pages\/4257\/revisions\/4276"}],"wp:featuredmedia":[{"embeddable":true,"href":"https:\/\/laspalmas.md\/ru\/wp-json\/wp\/v2\/media\/4259"}],"wp:attachment":[{"href":"https:\/\/laspalmas.md\/ru\/wp-json\/wp\/v2\/media?parent=4257"}],"curies":[{"name":"wp","href":"https:\/\/api.w.org\/{rel}","templated":true}]}}