{"id":4244,"date":"2021-03-14T13:38:12","date_gmt":"2021-03-14T10:38:12","guid":{"rendered":"https:\/\/laspalmas.md\/?page_id=4244"},"modified":"2021-03-14T13:44:24","modified_gmt":"2021-03-14T10:44:24","slug":"vinaria-poiana","status":"publish","type":"page","link":"https:\/\/laspalmas.md\/ru\/vinaria-poiana\/","title":{"rendered":"VIN\u0102RIA POIANA"},"content":{"rendered":"\n<p>Vinul Vin\u0103riei Poiana este gust \u0219i pasiune! Vin\u0103ria Poiana \u00ee\u0219i propune s\u0103 valorifice resursele naturale unice din zona codrilor. Astfel, pe podgorie, \u00eempreun\u0103 cu prim\u0103riile satelor Ulmu \u0219i Horodca, a fost creat\u0103 o zon\u0103 delimitat\u0103 de eco areal, unde vi\u021ba-de-vie se cultiv\u0103 ca pe timpurile vechi, renun\u021b\u00eend la pesticide si \u00eengr\u0103s\u0103minte chimice. \u00cen localitatea Ulmu este amplasat\u0103 Vin\u0103ria Poiana, care se afl\u0103 \u00een mijlocul unei poiene minunate. Vin\u0103ria Poiana este \u00eengrijit\u0103 cu mult\u0103 pasiune de c\u0103tre muncitori, iar secretul vinului e \u00een struguri. Vinul se produce din strugurii colecta\u021bi manual de pe podgoriile roditoare \u00een miez de toamn\u0103, cop\u021bi sub razele soarelui, astfel acesta ob\u021bin\u00eend un gust nobil \u0219i unic.\u00a0<br><br><strong>Pre\u021burile afi\u0219ate nu includ\u00a0transportul c\u0103tre vin\u0103rie, care poate fi organizat la solicitare contra cost.<\/strong><br><br><\/p>\n\n\n\n<table class=\"wp-block-table\"><thead><tr><th>Ofert\u0103<\/th><th>Durat\u0103<\/th><th>Min pers \u00een grup<\/th><th>Pre\u021b<\/th><th><\/th><\/tr><\/thead><tbody><tr><td><strong>Pack #1 &#8211; Excursie + 3 vinuri<\/strong><br>include excursia ghidat\u0103 \u0219i degustare a 3 tipuri de vin. La degustare sunt oferite: ca\u0219caval, ap\u0103 mineral\u0103. <br>***Pre\u021bul indicat este pentru o persoan\u0103. Grup minim 2 persoane<\/td><td>1.5 ore<\/td><td>2<\/td><td>21\u20ac  pre\u021b standard<\/td><td><a href=\"https:\/\/laspalmas.md\/contact-us-1\/\">REZERVEAZ\u0102 ACUM<\/a><\/td><\/tr><tr><td><strong>Pack #2 &#8211; Excursie + 5 vinuri<\/strong><br>include excursia ghidat\u0103 \u0219i o degustare a 5 tipuri de vinuri asociate cu platou de gust\u0103ri mix &#8211; Tapas Menu. <br>***Pre\u021bul indicat este pentru o persoan\u0103. Grup minim 2 persoane<\/td><td>2 ore<\/td><td>2<\/td><td>31\u20ac pre\u021b standard<\/td><td><a href=\"https:\/\/laspalmas.md\/contact-us-1\/\">REZERVEAZ\u0102 ACUM<\/a><\/td><\/tr><tr><td><strong>Pack #3 &#8211; Wine &#038; Food at Poiana Winery<\/strong><br>include excursia ghidat\u0103 \u0219i o degustare a 7 tipuri de vinuri, platou de gust\u0103ri mix &#8211; Tapas Menu, la alegere un fel de baz\u0103, \u0219i un desert. <br>***Pre\u021bul indicat este pentru o persoan\u0103. Grup minim 2 persoane<\/td><td>2 ore<\/td><td>2<\/td><td>52\u20ac pre\u021b standard<\/td><td><a href=\"https:\/\/winetours.md\/rom\/excursii-la-vinarii\/vinaria-poiana#\">REZERVEAZ\u0102 ACUM<\/a><\/td><\/tr><tr><td><strong>Cazare camer\u0103 DBL<\/strong><br>Camer\u0103 standard, pat matrimonial, inclusiv mic dejun pentru 1-2 persoane. Num\u0103r total camere: 2<\/td><td>24 ore<\/td><td>2<\/td><td>90\u20ac pre\u021b standard<\/td><td><a href=\"https:\/\/winetours.md\/rom\/excursii-la-vinarii\/vinaria-poiana#\">REZERVEAZ\u0102 ACUM<\/a><\/td><\/tr><tr><td><strong>Cazare camer\u0103 SUITE<\/strong><br>Camer\u0103 Suite, 2 paturi matrimoniale, inclusiv mic dejun pentru 4 persoane. Num\u0103r total camere: 1<\/td><td>24 ore<\/td><td>4<\/td><td>150 \u20ac pre\u021b standard<\/td><\/tr><\/tbody><\/table>\n","protected":false},"excerpt":{"rendered":"<p>Vinul Vin\u0103riei Poiana este gust \u0219i pasiune! Vin\u0103ria Poiana \u00ee\u0219i propune s\u0103 valorifice resursele naturale unice din zona codrilor. Astfel, pe podgorie, \u00eempreun\u0103 cu prim\u0103riile satelor Ulmu \u0219i Horodca, a &#8230;<\/p>\n","protected":false},"author":1,"featured_media":4246,"parent":0,"menu_order":0,"comment_status":"closed","ping_status":"closed","template":"","meta":[],"_links":{"self":[{"href":"https:\/\/laspalmas.md\/ru\/wp-json\/wp\/v2\/pages\/4244"}],"collection":[{"href":"https:\/\/laspalmas.md\/ru\/wp-json\/wp\/v2\/pages"}],"about":[{"href":"https:\/\/laspalmas.md\/ru\/wp-json\/wp\/v2\/types\/page"}],"author":[{"embeddable":true,"href":"https:\/\/laspalmas.md\/ru\/wp-json\/wp\/v2\/users\/1"}],"replies":[{"embeddable":true,"href":"https:\/\/laspalmas.md\/ru\/wp-json\/wp\/v2\/comments?post=4244"}],"version-history":[{"count":10,"href":"https:\/\/laspalmas.md\/ru\/wp-json\/wp\/v2\/pages\/4244\/revisions"}],"predecessor-version":[{"id":4256,"href":"https:\/\/laspalmas.md\/ru\/wp-json\/wp\/v2\/pages\/4244\/revisions\/4256"}],"wp:featuredmedia":[{"embeddable":true,"href":"https:\/\/laspalmas.md\/ru\/wp-json\/wp\/v2\/media\/4246"}],"wp:attachment":[{"href":"https:\/\/laspalmas.md\/ru\/wp-json\/wp\/v2\/media?parent=4244"}],"curies":[{"name":"wp","href":"https:\/\/api.w.org\/{rel}","templated":true}]}}