{"id":4211,"date":"2021-03-13T13:49:37","date_gmt":"2021-03-13T10:49:37","guid":{"rendered":"https:\/\/laspalmas.md\/?page_id=4211"},"modified":"2021-03-14T13:38:01","modified_gmt":"2021-03-14T10:38:01","slug":"chateau-vartely-2","status":"publish","type":"page","link":"https:\/\/laspalmas.md\/ru\/chateau-vartely-2\/","title":{"rendered":"CH\u00c2TEAU VARTELY"},"content":{"rendered":"\n<p>Dup\u0103 standardele vinificatorilor din \u201elumea veche\u201d \u0219i \u201elumea nou\u0103\u201d, \u201eCh\u00e2teau Vartely\u201d este o companie modern\u0103, care \u00eembin\u0103 tehnologiile de ultim\u0103 genera\u021bie \u00een cre\u0219terea vi\u021bei-de-vie \u0219i prelucrarea strugurilor cu pasiunea pentru producerea vinului de calitate. Planta\u021biile proprii de vi\u021b\u0103-de-vie din regiunile Codru \u0219i Stepa Bugeacului ale Moldovei asigur\u0103 calitatea \u00eenalt\u0103 a vinurilor create. Microclima din aceste zone permite producerea unor vinuri unice. &nbsp;Vinurile selecte din soiuri europene \u0219i autohtone, \u00eempreun\u0103 cu cultura autentic\u0103 de consum a vinului, au plasat compania \u201eCh\u00e2teau Vartely\u201d \u00een topul vinificatorilor moldoveni \u0219i \u00een topul preferin\u021belor consumatorului, at\u00e2t din Moldova, c\u00e2t \u0219i peste hotarele ei.&nbsp;Din acela\u0219i respect pentru tradi\u021bii \u0219i autenticitate, \u201eCh\u00e2teau Vartely\u201d deschide \u00een 2008 un complex turistic. Situat la doar 45 de kilometri de Chi\u015fin\u0103u, complexul \u201eCh\u00e2teau Vartely\u201d are o arhitectur\u0103 deosebit\u0103 \u0219i prezint\u0103 un adev\u0103rat deliciu peisajistic.<\/p>\n\n\n\n<p>Standarde occidentale, deservire profesional\u0103, programe&nbsp;speciale \u2013 toate acestea sunt propuse de Complexul&nbsp;Turistic \u201cChateau Vartely\u201d, ce reprezint\u0103 4 case de tip hotelier,&nbsp;2 s\u0103li de restaurant, 3 s\u0103li pentru degustare, o curte interioar\u0103&nbsp;imens\u0103 special amenajat\u0103 pentru a V\u0103 sim\u0163i liber&nbsp;\u015fi relaxat \u00een s\u00e2nul naturii.<\/p>\n\n\n\n<p>Compania \u201cChateau Vartely\u201d va primi ospitalier fiecare&nbsp;vizitator \u00een gospod\u0103ria sa vinicol\u0103, transform\u00e2nd degustarea \u00eentr-o s\u0103rb\u0103toare adev\u0103rat\u0103 pentru cei care au \u00eencercat&nbsp;cel pu\u0163in pentru un moment s\u0103 p\u0103trund\u0103 \u00een tainele acestor&nbsp;b\u0103uturi divine.&nbsp;\u00cen sala principal\u0103 de degustare pute\u0163i alege unul din multiplele&nbsp;pachete de degustare,&nbsp;pentru a cunoa\u015fte vinurile produse de Chateau Vartely.&nbsp;Cea de-a doua sal\u0103 de degustare \u201dWorld Collection\u201d,&nbsp;prezint\u0103 una din cele&nbsp;mai vaste colec\u0163ii de vinuri din Republica&nbsp;Moldova de pe cele 5 continente. Oaspe\u021bii pot participa&nbsp;la un tur virtual&nbsp;prin renumitele zone vinicole ale lumii, descoperind&nbsp;calit\u0103\u0163ile \u015fi particularit\u0103\u0163ile fiec\u0103rui soi de vin de pe fiecare continent.<\/p>\n\n\n\n<p>Restaurantul complexului specializat \u00een buc\u0103t\u0103rie european\u0103,&nbsp;combinat\u0103 reu\u015fit cu cea na\u0163ional\u0103, va surprinde oaspe\u021bii s\u0103i&nbsp;prin ambian\u0163a pl\u0103cut\u0103 \u015fi atmosfera cald\u0103 ce domne\u015fte \u00een&nbsp;s\u0103lile acestuia. Buc\u0103tarul-\u015fef propune cele mai alese re\u0163ete&nbsp;culinare, care vor reu\u015fi s\u0103 satisfac\u0103 cele mai rafinate&nbsp;gusturi. Capacitatea restaurantului este de peste 200 locuri.&nbsp;<\/p>\n\n\n\n<p>Vin\u0103ria ofer\u0103 dispune de spa\u021bii de cazare&nbsp;\u00een una din cele&nbsp;8 camere luxoase sau 4 apartamente&nbsp;VIP, din ferestrele acestora se deschide&nbsp;o panoram\u0103 magnific\u0103 asupra&nbsp;ora\u015fului Orhei \u015fi asupra v\u0103ilor sc\u0103ldate&nbsp;frumos de soarele de diminea\u0163\u0103.&nbsp;Camerele sunt decorate \u00een tonuri&nbsp;elegante, pastelate, cre\u00e2nd o atmosfer\u0103&nbsp;armonioas\u0103 \u015fi romantic\u0103, oferind&nbsp;confort maxim chiar \u015fi celor mai&nbsp;preten\u0163io\u015fi vizitatori.&nbsp;<br><br><\/p>\n\n\n\n<table class=\"wp-block-table\"><thead><tr><th>Ofert\u0103<\/th><th>Durat\u0103<\/th><th>Min pers \u00een grup<\/th><th>Pre\u021b<\/th><th><\/th><\/tr><\/thead><tbody><tr><td><strong>Aristocrat (7 wines&#038;food)<\/strong><br>include excursia ghidat\u0103 \u0219i degustare a celor mai populare 7 tipuri de vinuri ale vin\u0103riei. La degustare sunt oferite mini-gust\u0103ri gourmet asociate cu fiecare vin \u0219i ap\u0103 mineral\u0103. <br>***Pre\u021bul indicat este pentru o persoan\u0103, \u00een grup mai mare de 5 persoane. <br>*Pentru grupuri formate din 2-4 pers &#8211; ~44\u20ac \/ pers<\/td><td>2 ore<\/td><td>2<\/td><td>42\u20ac pre\u021b standard<\/td><td><a href=\"https:\/\/laspalmas.md\/contact-us-1\/\">REZERVEAZ\u0102 ACUM<\/a><\/td><\/tr><tr><td><strong>Aristocrat (7 wines)<\/strong><br>include excursia ghidat\u0103 \u0219i degustare a celor mai populare 7 tipuri de vinuri ale vin\u0103riei. La degustare sunt oferite grissini \u0219i ap\u0103 mineral\u0103.<br> ***Pre\u021bul indicat este pentru o persoan\u0103, \u00een grup mai mare de 5 persoane. <br>*Pentru grupuri formate din 2-4 pers &#8211; ~33\u20ac \/ pers<\/td><td>1.5 ore<\/td><td>2<\/td><td>31\u20ac pre\u021b standard<\/td><td><a href=\"https:\/\/laspalmas.md\/contact-us-1\/\">REZERVEAZ\u0102 ACUM<\/a><\/td><\/tr><tr><td><strong>Premium (5 wines&#038;food)<\/strong><br>include excursia ghidat\u0103 \u0219i degustare a 5 vinuri de top ale vin\u0103riei. La degustare sunt oferite mini-gust\u0103ri gourmet asociate cu fiecare vin \u0219i ap\u0103 mineral\u0103.<br> ***Pre\u021bul indicat este pentru o persoan\u0103, \u00een grup mai mare de 5 persoane. <br>*Pentru grupuri formate din 2-4 pers &#8211; ~32\u20ac \/ pers<\/td><td>2 ore<\/td><td>2<\/td><td>26\u20ac pre\u021b standard<\/td><td><a href=\"https:\/\/laspalmas.md\/contact-us-1\/\">REZERVEAZ\u0102 ACUM<\/a><\/td><\/tr><tr><td><strong>Premium (5 wines)<\/strong><br>include excursia ghidat\u0103 \u0219i degustare a 5 vinuri de top ale vin\u0103riei. La degustare sunt oferite grissini \u0219i ap\u0103 mineral\u0103.<br> ***Pre\u021bul indicat este pentru o persoan\u0103, \u00een grup mai mare de 5 persoane. <br>*Pentru grupuri formate din 2-4 pers &#8211; ~22\u20ac \/ pers<\/td><td>1.5 ore<\/td><td>2<\/td><td>18\u20ac pre\u021b standard<\/td><td><a href=\"https:\/\/laspalmas.md\/contact-us-1\/\">REZERVEAZ\u0102 ACUM<\/a><\/td><\/tr><tr><td><strong>Voyage (5 wines&#038;snacks)<\/strong><br>include excursia ghidat\u0103 \u0219i degustare a 5 vinuri ale vin\u0103riei. La degustare sunt oferite gust\u0103ri tradi\u021bionale moldovene\u0219ti \u0219i ap\u0103 mineral\u0103. <br>***Pre\u021bul indicat este pentru o persoan\u0103, \u00een grup mai mare de 5 persoane. <br>*Pentru grupuri formate din 2-4 pers &#8211; ~22\u20ac \/ pers<\/td><td>2 ore<\/td><td>2<\/td><td>18\u20ac pre\u021b standard<\/td><td><a href=\"https:\/\/laspalmas.md\/contact-us-1\/\">REZERVEAZ\u0102 ACUM<\/a><\/td><\/tr><tr><td><strong>Voyage (5 wines)<\/strong><br>include excursia ghidat\u0103 \u0219i degustare a 5 tipuri de vinuri ale vin\u0103riei. La degustare sunt oferite grissini \u0219i ap\u0103 mineral\u0103. <br>***Pre\u021bul indicat este pentru o persoan\u0103, \u00een grup mai mare de 5 persoane. <br>*Pentru grupuri formate din 2-4 pers &#8211; ~16\u20ac \/ pers<\/td><td>1.5 ore<\/td><td>2<\/td><td>12\u20ac pre\u021b standard<\/td><td><a href=\"https:\/\/laspalmas.md\/contact-us-1\/\">REZERVEAZ\u0102 ACUM<\/a><\/td><\/tr><tr><td><strong>Divin<\/strong><br>include excursia ghidat\u0103 \u0219i degustare a 4 tipuri de b\u0103uturi tari produse din struguri (rachiu, grappa, cognac\/divin). La degustare sunt oferite br\u00eenzeturi, nuci, fructe uscate \u0219i ap\u0103 mineral\u0103.<br> ***Pre\u021bul indicat este pentru o persoan\u0103, \u00een grup mai mare de 2 persoane.<\/td><td>1.5 ore<\/td><td>2<\/td><td>16\u20ac pre\u021b standard<\/td><td><a href=\"https:\/\/laspalmas.md\/contact-us-1\/\">REZERVEAZ\u0102 ACUM<\/a><\/td><\/tr><tr><td><strong>Express (3 wines)<\/strong><br>include excursia ghidat\u0103 \u0219i degustare a 3 tipuri de vinuri ale vin\u0103riei. La degustare sunt oferite grissini \u0219i ap\u0103 mineral\u0103. <br>***Pre\u021bul indicat este pentru o persoan\u0103, \u00een grup mai mare de 5 persoane. <br>*Pentru grupuri formate din 2-4 pers &#8211; ~11\u20ac \/ pers<\/td><td>1.5 ore<\/td><td>2<\/td><td>10\u20ac pre\u021b standard<\/td><td><a href=\"https:\/\/laspalmas.md\/contact-us-1\/\">REZERVEAZ\u0102 ACUM<\/a><\/td><\/tr><tr><td><strong>Standard room<\/strong>, <br>SGL\/DBLCamer\u0103 de tip standard, inclusiv mic dejun, pat matrimonial\/2 paturi. Num\u0103r total camere: 8. SGL (BB) &#8211; \u20ac60\/night, DBL (BB) &#8211; \u20ac80\/night<\/td><td>24 ore<\/td><td>1<\/td><td>60\u20ac pre\u021b standard60\u20acpre\u021b \u00een weekend \u0219i seara<\/td><td><a href=\"https:\/\/laspalmas.md\/contact-us-1\/\">REZERVEAZ\u0102 ACUM<\/a><\/td><\/tr><tr><td><strong>Mansard room, <\/strong><br>SGL\/DBLCamer\u0103 de tip mansard\u0103, inclusiv mic dejun, pat matrimonial. Num\u0103r total camere: 2. SGL (BB) &#8211; \u20ac50\/night, DBL (BB) &#8211; \u20ac70\/night<\/td><td>24 ore<\/td><td>1<\/td><td>50\u20ac pre\u021b standard50\u20acpre\u021b \u00een weekend \u0219i seara<\/td><td><a href=\"https:\/\/laspalmas.md\/contact-us-1\/\">REZERVEAZ\u0102 ACUM<\/a><\/td><\/tr><tr><td><strong>VIP apartment, <\/strong><br>SGL\/DBLCamer\u0103 de tip apartament, inclusiv mic dejun, pat matrimonial. Num\u0103r total camere: 4. APT (BB) &#8211; \u20ac110\/night<\/td><td>24 ore<\/td><td>1<\/td><td>110\u20ac pre\u021b standard110\u20acpre\u021b \u00een weekend \u0219i seara<\/td><\/tr><\/tbody><\/table>\n","protected":false},"excerpt":{"rendered":"<p>Dup\u0103 standardele vinificatorilor din \u201elumea veche\u201d \u0219i \u201elumea nou\u0103\u201d, \u201eCh\u00e2teau Vartely\u201d este o companie modern\u0103, care \u00eembin\u0103 tehnologiile de ultim\u0103 genera\u021bie \u00een cre\u0219terea vi\u021bei-de-vie \u0219i prelucrarea strugurilor cu pasiunea pentru &#8230;<\/p>\n","protected":false},"author":1,"featured_media":4213,"parent":0,"menu_order":0,"comment_status":"closed","ping_status":"closed","template":"","meta":[],"_links":{"self":[{"href":"https:\/\/laspalmas.md\/ru\/wp-json\/wp\/v2\/pages\/4211"}],"collection":[{"href":"https:\/\/laspalmas.md\/ru\/wp-json\/wp\/v2\/pages"}],"about":[{"href":"https:\/\/laspalmas.md\/ru\/wp-json\/wp\/v2\/types\/page"}],"author":[{"embeddable":true,"href":"https:\/\/laspalmas.md\/ru\/wp-json\/wp\/v2\/users\/1"}],"replies":[{"embeddable":true,"href":"https:\/\/laspalmas.md\/ru\/wp-json\/wp\/v2\/comments?post=4211"}],"version-history":[{"count":28,"href":"https:\/\/laspalmas.md\/ru\/wp-json\/wp\/v2\/pages\/4211\/revisions"}],"predecessor-version":[{"id":4243,"href":"https:\/\/laspalmas.md\/ru\/wp-json\/wp\/v2\/pages\/4211\/revisions\/4243"}],"wp:featuredmedia":[{"embeddable":true,"href":"https:\/\/laspalmas.md\/ru\/wp-json\/wp\/v2\/media\/4213"}],"wp:attachment":[{"href":"https:\/\/laspalmas.md\/ru\/wp-json\/wp\/v2\/media?parent=4211"}],"curies":[{"name":"wp","href":"https:\/\/api.w.org\/{rel}","templated":true}]}}