{"id":4197,"date":"2021-03-13T13:01:19","date_gmt":"2021-03-13T10:01:19","guid":{"rendered":"https:\/\/laspalmas.md\/?page_id=4197"},"modified":"2021-03-17T12:15:25","modified_gmt":"2021-03-17T09:15:25","slug":"cricova-2","status":"publish","type":"page","link":"https:\/\/laspalmas.md\/ru\/cricova-2\/","title":{"rendered":"CRICOVA"},"content":{"rendered":"\n<p><br>Perla vinifica\u021biei moldave &#8220;Cricova&#8221; SA, reprezint\u0103 un complex subteran unic, bine-cunoscut \u00een \u00eentreaga lume prentru labirinturile sale uria\u0219e, \u0219i mai ales prin vinurile sale excelente. &#8220;Cricova&#8221; este prima \u00eentreprindere&nbsp;din Republica Moldova, care produce&nbsp;vin spumant dup\u0103 metoda celebrului&nbsp;c\u0103lug\u0103r Pierre Perignon. Tehnologia &#8220;Methode traditionnelle&#8221; este un proces complex \u0219i delicat, care const\u0103 \u00een, fermentarea secundar\u0103 \u00een sticl\u0103&nbsp;\u0219i cu&nbsp;o&nbsp;maturare ulterioar\u0103 cuv\u00e9e.<br><\/p>\n\n\n\n<p>Beciurile de la Cricova ad\u0103postesc&nbsp;o colec\u021bie remarcabil\u0103 de vinuri &#8211; Oenoteca&nbsp;Na\u021bional\u0103. Aceasta cuprinde o serie de exponate istorice unice. Cel maivechi vin este&nbsp;vinul ro\u0219u&nbsp;&#8220;Ierusalim de Pa\u0219ti&#8221;, produs \u00eentr-un singur lot \u00een anul 1902. \u0421olec\u021bia particular\u0103&nbsp;a&nbsp;feldmare\u0219alului german Hermann G\u00f6ring se g\u0103se\u0219te de asemenea, acolo. A fost adus\u0103 \u00een Moldova de c\u0103tre general \u00een timpul celui de-al II-lea r\u0103zboi mondial ca s\u0103 fie aproape de el la frontul de est. Politicieni, celebrit\u0103\u021bi, \u0219i colec\u021bionari din \u00eentreaga lume au colec\u021bii speciale aici,&nbsp;inclusiv, John Kerry, Vladimir Putin, \u0219i Angela Merkel. Ast\u0103zi,&nbsp;Colec\u021bia num\u0103r\u0103&nbsp;circa 1,3 mln. de sticle&nbsp;\u0219i este dificil&nbsp;de a aprecia&nbsp;pre\u021bul real al acesteia.<\/p>\n\n\n\n<p>Beciurile de la Cricova sunt un loc cu adev\u0103rat remarcabil \u00een lume, unde istoria, arheologia&nbsp;\u0219i arta vinifica\u021biei sunt unite \u00eentr-un&nbsp;\u00eentreg, astfel, au dat na\u0219tere unui&nbsp;miracol &#8211; galeriile subterane, care reprezint\u0103 un adev\u0103rat Ora\u0219 Subteran. Alei, str\u0103zi, culoare&nbsp;&#8230; ce&nbsp;poart\u0103 denumiri fascinante: Cabernet, Dionis, Feteasca, Chardonnay, Sauvignon&#8230; Fiec\u0103rei str\u0103zi &nbsp;\u00eei corespunde astfel numele vinului p\u0103strat \u00een butoaie de stejar, \u00een ni\u0219ele adiacente. Beciurile&nbsp;sunt situate la o ad\u00e2ncime de aproximativ 80 m, cu galerii subterane care se \u00eentind pe o lungime mai mare de 70 km. Beciurile Cricova au fost declarate patrimoniu cultural na\u021bional prin lege. \u00centreprinderea &#8220;Cricova&#8221; este singura companie din Moldova care a primit cea mai \u00eenalt\u0103 recunoa\u0219tere &#8211; Ordinul Republicii.<\/p>\n\n\n\n<p>Degust\u0103rile au loc&nbsp;\u00een una&nbsp;dintre cele 5 s\u0103li de degustare subterane: &#8220;Sala european\u0103&#8221;, &#8220;Casa Mare&#8221;, &#8220;Fundul M\u0103rii&#8221;, &#8220;Sala preziden\u021bial\u0103&#8221;, &#8220;Sala cu \u0219emineu&#8221;. Aceste s\u0103li sunt spa\u021bioase \u0219i pl\u0103cute. Beciurile Cricova las\u0103&nbsp;o amprent\u0103&nbsp;puternic\u0103 \u0219i o amintire de&nbsp;neuitat \u00een memoria fiec\u0103rui vizitator.<br><br><\/p>\n\n\n\n<table class=\"wp-block-table is-style-regular\"><thead><tr><th>Ofert\u0103<\/th><th>Durat\u0103<\/th><th>Min pers \u00een grup<\/th><th>Pre\u021b<\/th><th><\/th><\/tr><\/thead><tbody><tr><td><strong>Ora\u0219ul Subteran<\/strong><br>include doar excursia ghidat\u0103, f\u0103r\u0103 degustare de vin ***Pre\u021bul indicat este pentru o persoan\u0103.<\/td><td>1 ore<\/td><td>1<\/td><td>18\u20ac pre\u021b standard<br>24\u20ac pre\u021b \u00een weekend \u0219i seara<\/td><td><a href=\"https:\/\/laspalmas.md\/contact-us-1\/\"><strong>REZERVEAZ\u0102 ACUM<\/strong><\/a><\/td><\/tr><tr><td><strong>Business<\/strong><br>include excursia ghidat\u0103 \u0219i degustare a 3 tipuri de vinuri. La degustare sunt oferite: nuci, biscui\u021bi, ap\u0103 mineral\u0103. ***Pre\u021bul indicat este pentru o persoan\u0103.<\/td><td>2 ore<\/td><td>2<\/td><td>24\u20ac pre\u021b standard<br>29\u20ac pre\u021b \u00een weekend \u0219i seara<\/td><td><a href=\"https:\/\/laspalmas.md\/contact-us-1\/\"><strong>REZERVEAZ\u0102 ACUM<\/strong><\/a><\/td><\/tr><tr><td><strong>Sparkling<\/strong><br>include excursia ghidat\u0103 \u0219i degustare a celor mai populare 5 tipuri de vinuri spumante \u0219i brut. La degustare sunt oferite: ca\u0219cavaluri, be\u021bi\u0219oare cu ca\u0219caval, ap\u0103 mineral\u0103. ***Pre\u021bul indicat este pentru o persoan\u0103. Grup minim 3-4 persoane<\/td><td>2 ore<\/td><td>4<\/td><td>32\u20ac pre\u021b standard<br>37\u20ac pre\u021b \u00een weekend \u0219i seara<\/td><td><a href=\"https:\/\/laspalmas.md\/contact-us-1\/\"><strong>REZERVEAZ\u0102 ACUM<\/strong><\/a><\/td><\/tr><tr><td><strong>Profesional<\/strong><br>include excursia ghidat\u0103 \u0219i degustare a 7 tipuri de vinuri. La degustare sunt oferite: platou de ca\u0219cavaluri, ap\u0103 mineral\u0103. ***Pre\u021bul indicat este pentru o persoan\u0103. Grup minim 3-4 persoane<\/td><td>2 ore<\/td><td>4<\/td><td>34\u20ac pre\u021b standard<br>39\u20ac pre\u021b \u00een weekend \u0219i seara<\/td><td><a href=\"https:\/\/laspalmas.md\/contact-us-1\/\"><strong>REZERVEAZ\u0102 ACUM<\/strong><\/a><\/td><\/tr><tr><td><strong>National<\/strong><br>include excursia ghidat\u0103 \u0219i degustare a 4 tipuri de vinuri. Pr\u00eenzul include 3 feluri de bucate tradi\u021bionale. ***Pre\u021bul indicat este pentru o persoan\u0103. Grup minim 4 persoane<\/td><td>2 ore<\/td><td>4<\/td><td>36\u20ac pre\u021b standard<br>42\u20ac pre\u021b \u00een weekend \u0219i seara<\/td><td><a href=\"https:\/\/laspalmas.md\/contact-us-1\/\"><strong>REZERVEAZ\u0102 ACUM<\/strong><\/a><\/td><\/tr><tr><td><strong>Tradi\u021bional<\/strong><br>include excursia ghidat\u0103 \u0219i degustare a 8 tipuri de vinuri. Pr\u00eenzul include 4 feluri de bucate tradi\u021bionale. ***Pre\u021bul indicat este pentru o persoan\u0103. Grup minim 4 persoane<\/td><td>2.5 ore<\/td><td>4<\/td><td>62\u20ac pre\u021b standard<br>67\u20ac pre\u021b \u00een weekend \u0219i seara<\/td><td><a href=\"https:\/\/laspalmas.md\/contact-us-1\/\"><strong>REZERVEAZ\u0102 ACUM<\/strong><\/a><\/td><\/tr><tr><td><strong>V.I.P.<\/strong><br>include excursia ghidat\u0103 \u0219i degustare a 9 tipuri de vinuri. Pr\u00eenzul include 9 feluri de bucate tradi\u021bionale \u0219i europene. ***Pre\u021bul indicat este pentru o persoan\u0103. Grup minim 4 persoane<\/td><td>3.5 ore<\/td><td>4<\/td><td>98\u20ac pre\u021b standard<br>103\u20ac pre\u021b \u00een weekend \u0219i seara<\/td><td><a href=\"https:\/\/laspalmas.md\/contact-us-1\/\"><strong>REZERVEAZ\u0102 ACUM<\/strong><\/a><\/td><\/tr><tr><td><strong>Premium Gold<\/strong><br>include excursia ghidat\u0103 \u0219i degustare a 9 vinuri selecte. Pr\u00eenzul include 9 feluri de bucate din buc\u0103t\u0103ria european\u0103. ***Pre\u021bul indicat este pentru o persoan\u0103. Grup minim 4 persoane<\/td><td>3.5 ore<\/td><td>4<\/td><td>163\u20ac pre\u021b standard<br>163\u20ac pre\u021b \u00een weekend \u0219i seara<\/td><td><a href=\"https:\/\/laspalmas.md\/contact-us-1\/\"><strong>REZERVEAZ\u0102 ACUM<\/strong><\/a><\/td><\/tr><tr><td><strong>CAVIAR<\/strong><br>include excursia ghidat\u0103 \u0219i degustare a 2 tipuri de spumant, 1 divin. La degustare sunt oferite: 2 tipuri de caviar negru, 1 tip caviar ro\u0219u, p\u00e2ine, apa mineral\u0103. ***Pre\u021bul indicat este pentru o persoan\u0103. Grup minim 4 persoane<\/td><td>1.5 ore<\/td><td>4<\/td><td>73\u20ac pre\u021b standard<br>78\u20ac pre\u021b \u00een weekend \u0219i seara<\/td><\/tr><\/tbody><\/table>\n\n\n\n<p><strong>Pre\u021burile afi\u0219ate nu includ&nbsp;transportul c\u0103tre vin\u0103rie, care poate fi organizat la solicitare contra cost.<\/strong><br><br><strong>Suna\u021bi acum pentru o vacanta relaxanta: 060552999 \/ 023 58 40 04<\/strong><\/p>\n","protected":false},"excerpt":{"rendered":"<p>Perla vinifica\u021biei moldave &#8220;Cricova&#8221; SA, reprezint\u0103 un complex subteran unic, bine-cunoscut \u00een \u00eentreaga lume prentru labirinturile sale uria\u0219e, \u0219i mai ales prin vinurile sale excelente. &#8220;Cricova&#8221; este prima \u00eentreprindere&nbsp;din Republica &#8230;<\/p>\n","protected":false},"author":1,"featured_media":4201,"parent":0,"menu_order":0,"comment_status":"closed","ping_status":"closed","template":"","meta":[],"_links":{"self":[{"href":"https:\/\/laspalmas.md\/ru\/wp-json\/wp\/v2\/pages\/4197"}],"collection":[{"href":"https:\/\/laspalmas.md\/ru\/wp-json\/wp\/v2\/pages"}],"about":[{"href":"https:\/\/laspalmas.md\/ru\/wp-json\/wp\/v2\/types\/page"}],"author":[{"embeddable":true,"href":"https:\/\/laspalmas.md\/ru\/wp-json\/wp\/v2\/users\/1"}],"replies":[{"embeddable":true,"href":"https:\/\/laspalmas.md\/ru\/wp-json\/wp\/v2\/comments?post=4197"}],"version-history":[{"count":13,"href":"https:\/\/laspalmas.md\/ru\/wp-json\/wp\/v2\/pages\/4197\/revisions"}],"predecessor-version":[{"id":4771,"href":"https:\/\/laspalmas.md\/ru\/wp-json\/wp\/v2\/pages\/4197\/revisions\/4771"}],"wp:featuredmedia":[{"embeddable":true,"href":"https:\/\/laspalmas.md\/ru\/wp-json\/wp\/v2\/media\/4201"}],"wp:attachment":[{"href":"https:\/\/laspalmas.md\/ru\/wp-json\/wp\/v2\/media?parent=4197"}],"curies":[{"name":"wp","href":"https:\/\/api.w.org\/{rel}","templated":true}]}}