{"id":4084,"date":"2021-03-12T14:37:32","date_gmt":"2021-03-12T11:37:32","guid":{"rendered":"https:\/\/laspalmas.md\/?page_id=4084"},"modified":"2024-03-20T15:39:34","modified_gmt":"2024-03-20T12:39:34","slug":"croaziera-italia-croatia-muntenegru-si-grecia-459-e","status":"publish","type":"page","link":"https:\/\/laspalmas.md\/ru\/croaziera-italia-croatia-muntenegru-si-grecia-459-e\/","title":{"rendered":"Revelion 2025 &#8211; Croazier\u0103 Singapore, Thailanda \u0219i Vietnam, Grup cu \u00eenso\u021bitor (15 zile \/ 12 nop\u021bi) &#8211; 3250 \u20ac"},"content":{"rendered":"\n<p><\/p>\n\n\n\n<p><\/p>\n\n\n\n<p><\/p>\n\n\n\n<p><\/p>\n\n\n\n<p><strong><strong><strong>De la\u00a03250 Euro \/ pachet 12 nopti \/ persoana in cabina interioara \/ pensiune completa + mic dejun<\/strong><\/strong><\/strong><br><br>Plecare din SINGAPORE<br><br><strong>Oferta include<\/strong><\/p>\n\n\n\n<ul><li>Bilet de avion Turkish Airlines pe ruta Bucure\u0219ti &#8211; Singapore &#8211; Bucure\u0219ti<\/li><li>Bagaj de cal\u0103 pentru zbor<\/li><li>Taxe de aeroport<\/li><li>\u00censo\u021bitor de grup rom\u00e2n din partea Perfect Tour<\/li><li>Cazare 2 nop\u021bi \u00een Singapore la hotelul men\u021bionat \u00een itinerar (sau similar)<\/li><li>Transferurile men\u021bionate \u00een itinerar<\/li><li>Mesele men\u021bionate \u00een itinerar<\/li><li>Tururile men\u021bionate \u00een itinerar<\/li><li>Ghid local pentru vizitele men\u021bionate \u00een Singapore<\/li><li>Tur de jum\u0103tate de zi cu ghid \u00eenso\u021bitor vorbitor de limb\u0103 englez\u0103 \u00een Singapore<\/li><li>Taxa pentru servicii la bord pe croazier\u0103<\/li><li>Taxe guvernamentale, taxe \u0219i servicii portuare pentru croazier\u0103<\/li><li>Cazare 10 nop\u021bi la bordul vasului de croazier\u0103<\/li><li>Pensiune complet\u0103 la bordul vasului de croazier\u0103 (mic dejun, pr\u00e2nz, cin\u0103, ap\u0103, limonad\u0103, ceai \u0219i cafea la dozator)<\/li><li>Acces la spa\u021biile de recreere*, la gym \u0219i fitness*, la saun\u0103 pe vasul de croazier\u0103<em>*Se pot percepe taxe pentru anumite activit\u0103\u021bi de recreere!<\/em><\/li><li>Vizite \u0219i excursii conform itinerarului, except\u00e2nd cele men\u021bionate ca fiind op\u021bionale sau suplimentare<\/li><li>Taxele de intrare la obiectivele turistice, except\u00e2nd cele men\u021bionate ca fiind op\u021bionale sau suplimentare<\/li><\/ul>\n\n\n\n<p><br><strong>Oferta nu include<\/strong><br><\/p>\n\n\n\n<ul><li>Taxe de ora\u0219 (se achit\u0103 local)<\/li><li>Excursiile op\u021bionale<\/li><li>Viza pentru Thailanda \u2013 se achizi\u021bioneaz\u0103 de la bordul vasului, 85 usd\/persoan\u0103<\/li><li>Viza pentru Vietnam \u2013 E-visa achizi\u021bionat\u0103 cu 2 s\u0103pt\u0103m\u00e2ni \u00eenainte de plecare, 25 usd\/persoan\u0103<\/li><li>Asigurare medical\u0103 \/ storno<\/li><li>Bac\u0219i\u0219 pentru ghid local \u0219i \u0219ofer \u00een Singapore: 10 usd\/persoan\u0103\/circuit (<strong>NU ESTE OBLIGATORIU<\/strong>, dar este recomandat)<\/li><li>Locuri preferen\u021biale \u00een avion<\/li><li>Mese nespecificate \u00een program<\/li><li>Cheltuieli personale<\/li><li>Cheltuieli personale la bordul vasului de croazier\u0103<\/li><li>Servicii de sp\u0103l\u0103torie, servicii de s\u0103n\u0103tate \u0219i de \u00eenfrumuse\u021bare la bordul vasului de croazier\u0103<\/li><li>Pachetul de b\u0103uturi la bordul vasului de croazier\u0103<\/li><li>Internet \u0219i telefon la bordul vasului de croazier\u0103<\/li><li>Early check-in, late check-out \u00een Singapore<\/li><\/ul>\n\n\n\n<p><br><strong>Cazare<\/strong><\/p>\n\n\n\n<p><br><strong>Cabina interioara cu vedere virtuala\u00a0<\/strong><br>Cabina are in alcatuire un dormitor cu doua paturi convertibile in pat matrimonial,zona de sedere cu canapea si baie. Un ecran de inalta rezolutie care se intinde de la podea pana in tavan ofera imagini in timp real ale oceanului si ale fiecarei destinatii vizitate. Suprafata cabina 15 mp.<\/p>\n\n\n\n<p><strong><strong>Cabina cu vedere la ocean\u00a0<\/strong><br><\/strong>Cabina are in alcatuire un dormitor cu doua paturi convertibile in pat matrimonial, zona de sedere cu canapea, sezlong si scaun langa fereastra si baie. Suprafata cabina 20 mp.<\/p>\n\n\n\n<p><strong><strong><strong>Cabina superioara cu balcon cu vedere la ocean\u00a0<\/strong><br><\/strong><\/strong>Cabina are in alcatuire un dormitor cu doua paturi convertibile in pat matrimonial, zona de sedere cu canapea, baie si balcon privat. Suprafata cabina 18 mp, suprafata balcon 5mp.<br><br>Tariful afisat este valabil pentru sejur in perioada <strong>30 Dec 2024 &#8211; 13 Ian 2025.<\/strong><br>Pentru alte date de inbarcare, nu ezitati sa ne contactati.<br><br><strong>Suna\u021bi acum pentru o vacanta relaxanta: 060552999 \/ 023 58 40 04<\/strong><\/p>\n","protected":false},"excerpt":{"rendered":"<p>De la\u00a03250 Euro \/ pachet 12 nopti \/ persoana in cabina interioara \/ pensiune completa + mic dejun Plecare din SINGAPORE Oferta include Bilet de avion Turkish Airlines pe ruta &#8230;<\/p>\n","protected":false},"author":1,"featured_media":3454,"parent":0,"menu_order":0,"comment_status":"closed","ping_status":"closed","template":"","meta":[],"_links":{"self":[{"href":"https:\/\/laspalmas.md\/ru\/wp-json\/wp\/v2\/pages\/4084"}],"collection":[{"href":"https:\/\/laspalmas.md\/ru\/wp-json\/wp\/v2\/pages"}],"about":[{"href":"https:\/\/laspalmas.md\/ru\/wp-json\/wp\/v2\/types\/page"}],"author":[{"embeddable":true,"href":"https:\/\/laspalmas.md\/ru\/wp-json\/wp\/v2\/users\/1"}],"replies":[{"embeddable":true,"href":"https:\/\/laspalmas.md\/ru\/wp-json\/wp\/v2\/comments?post=4084"}],"version-history":[{"count":9,"href":"https:\/\/laspalmas.md\/ru\/wp-json\/wp\/v2\/pages\/4084\/revisions"}],"predecessor-version":[{"id":6754,"href":"https:\/\/laspalmas.md\/ru\/wp-json\/wp\/v2\/pages\/4084\/revisions\/6754"}],"wp:featuredmedia":[{"embeddable":true,"href":"https:\/\/laspalmas.md\/ru\/wp-json\/wp\/v2\/media\/3454"}],"wp:attachment":[{"href":"https:\/\/laspalmas.md\/ru\/wp-json\/wp\/v2\/media?parent=4084"}],"curies":[{"name":"wp","href":"https:\/\/api.w.org\/{rel}","templated":true}]}}