{"id":3839,"date":"2020-05-25T18:18:01","date_gmt":"2020-05-25T15:18:01","guid":{"rendered":"http:\/\/laspalmas.md\/?page_id=3839"},"modified":"2020-05-26T10:14:23","modified_gmt":"2020-05-26T07:14:23","slug":"top-9-statiuni-balneare-din-europa","status":"publish","type":"page","link":"https:\/\/laspalmas.md\/ru\/top-9-statiuni-balneare-din-europa\/","title":{"rendered":"TOP 9 statiuni balneare din Europa"},"content":{"rendered":"\n<p><br><br><br><br>Iti doresti o vacanta relaxanta si odihnitoare? Ce-ai spune de un sejur la una dintre cele mai renumite statiuni balneare din Europa?<\/p>\n\n\n\n<p>Descopera alaturi de noi&nbsp;<strong>cele mai bune statiuni balneare<\/strong>, adunate in topul nostru, \u201d<strong>Top 10 statiuni balneare din Europa\u201d<\/strong>.<\/p>\n\n\n\n<p>Pornim?<\/p>\n\n\n\n<p><strong>1. Roga\u0161ka Slatina (<\/strong><strong>Slovenia)<\/strong><\/p>\n\n\n\n<p>Roga\u0161ka Slatina este o veche destina\u021bie balnear\u0103 cu patru secole de tradi\u021bie.&nbsp; Se afl\u0103 \u00een estul Sloveniei \u0219i este una dintre cele mai frumoase sta\u021biuni de s\u0103n\u0103tate europene fiind renumita pentru tratamentul afectiunilor gastroenterologice \u0219i metabolice. Legenda spune c\u0103 zeul grec Apollo a poruncit miticului cal \u00eenaripat Pegasus s\u0103-\u0219i loveasc\u0103 copita pe p\u0103m\u00e2nt. In aceeasi zi Izvorul Roga\u0161ka a izvorit din acel loc izvorul s\u0103n\u0103t\u0103\u021bii \u0219i puterii divine pure.&nbsp; Regiunea data devine foarte cunoscuta \u00een a doua jum\u0103tate a secolului 19, c\u00e2nd aceast\u0103 destina\u021bie este vizitat\u0103 de familii imperiale \u0219i de nobilimea din toat\u0103 Europa.<\/p>\n\n\n\n<p>Ast\u0103zi, Roga\u0161ka Spa este cunoscut pentru cel mai mare centru medical din Slovenia, cu 40 de medici speciali\u0219ti \u0219i cea mai complet\u0103 ofert\u0103 pentru s\u0103n\u0103tate \u0219i frumuse\u021be. Spa Roga\u0161ka are un impresionant parc de tratament care este unul dintre cele mai frumoase exempleclasice&nbsp; de arhitectura si urbanism.<\/p>\n\n\n\n<p><strong>2. Cehia \u2013&nbsp;<\/strong><strong>Karlovy Vary \u0219i Marianske Lazne<\/strong><\/p>\n\n\n\n<p><strong>Karlovy Vary<\/strong>&nbsp;este o binecunoscuta statiune balneara, din nord-vestul Cehiei, la poalele Muntilor Metaliferi,<\/p>\n\n\n\n<p>renumita pentru tratamentul sanatorial unic natural, \u0219i anume prin &#8211; ap\u0103 mineral\u0103, a c\u0103rei ac\u021biune este verificat\u0103 \u00een decurs de secole. Apa din regiune contine majoritatea elementelor din tabelul periodic, care se analizeaz\u0103 \u00een mod constant av\u00eend peste 40 de elemente necesare pentru organismul uman. Extras\u0103 la o ad\u00e2ncime de aproximativ 2500 de metri care difer\u0103 dup\u0103 temperatur\u0103 \u0219i con\u021binut de bioxid de carbon, av\u00eend 15 izvoare diferite, deci fiecare are efect diferit.<\/p>\n\n\n\n<p>Sta\u021biunea este renumita \u00een lume pentru izvoarele sale termale curative, precum \u0219i frumuse\u021bea f\u0103r\u0103 precedent \u0219i atmosfera romantic\u0103.<\/p>\n\n\n\n<p><strong>Marianske Lazne<\/strong>&nbsp;este cunoscuta in lume prin izvoarele naturale de ape minerale cu calitati curative, la fel si prin peisajele sale naturale deosebite!<\/p>\n\n\n\n<p><strong>3. Marea Moarta (Israel)<\/strong><\/p>\n\n\n\n<p>Marea Moart\u0103, loc unic \u00een lume, atrage anual turi\u015fti de pretutindeni care vin aici \u00een adev\u0103rate pelerinaje pentru s\u0103n\u0103tate. Marea Moart\u0103 con\u0163ine cam 45.000 de milioane de tone de sare bogat\u0103 \u00een minerale. Este vorba de 26 de minerale, 12 dintre ele nefiind prezente \u00een nici o alt\u0103 mare sau ocean. Mineralele au efect relaxant, hr\u0103nesc pielea, \u00eembun\u0103t\u0103\u0163esc circula\u0163ia, vindec\u0103 reumatismul \u015fi disfunc\u0163iile metabolice \u015fi sunt esen\u0163iale pentru buna func\u0163ionare a organismului.<\/p>\n\n\n\n<p><strong>4. Turcia \u2013 Pamukkale<\/strong><\/p>\n\n\n\n<p><strong>Pamukkale<\/strong>&nbsp;este o alta statiune cu ape termale, unica, situata la aproximativ&nbsp;<strong>20 de km de orasul Denizli<\/strong>, acolo unde exista si un aeroport international. Din pacate nu exista curse directe, insa locatia este foarte bine interconectata cu orasele principele ale Turciei.<\/p>\n\n\n\n<p>Frumusetea si unicitatea acestui loc este data de faptul ca apele termale de aici sunt bogate in carbonat de calciu, iar acest compus devine&nbsp; solid in contact cu aerul. Asa s-au format binecunoscutele terase albe si bazine naturale cu apa termala de un alb stralucitor, ce par a fi inghetate. Legenda spune ca insasi Cleopatra se inbaia in aceasta apa, tocmai pentru a-si mentine tineretea. In plus aceste&nbsp;<strong>ape termale sunt recomandate celor care sufera de anumite afectiuni precum hipertensiune arteriala, boli de inima, de ochi, piele sau reumatism.<\/strong><\/p>\n\n\n\n<p>Totul functioneaza extrem de simplu la Pamukkale. De la izvor, apa isi croieste drum si se desparte in mai multe brate, acolo unde in final se formeaza bazinele principale. De acolo, o data ce aceste bazine sunt pline, apa isi continua traictoria si formeaza bazine mai mici. Apa termala este extrem de fierbinte, insa odata ce trece prin toate aceste bazine, temperatura scade, ajungand pana la 33 de grade Celsius. Acest loc este cu totul si cu totul impresionant in special la rasaritul si la apusul soarelui. Atunci lumina soarelui are mai multe nuante, moment in care puteti surprinde instantanee deosebite, numai bune de postat pe conturile sociale.<\/p>\n\n\n\n<p><strong>5. Toscana \u2013 Bagni di Pisa<\/strong><\/p>\n\n\n\n<p><strong>Bagni di Pisa<\/strong>&nbsp;este situat la doar 10 km de&nbsp;<a href=\"http:\/\/www.traveltailor.ro\/pisa-turnul-inclinat-si-alte-atractii-turistice\/\">orasul Pisa<\/a>&nbsp;intr-un impresionant palat renascentist.&nbsp;&nbsp;<strong>Bagni di Pisa<\/strong>&nbsp;inseamna&nbsp;<strong>sanatate, pierdere in greutate, relaxare si frumusete,<\/strong>&nbsp;totul intr-un loc unic, cu totul si cu totul special. Din cele mai vechi timpuri apa termala de la Bagni di Pisa a fost apreciata pentru propietatile sale terapeutice deosebite. Indragite de etrusti si romani, apoi chiar si de familia di Medici, baile termale din Pisa au cunoscut cea mai mare notorietate de-a lungul timpului. Apogeul a fost atins in anul 1743, atunci cand Marele Duce al Toscanei, Francesco Stefano di Lorena, si-a stabilit resedinta de vara aici.<\/p>\n\n\n\n<p>Bagni di Pisa&nbsp; si-a recapatat gloria de altadata datorita unei restaurari de mare amploare ce a readus arhitectura palatului de vara de secol al XVIII-lea la viata. Astazi,&nbsp;<strong>Bagni di Pisa<\/strong>&nbsp;este o&nbsp;<strong>statiune balneara de 5 stele din Toscana<\/strong>, ce ofera o experienta spa totala: de la ingrijirea sanatatii pana la pierderea in greutate, de la relaxare pana la tratamente de infrumusetare si care pastreaza farmecul secolului al XVIII-lea, inclusiv plafoanele cu fresce, mobilierul somptuos, gradinile cu flori si lamai.&nbsp;&nbsp;<\/p>\n\n\n\n<p><strong>Terapiile traditionale, inclusiv terapia cu namol \u0219i inhalarile au o sectiune specifica dedicata exclusiv copiilor.<\/strong><\/p>\n\n\n\n<p><strong>6. Germania \u2013&nbsp;<\/strong><strong>Kaiser-Friedrich-Therme<\/strong><\/p>\n\n\n\n<p>Desi Berlin si Hamburg sunt destinatii aproape obligatorii in Germania, puteti sa luati in considerare si o evadare din binecunoscutele orase, catre statiunile balneare ale Germaniei. Recomandarea noastra in topul de astazi este o vizita la&nbsp;<strong>statiunea balneara&nbsp;<\/strong><strong>Kaiser-Friedrich-Therme<\/strong>. Aceasta este situata in imediata apropiere a orasului Frankfurt si poate fi o optiune excelenta de relaxare, chiar si pentru o zi.&nbsp;<\/p>\n\n\n\n<p><strong>Kaiser-Friedrich-Therme<\/strong>&nbsp;a fost proiectata ca o baie romana si este dotata cu&nbsp;<strong>piscina interioara, sauna finlandeza<\/strong>&nbsp;sau&nbsp;<strong>bai de abur ruse<\/strong>.<\/p>\n\n\n\n<p><strong>7. Abano Terme (Italia)<\/strong><\/p>\n\n\n\n<p><strong>Abano Terme<\/strong>&nbsp;este un or\u0103\u0219el din provincia italian\u0103 Padova, cel mai vechi \u0219i unul dintre cele mai importante centre termale europene. Apa termal\u0103 a f\u0103cut din Abano Terme o destina\u021bie turistic\u0103 \u00eenc\u0103 de acum 2000 de ani. Izvoarele termale \u0219i b\u0103ile cu n\u0103mol ale ora\u0219ului au fost cunoscute de romani ca&nbsp;<em>Aponi fons<\/em>&nbsp; (din limba greac\u0103&nbsp;<em>\u00e0 ponos<\/em>, care \u00eenseamn\u0103&nbsp;<em>\u00eendep\u0103rteaz\u0103 durerea<\/em>). Clima de la Abano este bl\u00e2nd\u0103 cea mai mare parte a anului, cu o temperatur\u0103 medie anual\u0103 de 14 \u00b0C.<\/p>\n\n\n\n<p>Apa este furnizat\u0103 la spa de pre-Alpi, cu sursa de rezerv\u0103 subteran\u0103 provenite de la o ad\u00e2ncime de 4000 m \u00een Poggio Montirone, mun\u021bi Lessini (Verona vecinatate). Temperatura apei care vine la suprafa\u021b\u0103 este \u00een intervalul de 80-90 C. Pentru o lung\u0103 perioad\u0103 de timp propriet\u0103\u021bile curative ale surselor cercetate Universitatea din Padova \u0219i centrul apelor termale \u201ePietro D&#8217;Abano\u201c, iar apoi a dat recomand\u0103ri valoroase pentru utilizare.<\/p>\n\n\n\n<p>O alt\u0103 utilizare la mod\u0103 a apelor termale din Abano Terme &#8211; utilizarea de programe anti-celulit\u0103 \u0219i dezintoxicare.<\/p>\n\n\n\n<p><strong>8. Anglia \u2013 Thermae Bath Spa<\/strong><\/p>\n\n\n\n<p><strong>Thermae Bath Spa<\/strong>&nbsp;este locul unde unde trecutul, prezentul si viitorul se impletesc si va ofera o experienta spa cu totul si cu totul speciala. Orasul Bath al Marii Britanii, aflat in Patrimoniul Mondial UNESCO, va ofera posibilitatea de a va bucura si relaxa in voie de aceste minunate ape termale, asa cum au facut-o celtii si romanii acum mai bine de 2000 de ani.<\/p>\n\n\n\n<p><strong>Thermae Bath Spa<\/strong>&nbsp;este si&nbsp;<strong>singurul spa termal natural din Marea Britanie<\/strong>, situat la aproximativ 180 de km de Londra.<\/p>\n\n\n\n<p><strong>Piscina in aer liber<\/strong>, situata pe acoperis, cu o priveliste magnifica asupra orasului si&nbsp;<strong>Baia Minerva<\/strong>&nbsp;din interior sunt excelente pentru relaxare. Indreptati-va atentia asupra salilor dedicate tratamentelor spa, nu mai putin de 40 de astfel de variante special create pentru a va reimprospata starea de spirit va asteapta. Asadar,&nbsp;Thermae Bath este o modalitate excelenta de relaxare impreuna cu persoana iubita sau cu prietenii.<\/p>\n\n\n\n<p><strong>9. Austria \u2013 Aqua Dome Tirol<\/strong><\/p>\n\n\n\n<p><strong>Aqua Dome Tirol<\/strong>&nbsp;este fara indoiala unul dintre cele mai frumoase locuri pentru relaxare ale Europei. Pentru ca este situat in mjlocul naturii, la doar 20 de minute de orasul S\u00f6lden al Austriei, aici gasiti relaxarea si linistea de care aveti nevoie dupa o zi de efort depus pe partia de ski. Cum ar fi oare ca, dupa o zi friguroasa pe partie, sa va relaxati intr-una dintre cele&nbsp;<strong>12 piscine termale suspendate<\/strong>, la&nbsp;<strong>temperaturi de 30 de grade Celsius<\/strong>, beneficiind de o minunata priveliste a Alpilor austrieci? Sau sa va eliberati de toate energiile acumulate peste zi la una dintre cele&nbsp;<strong>7 saune puse la dispozitie de complex<\/strong>? Va spunem noi, nici ca va puteti dori mai mult!<\/p>\n\n\n\n<p><strong>Suna\u021bi acum pentru o vacanta relaxanta: 069997722 \/ 023 58 40 04<\/strong><\/p>\n","protected":false},"excerpt":{"rendered":"<p>Iti doresti o vacanta relaxanta si odihnitoare? Ce-ai spune de un sejur la una dintre cele mai renumite statiuni balneare din Europa? Descopera alaturi de noi&nbsp;cele mai bune statiuni balneare, &#8230;<\/p>\n","protected":false},"author":1,"featured_media":3445,"parent":0,"menu_order":0,"comment_status":"closed","ping_status":"closed","template":"","meta":[],"_links":{"self":[{"href":"https:\/\/laspalmas.md\/ru\/wp-json\/wp\/v2\/pages\/3839"}],"collection":[{"href":"https:\/\/laspalmas.md\/ru\/wp-json\/wp\/v2\/pages"}],"about":[{"href":"https:\/\/laspalmas.md\/ru\/wp-json\/wp\/v2\/types\/page"}],"author":[{"embeddable":true,"href":"https:\/\/laspalmas.md\/ru\/wp-json\/wp\/v2\/users\/1"}],"replies":[{"embeddable":true,"href":"https:\/\/laspalmas.md\/ru\/wp-json\/wp\/v2\/comments?post=3839"}],"version-history":[{"count":5,"href":"https:\/\/laspalmas.md\/ru\/wp-json\/wp\/v2\/pages\/3839\/revisions"}],"predecessor-version":[{"id":3855,"href":"https:\/\/laspalmas.md\/ru\/wp-json\/wp\/v2\/pages\/3839\/revisions\/3855"}],"wp:featuredmedia":[{"embeddable":true,"href":"https:\/\/laspalmas.md\/ru\/wp-json\/wp\/v2\/media\/3445"}],"wp:attachment":[{"href":"https:\/\/laspalmas.md\/ru\/wp-json\/wp\/v2\/media?parent=3839"}],"curies":[{"name":"wp","href":"https:\/\/api.w.org\/{rel}","templated":true}]}}