{"id":3838,"date":"2020-05-25T17:56:15","date_gmt":"2020-05-25T14:56:15","guid":{"rendered":"http:\/\/laspalmas.md\/?page_id=3838"},"modified":"2020-06-14T13:02:41","modified_gmt":"2020-06-14T10:02:41","slug":"monte-carlo","status":"publish","type":"page","link":"https:\/\/laspalmas.md\/ru\/monte-carlo\/","title":{"rendered":"Monte Carlo"},"content":{"rendered":"\n<h1>Monaco \u0219i Monte Carlo<\/h1>\n\n\n\n<p><strong>Principatul independent Monaco se situeaz\u0103 \u00een apropiere de hotarele Italiei.<\/strong>Capitala cu aceea\u0219i denumire a acestuia se afl\u0103 pe o colin\u0103 mic\u0103 l\u00e2ng\u0103 frumosul ora\u0219 Monte Carlo \u2013 atrac\u021biile turistice din aceast\u0103 localitate merit\u0103 aten\u021bie turistic\u0103!<br><br><strong>Atrac\u021biile turistice din Monaco \u0219i Monte Carlo<\/strong><br>&#8211; Muzeul de Oceanografie din Monaco (Mus\u00e9e Oc\u00e9anographique de Monaco)<br>&#8211; Palatul Princiar (Place du Palais)<br>&#8211; Portul Monte Carlo (Monte Carlo Harbor)<br>&#8211; Cazinoul Monte Carlo \u0219i pia\u021ba (Monte Carlo Casino)<br>&#8211; Gr\u0103dina Japonez\u0103 (Japanese Garden)<br>&#8211; Plaja Larvotto (Larvotto Beach)<br>&#8211; Opera din Monte Carlo<br>&#8211; Galeriile de Arta din Monte Carlo<br>&#8211; Colectia Auto Rainier III din Monte Carlo<br>&#8211; Muzeul National din Monte Carlo<br><br><br><strong>Hoteluri recomandate din Monaco \u0219i Monte Carlo<\/strong><br>&#8211; Monte-Carlo Bay Hotel &#038; Resort<br>&#8211; Le M\u00e9ridien Beach Plaza<br>&#8211; Apartamente \u201eMonaco\u201d<br><\/p>\n\n\n\n<p><br><br><br><\/p>\n\n\n\n<p><\/p>\n","protected":false},"excerpt":{"rendered":"<p>Monaco \u0219i Monte Carlo Principatul independent Monaco se situeaz\u0103 \u00een apropiere de hotarele Italiei.Capitala cu aceea\u0219i denumire a acestuia se afl\u0103 pe o colin\u0103 mic\u0103 l\u00e2ng\u0103 frumosul ora\u0219 Monte Carlo &#8230;<\/p>\n","protected":false},"author":1,"featured_media":3969,"parent":0,"menu_order":0,"comment_status":"closed","ping_status":"closed","template":"","meta":[],"_links":{"self":[{"href":"https:\/\/laspalmas.md\/ru\/wp-json\/wp\/v2\/pages\/3838"}],"collection":[{"href":"https:\/\/laspalmas.md\/ru\/wp-json\/wp\/v2\/pages"}],"about":[{"href":"https:\/\/laspalmas.md\/ru\/wp-json\/wp\/v2\/types\/page"}],"author":[{"embeddable":true,"href":"https:\/\/laspalmas.md\/ru\/wp-json\/wp\/v2\/users\/1"}],"replies":[{"embeddable":true,"href":"https:\/\/laspalmas.md\/ru\/wp-json\/wp\/v2\/comments?post=3838"}],"version-history":[{"count":9,"href":"https:\/\/laspalmas.md\/ru\/wp-json\/wp\/v2\/pages\/3838\/revisions"}],"predecessor-version":[{"id":3971,"href":"https:\/\/laspalmas.md\/ru\/wp-json\/wp\/v2\/pages\/3838\/revisions\/3971"}],"wp:featuredmedia":[{"embeddable":true,"href":"https:\/\/laspalmas.md\/ru\/wp-json\/wp\/v2\/media\/3969"}],"wp:attachment":[{"href":"https:\/\/laspalmas.md\/ru\/wp-json\/wp\/v2\/media?parent=3838"}],"curies":[{"name":"wp","href":"https:\/\/api.w.org\/{rel}","templated":true}]}}