{"id":3833,"date":"2020-05-25T17:51:04","date_gmt":"2020-05-25T14:51:04","guid":{"rendered":"http:\/\/laspalmas.md\/?page_id=3833"},"modified":"2020-06-14T12:38:39","modified_gmt":"2020-06-14T09:38:39","slug":"wellness-at-san-pellegrino","status":"publish","type":"page","link":"https:\/\/laspalmas.md\/ru\/wellness-at-san-pellegrino\/","title":{"rendered":"Wellness at San Pellegrino"},"content":{"rendered":"\n<p><br><br>La doar 25 de kilometri de Bergamo, \u00een centrul peisajului montan din Valea Val Brembana, se afl\u0103 sta\u021biunea San Pellegrino, care a fost un loc incredibil de popular \u0219i la mod\u0103 printre aristocra\u021bi \u0219i inteligen\u021bi la sf\u00e2r\u0219itul secolului XIX &#8211; \u00eenceputul secolului XX. <br>Deja \u00een prima decad\u0103 a secolului XX, San Pellegrino Terme avea o structur\u0103 \u0219i servicii care impresionau oaspe\u021bii. <br> <br>Apele de vindecare <br>Apa din San Pellegrino Terme are o serie de propriet\u0103\u021bi vindec\u0103toare. Ea face fa\u021b\u0103 la pietre la rinichi, boli ale ficatului \u0219i aparatului digestiv. Sursele locale erau cunoscute \u00een Evul Mediu, dar abia \u00een secolul XVIII au fost descoperite propriet\u0103\u021bile terapeutice ale acestei ape pre\u021bioase. La sf\u00e2r\u0219itul secolului XVIII-\u00eenceputul secolului XIX, acest loc devine centrul termic al primei clase. <br>Unul dintre cele mai renumite centre SPA din zona este  &#8220;QC Terme di San Pellegrino&#8221;.<br>Aici V\u0103 a\u0219teapt\u0103 peste 6.000 de metri p\u0103tra\u021bi de spa, picturi murale, coloane, nuan\u021be \u0219i forme arhitecturale de la \u00eenceputul secolului XX.<br>Permite\u021bi-v\u0103 s\u0103 \u00eenota\u021bi \u00eentr-unul dintre cele mai faimoase spa-uri din lume.<br>Acest nou complex termic a fost deschis \u00een 2014 \u0219i este situat \u00een cl\u0103direa vechiului Hotel Terme Milano, un ansamblu de cl\u0103diri \u00een stil Art Nouveau, care la \u00eenceputul secolului XX a fost \u00een fruntea acestui stil. <br>Explora\u021bi acest loc magnific \u00een care istoria prinde via\u021b\u0103 \u00een slujba frumuse\u021bii. Complexul include \u0219i Cazinoul, maiestuos \u0219i bogat decorat, harul s\u0103u readuce amintirea erei frumoase. <br>Permite\u021bi-v\u0103 o zi \u00eentreag\u0103 de relaxare: trata\u021bi-v\u0103 la tratamentele \u0219i programele dezvoltate de QC Terme San Pellegrino. Alina\u021bi stresul \u0219i ob\u021bine\u021bi o armonie complet\u0103 a corpului \u0219i sufletului cu b\u0103i \u0219i coloane cu hidromasaj, du\u0219uri \u00een cascad\u0103, saune, s\u0103li de relaxare, b\u0103i de aburi \u0219i aromaterapie.<br><br>Alege\u021bi \u00eentre dou\u0103 tipuri de bilete:<br>&#8211; Bilet de intrare pe toata ziua complet valabil de luni p\u00e2n\u0103 duminic\u0103, inclusiv s\u0103rb\u0103torile. Include o intrare \u00een b\u0103i \u0219i programul spa din centru f\u0103r\u0103 limite de timp, \u00eenchiria\u021bi halat de baie, prosop \u0219i papuci.<br><br>&#8211; Bilet de intrare de sear\u0103, valabil de la ora 18:00 p\u00e2n\u0103 la \u00eenchiderea centrului, de luni p\u00e2n\u0103 duminic\u0103, inclusiv s\u0103rb\u0103torile, intrarea \u00een b\u0103i \u0219i programul spa al centrului, \u00eenchirierea unei halate de baie, prosop \u0219i papuci.<br><br><br><strong>Hotel Bigio | San Pellegrino Terme. <\/strong><br>Preturi pentru 1 persoana, in camera dubla, <br><br>&#8211; IUNIE 2020 &#8211; de la 239 eur\/pers<br>&#8211; IULIE 2020 &#8211; de la 249 eur\/pers<br>&#8211; AUGUST 2020 &#8211; de la 279 eur\/pers<br>&#8211; SEPTEMBRIE 2020 &#8211; de la 289 eur\/pers<br>&#8211; OCTOMBRIE 2020 &#8211; de la 299 eur\/pers<br>&#8211; NOIEMBRIE 2020 &#8211; de la 319 eur\/pers<br>&#8211; DECEMBRIE 2020 &#8211; de la 329 eur\/pers<br><br><strong>Pretul este de 1 persoana si include:<\/strong><br>\u2013 bilet de avion tur-retur<br>\u2013 cazare 3 nopti\/4 zile in numar dublu<br><br><strong>Pretul nu include:<\/strong><br>\u2013 nici o masa<br>\u2013 transfer aeroport-hotel-aeroport<br>\u2013 asigurare medicala<br><br><br><\/p>\n\n\n\n<p> <br><br><br><br><br><strong>Detalii la telefon: 023 58 40 04 |060 552 999 | 069 997 722 | 060 822 899 | 060 822 899<br>E-mail: laspalmastur@yahoo.com<\/strong> <br><\/p>\n\n\n\n<p><br><br><\/p>\n","protected":false},"excerpt":{"rendered":"<p>La doar 25 de kilometri de Bergamo, \u00een centrul peisajului montan din Valea Val Brembana, se afl\u0103 sta\u021biunea San Pellegrino, care a fost un loc incredibil de popular \u0219i la &#8230;<\/p>\n","protected":false},"author":1,"featured_media":3445,"parent":0,"menu_order":0,"comment_status":"closed","ping_status":"closed","template":"","meta":[],"_links":{"self":[{"href":"https:\/\/laspalmas.md\/ru\/wp-json\/wp\/v2\/pages\/3833"}],"collection":[{"href":"https:\/\/laspalmas.md\/ru\/wp-json\/wp\/v2\/pages"}],"about":[{"href":"https:\/\/laspalmas.md\/ru\/wp-json\/wp\/v2\/types\/page"}],"author":[{"embeddable":true,"href":"https:\/\/laspalmas.md\/ru\/wp-json\/wp\/v2\/users\/1"}],"replies":[{"embeddable":true,"href":"https:\/\/laspalmas.md\/ru\/wp-json\/wp\/v2\/comments?post=3833"}],"version-history":[{"count":17,"href":"https:\/\/laspalmas.md\/ru\/wp-json\/wp\/v2\/pages\/3833\/revisions"}],"predecessor-version":[{"id":3960,"href":"https:\/\/laspalmas.md\/ru\/wp-json\/wp\/v2\/pages\/3833\/revisions\/3960"}],"wp:featuredmedia":[{"embeddable":true,"href":"https:\/\/laspalmas.md\/ru\/wp-json\/wp\/v2\/media\/3445"}],"wp:attachment":[{"href":"https:\/\/laspalmas.md\/ru\/wp-json\/wp\/v2\/media?parent=3833"}],"curies":[{"name":"wp","href":"https:\/\/api.w.org\/{rel}","templated":true}]}}