{"id":3728,"date":"2020-05-17T17:17:46","date_gmt":"2020-05-17T14:17:46","guid":{"rendered":"http:\/\/laspalmas.md\/?page_id=3728"},"modified":"2021-03-04T10:09:05","modified_gmt":"2021-03-04T07:09:05","slug":"tunisia-marea-mediterana","status":"publish","type":"page","link":"https:\/\/laspalmas.md\/ru\/tunisia-marea-mediterana\/","title":{"rendered":"TUNISIA. MAREA MEDITERANA"},"content":{"rendered":"\n<p><br>Prima impresie despre Tunisia va fi de plaje aurii \u0219i o mare de un albastru turcuaz. Cu 1300 km de plaja, acest p\u0103m\u00e2nt Mediteranean este un paradis pentru turi\u0219ti.Cu un climat ideal, o mul\u021bime de plaje, Tunisia&nbsp; \u021bara cea mai nordica a Africii, este de peste 3000 de ani martora a trecerii diferitor popoare : fenicieni, romani, vandali, bizantini, turci, spanioli \u0219i francezi.O \u021bar\u0103 a culorilor \u0219i contrastelor, Tunisia va invita sa-i aprecia\u021bi frumuse\u021bea naturii, siturile antichit\u0103\u021bii \u0219i c\u0103ldura primitoare a localnicilor. Aici pute\u021bi sa va bucura\u021bi de un r\u0103s\u0103rit de soare in Sahara, sa lua\u021bi o masa copioasa pe malul marii, sa ave\u021bi o plimbare lini\u0219tit\u0103 pe plaja b\u0103tut\u0103 de briza mediteraneana, sa explora\u021bi siturile antichit\u0103\u021bii&nbsp; sau ora\u0219ele legendare, Tunisia le are pe toate.Orientul \u0219i occidentul au influen\u021bat arta, cultura \u0219i viata sociala a poporului Tunisian.<\/p>\n\n\n\n<p><strong>Cursele de avion directe din Chi\u0219in\u0103u \u00a0\u00een sezonul 2021 se efectueaz\u0103\u00a0\u00een fiecare zi de Marti, Joi si Sambata.<\/strong><\/p>\n\n\n\n<p style=\"font-size:17px\">Compania Las Palmas Tour V\u0103 propune vacante in TUNISIA pentru\u00a0<strong>MAI 2021 la pre\u021b \u00eencep\u00e2nd cu 498 euro<\/strong> cu ALL INCLUSIVE!<br><br>&#8211; SAMIRA CLUB 3* = de la 498 eur\/pers, cu ALL INCLUSIVE<br>&#8211; RIVIERA HOTEL 4* = de la 516 eur\/pers, cu ALL INCLUSIVE<br>&#8211; CLUB THAPSUS =  de la 525 eur\/pers, cu ALL INCLUSIVE<br>&#8211; MAHDIA PALACE 5* =  de la 589 eur\/pers, cu ALL INCLUSIVE<br>&#8211; MARHABA PALACE 5* = de la 599 eur\/pers, cu ALL INCLUSIVE<br>&#8211; SOUSSE PALACE 5* = de la 617 eur\/pers, cu ALL INCLUSIVE<br>&#8211; GOLDEN TULIP TAJ SULTAN 5* = de la 659 eur\/pers, cu ALL INCLUSIVE<br>&#8211; THE PEARL RESORT &#038; SPA 5* = de la 778 eur\/pers, cu ALL INCLUSIVE<\/p>\n\n\n\n<p><strong>Pre<\/strong><strong>\u021b<\/strong><strong>urile sunt indicate pentru o persoan<\/strong><strong>\u0103<\/strong>&nbsp;<strong>\u00ee<\/strong><strong>n camer<\/strong><strong>\u0103<\/strong><strong>&nbsp;dubl<\/strong><strong>\u0103<\/strong><strong>&nbsp;\u0219i include:<\/strong><\/p>\n\n\n\n<ul><li>Cazarea 6 nop\u021bi\/7 zile;<\/li><li>Alimenta\u021bia ALL Inclusive;<\/li><li>Bilete de avion tur-retur;<\/li><li>Transfer aeroport &#8211; hotel &#8211; aeroport;<\/li><li>Asigurarea medical\u0103.<\/li><\/ul>\n\n\n\n<p><strong>Detalii la telefon: 023 58 40 04 |060 552 999 | 069 997 722 | 060 822 899 | 060 822 899<br>E-mail: laspalmastur@yahoo.com<\/strong><\/p>\n\n\n\n<p>*Compania isi rezerv\u0103 dreptul de a modifica pretul, in dependenta de limita locurilor disponibile.<\/p>\n","protected":false},"excerpt":{"rendered":"<p>Prima impresie despre Tunisia va fi de plaje aurii \u0219i o mare de un albastru turcuaz. Cu 1300 km de plaja, acest p\u0103m\u00e2nt Mediteranean este un paradis pentru turi\u0219ti.Cu un &#8230;<\/p>\n","protected":false},"author":1,"featured_media":3737,"parent":0,"menu_order":0,"comment_status":"closed","ping_status":"closed","template":"","meta":[],"_links":{"self":[{"href":"https:\/\/laspalmas.md\/ru\/wp-json\/wp\/v2\/pages\/3728"}],"collection":[{"href":"https:\/\/laspalmas.md\/ru\/wp-json\/wp\/v2\/pages"}],"about":[{"href":"https:\/\/laspalmas.md\/ru\/wp-json\/wp\/v2\/types\/page"}],"author":[{"embeddable":true,"href":"https:\/\/laspalmas.md\/ru\/wp-json\/wp\/v2\/users\/1"}],"replies":[{"embeddable":true,"href":"https:\/\/laspalmas.md\/ru\/wp-json\/wp\/v2\/comments?post=3728"}],"version-history":[{"count":20,"href":"https:\/\/laspalmas.md\/ru\/wp-json\/wp\/v2\/pages\/3728\/revisions"}],"predecessor-version":[{"id":3994,"href":"https:\/\/laspalmas.md\/ru\/wp-json\/wp\/v2\/pages\/3728\/revisions\/3994"}],"wp:featuredmedia":[{"embeddable":true,"href":"https:\/\/laspalmas.md\/ru\/wp-json\/wp\/v2\/media\/3737"}],"wp:attachment":[{"href":"https:\/\/laspalmas.md\/ru\/wp-json\/wp\/v2\/media?parent=3728"}],"curies":[{"name":"wp","href":"https:\/\/api.w.org\/{rel}","templated":true}]}}