{"id":3707,"date":"2020-05-17T16:47:55","date_gmt":"2020-05-17T13:47:55","guid":{"rendered":"http:\/\/laspalmas.md\/?page_id=3707"},"modified":"2020-05-17T17:01:58","modified_gmt":"2020-05-17T14:01:58","slug":"muntenegru-marea-adriatica","status":"publish","type":"page","link":"https:\/\/laspalmas.md\/ru\/muntenegru-marea-adriatica\/","title":{"rendered":"MUNTENEGRU. MAREA ADRIATICA"},"content":{"rendered":"\n<p><br>Rezervarea ofertei fierbin\u021bi spre Muntenegru direct din Chi\u0219in\u0103u \u00eenseamn\u0103 s\u0103 \u00ee\u021bi asiguri \u021bie \u0219i familiei tale o vacan\u021b\u0103 perfect\u0103 pe coasta M\u0103rii Adriatice. Turi\u0219tii din \u00eentreaga lume demult au apreciat combina\u021bia de succes a vacan\u021bei relaxante pe malul m\u0103rii azurii \u0219i via\u021ba activ\u0103 de noapte, excursiile cu ghizi experimenta\u021bi, ospitalitatea localnicilor \u0219i calitatea de deservire european\u0103. Pentru cei care doresc s\u0103 descopere o nou\u0103 tendin\u021b\u0103, dar pre\u021burile par un pic prea pip\u0103rate exist\u0103 o op\u021biune alternativ\u0103 \u2013 ofertele fierbin\u021bi. \u00cen Moldova, Muntenegru a devenit relativ recent \u00een cerere, dar cu fiecare sezon aceast\u0103 fermec\u0103toare \u021bar\u0103 balcanic\u0103 devine din ce \u00een ce mai popular\u0103. Pentru cuplurile romantice \u00a0perfect li se va potrivi mini-hotelul \u00a0\u00eentr-un cadru pitoresc Sveti \u0218tefan, care este faimos pentru vederi frumoase la plaj\u0103 \u0219i aspect estetic pl\u0103cut. Tineretul, care vrea s\u0103 petreac\u0103 timpul prin toate cluburile de noapte locale, va aprecia infrastructura bine dezvoltat\u0103 a Budvei \u0219i Becici. Pentru familii cu copii mici sunt perfecte hoteluri confortabile din Petrovac, \u00een care se g\u0103sesc cele mai bune plaje de nisip din Riviera Budvei \u0219i o atmosfer\u0103 relaxat\u0103.<\/p>\n\n\n\n<p>Pentru confortul dumneavoastr\u0103 &nbsp;am compilat \u00eentr-un singur loc toate cele mai interesante oferte speciale \u0219i promo\u021bii de la hoteluri, printre care ve\u021bi g\u0103si cu siguran\u021b\u0103 oferta ce vi se potrive\u0219te pentru vacan\u021ba perfect\u0103. Gr\u0103bi\u021bi-v\u0103 s\u0103 rezerva\u021bi c\u0103l\u0103toria spre Muntenegru din Chi\u0219in\u0103u, iar dup\u0103 c\u00e2teva zile ve\u021bi sim\u021bi cum v\u0103 \u00eendr\u0103gosti\u021bi de aceast\u0103 regiune magic\u0103 unde mun\u021bii maiestuo\u0219i cu pini seculari se \u00eentind pe marginea turcoaz\u0103 a M\u0103rii Adriatice, iar satele mici de pescuit, cu o atmosfer\u0103 lini\u0219tit\u0103 se \u00eenlocuiesc cu zonele pline de via\u021b\u0103.<\/p>\n\n\n\n<p><strong>Cursele de autocar directe Chi\u0219in\u0103u \u2013 Tivat \u2013 Chi\u0219in\u0103u\u00a0\u00een sezonul 2020 se efectueaz\u0103\u00a0\u00een fiecare zi de Luni.<\/strong><\/p>\n\n\n\n<p class=\"has-text-color has-vivid-red-color\">Compania Las Palmas Tour V\u0103 propune vacante in Munetenrgu pentru <strong>IUNIE 2020 la pre\u021b \u00eencep\u00e2nd cu 249 euro<\/strong>!<\/p>\n\n\n\n<ul><li>EUROPA HOTEL 3*, Budva =  de la 249 eur\/pers, fara mese<\/li><li>SOFIA APARTMENTS 4*, Budva =  de la 259 eur\/pers, fara mese<\/li><li>BASTRICA HOUSE 3*, Budva = de la 336 eur\/pers, cu mic dejun+cina<\/li><li>IVANA HOUSE 3*, Budva = de la 339 eur\/pers, cu mic dejun+cina<\/li><li>BELLA VISTA 4*, Budva = de la 479 eur\/pers, cu mic dejun+cina<\/li><li>SLOVENSKA PLAZA 4*, Budva = de la 498 eur\/pers, cu mic dejun+cina<\/li><li>SLAVIJA 5*, Budva = de la 738 eur\/pers, cu mic dejun+cina<\/li><li>MELIA 5*, Budva = de la 799 eur\/pers, cu mic dejun+cina<\/li><\/ul>\n\n\n\n<p><strong>Pre<\/strong><strong>\u021b<\/strong><strong>urile sunt indicate pentru o persoan<\/strong><strong>\u0103<\/strong>&nbsp;<strong>\u00ee<\/strong><strong>n camer<\/strong><strong>\u0103<\/strong><strong>&nbsp;dubl<\/strong><strong>\u0103<\/strong><strong>&nbsp;\u0219i include:<\/strong><\/p>\n\n\n\n<ul><li>Cazarea 7 nop\u021bi;<\/li><li>Alimenta\u021bia indicata (BB \u2013 mic dejun \/ HB \u2013 mic dejun + cina \/ ALL Inclusive);<\/li><li>Bilete la autocar tur-retur;<\/li><li>Transfer pina\/de la  hotel;<\/li><li>Asigurarea medical\u0103.<br><br><\/li><\/ul>\n\n\n\n<p><strong>Detalii la telefon: 023 58 40 04 |060 552 999 | 069 997 722 | 060 822 899 | 060 822 899<br>E-mail: laspalmastur@yahoo.com<\/strong><\/p>\n\n\n\n<p>*Compania isi rezerv\u0103 dreptul de a modifica pretul, in dependenta de limita locurilor disponibile.<\/p>\n\n\n\n<ul><li><\/li><\/ul>\n","protected":false},"excerpt":{"rendered":"<p>Rezervarea ofertei fierbin\u021bi spre Muntenegru direct din Chi\u0219in\u0103u \u00eenseamn\u0103 s\u0103 \u00ee\u021bi asiguri \u021bie \u0219i familiei tale o vacan\u021b\u0103 perfect\u0103 pe coasta M\u0103rii Adriatice. Turi\u0219tii din \u00eentreaga lume demult au apreciat &#8230;<\/p>\n","protected":false},"author":1,"featured_media":3708,"parent":0,"menu_order":0,"comment_status":"closed","ping_status":"closed","template":"","meta":[],"_links":{"self":[{"href":"https:\/\/laspalmas.md\/ru\/wp-json\/wp\/v2\/pages\/3707"}],"collection":[{"href":"https:\/\/laspalmas.md\/ru\/wp-json\/wp\/v2\/pages"}],"about":[{"href":"https:\/\/laspalmas.md\/ru\/wp-json\/wp\/v2\/types\/page"}],"author":[{"embeddable":true,"href":"https:\/\/laspalmas.md\/ru\/wp-json\/wp\/v2\/users\/1"}],"replies":[{"embeddable":true,"href":"https:\/\/laspalmas.md\/ru\/wp-json\/wp\/v2\/comments?post=3707"}],"version-history":[{"count":18,"href":"https:\/\/laspalmas.md\/ru\/wp-json\/wp\/v2\/pages\/3707\/revisions"}],"predecessor-version":[{"id":3726,"href":"https:\/\/laspalmas.md\/ru\/wp-json\/wp\/v2\/pages\/3707\/revisions\/3726"}],"wp:featuredmedia":[{"embeddable":true,"href":"https:\/\/laspalmas.md\/ru\/wp-json\/wp\/v2\/media\/3708"}],"wp:attachment":[{"href":"https:\/\/laspalmas.md\/ru\/wp-json\/wp\/v2\/media?parent=3707"}],"curies":[{"name":"wp","href":"https:\/\/api.w.org\/{rel}","templated":true}]}}