{"id":3688,"date":"2020-05-17T16:26:33","date_gmt":"2020-05-17T13:26:33","guid":{"rendered":"http:\/\/laspalmas.md\/?page_id=3688"},"modified":"2021-03-04T10:31:50","modified_gmt":"2021-03-04T07:31:50","slug":"croatia-marea-adriatica","status":"publish","type":"page","link":"https:\/\/laspalmas.md\/ru\/croatia-marea-adriatica\/","title":{"rendered":"CROATIA. MAREA ADRIATICA"},"content":{"rendered":"\n<p><br>Croa\u021bia \u2013 \u021bar\u0103 balcanic\u0103 prosper\u0103 din toate considerentele, \u00eenzestrat\u0103 cu bog\u0103\u021bii naturale \u0219i renumit\u0103 prin prestigioasele centre balneologice \u0219i de tratament cu n\u0103mol. \u021aara, de\u021bin\u00e2nd o mul\u021bime de insule locuite \u0219i nelocuite, se situeaz\u0103 \u00een sudul Europei Centrale \u0219i este sc\u0103ldat\u0103 de Marea Adriatic\u0103. \u00cen partea de est a \u021b\u0103rii predomin\u0103 o clim\u0103 temperat-continental\u0103, iar \u00een vest \u2013 o clim\u0103 bl\u00e2nd\u0103 mediteranean\u0103, cu veri calde \u0219i uscate. Sezonul de \u00eenot dureaz\u0103 din luna mai p\u00e2n\u0103 \u00een octombrie. Limba oficial\u0103 pe practic tot teritoriul \u021b\u0103rii este croat\u0103 (excep\u021bie \u2013 peninsula Istria), iar majoritatea popula\u021biei cunoa\u0219te cel pu\u021bin \u00eenc\u0103 o limb\u0103: german\u0103, englez\u0103 sau italian\u0103. Moneda na\u021bional\u0103 \u2013 Kuna croat\u0103, egal\u0103 cu 100 lipas.<br><\/p>\n\n\n\n<p>Capitala \u201eNisei Adriatice\u201d este minunatul Zagreb, simbolul c\u0103ruia este catedrala gotic\u0103 a Sf. \u0218tefan. Printre alte atrac\u021bii ale capitalei ar trebui s\u0103 fie remarcate: Palatul Arhiepiscopal \u00een stil baroc, palatul preziden\u021bial Banski Dvor, F\u00e2nt\u00e2na Vie\u021bii \u0219i&nbsp;coloana memorial\u0103, \u00eencununat\u0103 cu&nbsp; figura aurit\u0103 a Sfintei Fecioare Maria. \u0218i \u00een alte regiuni ale \u021b\u0103rii exist\u0103 monumente culturale semnificative, pe care cu siguran\u021b\u0103 vor dori s\u0103 le viziteze iubitorii de antichit\u0103\u021bi: \u00een Split \u2013 Palatul antic roman al \u00eemp\u0103ratului Diocle\u021bian \u0219i ruinele Salonei romane, \u00een Omis \u2013 ora\u0219ul antic al pira\u021bilor, \u00een Pula \u2013 maiestuosul amfiteatru roman din secolul I d.Hr., \u00een Dubrovnik \u2013 minunatul palat al Voievodului \u0219i somptuoasa catedral\u0103 Adormirea Maicii Domnului. Neap\u0103rat trebuie de vizitat \u0219i una dintre cele mai renumite atrac\u021bii naturale, nu numai din \u021bar\u0103, ci \u0219i din toat\u0103 Europa \u2013 rezerva\u021bia natural\u0103 \u201eLacurile Plitvice\u201d, care fascineaz\u0103 prin cromatica \u0219i nuan\u021bele sale.<\/p>\n\n\n\n<p>Croa\u021bia, care provoac\u0103 mereu impresii memorabile, este capabil\u0103 s\u0103 inspire chiar \u0219i cei mai exigen\u021bi c\u0103l\u0103tori. Pe l\u00e2ng\u0103 lenevirea pe plaj\u0103, v\u0103 pute\u021bi ocupa \u00een mod serios de procedurile pl\u0103cute la sta\u021biunile locale, programul de excursii discret, c\u0103l\u0103toriile cu canoe, pescuitul pe mare \u0219i lec\u021biile de diving.<\/p>\n\n\n\n<p>Croa\u021bia ecologic\u0103, hotelurile c\u0103reia sunt practic \u00eentotdeauna amenajate \u00een cel mai bun mod, deja de c\u00e2teva decenii \u00a0se bucur\u0103 de popularitate printre turi\u0219tii din toate col\u021burile lumii. Peisajele adriatice nemaipomenite, p\u0103durile de pini \u00eemp\u00e2nzite de verde\u021buri, aromele incitante ale brizei de mare, diversitatea lumii subacvatice, atmosfera lini\u0219tit\u0103, izvoarele minerale \u0219i uleiul curativ unic \u2013 \u00eemp\u0103rt\u0103\u0219esc cu generozitate averea\u00a0sa cu c\u0103l\u0103toriiCroa\u021biei.<br><br><strong><em>IUNIE 202<\/em><\/strong><em>1<\/em><br><br>&#8211; Hotel Villa Valjalo 3*, Dubrovnik = de la 109 eur\/pers, fara mese<br>&#8211; Apartments Dub  4*, Dubrovnik = de la 189 eur\/pers, cu mic dejun<br>&#8211; Villa Avantgarde 4*, Mlini = de la 198 eur\/pers, cu mic dejun<br>&#8211; Lafodia Sea Resort 4* = de la 319 eur\/pers, cu mic dejun<br>&#8211; Hotel Bellevue 4*, Orebic =. de la 329 eur\/pers, cu mic dejun+cina<br>&#8211; Admiral Grand 5* =  de la 399 eur\/pers, cu mic dejun<br>&#8211; Valamar Lacroma Dubrovnik Hotel 5* = de la 498 eur\/pers, cu mic dejun<br>&#8211; Hotel Ariston 5*, Dubrovnik = de la 649 eur\/pers, mic dejun+cina<\/p>\n\n\n\n<p><\/p>\n\n\n\n<p><\/p>\n\n\n\n<p><strong>Pretul este de 1 persoana si include:<\/strong><br>\u2013 cazare 6 nopti\/7 zile in numar dublu<br>\u2013 mese conform hotelului ales<br>\u2013 asigurare medicala<br><br><strong>Pretul nu include:<\/strong><br>\u2013 bilet de avion<br>\u2013 transfer aeroport-hotel-aeroport<br><\/p>\n\n\n\n<p><strong>Detalii la telefon: 023 58 40 04 |060 552 999 | 069 997 722 | 060 822 899 | 060 822 899<br>E-mail: laspalmastur@yahoo.com<\/strong><\/p>\n\n\n\n<p>*Compania isi rezerv\u0103 dreptul de a modifica pretul, in dependenta de limita locurilor disponibile.<\/p>\n","protected":false},"excerpt":{"rendered":"<p>Croa\u021bia \u2013 \u021bar\u0103 balcanic\u0103 prosper\u0103 din toate considerentele, \u00eenzestrat\u0103 cu bog\u0103\u021bii naturale \u0219i renumit\u0103 prin prestigioasele centre balneologice \u0219i de tratament cu n\u0103mol. \u021aara, de\u021bin\u00e2nd o mul\u021bime de insule locuite &#8230;<\/p>\n","protected":false},"author":1,"featured_media":3690,"parent":0,"menu_order":0,"comment_status":"closed","ping_status":"closed","template":"","meta":[],"_links":{"self":[{"href":"https:\/\/laspalmas.md\/ru\/wp-json\/wp\/v2\/pages\/3688"}],"collection":[{"href":"https:\/\/laspalmas.md\/ru\/wp-json\/wp\/v2\/pages"}],"about":[{"href":"https:\/\/laspalmas.md\/ru\/wp-json\/wp\/v2\/types\/page"}],"author":[{"embeddable":true,"href":"https:\/\/laspalmas.md\/ru\/wp-json\/wp\/v2\/users\/1"}],"replies":[{"embeddable":true,"href":"https:\/\/laspalmas.md\/ru\/wp-json\/wp\/v2\/comments?post=3688"}],"version-history":[{"count":18,"href":"https:\/\/laspalmas.md\/ru\/wp-json\/wp\/v2\/pages\/3688\/revisions"}],"predecessor-version":[{"id":4000,"href":"https:\/\/laspalmas.md\/ru\/wp-json\/wp\/v2\/pages\/3688\/revisions\/4000"}],"wp:featuredmedia":[{"embeddable":true,"href":"https:\/\/laspalmas.md\/ru\/wp-json\/wp\/v2\/media\/3690"}],"wp:attachment":[{"href":"https:\/\/laspalmas.md\/ru\/wp-json\/wp\/v2\/media?parent=3688"}],"curies":[{"name":"wp","href":"https:\/\/api.w.org\/{rel}","templated":true}]}}