{"id":3639,"date":"2020-05-17T15:17:08","date_gmt":"2020-05-17T12:17:08","guid":{"rendered":"http:\/\/laspalmas.md\/?page_id=3639"},"modified":"2021-03-26T18:28:28","modified_gmt":"2021-03-26T15:28:28","slug":"egypt-marea-rosie","status":"publish","type":"page","link":"https:\/\/laspalmas.md\/ru\/egypt-marea-rosie\/","title":{"rendered":"Egypt. Marea Rosie"},"content":{"rendered":"\n<p>Marea Ro\u015fie este considerat\u0103 cel mai interesant loc din lume pentru scuba, cu cea mai bogat\u0103 faun\u0103 \u015fi flor\u0103 submarin\u0103.<\/p>\n\n\n\n<p>Via\u0163a subacvatic\u0103 spectaculoas\u0103 a M\u0103rii Ro\u015fii, cu cele peste 1500 de specii de pe\u015fti viu colora\u0163i sau superbele recifuri de corali, este f\u0103r\u0103 \u00eendoial\u0103 cea mai mare atrac\u0163ie a Egiptului.<\/p>\n\n\n\n<p>\u00cear \u00een Sharm El Sheikh sunt cele mai frumoase \u015fi spectaculoase zone pentru scuba.<\/p>\n\n\n\n<p>De exemplu, po\u0163i face scuba \u00een zonele denumite&nbsp;<strong>Gr\u0103dina Apropiat\u0103 \u015fi Gr\u0103dina Mijlocie<\/strong>, precum \u015fi \u00een spectaculoasa Gr\u0103dina \u00cendep\u0103rtat\u0103 \u015fi nu \u00een ultimul r\u00e2nd, \u00een cadrul Parcului Na\u0163ional&nbsp;Ras Muhammad, aflat la&nbsp;la 30 km sud-vest de Sharm al-Sheikh.&nbsp;La toate acestea se ajunge cu vaporul, plec\u00e2nd din portul din Sharm El Sheikh.<\/p>\n\n\n\n<p>De asemenea,<strong>&nbsp;Insula Tiran&nbsp;<\/strong>ofer\u0103 patru dintre cele mai cunoscute locuri pentru scufund\u0103ri din Marea Ro\u015fie: Jackson Reef, Woodhouse, Thomas \u015fi Reef Gordon \u2013 o enciclopedie a M\u0103rii Rosii.<\/p>\n\n\n\n<p><strong>Reciful Woodhouse<\/strong>&nbsp;este cel mai lung recif din stramtoarea Tiran, dar \u015fi cel mai pu\u0163in vizitat dintre cele patru \u015fi asta fiindc\u0103 forma sa \u00eengust\u0103 nu ofer\u0103 ad\u0103post pentru b\u0103rci. Punctul cel mai \u00eenalt al recifului \u00eencepe la suprafa\u0163a apei \u015fi coboar\u0103 p\u00e2n\u0103 la 45 m. Aici sunt crevase locuite de \u0163ipari uria\u015fi, pe\u015fti din familia&nbsp;<em>Epinephelinae \u015f<\/em>i pe\u015fti-balon venino\u015fi. L\u00e2ng\u0103 zidul recifului sunt turnuri de coral, care ad\u0103postesc molu\u015fte \u015fi pe\u015fti-\u0163eav\u0103 (din specia&nbsp;<em>Syngnathinae<\/em>). Reciful Woodhouse este ideal pentru scufund\u0103ri de suprafa\u0163\u0103 \u015fi pentru scufund\u0103torii experimenta\u0163i.<\/p>\n\n\n\n<p><strong>Jackson Reef<\/strong>&nbsp;este reciful cel mai nordic, fiind marcat la cap\u0103tul de nord de epava Lara (la ad\u00e2ncimea de 45 \u2013 120 m), iar la sud de balizele de andocare militare.<\/p>\n\n\n\n<p><strong>Reciful Thomas<\/strong>&nbsp;se afl\u0103 \u00eentre recifele Gordon si Woodhouse, fiind cel mai mic dintre cele patru, dar \u015fi cel mai colorat. Acesta are dimensiuni mici, put\u00e2nd fi explorat aproape \u00een intregime la o singur\u0103 scufundare. Zidul recifului coboar\u0103 p\u00e2na la ad\u00e2ncimi mari, partea sa de est fiind plin\u0103 de culoare \u015fi cu o mul\u0163ime de corali moi. Pe platoul cu nisip po\u0163i vedea rechini de recif cu aripioara alb\u0103. Zidul vestic este mai \u00eentunecat \u015fi mai abrupt, cu mul\u0163imi de corali negri \u015fi corali-evantai moi (<em>Gorgonacea<\/em>). Prin recif mi\u015fun\u0103 bancuri de pe\u015fti din familia&nbsp;<em>Carangidae<\/em>.<br><\/p>\n\n\n\n<p><strong>Reciful Gordon<\/strong>&nbsp;este cel mai mare dintre cele patru men\u0163ionate, iar \u00een cap\u0103tul s\u0103u nordic, deasupra recifului, se afl\u0103 epava vasului Loullia, o fregat\u0103 din Panama construit\u0103 \u00een Suedia. La cap\u0103tul sudic se afl\u0103 un platou \u00eentre 10 \u015fi 25 m ad\u00e2ncime, protejat de valuri. Aici sunt o mul\u0163ime de calcani cu pete albastre, pe\u015fti-flaut (<em>Fistularia tabacaria<\/em>), bancuri de pe\u015fti din familia&nbsp;<em>Mullidae \u015f<\/em>i puiet de pe\u015fti-napoleon. L\u00e2ng\u0103 zo\u2019na cu nisip se afl\u0103 o zon\u0103 cu coral dur \u015fi bancuri de pe\u015fti de recif: pe\u015fti-\u00eenger, pe\u015fti-fluture \u015fi pe\u015fti-papagal. Platoul se \u00eencheie cu o c\u0103dere liber\u0103, unde po\u0163i z\u0103ri pisici de mare, calcani, pe\u015fti din familia&nbsp;<em>Epinephelinae \u015f<\/em>i uneori rechini de recif cu aripioar\u0103 alb\u0103 sau rechini-ciocan.<\/p>\n\n\n\n<p><strong>EGYPT cu zbor direct din Chisinau, pentru 7 nopti in luna Aprilie.<\/strong><br><br><strong>2 copii gratuit \u00een camer\u0103 cu 2 adul\u021bi<\/strong><br><strong><br>All Inclusive<\/strong><\/p>\n\n\n\n<p><strong>SHARM EL SHEIKH<\/strong><\/p>\n\n\n\n<p>SHARM GRAND PLAZA RESORT 5* \/ AI \/&nbsp;<strong>845 eur<\/strong><\/p>\n\n\n\n<p>PARROTEL BEACH RESORT (EX. RADISSON BLU RESORT) 5* \/ AI \/&nbsp;<strong>900 eur<\/strong><\/p>\n\n\n\n<p>REHANA ROYAL BEACH RESORT AQUA PARK 5* \/ AI \/&nbsp;<strong>951 eur<\/strong><\/p>\n\n\n\n<p>CORAL SEA HOLIDAY RESORT 5* \/ AI \/&nbsp;<strong>971 eur<\/strong><\/p>\n\n\n\n<p>JAZ BELVEDERE SHARM EL SHEIKH 5* \/ AI \/&nbsp;<strong>1207 eur<\/strong><\/p>\n\n\n\n<p>MONTE CARLO SHARM EL SHEIKH RESORT 5* \/ AI \/&nbsp;<strong>1359 eur<\/strong><\/p>\n\n\n\n<p>BARON RESORT 5* \/ AI \/\u00a0<strong>1565 eur<\/strong><br><br><\/p>\n\n\n\n<p><strong>HURGHADA<\/strong><\/p>\n\n\n\n<p>GRAVITY SAMRA BAY RESORT (EX. SAMRA BAY) 5* \/ AI \/&nbsp;<strong>866 eur<\/strong><\/p>\n\n\n\n<p>GRAVITY SAHL HASHEESH (EX. OCEAN BREEZE SAHL HASHEESH) 5* \/ AI \/&nbsp;<strong>888 eur<\/strong><\/p>\n\n\n\n<p>JASMINE PALACE&nbsp;5* \/&nbsp;AI \/&nbsp;<strong>990 eur<\/strong><\/p>\n\n\n\n<p>AMARINA ABU SOMA RESORT &#038; AQUA PARK 5* \/ AI \/&nbsp;<strong>1022 eur<\/strong><\/p>\n\n\n\n<p>TITANIC PALACE SPA &#038; AQUAPARK 5* \/ AI \/&nbsp;<strong>1076 eur<\/strong><\/p>\n\n\n\n<p>JAZ AQUAMARINE RESORT 5* \/ AI \/&nbsp;<strong>1207 eur<\/strong><\/p>\n\n\n\n<p>SENTIDO MAMLOUK PALACE RESORT 5* \/ AI \/\u00a0<strong>1441 eur<\/strong><br><br><br><\/p>\n\n\n\n<p><strong>Pre\u021burile sunt indicate pentru toat\u0103 familia (2 adul\u021bi + 2 copii) \u0219i includ:<\/strong><\/p>\n\n\n\n<ul><li>Bilet de avion Chi\u0219in\u0103u &#8211; Sharm El Sheikh \/ Hurghada &#8211; Chi\u0219in\u0103u;<\/li><li>Transfer de grup aeroport &#8211; hotel &#8211; aeroport;<\/li><li>Cazarea pentru 7 nop\u021bi \u0219i 8 zile;<\/li><li>Masa conform pensiunii (AI &#8211; sistemul All Inclusive);<\/li><li>Asigurarea medical\u0103.<\/li><\/ul>\n\n\n\n<p><em>* Tarifele indicate mai sus sunt actuale. Acestea pot suferi modific\u0103ri&nbsp;av\u00e2nd&nbsp;\u00een vedere disponibilitatea de locuri&nbsp;\u00een momentul rezerv\u0103rii.<\/em><\/p>\n\n\n\n<p><\/p>\n\n\n\n<p><strong>Detalii la telefon: 023 58 40 04 |060 552 999 | 069 997 722 | 060 822 899 | 060 822 899<br>E-mail: laspalmastur@yahoo.com<\/strong><\/p>\n\n\n\n<p>*Compania isi rezerv\u0103 dreptul de a modifica pretul, in dependenta de limita locurilor disponibile.<\/p>\n","protected":false},"excerpt":{"rendered":"<p>Marea Ro\u015fie este considerat\u0103 cel mai interesant loc din lume pentru scuba, cu cea mai bogat\u0103 faun\u0103 \u015fi flor\u0103 submarin\u0103. Via\u0163a subacvatic\u0103 spectaculoas\u0103 a M\u0103rii Ro\u015fii, cu cele peste 1500 &#8230;<\/p>\n","protected":false},"author":1,"featured_media":3457,"parent":0,"menu_order":0,"comment_status":"closed","ping_status":"closed","template":"","meta":[],"_links":{"self":[{"href":"https:\/\/laspalmas.md\/ru\/wp-json\/wp\/v2\/pages\/3639"}],"collection":[{"href":"https:\/\/laspalmas.md\/ru\/wp-json\/wp\/v2\/pages"}],"about":[{"href":"https:\/\/laspalmas.md\/ru\/wp-json\/wp\/v2\/types\/page"}],"author":[{"embeddable":true,"href":"https:\/\/laspalmas.md\/ru\/wp-json\/wp\/v2\/users\/1"}],"replies":[{"embeddable":true,"href":"https:\/\/laspalmas.md\/ru\/wp-json\/wp\/v2\/comments?post=3639"}],"version-history":[{"count":27,"href":"https:\/\/laspalmas.md\/ru\/wp-json\/wp\/v2\/pages\/3639\/revisions"}],"predecessor-version":[{"id":6059,"href":"https:\/\/laspalmas.md\/ru\/wp-json\/wp\/v2\/pages\/3639\/revisions\/6059"}],"wp:featuredmedia":[{"embeddable":true,"href":"https:\/\/laspalmas.md\/ru\/wp-json\/wp\/v2\/media\/3457"}],"wp:attachment":[{"href":"https:\/\/laspalmas.md\/ru\/wp-json\/wp\/v2\/media?parent=3639"}],"curies":[{"name":"wp","href":"https:\/\/api.w.org\/{rel}","templated":true}]}}