{"id":3620,"date":"2020-05-17T00:27:56","date_gmt":"2020-05-16T21:27:56","guid":{"rendered":"http:\/\/laspalmas.md\/?page_id=3620"},"modified":"2020-05-17T00:32:14","modified_gmt":"2020-05-16T21:32:14","slug":"cehia","status":"publish","type":"page","link":"https:\/\/laspalmas.md\/ru\/cehia\/","title":{"rendered":"Cehia. Karlovy Vary, Mari\u00e1nsk\u00e9 L\u00e1zn\u011b, Podebrady"},"content":{"rendered":"\n<p><strong>Karlovy Vary<\/strong>\u00a0\u2013 cea mai popular\u0103 sta\u021biune\u00a0Ceh\u0103, cunoscut\u0103 \u00een lumea \u00eentreag\u0103 prin izvoarele sale minerale \u0219i termale.\u00a0Acesta este un loc unic, unde po\u021bi folosi miraculoasa ap\u0103 pentru \u00eembun\u0103t\u0103\u021birea s\u0103n\u0103t\u0103\u021bii, dar \u0219i s\u0103 te relaxezi de preocup\u0103rile zilnice \u0219i grijile vie\u021bii.<\/p>\n\n\n\n<p>MALTA 4*\/ HBT = de la 320 EUR\u00a0<\/p>\n\n\n\n<p>MOZART 3*\/ HBT = de la 330 EUR<\/p>\n\n\n\n<p>CAJKOVSKIJ 4*\/ HBT = de la 350 EUR<\/p>\n\n\n\n<p>HUMBOLTD 4*\/ HBT = de la 365 EUR<\/p>\n\n\n\n<p>GRANDHOTEL AMBASSADOR NARODNI DUM 4*\/ HBT = de la 380 EUR<\/p>\n\n\n\n<p><strong>Mari\u00e1nsk\u00e9 L\u00e1zn\u011b<\/strong>\u00a0este un spa multidisciplinar care trateaz\u0103 boli ale sistemului musculo-scheletic, rinichilor \u0219i tractului urinar, ale sistemului respirator, tractului gastrointestinal, sistemului cardiovascular, bolilor neurologice \u0219i ginecologice, tulbur\u0103rilor metabolice \u0219i realizeaz\u0103 reabilitare post-oncologic\u0103. Cert este c\u0103 factorii naturali ai sta\u021biunii (apa mineral\u0103, noroiul de turb\u0103 \u0219i dioxidul de carbon CO2) au un efect asupra diferitelor organe \u0219i sisteme interne ale organismului, ceea ce \u00eenseamn\u0103 c\u0103 pot trata diferite boli.<\/p>\n\n\n\n<p>PARIS 3*\/ HBR = de la 285 Eur<\/p>\n\n\n\n<p>BOHEMIA OREA SPA HOTELL 4*\/ HBR = de la 305 Eur<\/p>\n\n\n\n<p>ANGLICKY DVUR OREA HOTEL 4*\/ HBT = de la 335 Eur<\/p>\n\n\n\n<p>RESIDENCE ROMANZA\u00a04*\/ HBR =de la 355 Eur<\/p>\n\n\n\n<p>SAN REMO HOTEL 4*\/ HBR = de la 420 Eur<\/p>\n\n\n\n<p>Sta\u021biunea\u00a0<strong>Podebrady<\/strong>\u00a0este situat\u0103 la 50 km est de Praga, pe malurile r\u00e2ului Elba. Pozi\u021bia relativ sc\u0103zut\u0103 deasupra nivelului m\u0103rii (189 m), peisajul plat, climatul temperat pe tot parcursul anului \u0219i, desigur, o abunden\u021b\u0103 de izvoare minerale au f\u0103cut-o foarte popular\u0103 \u00een r\u00e2ndul pacien\u021bilor cu boli ale sistemului cardiovascular.<\/p>\n\n\n\n<p>LIBUSE 3*\/ HBR = de la 285 Eur<\/p>\n\n\n\n<p>ZAMECEK 4*\/ HBR = de la 350 Eur<\/p>\n\n\n\n<p>BELLEVUE TLAPAK 4*\/ HBR = de la 375 Eur<\/p>\n\n\n\n<p>FELICITAS\u00a04*\/ HBR = de la 565 Eur<\/p>\n\n\n\n<p><strong>Pretul include:<\/strong><\/p>\n\n\n\n<p>&#8211; Cazare 7 nopti\/ 8 zile<\/p>\n\n\n\n<p>&#8211; Masa: HBT\/R (mic dejun + cina + tratament\/ relax)<\/p>\n\n\n\n<p>&#8211; Asigurare medicala<\/p>\n\n\n\n<p><strong>Detalii la telefon: 023 58 40 04 |060 552 999 | 069 997 722 | 060 822 899 | 060 822 899<br> E-mail: laspalmastur@yahoo.com<\/strong><\/p>\n\n\n\n<p>*Compania isi rezerv\u0103 dreptul de a modifica pretul.<\/p>\n","protected":false},"excerpt":{"rendered":"<p>Karlovy Vary\u00a0\u2013 cea mai popular\u0103 sta\u021biune\u00a0Ceh\u0103, cunoscut\u0103 \u00een lumea \u00eentreag\u0103 prin izvoarele sale minerale \u0219i termale.\u00a0Acesta este un loc unic, unde po\u021bi folosi miraculoasa ap\u0103 pentru \u00eembun\u0103t\u0103\u021birea s\u0103n\u0103t\u0103\u021bii, dar \u0219i &#8230;<\/p>\n","protected":false},"author":1,"featured_media":3623,"parent":0,"menu_order":0,"comment_status":"closed","ping_status":"closed","template":"","meta":[],"_links":{"self":[{"href":"https:\/\/laspalmas.md\/ru\/wp-json\/wp\/v2\/pages\/3620"}],"collection":[{"href":"https:\/\/laspalmas.md\/ru\/wp-json\/wp\/v2\/pages"}],"about":[{"href":"https:\/\/laspalmas.md\/ru\/wp-json\/wp\/v2\/types\/page"}],"author":[{"embeddable":true,"href":"https:\/\/laspalmas.md\/ru\/wp-json\/wp\/v2\/users\/1"}],"replies":[{"embeddable":true,"href":"https:\/\/laspalmas.md\/ru\/wp-json\/wp\/v2\/comments?post=3620"}],"version-history":[{"count":7,"href":"https:\/\/laspalmas.md\/ru\/wp-json\/wp\/v2\/pages\/3620\/revisions"}],"predecessor-version":[{"id":3629,"href":"https:\/\/laspalmas.md\/ru\/wp-json\/wp\/v2\/pages\/3620\/revisions\/3629"}],"wp:featuredmedia":[{"embeddable":true,"href":"https:\/\/laspalmas.md\/ru\/wp-json\/wp\/v2\/media\/3623"}],"wp:attachment":[{"href":"https:\/\/laspalmas.md\/ru\/wp-json\/wp\/v2\/media?parent=3620"}],"curies":[{"name":"wp","href":"https:\/\/api.w.org\/{rel}","templated":true}]}}