{"id":3593,"date":"2020-05-17T00:08:31","date_gmt":"2020-05-16T21:08:31","guid":{"rendered":"http:\/\/laspalmas.md\/?page_id=3593"},"modified":"2021-03-11T10:18:12","modified_gmt":"2021-03-11T07:18:12","slug":"ungaria-heviz","status":"publish","type":"page","link":"https:\/\/laspalmas.md\/ru\/ungaria-heviz\/","title":{"rendered":"UNGARIA, HEVIZ"},"content":{"rendered":"\n<p><strong>Un lac vindec\u0103tor rar, activ biologic<\/strong><\/p>\n\n\n\n<p><strong>H\u00e9v\u00edz<\/strong>&nbsp;are o concentra\u021bie mare de elemente terapeutice naturale. Apa mineral\u0103 termal\u0103 a sta\u021biunii, n\u0103molul din lac, aerul aromatic \u0219i o clim\u0103 cald\u0103 \u00een tot timpul anului constituie fundamentul tratamentelor care vizeaz\u0103 o lung\u0103 list\u0103 de afec\u021biuni:<br>&#8211; Tulbur\u0103ri reumatice<br>&#8211; Afec\u021biuni ale sistemului nervos \u0219i circulator<br>&#8211; Afec\u021biuni musculo-scheletice, plus programe de reabilitare \u0219i preven\u021bie<br>&#8211; Boli digestive \u0219i ale stomacului<br>&#8211; Afec\u021biuni ginecologice<br>&#8211; Boli de piele<\/p>\n\n\n\n<p><strong>Pre\u021b \u00een EUR per persoana in camera dubl\u0103:<\/strong><\/p>\n\n\n\n<p>MAJERIK HOTEL 3*, HB =\u00a0de la <strong>240 EUR<\/strong><\/p>\n\n\n\n<p>NAPSUGAR HOTEL 3*, HB =\u00a0de la <strong>270 EUR<\/strong><\/p>\n\n\n\n<p>AQUAMARIN 3*, HB =\u00a0de la <strong>285 EUR<\/strong><\/p>\n\n\n\n<p>CE QUELLE 4*, HB = de la\u00a0<strong>280 EUR<\/strong><\/p>\n\n\n\n<p>HUNGEST HOTEL PANORAMA 3*, HB =\u00a0de la <strong>315 EUR<\/strong><\/p>\n\n\n\n<p>HUNGEST HELIOS BENJAMIN 3*, HB =\u00a0de la <strong>400 EUR<\/strong><\/p>\n\n\n\n<p>SPA HOTEL HEVIZ 4*, HB =\u00a0de la <strong>410 EUR<\/strong><\/p>\n\n\n\n<p>BONVITAL WELLNESS RESORT 4*, HB =\u00a0de la <strong>460 EUR<\/strong><\/p>\n\n\n\n<p>ENSANA THERMAL HEVIZ 4*, HB =\u00a0de la <strong>505 EUR<\/strong><\/p>\n\n\n\n<p>EUROPA FIT HOTEL 4*, HB =\u00a0de la <strong>520 EUR<\/strong><\/p>\n\n\n\n<p>NATURMED HOTEL CARBONA 4*, HB =\u00a0de la <strong>565 EUR<\/strong><\/p>\n\n\n\n<p>LOTUS THERME HOTEL &#038; SPA, HB =\u00a0de la <strong>625 EUR<\/strong><br><\/p>\n\n\n\n<p><strong>Pre\u021burile includ:<\/strong><br>&#8211; cazare 7 nop\u021bi \/ 8 zile<br>&#8211; pensiune mic dejun +&nbsp;cina<br>&#8211; tax\u0103 de sta\u021biune<br>&#8211; asigurare medical\u0103<\/p>\n\n\n\n<p><strong>Adi\u021bional se achit\u0103:<br><\/strong>&#8211; pachet de proceduri de la 95 EUR\/ pers\/ 6 proceduri<br>&#8211; intrare la lacul termal 28 EUR\/ bilet\/ 10 ore<strong><br><\/strong><\/p>\n\n\n\n<p><strong>Detalii\u00a0la\u00a0telefon:\u00a0<\/strong>023 58 40 04 |060 552 999 | 069 997 722 | 060 822 899 | 060 822 899<br><strong>E-mail: laspalmastur@yahoo.com<\/strong><br><br>*Preturile se pot modifica, in dependenta de numarul locurilor libere ramase.<\/p>\n","protected":false},"excerpt":{"rendered":"<p>Un lac vindec\u0103tor rar, activ biologic H\u00e9v\u00edz&nbsp;are o concentra\u021bie mare de elemente terapeutice naturale. Apa mineral\u0103 termal\u0103 a sta\u021biunii, n\u0103molul din lac, aerul aromatic \u0219i o clim\u0103 cald\u0103 \u00een tot &#8230;<\/p>\n","protected":false},"author":1,"featured_media":3618,"parent":0,"menu_order":0,"comment_status":"closed","ping_status":"closed","template":"","meta":[],"_links":{"self":[{"href":"https:\/\/laspalmas.md\/ru\/wp-json\/wp\/v2\/pages\/3593"}],"collection":[{"href":"https:\/\/laspalmas.md\/ru\/wp-json\/wp\/v2\/pages"}],"about":[{"href":"https:\/\/laspalmas.md\/ru\/wp-json\/wp\/v2\/types\/page"}],"author":[{"embeddable":true,"href":"https:\/\/laspalmas.md\/ru\/wp-json\/wp\/v2\/users\/1"}],"replies":[{"embeddable":true,"href":"https:\/\/laspalmas.md\/ru\/wp-json\/wp\/v2\/comments?post=3593"}],"version-history":[{"count":10,"href":"https:\/\/laspalmas.md\/ru\/wp-json\/wp\/v2\/pages\/3593\/revisions"}],"predecessor-version":[{"id":4008,"href":"https:\/\/laspalmas.md\/ru\/wp-json\/wp\/v2\/pages\/3593\/revisions\/4008"}],"wp:featuredmedia":[{"embeddable":true,"href":"https:\/\/laspalmas.md\/ru\/wp-json\/wp\/v2\/media\/3618"}],"wp:attachment":[{"href":"https:\/\/laspalmas.md\/ru\/wp-json\/wp\/v2\/media?parent=3593"}],"curies":[{"name":"wp","href":"https:\/\/api.w.org\/{rel}","templated":true}]}}