{"id":3575,"date":"2020-05-16T21:03:05","date_gmt":"2020-05-16T18:03:05","guid":{"rendered":"http:\/\/laspalmas.md\/?page_id=3575"},"modified":"2021-03-10T16:31:32","modified_gmt":"2021-03-10T13:31:32","slug":"ungaria-hajduszoboszlo","status":"publish","type":"page","link":"https:\/\/laspalmas.md\/ru\/ungaria-hajduszoboszlo\/","title":{"rendered":"UNGARIA, Hajduszoboszlo"},"content":{"rendered":"\n<p><br>Sta\u021biunea balnear\u0103\u00a0<strong>Hajd\u00faszoboszl\u00f3<\/strong><br>Cel mai mare complex acvatic din Europa cu aria 30 ha+, cu capacitatea de circa 25 000 persoane, unde se respect\u0103 standartele Europene de calitate renumit\u0103 la nivel interna\u021bional av\u00eend ca proprietar prim\u0103ria ora\u0219ului 98% \u0219i 2% angajatorii.<\/p>\n\n\n\n<p><strong>Apa termal\u0103 se recomand\u0103 la urmatoarele afec\u021biuni:<\/strong><\/p>\n\n\n\n<p>Poliartrit\u0103&nbsp;<br>Artrite<br>Spondiloz\u0103<br>Nevralgii, neurite<br>Tratamente ale paraliziilor si hemoragiilor cerebrale sau alte tipuri de paralizii<br>Myalgii<br>Cure suplimentare ale traumatismelor provenite din accidente<br>Fracturi &#8211; ajut\u0103 la formarea callusului.<br>Unele forme al arterosclerozei<br>Afec\u0163iuni ginecologice, sterilitate<br>Afec\u0163iuni dermatologice (eczeme, psoriazis, prurit)<\/p>\n\n\n\n<p><strong>Posibilit\u0103\u021bile Complexului<\/strong><\/p>\n\n\n\n<p>1.Pe\u0219ter\u0103 de&nbsp;<a href=\"https:\/\/ro.wikipedia.org\/wiki\/Stalactite\">stalactite<\/a>&nbsp;\u0219i&nbsp;<a href=\"https:\/\/ro.wikipedia.org\/wiki\/Stalagmite\">stalagmite<\/a>.<br>2.Pe\u0219ter\u0103 de ghea\u021b\u0103.<br>3.Piscin\u0103 cu ap\u0103 termal\u0103&nbsp;<a href=\"https:\/\/ro.wikipedia.org\/wiki\/P%C3%A1vai-Vajna_Ferenc\">P\u00e1vai-Vajna<\/a>.<br>4.Baie Kneipp \u0219i Jacuzzi.<br>5.Baby World &#8211; varietate de piscine pentru bebelu\u0219i cu ap\u0103 diluat\u0103.<br>6.Topogane \u0219i zon\u0103 special amenajat\u0103 pentru copii.<br>7.Servicii wellness \u0219i spa cu peste 30 tipuri de masaje.<br>8.Piscin\u0103 de \u00eenot (25m).<br>9.Complex de saune, comun\u0103 \u0219i privat\u0103.<br>10.Cursuri de surfing \u0219i diferite servicii sportive ca squash, spinning, etc.<\/p>\n\n\n\n<p><strong>Aqua Park<\/strong><br>Cu 9 topogane de 12 m, 6 topogane de 20 m, 6 topogane extreme, mini topogane pentru copii cu castel \u00een ap\u0103.<\/p>\n\n\n\n<p><strong>B\u0103ile termale<\/strong><br>Cu 5 piscine \u00een exterior \u0219i 3 acoperite, deschise anul \u00eemprejur cu o varietate vast\u0103 de masaje acvatice.&nbsp;<\/p>\n\n\n\n<p><strong>Hungarospa Thermal Hotel 3+<\/strong><br><br>04.01.2021-30.04.2021 <br><br>7 nopti = de la 308 eur\/pers in camera dubla<br>14 nopti = de la 575 eur\/pers in camera dubla<br><br><strong>Pretul include: <\/strong><br><br>Cazarea<br>Mas\u0103: Mic dejun + Cina (Buffet Suedez)<br>Halat de baie\u00a0<br>Saun\u0103 finlandez\u0103, saun\u0103 cu infraro\u0219u \u0219i abur \u00een hotel\u00a0<br>Intrarea nelimitat\u0103 la Palatul Aqua Palace (23 piscine + lumea copiilor)\u00a0<br>Intrarea nelimitat\u0103 la B\u0103ile termale de la hotel (3 piscine interioare + 1 exterioar\u0103)\u00a0<br>Intrarea nelimitat\u0103 la B\u0103ile termale Or\u0103\u0219ene\u0219ti (4 piscine exterioare + 3 piscine interioare)\u00a0<br>Intrarea nelimitat\u0103 la Piscine Olimpic\u0103 &#8211; Arpad (50m &#8211; 8 bande)<\/p>\n\n\n\n<p><strong>Bar\u00e1ts\u00e1g Spa &#038; Wellness Hotel 3*<\/strong><br><br><strong>Low Season <\/strong><br>02.01 \u2013 08.07.2021<br>22.08 \u2013 23.12.2021<br><br>Duminica-Miercuri =  de la 80 eur\/pers\/1 nopate<br>Joi-Simbata = de la 88 eur\/pers\/1 nopate<br><br><strong>High Season<\/strong><br>02.04 \u2013 05.04.2021<br>09.07 \u2013 21.08.2021<br>24.12.2021 \u2013 01.01.2022<br><br>Duminica-Miercuri =  de la 105 eur\/pers\/1 nopate<br>Joi-Simbata = de la 115 eur\/pers\/1 nopate<br><br>Cazarea in numar dublu<br>Taxa de sta\u021biune<br>Mas\u0103: Mic dejun \u0219i Cin\u0103 (buffet Suedez)<br>Halat de baie<br>Centru SPA gratuit \u00een hotel.<br><\/p>\n\n\n\n<p><strong>Suplimentar se achit\u0103 pachet de tratament Balneo-fizioterapeutic la alegere:<\/strong><\/p>\n\n\n\n<p>\u2022 Cura&nbsp;<strong>&#8220;Start&#8221;<\/strong>&nbsp;de 7 zile &#8211; o consulta\u021bie medical\u0103 + un control medical + 5 tratamente<strong>&nbsp;&#8211; de la 90 EUR<\/strong><br>\u2022 Cura&nbsp;<strong>&#8220;Mica&#8221;<\/strong>&nbsp;de 7 zile &#8211; o consulta\u021bie medical\u0103 + un control medical + 10 tratamente<strong>&nbsp;&#8211; de la 125 EUR<\/strong><br>\u2022 Cura&nbsp;<strong>&#8220;Mare&#8221;<\/strong>&nbsp;de 7 zile &#8211; o consulta\u021bie medical\u0103 + un control medical + 15 tratamente<strong>&nbsp;&#8211; de la 150 EUR<\/strong><\/p>\n\n\n\n<p>Detalii la telefon: 023 58 40 04 |060 552 999 | 069 997 722 | 060 822 899 | 060 822 899<br>\nE-mail: laspalmastur@yahoo.com<\/p>\n\n\n\n<p>*Preturile se pot modifica, in dependenta de numarul locurilor libere ramase.<\/p>\n","protected":false},"excerpt":{"rendered":"<p>Sta\u021biunea balnear\u0103\u00a0Hajd\u00faszoboszl\u00f3Cel mai mare complex acvatic din Europa cu aria 30 ha+, cu capacitatea de circa 25 000 persoane, unde se respect\u0103 standartele Europene de calitate renumit\u0103 la nivel interna\u021bional &#8230;<\/p>\n","protected":false},"author":1,"featured_media":3577,"parent":0,"menu_order":0,"comment_status":"closed","ping_status":"closed","template":"","meta":[],"_links":{"self":[{"href":"https:\/\/laspalmas.md\/ru\/wp-json\/wp\/v2\/pages\/3575"}],"collection":[{"href":"https:\/\/laspalmas.md\/ru\/wp-json\/wp\/v2\/pages"}],"about":[{"href":"https:\/\/laspalmas.md\/ru\/wp-json\/wp\/v2\/types\/page"}],"author":[{"embeddable":true,"href":"https:\/\/laspalmas.md\/ru\/wp-json\/wp\/v2\/users\/1"}],"replies":[{"embeddable":true,"href":"https:\/\/laspalmas.md\/ru\/wp-json\/wp\/v2\/comments?post=3575"}],"version-history":[{"count":21,"href":"https:\/\/laspalmas.md\/ru\/wp-json\/wp\/v2\/pages\/3575\/revisions"}],"predecessor-version":[{"id":4007,"href":"https:\/\/laspalmas.md\/ru\/wp-json\/wp\/v2\/pages\/3575\/revisions\/4007"}],"wp:featuredmedia":[{"embeddable":true,"href":"https:\/\/laspalmas.md\/ru\/wp-json\/wp\/v2\/media\/3577"}],"wp:attachment":[{"href":"https:\/\/laspalmas.md\/ru\/wp-json\/wp\/v2\/media?parent=3575"}],"curies":[{"name":"wp","href":"https:\/\/api.w.org\/{rel}","templated":true}]}}