{"id":3564,"date":"2020-05-16T20:54:36","date_gmt":"2020-05-16T17:54:36","guid":{"rendered":"http:\/\/laspalmas.md\/?page_id=3564"},"modified":"2020-05-17T00:15:11","modified_gmt":"2020-05-16T21:15:11","slug":"baile-govora","status":"publish","type":"page","link":"https:\/\/laspalmas.md\/ru\/baile-govora\/","title":{"rendered":"B\u0103ile Govora"},"content":{"rendered":"\n<p><strong>Localizare:<\/strong>&nbsp;Situata in Judetul Valcea, in regiunea depresiunii sub-carpatice,&nbsp;<strong>Statiunea Baile Govora<\/strong>prezinta numeroase avantaje, de la proprietatile terapeutice ale factorilor naturali (aerul \u0219i apa), care au transformat statiunea intr-o destinatie de top pentru balneoterapie, continuand cu atractiile turistice (arhitectura, manastiri) si nu in ultimul rand cu zonele renumite pentru iubitorii de vin (Dragasani).<\/p>\n\n\n\n<p><strong>Tratament si relaxare:<\/strong>&nbsp;In statiunea Baile Govora turistii pot beneficia de cura de tratament balnear, pentru afectiuni respiratorii, reumatice sau digestive dar si de relaxare, aceasta statiune fiind o alegere excelenta pentru toate varstele.<\/p>\n\n\n\n<p><strong>Baza de tratament balnear dispune de:<\/strong>&nbsp;cabinet inhala\u0163ii, camer\u0103 pulveriza\u0163ii, aerosoli individuali, electrofizioterapie, magnetoterapie, bazin balnea\u0163ie cu ape minerale iodurate, termoterapie cu parafin\u0103, electrofizioterapie, masaj terapeutic, sal\u0103 multifunctional\u0103 kinetoterapie, individual\u0103 \u015fi de grup, cabinet hidroterapie cu b\u0103i galvanice.<\/p>\n\n\n\n<p><\/p>\n\n\n\n<h6>Tratament B\u0103ile Govora<\/h6>\n\n\n\n<ol><li>Afectiuni cardiace (<a rel=\"noreferrer noopener\" href=\"http:\/\/bailegovora.ro\/\" target=\"_blank\">Primul Wellnes CardioMetabolic din Romania<\/a>)<\/li><li>Factori naturali de cura<\/li><li>Ape minerale de mare concentratie, iodurate, bromurate, sulfuroase, clorurate, sodice, hipertone<\/li><li>Ape minerale sulfuroase hipotone<\/li><li>Ape minerale bicarbonatate, sulfuroase, sodice, calcice, hipotone<\/li><li>Baile Govora este una din cele mai bogate statiuni in ape iodurate si bromurate din Europa, iodul si bromul fiind de origine organica.<\/li><li>Profilul terapeutic al Statiunii Baile Govora<\/li><li>Respirator, reumatismal.<\/li><li>Indicatii terapeutice<\/li><li>Statiunea Baile Govora este recomandata in tratarea si recuperarea urmatoarelor afectiuni:<\/li><li>Afectiunilor respiratorii<\/li><li>Ultrasonoaerosoli, pulverizatii, inhalatii cu ape minerale, electroterapie, kinetoterapie<\/li><li>Afectiunilor ale aparatului locomotor<\/li><li>Bai cu ape minerale (bromiodurate, sulfuroase), bai esenta de brad, bai galvanice, dus subacval, electroterapie, termoterapie.<\/li><li>Afectiuni O.R.L.<\/li><li>Ultrasonoaerosoli, pulverizatii, inhalatii cu ape minerale, electroterapie<\/li><li>Afectiuni asociate<\/li><li>Electroterapie, hidroterapie, kinetoterapie, cura de teren<\/li><li>Afectiuni digestive si renale<\/li><li>Crenoterapie<\/li><li><strong>CEA MAI MARE SALINA DIN ROMANIA !!!<\/strong><\/li><\/ol>\n\n\n\n<p><strong>Pre\u021burile sunt actuale la data public\u0103rii <\/strong><\/p>\n\n\n\n<ul><li>pre\u021burile sunt indicate de persoan\u0103 \u00een camer\u0103 dubl\u0103<\/li><\/ul>\n\n\n\n<ul><li>este posibil\u0103 cazarea pentru 5 nop\u021bi<\/li><\/ul>\n\n\n\n<hr class=\"wp-block-separator\"\/>\n\n\n\n<p class=\"has-text-color has-vivid-red-color\"><strong>HOTEL Palace&nbsp; 4* &#8211; cu mic dejun<\/strong><\/p>\n\n\n\n<p><strong>DOTARI SI FACILITATI GENERALE HOTEL PALACE ****<\/strong><\/p>\n\n\n\n<ul><li>Bar<\/li><li>Baz\u0103 de Tratament<\/li><li>Centru SPA<\/li><li>Facilit\u0103\u021bi persoane cu dizabilit\u0103\u021bi<\/li><li>Lift<\/li><li>Parcare<\/li><li>Restaurant<\/li><li>Room Service<\/li><li>Sal\u0103 de Conferin\u021be<\/li><li>Sal\u0103 Fitness<\/li><li>Salon Cosmetic\u0103<\/li><li>Saun\u0103<\/li><li>Solar<\/li><li>Terase<\/li><\/ul>\n\n\n\n<p>Iunie &#8211; de la 302 EUR<\/p>\n\n\n\n<p>Iulie &#8211; de la 302 EUR<\/p>\n\n\n\n<p>August &#8211; de la 302 EUR<\/p>\n\n\n\n<p>Septembrie \u2013 de la 302 EUR<\/p>\n\n\n\n<p>Octombrie \u2013 de la  242 EUR<\/p>\n\n\n\n<p>Noiembrie \u2013 de la  242 EUR<\/p>\n\n\n\n<p>Decembrie \u2013  de la 242 EUR<\/p>\n\n\n\n<hr class=\"wp-block-separator\"\/>\n\n\n\n<p>Preturile sunt indicate de persoana cu cazare , masa conform programului si asigurare medicala .<\/p>\n\n\n\n<p class=\"has-text-color has-vivid-red-color\"><strong>Cele mai avantajoase preturi pentru cazare in Sovata, le gasiti in motorul de cautare de pe pagina principala a site-ului nostru, alegind destinatia ROMANIA.<\/strong><\/p>\n\n\n\n<p>Detalii la telefon: 023 58 40 04 |060 552 999 | 069 997 722 | 060 822 899 | 060 822 899<br>\nE-mail: laspalmastur@yahoo.com<\/p>\n\n\n\n<p>*Compania isi rezerv\u0103 dreptul de a modifica pretul.<\/p>\n","protected":false},"excerpt":{"rendered":"<p>Localizare:&nbsp;Situata in Judetul Valcea, in regiunea depresiunii sub-carpatice,&nbsp;Statiunea Baile Govoraprezinta numeroase avantaje, de la proprietatile terapeutice ale factorilor naturali (aerul \u0219i apa), care au transformat statiunea intr-o destinatie de top &#8230;<\/p>\n","protected":false},"author":1,"featured_media":3566,"parent":0,"menu_order":0,"comment_status":"closed","ping_status":"closed","template":"","meta":[],"_links":{"self":[{"href":"https:\/\/laspalmas.md\/ru\/wp-json\/wp\/v2\/pages\/3564"}],"collection":[{"href":"https:\/\/laspalmas.md\/ru\/wp-json\/wp\/v2\/pages"}],"about":[{"href":"https:\/\/laspalmas.md\/ru\/wp-json\/wp\/v2\/types\/page"}],"author":[{"embeddable":true,"href":"https:\/\/laspalmas.md\/ru\/wp-json\/wp\/v2\/users\/1"}],"replies":[{"embeddable":true,"href":"https:\/\/laspalmas.md\/ru\/wp-json\/wp\/v2\/comments?post=3564"}],"version-history":[{"count":9,"href":"https:\/\/laspalmas.md\/ru\/wp-json\/wp\/v2\/pages\/3564\/revisions"}],"predecessor-version":[{"id":3604,"href":"https:\/\/laspalmas.md\/ru\/wp-json\/wp\/v2\/pages\/3564\/revisions\/3604"}],"wp:featuredmedia":[{"embeddable":true,"href":"https:\/\/laspalmas.md\/ru\/wp-json\/wp\/v2\/media\/3566"}],"wp:attachment":[{"href":"https:\/\/laspalmas.md\/ru\/wp-json\/wp\/v2\/media?parent=3564"}],"curies":[{"name":"wp","href":"https:\/\/api.w.org\/{rel}","templated":true}]}}