{"id":3553,"date":"2020-05-16T20:44:15","date_gmt":"2020-05-16T17:44:15","guid":{"rendered":"http:\/\/laspalmas.md\/?page_id=3553"},"modified":"2020-05-17T00:14:50","modified_gmt":"2020-05-16T21:14:50","slug":"baile-felix","status":"publish","type":"page","link":"https:\/\/laspalmas.md\/ru\/baile-felix\/","title":{"rendered":"B\u0103ile Felix"},"content":{"rendered":"\n<p>Informa\u021bii generale<br>Este una dintre cele mai mari sta\u0163iuni balneo-climaterice din Rom\u00e2nia cu func\u0163ionare permanent\u0103. Sta\u0163iunea B\u0103ile Felix este situat\u0103 \u00een jude\u0163ul Bihor, la 8 km distan\u0163\u0103 de Oradea \u015fi la 22 km distan\u0163\u0103 de vama Bor\u015f prin care se face trecerea c\u0103tre Ungaria.<br>Aici se g\u0103sesc ape termale, o baz\u0103 de tratament optim\u0103, condi\u0163ii de relaxare. Temperatura apelor termale este \u00eentre 20-49 grade Celsius.<br>\u00cen sta\u0163iunea Felix se poate vedea Nuf\u0103rul alb, aici sunt lacuri artificiale termale \u00een care sunt c\u00e2teva specii de lotu\u015fi aclimatiza\u0163i dup\u0103 ce au fost adu\u015fi din alte \u0163\u0103ri unde cresc \u00een mod natural.<br>\u00cen lacurile artificiale din sta\u021biune, pe l\u00eeng\u0103 plante se g\u0103sesc \u015fi numeroase specii de pe\u015fti av\u00e2nd m\u0103rimi si culori diferite.<br>Indica\u0163ii terapeutice<br>\u2013 Afec\u021biuni reumatismale inflamatorii ( poliartrita reumadoid\u0103, spondiloza anchilozanta)<br>\u2013 Afec\u021biuni reumatismale degenerative (spondiloza cervical\u0103, dorsal\u0103 \u0219i lombar\u0103, poliartroz\u0103 )<br>\u2013 Afec\u021biuni reumatismale abarticulare<br>\u2013 Afec\u021biuni post-traumatice<br>\u2013 Afec\u021biuni neurologice periferice<br>\u2013 Afec\u021biuni neurologice centrale<br>\u2013 Afec\u021biuni ginecologice<br>\u2013 Afec\u021biuni asociate (boli de nutri\u021bie \u0219i metabolism, boli endocrine).<br>Resurse de tratament<br>Instala\u0163ii pentru b\u0103i la cad\u0103, instala\u0163ii pentru aplica\u021bii calde cu n\u0103mol \u0219i parafin\u0103, bazine cu apa termal\u0103, instala\u021bii pentru elonga\u021bii sub ap\u0103, instala\u021bii pentru electroterapie \u0219i hidro terapie, saun\u0103, piscine acoperite \u015fi \u00een aer liber, s\u0103li de gimnastic\u0103 medical\u0103.<br>Proceduri<br>\u2013 Kinetoterapie<br>\u2013 B\u0103i calde cu ape minerale \u00een c\u0103zi \u015fi bazine<br>\u2013 Electroterapie<br>\u2013 Hidroterapie<br>\u2013 Aerohelioterapie \u00een bazine deschise cu apa termala<br>\u2013 Aerosoli<br>\u2013 Gimnastic\u0103 medical\u0103<br>\u2013 Bai de lumin\u0103<br>\u2013 Saun\u0103<br>\u2013 Cosmetic\u0103.<br>Contraindica\u0163ii<br>\u2013 Boli infecto-contagioase<br>\u2013 Boli venerice<br>\u2013 Tumori maligne<br>\u2013 Hemoragii<br>\u2013 Boli psihice<br>Transport: ruta Chi\u0219in\u0103u \u2013 Bucure\u0219ti, transfer Bucure\u0219ti \u2013 Oradea \u2013 B\u0103ile Felix sau alte.<\/p>\n\n\n\n<p><strong>Nufarul 3 *<\/strong><\/p>\n\n\n\n<p>Iunie &nbsp;-HB \u2013 de la 339 EUR<\/p>\n\n\n\n<p>Iulie \u2013 HB \u2013  de la 429 EUR<\/p>\n\n\n\n<p>August &nbsp;&nbsp;FB \u2013 de la 429 EUR<\/p>\n\n\n\n<p>Septembrie &nbsp;FB \u2013de la  409 EUR<\/p>\n\n\n\n<p>Octombrie \u2013 HB \u2013 de la 302 EUR<\/p>\n\n\n\n<p>Noiembrie \u2013 HB \u2013 de la 289 EUR<\/p>\n\n\n\n<p>Decembrie \u2013&nbsp; HB -de la 289 EUR<\/p>\n\n\n\n<p><strong>Termal&nbsp; 3*<\/strong><\/p>\n\n\n\n<p>&nbsp;Iunie \u2013 HB \u2013de la 348 EUR<\/p>\n\n\n\n<p>&nbsp;Iulie \u2013 HB \u2013 de la 348 EUR<\/p>\n\n\n\n<p>August \u2013 HB \u2013 de la 403 EUR<\/p>\n\n\n\n<p>Septembrie \u2013 HB \u2013 de la 332 EUR<\/p>\n\n\n\n<p>Octombrie \u2013&nbsp; HB -de la 322 EUR<\/p>\n\n\n\n<p>Noiembrie \u2013&nbsp; HB \u2013 de la 322 EUR<\/p>\n\n\n\n<p>Decembrie \u2013 HB \u2013 de la 322 EUR<\/p>\n\n\n\n<p><strong>President 4*&nbsp;<\/strong><\/p>\n\n\n\n<p>Iunie- HB \u2013 de la 379 EUR<\/p>\n\n\n\n<p>Iulie- HB \u2013 de la  379 EUR<\/p>\n\n\n\n<p>August- HB \u2013 de la 379 EUR<\/p>\n\n\n\n<p>Septembrie -HB \u2013 de la 379 EUR<\/p>\n\n\n\n<p>Octombrie- BB \u2013 de la 288 EUR<\/p>\n\n\n\n<p>Noiembrie- BB \u2013de la  288 EUR<\/p>\n\n\n\n<p>Decembrie -BB -de la 288 EUR<\/p>\n\n\n\n<p><strong>International 4*&nbsp;<\/strong><\/p>\n\n\n\n<p>Iunie- HB \u2013 de la 378 EUR<\/p>\n\n\n\n<p>Iulie- FB \u2013 de la 519 EUR<\/p>\n\n\n\n<p>August- FB \u2013 de la 519 EUR<\/p>\n\n\n\n<p>Septembrie -FB \u2013 de la 502 EUR<\/p>\n\n\n\n<p>Octombrie- HB \u2013 de la 378 EUR<\/p>\n\n\n\n<p>Noiembrie -HB \u2013 de la 362 EUR<\/p>\n\n\n\n<p>Decembrie -HB \u2013de la  362 EUR<\/p>\n\n\n\n<p><strong>Lotus Therm 5*<\/strong><\/p>\n\n\n\n<p>Iunie- HB \u2013 de la 389 EUR<\/p>\n\n\n\n<p>Iulie -HB \u2013 de la 608 EUR<\/p>\n\n\n\n<p>August- HB \u2013de la  608 EUR<\/p>\n\n\n\n<p>Septembrie- HB \u2013 de la  609 EUR<\/p>\n\n\n\n<p>Octombrie- HB \u2013 de la 578 EUR<\/p>\n\n\n\n<p>Noiembrie -HB \u2013 de la 568 EUR<\/p>\n\n\n\n<p>Decembrie- HB \u2013 de la 568 EUR<\/p>\n\n\n\n<p class=\"has-text-color has-vivid-red-color\"><strong>Cele mai avantajoase preturi pentru cazare in Sovata, le gasiti in motorul de cautare de pe pagina principala a site-ului nostru, alegind destinatia ROMANIA.<\/strong><\/p>\n\n\n\n<p>Detalii la telefon: 023 58 40 04 |060 552 999 | 069 997 722 | 060 822 899 | 060 822 899<br>\nE-mail: laspalmastur@yahoo.com<\/p>\n\n\n\n<p>*Compania isi rezerv\u0103 dreptul de a modifica pretul.<\/p>\n","protected":false},"excerpt":{"rendered":"<p>Informa\u021bii generaleEste una dintre cele mai mari sta\u0163iuni balneo-climaterice din Rom\u00e2nia cu func\u0163ionare permanent\u0103. Sta\u0163iunea B\u0103ile Felix este situat\u0103 \u00een jude\u0163ul Bihor, la 8 km distan\u0163\u0103 de Oradea \u015fi la &#8230;<\/p>\n","protected":false},"author":1,"featured_media":3555,"parent":0,"menu_order":0,"comment_status":"closed","ping_status":"closed","template":"","meta":[],"_links":{"self":[{"href":"https:\/\/laspalmas.md\/ru\/wp-json\/wp\/v2\/pages\/3553"}],"collection":[{"href":"https:\/\/laspalmas.md\/ru\/wp-json\/wp\/v2\/pages"}],"about":[{"href":"https:\/\/laspalmas.md\/ru\/wp-json\/wp\/v2\/types\/page"}],"author":[{"embeddable":true,"href":"https:\/\/laspalmas.md\/ru\/wp-json\/wp\/v2\/users\/1"}],"replies":[{"embeddable":true,"href":"https:\/\/laspalmas.md\/ru\/wp-json\/wp\/v2\/comments?post=3553"}],"version-history":[{"count":9,"href":"https:\/\/laspalmas.md\/ru\/wp-json\/wp\/v2\/pages\/3553\/revisions"}],"predecessor-version":[{"id":3603,"href":"https:\/\/laspalmas.md\/ru\/wp-json\/wp\/v2\/pages\/3553\/revisions\/3603"}],"wp:featuredmedia":[{"embeddable":true,"href":"https:\/\/laspalmas.md\/ru\/wp-json\/wp\/v2\/media\/3555"}],"wp:attachment":[{"href":"https:\/\/laspalmas.md\/ru\/wp-json\/wp\/v2\/media?parent=3553"}],"curies":[{"name":"wp","href":"https:\/\/api.w.org\/{rel}","templated":true}]}}