{"id":3543,"date":"2020-05-16T20:35:59","date_gmt":"2020-05-16T17:35:59","guid":{"rendered":"http:\/\/laspalmas.md\/?page_id=3543"},"modified":"2020-05-17T00:18:53","modified_gmt":"2020-05-16T21:18:53","slug":"slanic-moldova","status":"publish","type":"page","link":"https:\/\/laspalmas.md\/ru\/slanic-moldova\/","title":{"rendered":"Sl\u0103nic Moldova"},"content":{"rendered":"\n<p>Sta\u021biunea Sl\u0103nic Moldova \u2013 fondul balnear al sta\u021biunii are un specific aparte, unic \u00een \u021bar\u0103 \u0219i \u00een Europa, g\u0103sindu-se pe o zon\u0103 relativ restr\u00e2ns\u0103 o mul\u021bime de izvoare variate \u00een ceea ce prive\u0219te compozi\u021bia, concentra\u021bia, complexitatea chimic\u0103 \u0219i efectele terapeutice. Sta\u021biunea Sl\u0103nic Moldova dispune de importante z\u0103c\u0103minte de ape minerale, cercetate \u0219i exploatate \u00eenc\u0103 de la \u00eenceputul sec. XIX, reconfirmate de studiile din anul 1999 pentru reevaluarea rezervelor de ap\u0103 mineral\u0103 \u0219i bioxid de carbon mofetic, ce au eviden\u021biat dou\u0103 tipuri de z\u0103c\u0103m\u00e2nt hidromineral distincte din puncte de vedere hidrogeologice, hidraulice, fizico-chimice \u0219i balneo-medicale: ape minerale clorurate \u0219i bicarbonate.<\/p>\n\n\n\n<p><strong>RECOMANDAT PENTRU TRATAMENT:<\/strong><\/p>\n\n\n\n<p>\u2013 tulburari digestive (gastrite cronice hipo- si hiperacide, ulcere gastrice si duodenale, la un interval de cel putin 3 ani de la faza dureroasa, afectiuni stomacale postchirurgicale, colite cronice atipice, colon inflamabil, constipatie cronica)<\/p>\n\n\n\n<p>\u2013 boli hepatobiliare (dischinezie biliara, colicistita cronica cu sau fara calculi, stari postoperatorii in boli ale ficatului)<\/p>\n\n\n\n<p>\u2013 boli metabolice si nutritionale (diabet melitus, forme usoare si intermediare, obezitate)<\/p>\n\n\n\n<p>\u2013 boli ale rinichiului si urinare (stari de dupa tratamentul infectiilor urinare, acolo unde nu au existat leziuni sau dereglari renale).<\/p>\n\n\n\n<p>\u2013 Cura externa cu apele minerale de la Slanic Moldova ajuta la tratamentul bolilor:<\/p>\n\n\n\n<p>\u2013 reumatismale degenerative si diartritice<\/p>\n\n\n\n<p>\u2013 cardiovasculare si respiratorii (astma alergica, traheobronsite cronice, rinosinuzite cronice, emfizem pulmonar).<\/p>\n\n\n\n<p>\u2013 tratamentul bolilor endocrine (stari prepubertale la copii hiperreactivi)<\/p>\n\n\n\n<p>\u2013 ginecologice (sindrom ovarian menopauzal)<\/p>\n\n\n\n<p>Sta\u0163iunea Sl\u0103nic-Moldova din jude\u0163ul Bac\u0103u este a\u015fezat\u0103 pe R\u00e2ul Sl\u0103nic, un afluent al R\u00e2ului Trotu\u015f, la o distan\u0163\u0103 de aproximativ 80 Km de Municipiul Bac\u0103u, re\u015fedin\u0163a jude\u0163ului Bac\u0103u.<br>Este o sta\u0163iune cu caracter permanent, cu o clim\u0103 temperat\u0103, cu aer foarte curat, renumit\u0103 pentru izvoarele sale cu ape minerale vindec\u0103toare, calit\u0103\u0163ile acestor ape au fost confirmate prin ob\u0163inerea a numeroase medalii interna\u0163ionale.<br>Aceast\u0103 sta\u0163iune este botezat\u0103: \u201ePerla Moldovei\u201d, are amenajate mofete pentru a se putea folosi \u00een scop terapeutic gazul natural mofetic la izvoarele 3 \u015fi 11 cu provenien\u0163\u0103 legat\u0103 de fenomenele vulcanice din Mun\u0163ii Harghita.<br>Indica\u0163iile medicale pentru aceast\u0103 sta\u0163iune au fost determinate ca urmare a unor cercet\u0103ri \u015ftiin\u0163ifice asupra parametrilor constituien\u0163i ai apei, \u00eenc\u00e2t se fac at\u00e2t cure interne c\u00e2t \u015fi cure externe \u00eemp\u0103r\u0163ite pe izvoare.<br>Indica\u0163ii terapeutice<br>\u2013 gastrite cronice hiperacide, hipoacide<br>\u2013 ulcere gastrice<br>\u2013 afec\u0163iuni duodenale<br>\u2013 afec\u0163iuni hepatobiliare( colecistite, dischinezii biliare)<br>\u2013 afec\u0163iuni de nutri\u0163ie<br>\u2013 afec\u0163iuni ale rinichilor \u015fi ale c\u0103ilor urinare<br>\u2013 afec\u0163iuni cardiovasculare<br>\u2013 afec\u0163iuni ale nervilor periferici<br>\u2013 afec\u0163iuni post-traumatice<br>\u2013 nevroze astenice<br>\u2013 boli reumatismale degenerative \u015fi diartritice<br>\u2013 afec\u0163iuni respiratorii(astm alergic, rinosinuzite cronice)<br>\u2013 afec\u0163iuni ginecologice<br>\u2013 afec\u0163iuni asociate<br>Resursele de tratament<br>Apele minerale bicarbonate, carbogazoase, sodice, hipertonice, hipotonice.<br>Microclimat de salin\u0103, gaz de mofet\u0103, bioclimat de odihn\u0103, relaxare.<br>Proceduri<br>Se face cur\u0103 intern\u0103 cu ape minerale; aerosoli, b\u0103i cu ap\u0103 mineral\u0103 \u00eenc\u0103lzit\u0103, inhala\u0163ii cu ape minerale \u015fi medicamente adecvate prescrise, kinetoterapie, hidroterapie, psihoterapie, meloterapie, electroterapie, gimnastic\u0103 medical\u0103, mofetoterapie.<br>Contraindica\u0163iile Mofeto-terapiei<br>\u2013 cardiopatie ischemic\u0103 cu crize frecvente<br>\u2013 infarct miocardic recent<br>\u2013 hipertensiune arterial\u0103 stadium II \u015fi III \u015fi cu complica\u0163ii<br>\u2013 arteroscleroz\u0103 cerebral\u0103<br>\u2013 boli digestive<br>\u2013 boli renale<br>\u2013 boli respiratorii cronice cu disfunc\u0163ii ventilatorii<br>\u2013 stenoza mitral\u0103 sau aortic\u0103<br>Transport: ruta Chi\u0219in\u0103u \u2013 One\u0219ti transfer Sl\u0103nic Moldova sau alte.<\/p>\n\n\n\n<p><\/p>\n\n\n\n<p><strong>Pre\u021burile sunt actuale la data public\u0103rii <\/strong><\/p>\n\n\n\n<ul><li>pre\u021burile sunt indicate pentru 9 nop\u021bi<\/li><\/ul>\n\n\n\n<ul><li>este posibil\u0103 cazarea pentru 3, 5, 9 nop\u021bi<\/li><\/ul>\n\n\n\n<ul><li>pre\u021burile sunt indicate de persoan\u0103 \u00een camer\u0103 dubl\u0103<\/li><\/ul>\n\n\n\n<ul><li>transport + 40\u20ac<\/li><\/ul>\n\n\n\n<p>DOBRU \u2013  de la 227 EURO  cu mic dejun<\/p>\n\n\n\n<p>COROANA MOLDOVEI (4*) \u2013  de la 253 EURO cu mic dejun \/ de la 350 EURO cu pensiune completa si tratament<\/p>\n\n\n\n<p>EUROVACANTA (3*) \u2013 de la 255 EURO cu mic dejun\/ de la 350 EURO cu pensiune completa si tratament<\/p>\n\n\n\n<p>VILA TELECONSTRUCTIA (3*) \u2013 de la 255 EURO cu mic dejun<\/p>\n\n\n\n<p>NEMIRA (4*) \u2013 de la 292 EURO cu mic dejun<\/p>\n\n\n\n<p>VENUS (2*) \u2013 de la 225 EURO cu pensiune completa si tratament<\/p>\n\n\n\n<p>Detalii la telefon: 023 58 40 04 |060 552 999 | 069 997 722 | 060 822 899 | 060 822 899<br>\nE-mail: laspalmastur@yahoo.com<\/p>\n\n\n\n<p>*Compania isi rezerv\u0103 dreptul de a modifica pretul.<\/p>\n\n\n\n<p class=\"has-text-color has-vivid-red-color\"><strong>Cele mai avantajoase preturi pentru cazare in Sovata, le gasiti in motorul de cautare de pe pagina principala a site-ului nostru, alegind destinatia ROMANIA.<\/strong><\/p>\n","protected":false},"excerpt":{"rendered":"<p>Sta\u021biunea Sl\u0103nic Moldova \u2013 fondul balnear al sta\u021biunii are un specific aparte, unic \u00een \u021bar\u0103 \u0219i \u00een Europa, g\u0103sindu-se pe o zon\u0103 relativ restr\u00e2ns\u0103 o mul\u021bime de izvoare variate \u00een &#8230;<\/p>\n","protected":false},"author":1,"featured_media":3545,"parent":0,"menu_order":0,"comment_status":"closed","ping_status":"closed","template":"","meta":[],"_links":{"self":[{"href":"https:\/\/laspalmas.md\/ru\/wp-json\/wp\/v2\/pages\/3543"}],"collection":[{"href":"https:\/\/laspalmas.md\/ru\/wp-json\/wp\/v2\/pages"}],"about":[{"href":"https:\/\/laspalmas.md\/ru\/wp-json\/wp\/v2\/types\/page"}],"author":[{"embeddable":true,"href":"https:\/\/laspalmas.md\/ru\/wp-json\/wp\/v2\/users\/1"}],"replies":[{"embeddable":true,"href":"https:\/\/laspalmas.md\/ru\/wp-json\/wp\/v2\/comments?post=3543"}],"version-history":[{"count":8,"href":"https:\/\/laspalmas.md\/ru\/wp-json\/wp\/v2\/pages\/3543\/revisions"}],"predecessor-version":[{"id":3613,"href":"https:\/\/laspalmas.md\/ru\/wp-json\/wp\/v2\/pages\/3543\/revisions\/3613"}],"wp:featuredmedia":[{"embeddable":true,"href":"https:\/\/laspalmas.md\/ru\/wp-json\/wp\/v2\/media\/3545"}],"wp:attachment":[{"href":"https:\/\/laspalmas.md\/ru\/wp-json\/wp\/v2\/media?parent=3543"}],"curies":[{"name":"wp","href":"https:\/\/api.w.org\/{rel}","templated":true}]}}