{"id":3530,"date":"2020-05-16T20:17:04","date_gmt":"2020-05-16T17:17:04","guid":{"rendered":"http:\/\/laspalmas.md\/?page_id=3530"},"modified":"2020-05-17T00:19:17","modified_gmt":"2020-05-16T21:19:17","slug":"sovata","status":"publish","type":"page","link":"https:\/\/laspalmas.md\/ru\/sovata\/","title":{"rendered":"Sovata"},"content":{"rendered":"\n<p>Sta\u021biunea este indicat\u0103 pentru tratamentul bolilor ginecologice (insuficien\u021b\u0103 ovarian\u0103, cervicit\u0103 cronic\u0103, metrosalpingit\u0103 cronic\u0103, sterilitate) dar \u0219i pentru afectiuni degenerative, inflamatorii \u0219i reumatismale (spondiloz\u0103 cervical\u0103, dorsal\u0103 \u0219i lombar\u0103, artroz\u0103, poliartroz\u0103, dureri articulare, tendinite, tendimiozit\u0103, poliartrit\u0103 scapulohumeral\u0103), st\u0103ri posttraumatismale (dup\u0103 opera\u021bii vindecate la articula\u021bii, mu\u0219chi, oase, dupa luxa\u021bii \u0219i entorse), pentru boli ale sistemului nervos periferic (pareze u\u0219oare, sechele ale poliomielitei, polinevrite), tulbur\u0103ri endocrine (hipotiroidie, urmare unui tratament endocrinologic), boli cardiovasculare (ulcera\u021bii, acrocianoz\u0103).<\/p>\n\n\n\n<p>Sta\u021biunea beneficiaz\u0103 de dot\u0103ri multiple (pentru&nbsp;b\u0103i calde, \u00een cad\u0103 sau bazin,cu apa mineral\u0103 s\u0103rat\u0103 prelevat\u0103 din lacuri; pentru tratamente ginecologice \u0219i \u00eempachet\u0103ri cu&nbsp;n\u0103mol&nbsp;cald; bazine pentru&nbsp;kinetoterapie, instala\u021bii pentru electroterapie \u0219i hidroterapie; saune; s\u0103li de gimnastic\u0103 medical\u0103; plaje pe malul Lacului Ursu \u0219i Lacului Aluni\u0219 etc.); condi\u021biile de cazare sunt bune (hoteluri, cum ar fi \u201cDanubius\u201d, \u201cBr\u0103det\u201d, \u201cAluni\u0219\u201d, \u201cF\u0103get\u201d, \u201cC\u0103prioara\u201d, beneficiind \u00een unele cazuri de baz\u0103 de tratament proprie, vile, hanuri, moteluri \u0219i cabane). Posibilit\u0103\u021bile de recreere \u0219i de practicare a sportului sunt de asemenea numeroase (un club cu sala pentru jocuri mecanice, sala de lectura, cinematograf, bazine acoperite, discoteci, popic\u0103rie, excursii la Dealul Saca \u0219i la V\u00e2rful Cire\u0219elu etc.).<\/p>\n\n\n\n<ul><li>pre\u021burile sunt indicate de persoan\u0103 \u00een camer\u0103 dubl\u0103<\/li><li>este posibil\u0103 cazarea pentru orice num\u0103r de nop\u021bi<\/li><\/ul>\n\n\n\n<p><strong>Ensana Sovata 4* \u2013 (ex. Danubius Sovata )<\/strong><\/p>\n\n\n\n<p>Mic Dejun \u2013 de la  322 eur<\/p>\n\n\n\n<p>Mic Dejun+Cina \u2013 de la  371 eur<\/p>\n\n\n\n<p><strong>Ensana Bradet* \u2013 (ex Danubius Bradet )&nbsp;<\/strong><\/p>\n\n\n\n<p>Mic Dejun \u2013 de la  357 eur<\/p>\n\n\n\n<p>Mic Dejun +Cina  \u2013 de la 434 eur<\/p>\n\n\n\n<p><strong>Lacul Ursu 3*&nbsp;<\/strong><\/p>\n\n\n\n<p>Mic Dejun  \u2013 de la 196 EUR<\/p>\n\n\n\n<p><strong>Alunis 3*<\/strong><\/p>\n\n\n\n<p>Trei mese \u2013 de la 762 EUR<\/p>\n\n\n\n<p>Detalii la telefon: 023 58 40 04 |060 552 999 | 069 997 722 | 060 822 899 | 060 822 899<br>\nE-mail: laspalmastur@yahoo.com<\/p>\n\n\n\n<p>*Compania isi rezerv\u0103 dreptul de a modifica pretul.<\/p>\n\n\n\n<p class=\"has-text-color has-vivid-red-color\"><strong>Cele mai avantajoase preturi pentru cazare in Sovata, le gasiti in motorul de cautare de pe pagina principala a site-ului nostru, alegind destinatia ROMANIA.<\/strong><\/p>\n","protected":false},"excerpt":{"rendered":"<p>Sta\u021biunea este indicat\u0103 pentru tratamentul bolilor ginecologice (insuficien\u021b\u0103 ovarian\u0103, cervicit\u0103 cronic\u0103, metrosalpingit\u0103 cronic\u0103, sterilitate) dar \u0219i pentru afectiuni degenerative, inflamatorii \u0219i reumatismale (spondiloz\u0103 cervical\u0103, dorsal\u0103 \u0219i lombar\u0103, artroz\u0103, poliartroz\u0103, dureri &#8230;<\/p>\n","protected":false},"author":1,"featured_media":3531,"parent":0,"menu_order":0,"comment_status":"closed","ping_status":"closed","template":"","meta":[],"_links":{"self":[{"href":"https:\/\/laspalmas.md\/ru\/wp-json\/wp\/v2\/pages\/3530"}],"collection":[{"href":"https:\/\/laspalmas.md\/ru\/wp-json\/wp\/v2\/pages"}],"about":[{"href":"https:\/\/laspalmas.md\/ru\/wp-json\/wp\/v2\/types\/page"}],"author":[{"embeddable":true,"href":"https:\/\/laspalmas.md\/ru\/wp-json\/wp\/v2\/users\/1"}],"replies":[{"embeddable":true,"href":"https:\/\/laspalmas.md\/ru\/wp-json\/wp\/v2\/comments?post=3530"}],"version-history":[{"count":11,"href":"https:\/\/laspalmas.md\/ru\/wp-json\/wp\/v2\/pages\/3530\/revisions"}],"predecessor-version":[{"id":3614,"href":"https:\/\/laspalmas.md\/ru\/wp-json\/wp\/v2\/pages\/3530\/revisions\/3614"}],"wp:featuredmedia":[{"embeddable":true,"href":"https:\/\/laspalmas.md\/ru\/wp-json\/wp\/v2\/media\/3531"}],"wp:attachment":[{"href":"https:\/\/laspalmas.md\/ru\/wp-json\/wp\/v2\/media?parent=3530"}],"curies":[{"name":"wp","href":"https:\/\/api.w.org\/{rel}","templated":true}]}}