{"id":3515,"date":"2020-05-16T19:18:47","date_gmt":"2020-05-16T16:18:47","guid":{"rendered":"http:\/\/laspalmas.md\/?page_id=3515"},"modified":"2020-05-17T00:18:09","modified_gmt":"2020-05-16T21:18:09","slug":"manastirile-din-calarasi","status":"publish","type":"page","link":"https:\/\/laspalmas.md\/ru\/manastirile-din-calarasi\/","title":{"rendered":"M\u0103n\u0103stirile din C\u0103l\u0103ra\u0219i"},"content":{"rendered":"\n<p><strong>&nbsp;Pre\u021b<\/strong><\/p>\n\n\n\n<table class=\"wp-block-table\"><tbody><tr><td>\n<strong>Pre\u021b \u2013 99 Lei\/pers.<\/strong>\n<\/td><\/tr><tr><td>\n0-2 ani \u2013&nbsp;Gratis (f\u0103r\u0103 loc \u00een transport)\n<\/td><\/tr><tr><td>\n2-7 ani \u2013 49 Lei\n<\/td><\/tr><\/tbody><\/table>\n\n\n\n<p><strong>Detalii<\/strong><\/p>\n\n\n\n<p>Aceast\u0103 excursie include urm\u0103toarele m\u0103n\u0103stiri: Frumoasa \u2013 R\u0103ciula \u2013 H\u00e2rjauca \u2013 H\u00e2rbova\u021b.<\/p>\n\n\n\n<p>Pre\u021bul Include:<\/p>\n\n\n\n<ul><li>Vizitarea obiectivelor indicate \u00een program<\/li><li>Transport tur-retur<\/li><li>Ghid licen\u021biat<br>\n<\/li><\/ul>\n\n\n\n<p>Pre\u021bul nu include:<\/p>\n\n\n\n<p>&#8211; Masa<br>\n<\/p>\n\n\n\n<p>Servicii Adi\u021bionale:<\/p>\n\n\n\n<p>&#8211; Ghid \u00een limbi str\u0103ine (50 \u20ac)<br>\n<\/p>\n\n\n\n<p><strong>Descriere<\/strong><\/p>\n\n\n\n<p><strong>M\u0103n\u0103stirea Frumoasa \u2013&nbsp;<\/strong>Manastirea de&nbsp;<strong>maici&nbsp;<\/strong>Frumoasa se afla la o distanta&nbsp;de&nbsp;<strong>14 km de Calarasi<\/strong>.&nbsp;Istoria acestei manastiri incepe in&nbsp;<strong>1804<\/strong>, cand a venit pe acest loc razasul Efrem Iurco din satul Oliscani, judetul Orhei, care era vaduv si a dorit sa devina calugar.<\/p>\n\n\n\n<p><strong>M\u0103n\u0103stirea H\u00e2rbovat \u2013&nbsp;<\/strong>Manastirea este situata, pe valea raului Ichel, la aproximativ&nbsp;<strong>10 km de or. Calarasi.<\/strong>&nbsp;A fost intemeiata in&nbsp;<strong>1730<\/strong>&nbsp;de catre boierul Constantin Carpuz. In cadrul manastirii se afla o biserica de piatra cu hramul&nbsp;<strong>Adormirea Maicii Domnului,&nbsp;<\/strong>zidita de mireanul Stefan Lupu (ulterior monahul Serapion). Cealalta biserica are hramul&nbsp;<strong>Pogorarea<\/strong>&nbsp;<strong>Sfantului Duh<\/strong>&nbsp;si este zidita la 1870, pe timpul staretilor Ieronim si Natanail. Aici se pastreaza vestita&nbsp;<strong>icoana facatoare de minuni a Maicii Domnului, \u201eGarbovita\u201d<\/strong>, daruita in 1790 de sotia colonelului rus Nicolae Albaduev, ucis de un cal in poarta manastirii.<\/p>\n\n\n\n<p><strong>M\u0103n\u0103stirea R\u0103ciula \u2013&nbsp;<\/strong>M\u0103n\u0103stirea R\u0103ciula se afl\u0103 \u00een preajma satului omonim, la o distan\u021b\u0103 de 11 km de ora\u0219ul C\u0103l\u0103ra\u0219i. M\u0103n\u0103stirea a fost \u00eenfiin\u021bat\u0103 \u00een anul 1797, de doi fra\u021bi, Andrei \u0219i Ioan Ro\u0219ca, preo\u021bi din satul Pa\u0219cani. Mo\u0219ia pe care s-a construit m\u0103n\u0103stirea a apar\u021binut r\u0103ze\u0219ului Lupu Stratan. La \u00eenceput a fost m\u0103n\u0103stire de c\u0103lugari, \u00eens\u0103 \u00een anul 1811, \u00een urma desfiin\u021b\u0103rii schitului Mana din apropierea m\u0103n\u0103stirii Curchi, aici se \u00eenfiin\u021beaz\u0103 o ob\u0219te de c\u0103lugari\u021be.<\/p>\n\n\n\n<p><strong>M\u0103n\u0103stirea H\u00e2rjauca \u2013&nbsp;<\/strong>M\u0103n\u0103stirea este situata&nbsp;la aproximativ&nbsp;<strong>25 km de or. Calarasi<\/strong>, pe malul p\u00e2r\u00e2ului H\u00e2rjauca si \u00een apropierea satului cu acelasi&nbsp;nume. A&nbsp;fost intemeiata in anul&nbsp;<strong>1740&nbsp;<\/strong>si poarta hramul&nbsp;<strong>Inaltarea Domnului.<\/strong><\/p>\n\n\n\n<p><strong>Program<\/strong><\/p>\n\n\n\n<ul><li>Plecarea la ora 07:00<\/li><li>Vizitarea tuturor M\u0103n\u0103stirilor<\/li><li>\u00centoarcerea \u00eentre orele 15:00 \u2013 16:00<\/li><\/ul>\n\n\n\n<p>Detalii la telefon: 023 58 40 04 |060 552 999 | 069 997 722 | 060 822 899 | 060 822 899<br>\nE-mail: laspalmastur@yahoo.com<\/p>\n\n\n\n<p>*Compania isi rezerv\u0103 dreptul de a modifica pretul.<\/p>\n\n\n\n<ul><li><\/li><\/ul>\n","protected":false},"excerpt":{"rendered":"<p>&nbsp;Pre\u021b Pre\u021b \u2013 99 Lei\/pers. 0-2 ani \u2013&nbsp;Gratis (f\u0103r\u0103 loc \u00een transport) 2-7 ani \u2013 49 Lei Detalii Aceast\u0103 excursie include urm\u0103toarele m\u0103n\u0103stiri: Frumoasa \u2013 R\u0103ciula \u2013 H\u00e2rjauca \u2013 H\u00e2rbova\u021b. &#8230;<\/p>\n","protected":false},"author":1,"featured_media":3518,"parent":0,"menu_order":0,"comment_status":"closed","ping_status":"closed","template":"","meta":[],"_links":{"self":[{"href":"https:\/\/laspalmas.md\/ru\/wp-json\/wp\/v2\/pages\/3515"}],"collection":[{"href":"https:\/\/laspalmas.md\/ru\/wp-json\/wp\/v2\/pages"}],"about":[{"href":"https:\/\/laspalmas.md\/ru\/wp-json\/wp\/v2\/types\/page"}],"author":[{"embeddable":true,"href":"https:\/\/laspalmas.md\/ru\/wp-json\/wp\/v2\/users\/1"}],"replies":[{"embeddable":true,"href":"https:\/\/laspalmas.md\/ru\/wp-json\/wp\/v2\/comments?post=3515"}],"version-history":[{"count":3,"href":"https:\/\/laspalmas.md\/ru\/wp-json\/wp\/v2\/pages\/3515\/revisions"}],"predecessor-version":[{"id":3611,"href":"https:\/\/laspalmas.md\/ru\/wp-json\/wp\/v2\/pages\/3515\/revisions\/3611"}],"wp:featuredmedia":[{"embeddable":true,"href":"https:\/\/laspalmas.md\/ru\/wp-json\/wp\/v2\/media\/3518"}],"wp:attachment":[{"href":"https:\/\/laspalmas.md\/ru\/wp-json\/wp\/v2\/media?parent=3515"}],"curies":[{"name":"wp","href":"https:\/\/api.w.org\/{rel}","templated":true}]}}