{"id":3510,"date":"2020-05-16T19:13:16","date_gmt":"2020-05-16T16:13:16","guid":{"rendered":"http:\/\/laspalmas.md\/?page_id=3510"},"modified":"2020-05-17T00:19:37","modified_gmt":"2020-05-16T21:19:37","slug":"tiraspol-chitcani-bender","status":"publish","type":"page","link":"https:\/\/laspalmas.md\/ru\/tiraspol-chitcani-bender\/","title":{"rendered":"Tiraspol \u2013 Chi\u021bcani \u2013 Bender"},"content":{"rendered":"\n<p><strong>Pre\u021b<\/strong><\/p>\n\n\n\n<table class=\"wp-block-table\"><tbody><tr><td>\n<strong>Pre\u021b \u2013 175 Lei\/pers.<\/strong>&nbsp;\n<strong>Primele 5 r\u00e2nduri \u00een autocar \u2013225 Lei \/pers.<\/strong>\n<\/td><\/tr><tr><td>\n0-2 ani \u2013&nbsp;Gratis (f\u0103r\u0103 loc \u00een transport)\n<\/td><\/tr><tr><td>\n2-7 ani \u2013 87 Lei\n<\/td><\/tr><\/tbody><\/table>\n\n\n\n<p><strong>Detaliile<\/strong><\/p>\n\n\n\n<p><strong>Tiraspol<\/strong>&nbsp;este al doilea ora\u0219 ca m\u0103rime din Republica Moldova dup\u0103 Chi\u0219in\u0103u \u0219i este capitala regiunii Transnistria. Aceast\u0103 regiune s-a autoproclamat independent\u0103, dar independen\u021ba acesteia nu este recunoascut\u0103 de Republica Moldova.&nbsp;Tiraspolul este un ora\u0219 interesant \u0219i ideal pentru a fi exploatat cu scopul cunoa\u0219terii unei altfel de lumi, a unui muzeu viu ce reprezint\u0103 comunismul.<\/p>\n\n\n\n<p>Pre\u021bul Include:<\/p>\n\n\n\n<ul><li>Transport tur-retur<\/li><li>Toate excursiile indicate \u00een program<\/li><li>Ghid licen\u021biat<br>\n<\/li><\/ul>\n\n\n\n<p>Pre\u021bul nu include:<\/p>\n\n\n\n<ul><li>Masa<\/li><li>Intrarea \u00een Cetatea Tighina &#8211; 100 ruble<br>\n<\/li><\/ul>\n\n\n\n<p>Servicii Adi\u021bionale:<\/p>\n\n\n\n<p>-Ghid \u00een limbi str\u0103ine (50 \u20ac)<br>\n<\/p>\n\n\n\n<p><strong>Descriere<\/strong><\/p>\n\n\n\n<p>&nbsp;&nbsp;<strong>Tiraspolul<\/strong> este un oras cu specific comunist, cu bulevarde largi, cu statui ale liderilor comunisti si blocuri inghesuite. In centrul Tiraspolului se afla statuia generalului rus Alexandr Sovorov. Tiraspolul este ideal pentru persoanele care vor sa cunoasca o altfel de lume, o lume ce pastreaza atmosfera comunismului.<\/p>\n\n\n\n<p>&nbsp;Desi la prima vedere Tiraspolul pare un oras cenusiu fara culoare, culoarea vine din ritmul modern de viata. <strong>Complexul sportiv \u201cSeriff\u201d<\/strong> este o importanta constructie cu o arhitectura moderna. In Tiraspol eexista si o piata foarte animata, unde puteti gasi tot ceea ce aveti nevoie in materie de alimente. De asemenea, puteti sa va bucurati de bucatele traditionale la restaurantele din Tiraspol, iar daca vreti si ceva in plus in calatoria dumneavoastra, puteti sa vizitati <strong>fabrica de cognacuri \u201cKvint\u201d<\/strong>, unde puteti savura aroma a 6 tipuri de cognac sau fabrica \u201cBuchetul Moldovei\u201d, care este una dintre cele mai vechi fabrici de vin, unde se pot face degustari de vin si se pot savura bucate traditionale moldovenesti.<\/p>\n\n\n\n<p><strong>&nbsp;Bender<\/strong>&nbsp;<strong>(<em>Tighina<\/em>)<\/strong> este un ora\u0219 din Republica Moldova situat la 61 de km la sud de&nbsp;Chi\u0219in\u0103u ce&nbsp;se afl\u0103 sub controlul for\u021belor din Transnistria. Denumirea de Bender a fost atribuit\u0103 acestui ora\u0219 pentru a \u00eenscrip\u021biona pentru totdeauna victoria pe care au avut-o ru\u0219ii \u00eempotriva turcilor.<\/p>\n\n\n\n<p>&nbsp;Tighina se afl\u0103 situat\u0103 pe malul drept al fluviului Nistru. Aici s-au n\u0103scut diverse personalit\u0103\u021bi din cultura rom\u00e2neasc\u0103, precum: actri\u021ba Tamara Buciuceanu, fostul pre\u021bedinte al Rom\u00e2niei din perioada 1996 \u2013 2000 Emil Constantinescu \u0219i alte personalit\u0103\u021bi precum: Iuliu Edlis, scriitor \u0219i dramaturg sau Lev Berg, zoolog \u0219i geograf. Ora\u0219ul se afl\u0103 l\u00e2ng\u0103 una dintre cele mai vechi trec\u0103tori peste Nistru.<\/p>\n\n\n\n<p>&nbsp;Centrul istoric al ora\u0219ului Bender iese \u00een eviden\u021b\u0103 prin construc\u021bii tradi\u021bionale din secolul al XIX-lea, prin bisericile \u201cSchimbarea la fa\u021b\u0103\u201d \u0219i \u201cAdormirea\u201d. \u00cen centrul istoric se mai g\u0103se\u0219te Muzeul de istorie.<\/p>\n\n\n\n<p>&nbsp;Satul <strong>Chi\u0163cani<\/strong>&nbsp;este situat l\u00eeng\u0103 linia de demarca\u0163ie a r\u00eeurilor Nistru \u015fi Botna, pe malul drept al r\u00eeului Nistru \u015fi aproape de a\u015fa-numitul promontoriu Chi\u0163cani cu \u00een\u0103l\u0163imea care domin\u0103 \u00eemprejurimile \u2013 158,1 m. Conform unor date localitatea Chi\u0163cani a fost fondat\u0103 \u00een secolul al XIV-lea, \u00een documente \u00eens\u0103 este amintit pentru prima oar\u0103 \u00een 1527. La data de&nbsp;1 ianuarie&nbsp;2004 \u00een sat locuiau circa 9 mii de oameni.<\/p>\n\n\n\n<p><strong>Program<\/strong><\/p>\n\n\n\n<ul><li><strong>Tighina:\u00a0<\/strong>cetatea, muzeul de istorie \u015fi etnografie regional\u0103;<\/li><li><strong>Chi\u021bcani:\u00a0<\/strong>M\u0103n\u0103stirea \u201cNoul Neam\u0163\u201d, Capul de pod Chi\u021bcani.<\/li><li><strong>Tiraspol:\u00a0<\/strong>Catedrala \u201eNa\u0219terea Domnului\u201d, Combinatul de vinuri \u015fi coniacuri \u201eKVINT\u201c(exterior), complexul sportiv \u201e\u0218eriff\u201d(exterior), monumentul generalisimului \u201cAlexandru Suvorov\u201d, Memorialul Gloriei.<\/li><li>Timp Liber<\/li><li><\/li><\/ul>\n\n\n\n<p>Detalii la telefon: 023 58 40 04 |060 552 999 | 069 997 722 | 060 822 899 | 060 822 899<br>\nE-mail: laspalmastur@yahoo.com<\/p>\n\n\n\n<p>*Compania isi rezerv\u0103 dreptul de a modifica pretul.<\/p>\n\n\n\n<ul><li><\/li><\/ul>\n","protected":false},"excerpt":{"rendered":"<p>Pre\u021b Pre\u021b \u2013 175 Lei\/pers.&nbsp; Primele 5 r\u00e2nduri \u00een autocar \u2013225 Lei \/pers. 0-2 ani \u2013&nbsp;Gratis (f\u0103r\u0103 loc \u00een transport) 2-7 ani \u2013 87 Lei Detaliile Tiraspol&nbsp;este al doilea ora\u0219 &#8230;<\/p>\n","protected":false},"author":1,"featured_media":3513,"parent":0,"menu_order":0,"comment_status":"closed","ping_status":"closed","template":"","meta":[],"_links":{"self":[{"href":"https:\/\/laspalmas.md\/ru\/wp-json\/wp\/v2\/pages\/3510"}],"collection":[{"href":"https:\/\/laspalmas.md\/ru\/wp-json\/wp\/v2\/pages"}],"about":[{"href":"https:\/\/laspalmas.md\/ru\/wp-json\/wp\/v2\/types\/page"}],"author":[{"embeddable":true,"href":"https:\/\/laspalmas.md\/ru\/wp-json\/wp\/v2\/users\/1"}],"replies":[{"embeddable":true,"href":"https:\/\/laspalmas.md\/ru\/wp-json\/wp\/v2\/comments?post=3510"}],"version-history":[{"count":3,"href":"https:\/\/laspalmas.md\/ru\/wp-json\/wp\/v2\/pages\/3510\/revisions"}],"predecessor-version":[{"id":3615,"href":"https:\/\/laspalmas.md\/ru\/wp-json\/wp\/v2\/pages\/3510\/revisions\/3615"}],"wp:featuredmedia":[{"embeddable":true,"href":"https:\/\/laspalmas.md\/ru\/wp-json\/wp\/v2\/media\/3513"}],"wp:attachment":[{"href":"https:\/\/laspalmas.md\/ru\/wp-json\/wp\/v2\/media?parent=3510"}],"curies":[{"name":"wp","href":"https:\/\/api.w.org\/{rel}","templated":true}]}}