{"id":3504,"date":"2020-05-16T19:07:42","date_gmt":"2020-05-16T16:07:42","guid":{"rendered":"http:\/\/laspalmas.md\/?page_id=3504"},"modified":"2020-05-17T00:18:29","modified_gmt":"2020-05-16T21:18:29","slug":"orheiul-vechi-curchi-satul-vatici","status":"publish","type":"page","link":"https:\/\/laspalmas.md\/ru\/orheiul-vechi-curchi-satul-vatici\/","title":{"rendered":"Orheiul Vechi \u2013 Curchi \u2013 Satul Vatici"},"content":{"rendered":"\n<p><strong>Pre\u021b<\/strong><\/p>\n\n\n\n<table class=\"wp-block-table\"><tbody><tr><td>\n<strong>Pre\u021b \u2013 139 Lei\/pers.<\/strong>\n<strong>Primele 5 r\u00e2nduri \u00een autocar \u2013189 Lei\/pers.<\/strong>\n<\/td><\/tr><tr><td>\n0-2 ani \u2013&nbsp;Gratis (f\u0103r\u0103 loc \u00een transport)\n<\/td><\/tr><tr><td>\n2-7 ani \u2013 69 Lei\n<\/td><\/tr><\/tbody><\/table>\n\n\n\n<p><strong>Detalii<\/strong><\/p>\n\n\n\n<p>Rezerva\u021bia cultural-natural\u0103 Orheiul Vechi constituie cel mai important sit cultural din Republica Moldova, afl\u00e2ndu-se \u0219i \u00een procesul de nominalizare pentru a fi \u00eenscris \u00een Lista Patrimoniului Mondial al UNESCO. Pe teritoriul complexului se afl\u0103 dou\u0103 muzee, o m\u0103n\u0103stire \u00een st\u00e2nc\u0103 deschis\u0103 pentru vizitatori, dar \u0219i c\u00e2teva hoteluri particulare, care se afl\u0103 \u00een satele Butuceni \u0219i Trebujeni.<\/p>\n\n\n\n<p>Pre\u021bul Include:<\/p>\n\n\n\n<ul><li>Transport tur-retur<\/li><li>Toate excursiile indicate \u00een program<\/li><li>Ghid licen\u021biat<br>\n<\/li><\/ul>\n\n\n\n<p>Pre\u021bul nu include:<\/p>\n\n\n\n<ul><li>Masa<\/li><li>Intr\u0103rile \u00een obiective &#8211; 20 Lei<br>\n<\/li><\/ul>\n\n\n\n<p>Servicii Adi\u021bionale:<\/p>\n\n\n\n<p>&#8211; Ghid \u00een limbi str\u0103ine (50 \u20ac)<\/p>\n\n\n\n<p><strong>Descriere<\/strong><\/p>\n\n\n\n<p>Ora\u0219ul Orhei, situat pe r\u00e2ul R\u0103ut, se afl\u0103 la o distan\u021b\u0103 de 46 km de capitala Republicii Moldova. Este una dintre cele mai vechi localit\u0103\u021bi din spa\u021biul pruto-nistrean. P\u00e2n\u0103 la mijlocul sec. XVI, Orheiul (Orheiul Vechi) era situat \u00een perimetrul satelor actuale Butuceni \u0219i Trebujeni. Noul Orhei este atestat documentar \u00een 1554.<\/p>\n\n\n\n<p>\u00cen perioada de domnie a lui Vasile Lupu (1634\u20131653)&nbsp; au loc o serie de ac\u021biuni ce reanimeaz\u0103 via\u021ba localit\u0103\u021bii, una dintre cele mai importante din partea de est a \u021a\u0103rii Moldovei. A fost edificat\u0103 Biserica \u201eSf\u00e2ntul Dumitru\u201d, \u00een\u0103l\u021bat\u0103 \u00eentre anii 1632 \u0219i 1636 \u0219i sfin\u021bit\u0103 \u00een 1637, cu prilejul sosirii domnitorului Vasile Lupu la Orhei, re\u0219edin\u021ba sa de var\u0103. Tot \u00een aceast\u0103 perioad\u0103 a fost ref\u0103cut hele\u0219teul din valea R\u0103utului. \u00cen 1653, Paul de Alep scria \u00een jurnalul de c\u0103l\u0103torie despre Orhei: \u201ecasele sunt din piatr\u0103 \u0219i lemn, iar str\u0103zile pavate cu sc\u00e2nduri, cum erau \u0219i la Ia\u0219i\u201d. Prin ora\u0219ul Orhei trece \u0219i r\u00e2ule\u021bul Ivanos (sau Orhei), descris de c\u0103tre domnul erudit al Moldovei (1710\u20131711), Dimitrie Cantemir (1673\u20131723).<\/p>\n\n\n\n<p>\u00cen anul 1835, ora\u0219ul Orhei a devenit centru de jude\u021b. A avut loc o majorare a num\u0103rului popula\u021biei, de la 2 100 \u00een anul 1819, 12 300 \u2013 \u00een 1897, 14 800 (inclusiv 7 000 de evrei, 5 000 moldoveni) \u2013 \u00een 1902. \u00cen 1907, localitatea avea deschis un gimnaziu de fete cu patru clase, transformat peste trei ani \u00een liceu cu \u0219apte clase. La 25 martie 1918, cei 52 de consilieri ai Adun\u0103rii Zemstvei din Orhei au votat \u00een unanimitate Mo\u021biunea de Unire a jude\u021bului Orhei cu Rom\u00e2nia. \u00cen anii 1918\u20131940 \u0219i 1941\u20131943, Orheiul a fost centru de jude\u021b al Basarabiei, iar \u00een anii 1940\u20131941 \u0219i 1944\u20131947 \u2013 centru de jude\u021b al RSS Moldovene\u0219ti. Ora\u0219ul a fost grav afectat \u00een timpul celui de-al Doilea R\u0103zboi Mondial. \u00cen perioada postbelic\u0103, Orheiul a fost unul dintre centrele raionale importante ale Moldovei sovietice.<\/p>\n\n\n\n<p><strong>Program<\/strong><\/p>\n\n\n\n<ul><li>Pornirea la ora 09:00<\/li><li>Sosirea la Situl arheologic<strong> Orheiul Vechi \u2013 \u201c locul cu 1001 de mistere\u201d,\u00a0<\/strong>aici vom vizita :<ul><li>Ruinele ora\u0219ului oriental Seihr-al-Gedid al Hoardei de Aur (sec.XIII-XIV);<\/li><li>Ruinele cetatii medievale Orhei, cu urmele palatului parcalabului din sec XV;<\/li><li>Manastirea Rupestra \u201cAdormirea Maicii Domnului\u201d, loc de inchinare pentru sute si sute de sihastri, intemeiata in sec XIII-XVI;<\/li><li>Crucea tamaduirii; la care vine lumea intreaga pentru a cere de la Domnul mila si mantuire;<\/li><li>Biserica terestr\u0103 \u201cNasterea Maicii DomnuluiI\u201d;<\/li><li>Urmele cetatii geto-dace;<\/li><li>Muzeul \u201eCurtea \u021a\u0103r\u0103neasc\u0103\u201d (sec.XIX);<strong> (PRE\u021a Intrare 10 Lei)<\/strong><\/li><li>Rezervatia peisagistica \u201eTrebujeni;<\/li><\/ul><\/li><li>M\u0103n\u0103stirea Curchi, considerata una din cele mai frumoase \u015fi mai vestite m\u0103n\u0103stiri din Basarabia.\u00a0Pelerinii vor vizita:<ul><li>Biserica de vara \u201eNa\u0219terea Maicii Domnului\u201d, o bijuterie arhitecturala, construita dup\u0103 proiectul arhitectului italian Rasstrelly;<\/li><li>Biserica Sf. Ierarh Nicolae, construita in stil bizantin.<\/li><li>Magazinul bisericesc.<\/li><\/ul><\/li><li>Satul Vatici<ul><li>Vizitarea muzeului s\u0103tesc din satul Vatici \u201dVatra Str\u0103mo\u0219easca\u201d.\u00a0<strong> (PRE\u021a Intrare 10 Lei)<\/strong><\/li><\/ul><\/li><li>Sosirea \u00eentre orele 17:00 \u2013 18:00<\/li><\/ul>\n\n\n\n<p>Detalii la telefon: 023 58 40 04 |060 552 999 | 069 997 722 | 060 822 899 | 060 822 899<br>\nE-mail: laspalmastur@yahoo.com<\/p>\n\n\n\n<p>*Compania isi rezerv\u0103 dreptul de a modifica pretul.<\/p>\n\n\n\n<ul><li><\/li><\/ul>\n","protected":false},"excerpt":{"rendered":"<p>Pre\u021b Pre\u021b \u2013 139 Lei\/pers. Primele 5 r\u00e2nduri \u00een autocar \u2013189 Lei\/pers. 0-2 ani \u2013&nbsp;Gratis (f\u0103r\u0103 loc \u00een transport) 2-7 ani \u2013 69 Lei Detalii Rezerva\u021bia cultural-natural\u0103 Orheiul Vechi constituie &#8230;<\/p>\n","protected":false},"author":1,"featured_media":3507,"parent":0,"menu_order":0,"comment_status":"closed","ping_status":"closed","template":"","meta":[],"_links":{"self":[{"href":"https:\/\/laspalmas.md\/ru\/wp-json\/wp\/v2\/pages\/3504"}],"collection":[{"href":"https:\/\/laspalmas.md\/ru\/wp-json\/wp\/v2\/pages"}],"about":[{"href":"https:\/\/laspalmas.md\/ru\/wp-json\/wp\/v2\/types\/page"}],"author":[{"embeddable":true,"href":"https:\/\/laspalmas.md\/ru\/wp-json\/wp\/v2\/users\/1"}],"replies":[{"embeddable":true,"href":"https:\/\/laspalmas.md\/ru\/wp-json\/wp\/v2\/comments?post=3504"}],"version-history":[{"count":3,"href":"https:\/\/laspalmas.md\/ru\/wp-json\/wp\/v2\/pages\/3504\/revisions"}],"predecessor-version":[{"id":3612,"href":"https:\/\/laspalmas.md\/ru\/wp-json\/wp\/v2\/pages\/3504\/revisions\/3612"}],"wp:featuredmedia":[{"embeddable":true,"href":"https:\/\/laspalmas.md\/ru\/wp-json\/wp\/v2\/media\/3507"}],"wp:attachment":[{"href":"https:\/\/laspalmas.md\/ru\/wp-json\/wp\/v2\/media?parent=3504"}],"curies":[{"name":"wp","href":"https:\/\/api.w.org\/{rel}","templated":true}]}}