{"id":3498,"date":"2020-05-16T18:57:02","date_gmt":"2020-05-16T15:57:02","guid":{"rendered":"http:\/\/laspalmas.md\/?page_id=3498"},"modified":"2020-05-17T00:15:34","modified_gmt":"2020-05-16T21:15:34","slug":"cetatea-sorocii-cosauti","status":"publish","type":"page","link":"https:\/\/laspalmas.md\/ru\/cetatea-sorocii-cosauti\/","title":{"rendered":"Cetatea Sorocii \u2013 Cos\u0103u\u021bi"},"content":{"rendered":"\n<p>&nbsp;Pre\u021b<\/p>\n\n\n\n<table class=\"wp-block-table\"><tbody><tr><td>\n<strong>Pre\u021b \u2013 185 Lei\/pers.<br>\nPrimele 5 r\u00e2nduri \u00een autocar \u2013 235 Lei\/pers.<\/strong>\n<\/td><\/tr><tr><td>\n0-2 ani \u2013&nbsp;Gratis (f\u0103r\u0103 loc \u00een transport)\n<\/td><\/tr><tr><td>\n2-7 ani \u2013 92 Lei\n<\/td><\/tr><\/tbody><\/table>\n\n\n\n<p class=\"has-text-color has-vivid-red-color\"><strong>\u00cen cazul \u00een care apar restric\u021bii la num\u0103rul maxim de persoane \u00een autocar, pre\u021bul va suferi modific\u0103ri<\/strong><\/p>\n\n\n\n<p><strong>Detalii<\/strong><\/p>\n\n\n\n<p>Fort\u0103rea\u021ba este pentru prima dat\u0103 atestat\u0103 la 12 iulie 1499, la Curtea Domneasc\u0103 de la H\u00e2rl\u0103u, considerat\u0103 unicul monument medieval din Moldova care s-a p\u0103strat a\u0219a cum l-au conceput me\u0219terii.<\/p>\n\n\n\n<p>Pre\u021bul Include:<\/p>\n\n\n\n<ul><li>Transport tur-retur<\/li><li>Toate excursiile indicate \u00een program<\/li><li>Ghid licen\u021biat<\/li><li>Intr\u0103rile \u00een obiective<br>\n<\/li><\/ul>\n\n\n\n<p>Pre\u021bul nu include:<\/p>\n\n\n\n<p>&#8211; Masa<br>\n<\/p>\n\n\n\n<p>Servicii Adi\u021bionale:<\/p>\n\n\n\n<p>&#8211; Ghid \u00een limbi str\u0103ine (50 \u20ac)<br>\n<\/p>\n\n\n\n<p><strong>Descriere<\/strong><\/p>\n\n\n\n<p>Unde s-a aflat cetatea antica Olhionia? Unde s-a aflat enigmaticul Metonium, ora\u015f atat de cunoscut de istoricii si geografii din antichitate? De ce savantul francez de la Sorbona a ales s\u0103 studieze cu studen\u0163ii s\u0103i minunea geologica \u2013 pragurile de granit de la Cos\u0103u\u0163i? Multe enigme \u015fi taine ale istoriei noastre ascunde peisajul de la nordul Republicii Moldova\u2026<\/p>\n\n\n\n<p>Pe parcursul itinerarului vom afla istoria ora\u015felor antice, amplasate pe teritoriul p\u0103m\u00eentului moldav, vom auzi istoria cet\u0103\u0163ii <strong>Soroca<\/strong>, parte a sistemului defensiv al Statului Moldovenesc. La \u00abLum\u00eenarea recuno\u015ftin\u0163ei \u00bb vom spune un cuvant de multumire inaintasilor nostri, care au trudit secole la rand pentru a ne lasa inestimabile valori materiale si spirituale;<\/p>\n\n\n\n<p>Pe dealul Sorocii vom admira casele-palate ale romilor din Moldova; la <strong>Cos\u0103u\u0163i<\/strong> ne vom ad\u00eenci \u00een paleolitic pentru a afla modul de viat\u0103 al str\u0103mo\u015filor antici, care au vie\u0163uit \u00een statiunea de aici, ne vom inchina la m\u0103n\u0103stirea Cos\u0103u\u0163i, amplasat\u0103 pe <strong>malul Nistrului<\/strong> \u00eentr-un cadru pitoresc, vom bea ap\u0103 din izvorul cu apa datatoare de sanatate;<\/p>\n\n\n\n<p><strong>Program<\/strong><\/p>\n\n\n\n<ul><li>Plecarea la ora 08:00<\/li><li>Sosire la Soroca, excursie prin diferite obiective turistice<\/li><li>Vizitarea Cet\u0103\u021bii Soroca<\/li><li>Sosirea la ora18:00 \u2013 19:00<\/li><\/ul>\n\n\n\n<p><strong>Obiective turistice vizitate<\/strong><\/p>\n\n\n\n<ul><li>Schitul monastic \u201eBechir\u201d (sec. VII-IX) (din exterior, de la distan\u021b\u0103 \u2013 din cauza dificult\u0103\u021bii)<\/li><li>Monument al Naturii Geologic \u015fi Paleontologic \u201cR\u00e2pa Bechir\u201d<\/li><li>Monumentul \u201eLum\u00e2narea Recuno\u015ftin\u0163ei\u201d de la Soroca<\/li><li>Cetatea Soroca (1543 \u2013 1545)<\/li><li>Dealul romilor<\/li><li>Atelierele sub cerul liber ale me\u0219terilor pietrari de la Cosauti<\/li><li>Monumentul Sta\u021biunea paleolitic\u0103 din Cos\u0103u\u021bi<\/li><li>M\u0103n\u0103stirea Cos\u0103u\u021bi cu Hramul Acoperamantul Maicii Domnului<\/li><\/ul>\n\n\n\n<p>Detalii la telefon: 023 58 40 04 |060 552 999 | 069 997 722 | 060 822 899 | 060 822 899<br>\nE-mail: laspalmastur@yahoo.com<\/p>\n\n\n\n<p>*Compania isi rezerv\u0103 dreptul de a modifica pretul.<\/p>\n","protected":false},"excerpt":{"rendered":"<p>&nbsp;Pre\u021b Pre\u021b \u2013 185 Lei\/pers. Primele 5 r\u00e2nduri \u00een autocar \u2013 235 Lei\/pers. 0-2 ani \u2013&nbsp;Gratis (f\u0103r\u0103 loc \u00een transport) 2-7 ani \u2013 92 Lei \u00cen cazul \u00een care apar &#8230;<\/p>\n","protected":false},"author":1,"featured_media":3501,"parent":0,"menu_order":0,"comment_status":"closed","ping_status":"closed","template":"","meta":[],"_links":{"self":[{"href":"https:\/\/laspalmas.md\/ru\/wp-json\/wp\/v2\/pages\/3498"}],"collection":[{"href":"https:\/\/laspalmas.md\/ru\/wp-json\/wp\/v2\/pages"}],"about":[{"href":"https:\/\/laspalmas.md\/ru\/wp-json\/wp\/v2\/types\/page"}],"author":[{"embeddable":true,"href":"https:\/\/laspalmas.md\/ru\/wp-json\/wp\/v2\/users\/1"}],"replies":[{"embeddable":true,"href":"https:\/\/laspalmas.md\/ru\/wp-json\/wp\/v2\/comments?post=3498"}],"version-history":[{"count":4,"href":"https:\/\/laspalmas.md\/ru\/wp-json\/wp\/v2\/pages\/3498\/revisions"}],"predecessor-version":[{"id":3605,"href":"https:\/\/laspalmas.md\/ru\/wp-json\/wp\/v2\/pages\/3498\/revisions\/3605"}],"wp:featuredmedia":[{"embeddable":true,"href":"https:\/\/laspalmas.md\/ru\/wp-json\/wp\/v2\/media\/3501"}],"wp:attachment":[{"href":"https:\/\/laspalmas.md\/ru\/wp-json\/wp\/v2\/media?parent=3498"}],"curies":[{"name":"wp","href":"https:\/\/api.w.org\/{rel}","templated":true}]}}