{"id":3490,"date":"2020-05-16T14:56:36","date_gmt":"2020-05-16T11:56:36","guid":{"rendered":"http:\/\/laspalmas.md\/?page_id=3490"},"modified":"2020-05-17T00:17:46","modified_gmt":"2020-05-16T21:17:46","slug":"manastirea-saharna-tipova","status":"publish","type":"page","link":"https:\/\/laspalmas.md\/ru\/manastirea-saharna-tipova\/","title":{"rendered":"M\u0103n\u0103stirea Saharna + \u021a\u00eepova"},"content":{"rendered":"\n<p>&nbsp;Pre\u021b<\/p>\n\n\n\n<table class=\"wp-block-table\"><tbody><tr><td>\n<strong>Pre\u021b \u2013 169 Lei\/pers.<\/strong>\n<\/td><\/tr><tr><td>\n0-2 ani \u2013&nbsp;Gratis (f\u0103r\u0103 loc \u00een transport)\n<\/td><\/tr><tr><td>\n2-7 ani \u2013 85 Lei\n<\/td><\/tr><\/tbody><\/table>\n\n\n\n<p class=\"has-text-color has-vivid-red-color\"><strong>\u00cen cazul \u00een care apar restric\u021bii la num\u0103rul maxim de persoane \u00een autocar, pre\u021bul va suferi modific\u0103ri<\/strong><\/p>\n\n\n\n<p><strong>Detalii<\/strong><\/p>\n\n\n\n<p><strong>M\u0103n\u0103stirea Saharna<\/strong>, \u00een \u00eentregul ei ansamblu, este unul din cele mai vechi a\u0219ez\u0103minte monahale din cadrul Bisericii Ortodoxe din&nbsp;Republica Moldova. Ansamblul monastic este compus din dou\u0103 m\u0103n\u0103stiri: una rupestr\u0103 (Bunavestire) \u0219i alta terestr\u0103 (Sf. Treime). Istoria m\u0103n\u0103stirii rupestre se cunoa\u0219te foarte pu\u021bin, ne\u0219tiindu-se data precis\u0103 a \u00eentemeierii \u0219i cine sunt \u00eentemeietorii.<\/p>\n\n\n\n<p>Pre\u021bul Include:<\/p>\n\n\n\n<ul><li>Transport tur-retur<\/li><li>Toate excursiile indicate \u00een program<\/li><li>Ghid licen\u021biat<\/li><\/ul>\n\n\n\n<p>Pre\u021bul nu include:<\/p>\n\n\n\n<p>&#8211; Masa<\/p>\n\n\n\n<p>Servicii Adi\u021bionale:<\/p>\n\n\n\n<ul><li>Ghid \u00een limbi str\u0103ine (50 \u20ac)<\/li><li>Intrarea la M\u0103n\u0103stirea \u021aipova (20 lei adult\/ 10 lei copil)<br>\n<\/li><\/ul>\n\n\n\n<p><strong>Descriere<\/strong><\/p>\n\n\n\n<ul><li>Rezerva\u0163ia peisagistic\u0103&nbsp;<strong>Saharna&nbsp;<\/strong>se afl\u0103&nbsp;pe cuprinsul Podi\u015fului Nistrean, la 100 de km de Chi\u015fin\u0103u. Cea mai spectaculoas\u0103&nbsp;este cascada,&nbsp;ce cade de la \u00een\u0103l\u0163imea de 4 m, iar \u00een locul c\u0103derii ei s-a format o excava\u0163ie de p\u00een\u0103&nbsp;la 10 m ad\u00eencime, fiind numit\u0103&nbsp;\u00abGroapa \u0162iganului\u00bb.&nbsp;Din timpuri str\u0103vechi Saharna e renumit\u0103 cu M\u0103n\u0103stirea Sfintei Treimi, fondat\u0103 1776 de c\u0103tre Vartolomeu Krivoruciko \u015fi care ast\u0103zi este declarat\u0103 monument de istorie \u015fi arhitectur\u0103.<\/li><li>La&nbsp;<strong>\u0162ipova<\/strong>, pe malul st\u00eencos al Nistrului (cca. 100 km nord de Chi\u015fin\u0103u) se g\u0103seste cea mai mare m\u0103n\u0103stire rupestr\u0103 ortodox\u0103 din Moldova, considerat\u0103 \u015fi una dintre cele mai mari din Europa.&nbsp;Este situat\u0103 &nbsp;\u00een apropiere de satul \u0162ipova din raionul Rezina.&nbsp;Complexul m\u0103n\u0103stiresc se \u00eentinde pe trei nivele num\u0103r\u00eend mai multe \u00eenc\u0103peri \u0219i trei biserici (Sf\u00eenta Cruce \u2013 secolele XI-XII; Sf\u00eentul Nicolae \u2013 secolul XIV \u0219i Adormirea Maicii Domnului \u2013 secolele XVI-XVIII).<\/li><li><strong>Una dintre legende manastirii Tipova<\/strong> istorise\u015fte ca \u00een aceast\u0103 m\u0103n\u0103stire s-ar fi cununat \u00eens\u0103\u015fi \u015etefan cel Mare cu Maria Voichi\u0163a. Localnicii spun c\u0103 la apus de soare se poate \u00eent\u00e2lni o doamn\u0103 \u00eembr\u0103cat\u0103 \u00eentr-o rochie alb\u0103, ce b\u00e2ntuie chiliile m\u0103n\u0103stirii. Se presupune c\u0103 ar fi doamna Maria Voichi\u0163a sau fiica ei Maru\u015fca.<strong>O alt\u0103 legend\u0103 a locului<\/strong> este legat\u0103 de anticul poet Orfeu, care ar fi fost exilat pe aceste locuri \u015fi ar fi murit tot aici. Morm\u00e2ntul acestuia s-ar fi aflat \u00eentr-o ni\u015f\u0103 la poalele uneia dintre cascade, fiind recunoscut dup\u0103 o piatr\u0103 de morm\u00e2nt cu g\u0103uri. Speciali\u015ftii au recunoscut c\u0103 a fost g\u0103sit\u0103 o astfel de piatr\u0103.<\/li><\/ul>\n\n\n\n<p><strong>Program<\/strong><\/p>\n\n\n\n<ul><li>Plecarea la ora 08:00<\/li><li>Sosire la Saharna, excursie prin toat\u0103 rezerva\u021bia.<\/li><li>Vizitarea M\u0103n\u0103stirii \u021aipova<\/li><li>Sosirea la ora 17:00 \u2013 18:00<\/li><\/ul>\n\n\n\n<p>Detalii la telefon: 023 58 40 04 |060 552 999 | 069 997 722 | 060 822 899 | 060 822 899<br>\nE-mail: laspalmastur@yahoo.com<\/p>\n\n\n\n<p>*Compania isi rezerv\u0103 dreptul de a modifica pretul.<\/p>\n\n\n\n<ul><li><\/li><\/ul>\n","protected":false},"excerpt":{"rendered":"<p>&nbsp;Pre\u021b Pre\u021b \u2013 169 Lei\/pers. 0-2 ani \u2013&nbsp;Gratis (f\u0103r\u0103 loc \u00een transport) 2-7 ani \u2013 85 Lei \u00cen cazul \u00een care apar restric\u021bii la num\u0103rul maxim de persoane \u00een autocar, &#8230;<\/p>\n","protected":false},"author":1,"featured_media":3493,"parent":0,"menu_order":0,"comment_status":"closed","ping_status":"closed","template":"","meta":[],"_links":{"self":[{"href":"https:\/\/laspalmas.md\/ru\/wp-json\/wp\/v2\/pages\/3490"}],"collection":[{"href":"https:\/\/laspalmas.md\/ru\/wp-json\/wp\/v2\/pages"}],"about":[{"href":"https:\/\/laspalmas.md\/ru\/wp-json\/wp\/v2\/types\/page"}],"author":[{"embeddable":true,"href":"https:\/\/laspalmas.md\/ru\/wp-json\/wp\/v2\/users\/1"}],"replies":[{"embeddable":true,"href":"https:\/\/laspalmas.md\/ru\/wp-json\/wp\/v2\/comments?post=3490"}],"version-history":[{"count":4,"href":"https:\/\/laspalmas.md\/ru\/wp-json\/wp\/v2\/pages\/3490\/revisions"}],"predecessor-version":[{"id":3610,"href":"https:\/\/laspalmas.md\/ru\/wp-json\/wp\/v2\/pages\/3490\/revisions\/3610"}],"wp:featuredmedia":[{"embeddable":true,"href":"https:\/\/laspalmas.md\/ru\/wp-json\/wp\/v2\/media\/3493"}],"wp:attachment":[{"href":"https:\/\/laspalmas.md\/ru\/wp-json\/wp\/v2\/media?parent=3490"}],"curies":[{"name":"wp","href":"https:\/\/api.w.org\/{rel}","templated":true}]}}