{"id":3484,"date":"2020-05-16T14:50:04","date_gmt":"2020-05-16T11:50:04","guid":{"rendered":"http:\/\/laspalmas.md\/?page_id=3484"},"modified":"2020-05-17T00:17:24","modified_gmt":"2020-05-16T21:17:24","slug":"gagauzia-ferma-de-cai-pranz-traditional","status":"publish","type":"page","link":"https:\/\/laspalmas.md\/ru\/gagauzia-ferma-de-cai-pranz-traditional\/","title":{"rendered":"G\u0103g\u0103uzia + Ferma de cai + Pr\u00e2nz tradi\u021bional"},"content":{"rendered":"\n<p>&nbsp;Pre\u021b<\/p>\n\n\n\n<table class=\"wp-block-table\"><tbody><tr><td>\n<strong>Pre\u021b \u2013 279 Lei\/pers.<\/strong>\n<\/td><\/tr><tr><td>\n0-2 ani \u2013&nbsp;Gratis (f\u0103r\u0103 loc \u00een transport)\n<\/td><\/tr><tr><td>\n2-7 ani \u2013 139 Lei\n<\/td><\/tr><\/tbody><\/table>\n\n\n\n<p><strong>\u00cen cazul \u00een care apar restric\u021bii la num\u0103rul maxim de persoane \u00een autocar, pre\u021bul va suferi modific\u0103ri<\/strong><\/p>\n\n\n\n<p><strong>Detalii<\/strong><\/p>\n\n\n\n<p><strong>G\u0103g\u0103uzia<\/strong>&nbsp;este o&nbsp;regiune autonom\u0103&nbsp;(din 1995) din sud-vestul&nbsp;Republicii Moldova, locuit\u0103 preponderent de&nbsp;g\u0103g\u0103uzi, un popor vorbitor al unei&nbsp;limbi turcice&nbsp;\u015fi apropiat cultural de&nbsp;turci, \u00eens\u0103 de confesiune&nbsp;cre\u015ftin\u0103 ortodox\u0103.<\/p>\n\n\n\n<p>Pre\u021bul Include:<\/p>\n\n\n\n<ul><li>Transport tur-retur<\/li><li>Toate excursiile indicate \u00een program<\/li><li>Ghidaj pe tot parcursul excursiei<br>\n<\/li><\/ul>\n\n\n\n<p>Pre\u021bul nu include:<\/p>\n\n\n\n<ul><li>Masa<\/li><li>Intr\u0103rile \u00een obiective turistice<br>\n<\/li><\/ul>\n\n\n\n<p><strong>Descriere<\/strong><\/p>\n\n\n\n<p><strong>G\u0103g\u0103uzia<\/strong>&nbsp;este o&nbsp;regiune autonom\u0103&nbsp;(din 1995) din sud-vestul&nbsp;Republicii Moldova, locuit\u0103 preponderent de&nbsp;g\u0103g\u0103uzi, un popor vorbitor al unei&nbsp;limbi turcice&nbsp;\u015fi apropiat cultural de&nbsp;turci, \u00eens\u0103 de confesiune&nbsp;cre\u015ftin\u0103 ortodox\u0103. Limba g\u0103g\u0103uz\u0103 este considerat\u0103 de UNESCO ca fiind o limb\u0103 pe cale de dispari\u021bie. \u00centre&nbsp;1812&nbsp;\u015fi&nbsp;1846, ru\u015fii au recolonizat cu g\u0103g\u0103uzi adu\u015fi din estul Bulgariei&nbsp; \u00eentr-o Basarabie ortodox\u0103, \u00een principal \u00een a\u015fez\u0103rile p\u0103r\u0103site de nogai. G\u0103g\u0103uzii s-au stabilit acolo \u00een paralel cu bulgarii basarabeni \u00een Avdarma, Comrat,&nbsp;Congaz,&nbsp;Tomai,&nbsp;Ci\u015fmichioi&nbsp;\u015fi alte sate.<\/p>\n\n\n\n<p>Populatia regiunii autonome este de 135.000 locuitori,&nbsp; suprafa\u0163a de 1.830&nbsp;km\u00b2. Ea &nbsp;este divizat\u0103 \u00een trei raioane administrative (<em>dolay<\/em>):&nbsp;Comrat,&nbsp;Ciad\u00eer-Lunga&nbsp;\u015fi&nbsp;Vulc\u0103ne\u015fti. Centrul administrativ al regiunii este ora\u015ful Comrat&nbsp;(20 mii locuitori), &nbsp;prima referin\u021b\u0103 oficial\u0103 despre ora\u0219 dateaz\u0103 cu 1789. Limbile oficiale sunt&nbsp;g\u0103g\u0103uza,&nbsp;rom\u00e2na&nbsp;vorbit\u0103 \u00een&nbsp;graiul moldovenesc&nbsp;\u015fi&nbsp;rusa. &nbsp;Pe teritoriul G\u0103g\u0103uziei sunt situate &nbsp;numeroase vin\u0103rii. &nbsp;Buc\u0103t\u0103ria g\u0103g\u0103uz\u0103 este unic\u0103. Aceasta are la baz\u0103 trecutul nomad al poporului g\u0103g\u0103uz; multe feluri de m\u00e2ncare con\u021bin \u00een mare parte lapte, br\u00e2nz\u0103 de vaci, \u0219i carne. Unele dintre cele mai populare feluri de m\u00e2ncare g\u0103g\u0103uze sunt: gozleme, pl\u0103cinte cu br\u00e2nz\u0103 de oaie preparat\u0103 acas\u0103, \u0219i mangea, un sos cu carne \u0219i past\u0103 din ardei ro\u0219u.<\/p>\n\n\n\n<p><strong>Program<\/strong><\/p>\n\n\n\n<ul><li>Pornirea la ora 08:00<\/li><li>Sosire la Comrat, excursie panoramic\u0103 \u0219i pietonal\u0103.<\/li><li>Satul Be\u0219alma.<\/li><li>Satul Congaz, timp liber pentru pr\u00e2nz traditional.<\/li><li>Vizitarea Fermei de Cai din Cead\u00e2r Lunga.<\/li><li>Sosirea la ora 18:00 \u2013 19:00<\/li><\/ul>\n\n\n\n<p><strong>Respectarea distan\u021bei sociale garantat\u0103 100 %!<\/strong><\/p>\n\n\n\n<p><strong>Obiective turistice vizitate<\/strong><\/p>\n\n\n\n<ul><li><strong>Orasul Comrat<\/strong>\u2013 o localitate ce combin\u0103 prezentul cu trecutul sovietic.\u00a0 \u00a0Turul orasului. Catedrala Sf\u00e2ntul Ioan Botez\u0103torul.<\/li><li><strong>Satul Be\u0219alma<\/strong>. Muzeul Na\u021bional G\u0103g\u0103uz de Istorie \u0219i Etnografie\u00a0.(vizitatorii muzeului vor face cuno\u0219tin\u021b\u0103 cu\u00a0 ceremoniile colorate ale nun\u021bilor, obiceiurile \u0219i tradi\u021biile poporului\u00a0 g\u0103g\u0103uz.)<\/li><li><strong>Satul Congaz<\/strong>. Pensiunea \u201eG\u0103g\u0103uz Sofrasi\u201d- o locuin\u021b\u0103\u00a0tipic g\u0103g\u0103uz\u0103 a \u021b\u0103ranilor din sec. XIX. Popula\u021bia satului este de 13.000 de locuitori- cel mai mare \u0219i cel mai dens populat sat din Europa, figur\u00e2nd \u00een\u00a0Cartea Recordurilor Guinness.<\/li><li><strong>Ferma de cai din Cead\u00eer-Lunga.<\/strong> Ferma de cai este amplasat\u0103 \u00een \u00eemprejurimile or. Cead\u00eer-Lunga \u0219i este specializat\u0103 \u00een cre\u0219terea tr\u0103pa\u0219ilor de Orlov. Anul acesta se vor \u00eemplini 23 de ani de c\u00e2nd ferma a primit statut de ferm\u0103 de cre\u0219tere \u0219i selec\u021bie a cailor \u00een Republica Moldova.<\/li><\/ul>\n\n\n\n<p>Detalii la telefon: 023 58 40 04 |060 552 999 | 069 997 722 | 060 822 899 | 060 822 899<br>\nE-mail: laspalmastur@yahoo.com<\/p>\n\n\n\n<p>*Compania isi rezerv\u0103 dreptul de a modifica pretul.<\/p>\n\n\n\n<ul><li><\/li><\/ul>\n","protected":false},"excerpt":{"rendered":"<p>&nbsp;Pre\u021b Pre\u021b \u2013 279 Lei\/pers. 0-2 ani \u2013&nbsp;Gratis (f\u0103r\u0103 loc \u00een transport) 2-7 ani \u2013 139 Lei \u00cen cazul \u00een care apar restric\u021bii la num\u0103rul maxim de persoane \u00een autocar, &#8230;<\/p>\n","protected":false},"author":1,"featured_media":3488,"parent":0,"menu_order":0,"comment_status":"closed","ping_status":"closed","template":"","meta":[],"_links":{"self":[{"href":"https:\/\/laspalmas.md\/ru\/wp-json\/wp\/v2\/pages\/3484"}],"collection":[{"href":"https:\/\/laspalmas.md\/ru\/wp-json\/wp\/v2\/pages"}],"about":[{"href":"https:\/\/laspalmas.md\/ru\/wp-json\/wp\/v2\/types\/page"}],"author":[{"embeddable":true,"href":"https:\/\/laspalmas.md\/ru\/wp-json\/wp\/v2\/users\/1"}],"replies":[{"embeddable":true,"href":"https:\/\/laspalmas.md\/ru\/wp-json\/wp\/v2\/comments?post=3484"}],"version-history":[{"count":3,"href":"https:\/\/laspalmas.md\/ru\/wp-json\/wp\/v2\/pages\/3484\/revisions"}],"predecessor-version":[{"id":3609,"href":"https:\/\/laspalmas.md\/ru\/wp-json\/wp\/v2\/pages\/3484\/revisions\/3609"}],"wp:featuredmedia":[{"embeddable":true,"href":"https:\/\/laspalmas.md\/ru\/wp-json\/wp\/v2\/media\/3488"}],"wp:attachment":[{"href":"https:\/\/laspalmas.md\/ru\/wp-json\/wp\/v2\/media?parent=3484"}],"curies":[{"name":"wp","href":"https:\/\/api.w.org\/{rel}","templated":true}]}}