{"id":3480,"date":"2020-05-16T14:34:31","date_gmt":"2020-05-16T11:34:31","guid":{"rendered":"http:\/\/laspalmas.md\/?page_id=3480"},"modified":"2020-05-17T00:16:53","modified_gmt":"2020-05-16T21:16:53","slug":"excursie-la-9-manastiri-din-moldova","status":"publish","type":"page","link":"https:\/\/laspalmas.md\/ru\/excursie-la-9-manastiri-din-moldova\/","title":{"rendered":"Excursie la 9 M\u0103n\u0103stiri din Moldova"},"content":{"rendered":"\n<p>&nbsp;Pre\u021b<\/p>\n\n\n\n<table class=\"wp-block-table\"><tbody><tr><td>\n<strong>Pre\u021b \u2013 199 Lei\/pers.<\/strong>\n<\/td><\/tr><tr><td>\n0-2 ani \u2013&nbsp;Gratis (f\u0103r\u0103 loc \u00een transport)\n<\/td><\/tr><tr><td>\n2-7 ani \u2013 99 Lei\n<\/td><\/tr><\/tbody><\/table>\n\n\n\n<p><strong>\u00cen cazul \u00een care apar restric\u021bii la num\u0103rul maxim de persoane \u00een autocar, pre\u021bul va suferi modific\u0103ri<\/strong><\/p>\n\n\n\n<p><strong>Detalii<\/strong><\/p>\n\n\n\n<p>Aceast\u0103 excursie include urm\u0103toarele m\u0103n\u0103stiri: H\u00e2ncu, Frumoasa, R\u0103ciula, H\u00e2rj\u0103uca, H\u00e2rbov\u0103\u021b, C\u0103priana, Ulmu, Condri\u021ba, Suruceni.<\/p>\n\n\n\n<p>Pre\u021bul Include:<\/p>\n\n\n\n<ul><li>Vizitarea obiectivelor indicate \u00een program<\/li><li>Transport tur-retur<\/li><li>Ghid licen\u021biat<br>\n<\/li><\/ul>\n\n\n\n<p>Pre\u021bul nu include:<\/p>\n\n\n\n<p>&#8211; Masa<br>\n<\/p>\n\n\n\n<p>Servicii Adi\u021bionale:<\/p>\n\n\n\n<p>&#8211; Ghid \u00een limbi str\u0103ine (50 \u20ac)<br>\n<\/p>\n\n\n\n<p><strong>Descriere<\/strong><\/p>\n\n\n\n<ul><li><strong>H\u00e2ncu&nbsp;&nbsp;<\/strong><\/li><li>Fondat\u0103 \u00een anul&nbsp;<strong>1678<\/strong>, este situat\u0103 \u00een raionul Nisporeni, la aproximativ&nbsp;<strong>45 km distan\u021b\u0103&nbsp;de Chi\u0219in\u0103u<\/strong>. M\u0103n\u0103stirea a&nbsp;\u00eenceput de la un schit monahal al sihastrului Mihail H\u00eencu, la cererea fiicei sale, care devine apoi c\u0103lug\u0103ri\u021b\u0103, lu\u00eend numele de Paraschiva. \u00cen secolul al XVIII-lea schitul a fost p\u0103r\u0103sit din cauza invaziei tatarilor.<\/li><li><strong>Frumoasa<\/strong><\/li><li>M\u0103n\u0103stirea de&nbsp;<strong>maici&nbsp;<\/strong>Frumoasa se afl\u0103 la o distan\u021b\u0103 de&nbsp;<strong>14 km de C\u0103l\u0103ra\u0219i<\/strong>.&nbsp;Istoria acestei m\u0103n\u0103stiri \u00eencepe \u00een&nbsp;<strong>1804<\/strong>, c\u00e2nd a venit pe acest loc r\u0103za\u0219ul Efrem Iurco din satul Oliscani, judetul Orhei, care era v\u0103duv \u0219i a dorit s\u0103 devin\u0103 c\u0103lug\u0103r.<\/li><li><strong>R\u0103ciula<\/strong><\/li><li>M\u0103n\u0103stirea se afl\u0103 \u00een preajma satului omonim, la o distan\u021b\u0103 de 11 km de ora\u0219ul C\u0103l\u0103ra\u0219i. A&nbsp;fost \u00eenfiin\u021bat\u0103 \u00een anul 1797, de doi fra\u021bi&nbsp;Andrei \u0219i Ioan Ro\u0219ca, preo\u021bi din satul Pa\u0219cani. M\u0103n\u0103stirea are hramul&nbsp;<strong>Na\u0219terii&nbsp;Maicii Domnului,&nbsp;<\/strong>este o&nbsp;m\u0103n\u0103stire de c\u0103lug\u0103ri\u021be, \u00een jur de&nbsp;90 de vie\u021buitoare.<\/li><li><strong>H\u00e2rj\u0103uca<\/strong><\/li><li>M\u0103n\u0103stirea este situat\u0103 la aproximativ&nbsp;<strong>25 km de or. C\u0103l\u0103ra\u0219i<\/strong>, pe malul p\u00e2r\u00e2ului H\u00e2rjauca \u0219i \u00een apropierea satului cu acela\u0219i&nbsp;nume. A&nbsp;fost \u00eentemeiat\u0103 \u00een anul&nbsp;<strong>1740 <\/strong>\u0219i poart\u0103 hramul <strong>\u00cen\u0103l\u021barea Domnului.<\/strong><\/li><li><strong>H\u00e2rbov\u0103\u021b<\/strong><\/li><li>M\u0103n\u0103stirea este situat\u0103, pe valea r\u00e2ului Ichel, la aproximativ&nbsp;<strong>10 km de or. C\u0103l\u0103ra\u0219i.<\/strong>&nbsp;A fost \u00eentemeiat\u0103 \u00een&nbsp;<strong>1730<\/strong>&nbsp;de c\u0103tre boierul Constantin Carpuz. \u00cen cadrul m\u0103n\u0103stirii se afl\u0103 o biseric\u0103 de piatr\u0103 cu hramul&nbsp;<strong>Adormirea Maicii Domnului,&nbsp;<\/strong>zidit\u0103 de mireanul \u0218tefan Lupu (ulterior monahul Serapion). Cealalt\u0103 biseric\u0103 are hramul&nbsp;<strong>Pogor\u00e2rea<\/strong>&nbsp;<strong>Sf\u00e2ntului Duh<\/strong>&nbsp;\u0219i este zidit\u0103 la 1870, pe timpul stare\u021bilor Ieronim \u0219i Natanail. Aici se p\u0103streaz\u0103 vestita&nbsp;<strong>icoan\u0103 f\u0103c\u0103toare de minuni a Maicii Domnului, \u201eG\u00e2rbovi\u021ba\u201d<\/strong>, d\u0103ruit\u0103 \u00een 1790 de so\u021bia colonelului rus Nicolae Albaduev, ucis de un cal \u00een poarta m\u0103n\u0103stirii.<\/li><li><strong>C\u0103priana<\/strong><\/li><li>M\u0103n\u0103stirea de c\u0103lug\u0103ri&nbsp;a&nbsp;fost fondat\u0103 \u00een anul&nbsp;<strong>1420 \u0219<\/strong>i&nbsp;este una din cele mai vechi m\u0103n\u0103stiri din Basarabia.&nbsp;Este situat\u0103 \u00een zona central\u0103 a Republicii Moldova, la&nbsp;<strong>35 km de Chi\u0219in\u0103u<\/strong>,&nbsp;\u00een satul C\u0103priana, raionul Str\u0103\u0219eni, pe malul r\u00e2ului Isnov\u0103\u021b. \u00centre anii 2003 \u2013 2005, la m\u0103n\u0103stirea C\u0103priana au avut loc ample lucr\u0103ri de restaurare.&nbsp;\u00cen prezent, m\u0103n\u0103stirea este aproape restaurat\u0103, cu excep\u021bia picturilor murale din vechea biseric\u0103 a&nbsp;<strong>Adormirii Maicii Domnului&nbsp;<\/strong>(1545), &nbsp;Biserica&nbsp;<strong>Sf. Gheorghe&nbsp;<\/strong>(1903)&nbsp;de iarn\u0103 a fost renovat\u0103 complet \u0219i pictat\u0103.&nbsp;&nbsp;Ansamblul monahal actual prezint\u0103 3 biserici, o cas\u0103 cu 2 etaje, chilii \u0219i alte acareturi.<\/li><li><strong>Ulmu<\/strong><\/li><li>M\u0103n\u0103stirea se afl\u0103 \u00een satul&nbsp;Ulmu, rn. Ialoveni \u0219i are&nbsp;Hramul cu Sf\u00e2ntul nume al&nbsp;<strong>Maicii Teodora de la Sihla<\/strong>.<\/li><li><strong>Condri\u021ba<\/strong><\/li><li>M\u0103n\u0103stirea&nbsp;a fost fondat\u0103 \u00een anul&nbsp;<strong>1783<\/strong>&nbsp;\u0219i&nbsp;este situat&nbsp;la marginea satului Condri\u021ba, raionul Stra\u0219eni, la&nbsp;<strong>25 km de Chi\u0219in\u0103u<\/strong>, pe r\u00eeule\u021bul Catargul. \u00cen anul 1946 o parte a cl\u0103dirilor m\u0103n\u0103stirii a fost dat\u0103 pentru a se organiza aici \u0218coala Profesional\u0103 Agrara. \u00cen anul 1947 \u00eentreaga m\u0103n\u0103stire a intrat \u00een posesia \u0219colii. \u00cen anul 1960 a fost transformat\u0103 \u00eentr-o tab\u0103r\u0103 de var\u0103. \u00cen locul cimitirului m\u0103n\u0103stirii vechi a fost ridicat\u0103 o estrad\u0103, o mare parte a mormintelor a fost distrus\u0103. Biserica mare de var\u0103&nbsp;<strong>Sf. Nicolae<\/strong>&nbsp;a fost transformat\u0103 \u00eentr-un club, iar cea veche de iarn\u0103,&nbsp;<strong>Adormirea Maicii Domnului<\/strong>\u2013 \u00een depozit. C\u0103lug\u0103rii au fost transfera\u021bi la m\u0103n\u0103stirile de la Suruceni \u0219i C\u0103priana. \u00cen anul 1993 m\u0103n\u0103stirea a fost restituit\u0103 credincio\u0219ilor.<\/li><li><strong>Suruceni<\/strong><\/li><li>A fost fondat\u0103 \u00een anul&nbsp;<strong>1785 <\/strong>\u0219i restituit\u0103 credincio\u0219ilor \u00een anul 1991. Este situat\u0103 la<strong>&nbsp;25 de km de Chi\u0219in\u0103u<\/strong>, la marginea satului Suruceni, rn&nbsp;Ialoveni. Istoria m\u0103n\u0103stirii dateaz\u0103 din anul 1785, de atunci c\u00e2nd c\u0103lug\u0103rul Iosif \u0219i-a f\u0103cut un schit mic. De asemenea, el a construit aici \u00een anul 1794 o biseric\u0103 din lemn cu ajutorul boierului Casian Suruceanu din localitate, care a donat m\u0103n\u0103stirii o parte din pam\u00e2nturile sale. \u00cen perioada din 1825-1832 \u00een locul bisericii de lemn a fost construit\u0103 o biseric\u0103 din piatra&nbsp;cu&nbsp;<strong>hramul Sf. Gheorghe<\/strong>. Biserica acestei m\u0103n\u0103stiri este unica din Moldova&nbsp;c\u0103ptu\u0219it\u0103 cu tuf armean roz, ceea ce \u00eei confer\u0103 o deosebit\u0103 elegan\u021b\u0103 \u0219i originalitate.<\/li><\/ul>\n\n\n\n<p><strong>Program<\/strong><\/p>\n\n\n\n<ul><li>Plecarea la ora 06:00<\/li><li>Vizitarea tuturor M\u0103n\u0103stirilor<\/li><li>\u00centoarcerea la ora 18:00 \u2013 19:00<\/li><\/ul>\n\n\n\n<p>Detalii la telefon: 023 58 40 04 |060 552 999 | 069 997 722 | 060 822 899 | 060 822 899<br>\nE-mail: laspalmastur@yahoo.com<\/p>\n\n\n\n<p>*Compania isi rezerv\u0103 dreptul de a modifica pretul.<\/p>\n\n\n\n<ul><li><\/li><\/ul>\n","protected":false},"excerpt":{"rendered":"<p>&nbsp;Pre\u021b Pre\u021b \u2013 199 Lei\/pers. 0-2 ani \u2013&nbsp;Gratis (f\u0103r\u0103 loc \u00een transport) 2-7 ani \u2013 99 Lei \u00cen cazul \u00een care apar restric\u021bii la num\u0103rul maxim de persoane \u00een autocar, &#8230;<\/p>\n","protected":false},"author":1,"featured_media":3482,"parent":0,"menu_order":0,"comment_status":"closed","ping_status":"closed","template":"","meta":[],"_links":{"self":[{"href":"https:\/\/laspalmas.md\/ru\/wp-json\/wp\/v2\/pages\/3480"}],"collection":[{"href":"https:\/\/laspalmas.md\/ru\/wp-json\/wp\/v2\/pages"}],"about":[{"href":"https:\/\/laspalmas.md\/ru\/wp-json\/wp\/v2\/types\/page"}],"author":[{"embeddable":true,"href":"https:\/\/laspalmas.md\/ru\/wp-json\/wp\/v2\/users\/1"}],"replies":[{"embeddable":true,"href":"https:\/\/laspalmas.md\/ru\/wp-json\/wp\/v2\/comments?post=3480"}],"version-history":[{"count":2,"href":"https:\/\/laspalmas.md\/ru\/wp-json\/wp\/v2\/pages\/3480\/revisions"}],"predecessor-version":[{"id":3608,"href":"https:\/\/laspalmas.md\/ru\/wp-json\/wp\/v2\/pages\/3480\/revisions\/3608"}],"wp:featuredmedia":[{"embeddable":true,"href":"https:\/\/laspalmas.md\/ru\/wp-json\/wp\/v2\/media\/3482"}],"wp:attachment":[{"href":"https:\/\/laspalmas.md\/ru\/wp-json\/wp\/v2\/media?parent=3480"}],"curies":[{"name":"wp","href":"https:\/\/api.w.org\/{rel}","templated":true}]}}