{"id":3458,"date":"2020-05-16T14:07:32","date_gmt":"2020-05-16T11:07:32","guid":{"rendered":"http:\/\/laspalmas.md\/?page_id=3458"},"modified":"2020-05-17T00:16:30","modified_gmt":"2020-05-16T21:16:30","slug":"conacul-lui-manuc-bei-ferma-de-struti","status":"publish","type":"page","link":"https:\/\/laspalmas.md\/ru\/conacul-lui-manuc-bei-ferma-de-struti\/","title":{"rendered":"Conacul lui Manuc Bei + Ferma de Stru\u021bi"},"content":{"rendered":"\n<p>&nbsp;<strong>DETALII<\/strong><\/p>\n\n\n\n<p><strong>Conacul lui Manuc Bei<\/strong>&nbsp;sau&nbsp;Manuc Bey&nbsp;(oficial \u2013&nbsp;Complexul istorico-arhitectural Manuc Bey)&nbsp;este amplasat \u00een ora\u0219ul&nbsp;H\u00eence\u0219ti&nbsp;din partea central-vestic\u0103 a&nbsp;Republicii Moldova; \u0219i include urm\u0103toarele edificii: Palatul lui Manuc, Casa vechilului, C\u0103direa contesei, Castelul de v\u00e2n\u0103toare, Turnul de veghe, \u0219.a.<\/p>\n\n\n\n<table class=\"wp-block-table\"><tbody><tr><td>\n<strong>Pre\u021b \u2013 165&nbsp;Lei\/pers.<\/strong>\n<\/td><\/tr><tr><td>\n0-2 ani \u2013&nbsp;Gratis (f\u0103r\u0103 loc \u00een transport)\n<\/td><\/tr><tr><td>\n2-7 ani \u2013 82 Lei\n<\/td><\/tr><\/tbody><\/table>\n\n\n\n<p class=\"has-text-color has-vivid-red-color\"><strong>\u00cen cazul \u00een care apar restric\u021bii la num\u0103rul maxim de persoane \u00een autocar, pre\u021bul va suferi modific\u0103ri<\/strong><\/p>\n\n\n\n<p><strong>PRE\u021aUL INCLUDE<\/strong><\/p>\n\n\n\n<ul><li>Transport tur-retur<\/li><li>Toate excursiile indicate \u00een program<\/li><li>Ghid licen\u021biat<\/li><li>Intr\u0103ri \u00een obiectivele turistice (par\u021bial)&nbsp;<\/li><\/ul>\n\n\n\n<p><strong>PRE\u021aUL NU INCLUDE<\/strong><\/p>\n\n\n\n<ul><li>Intrarea \u00een Palatul lui Manuc Bei (adulti \u2013 80 lei, copii-50 lei)<\/li><li>Crama Manuc Bei \u2013 200 lei, include \u0219i vizitarea palatului \u0219i degustare de vin<\/li><li>Masa<\/li><\/ul>\n\n\n\n<p><strong>DESCRIERE<\/strong><\/p>\n\n\n\n<p><strong>M\u0103n\u0103stirea \u201eSf. Mc. Gheorghe\u201d, Suruceni<\/strong><\/p>\n\n\n\n<p>Construi\u0103 \u00een anul 1785 de boierul Casian Suruceanu, la sfatul ieromonahului Iosif ast\u0103zi este considerat\u0103 una din l\u0103ca\u0219ele \u201ecu multa sfin\u021benie\u201d, chiar daca in epoca sovietic\u0103 a fost nimicit \u0219i p\u00e2ng\u0103rit tot ce s-a reu\u0219it. La 1992 loca\u0219ul a fost redeschis, devenind m\u0103n\u0103stire de c\u0103lug\u0103ri\u0163e.<\/p>\n\n\n\n<p><strong>Sfinte Moa\u015fte<\/strong>: aici afl\u0103m o parte din moa\u015ftele Preacuviosului Antipa de la Calapode\u015fti, d\u0103ruite \u00een anul 1999 de m\u0103n\u0103stirea Schimb\u0103rii la Fa\u0163\u0103 \u2013 Valaam (Rusia); p\u0103rticele din cele mai vechi moa\u015fte din spa\u0163iul danubiano-pontic ale Sfin\u0163ilor Epictet \u015fi Astion. Acestea au fost aduse de la Constan\u0163a, din Dobrogea; dou\u0103 icoane unicat \u00een teritoriu, p\u0103strate de ultimul stare\u0163. \u00cen prezent acestea se afl\u0103 \u00een paraclisul pentru maici: Maica Domnului cu Pruncul \u201d de la Suruceni, adusa de la Ierusalim s.a.<\/p>\n\n\n\n<p><strong>Ferma de stru\u021bi de la Bardar<\/strong>. Prin anii 1990 Silvia si Igor Borjicov au adus din Germania 5 stru\u021bi africani,cu inten\u021bia de a \u00eentemeia o ferma de stru\u021bi. De atunci popula\u021bia s-a \u00eembog\u0103\u021bit si cu alte animale: cai s\u0103lbatici, ponei, p\u0103uni, fazani, lebede negre, c\u0103pri\u0163e \u00een miniatur\u0103, (ce mai mic\u0103 din lume) r\u0103\u0163u\u015fte \u015fi \u015foimi.<\/p>\n\n\n\n<p><strong>Conacul lui Manuc Bei<\/strong>&nbsp;din H\u00eencesti reprezint\u0103 una dintre perlele arhitecturii moldovene\u015fti din secolul al XIX-lea, fiind o re\u015fedin\u0163\u0103 luxoas\u0103, cu o livad\u0103 de iarn\u0103, o piscin\u0103 cu acoperi\u015f, cu ie\u015firi subterane, frumoase havuzuri \u015fi un lac mic, galeriile din sticl\u0103 legau construc\u0163iile adiacente cu palatul. A fost construit conform proiectului arhitectului Bernardazzi. Arhitectura a fost solu\u021bionata in spiritul clasicismului francez. Palatul avea terase cu balu\u0219trii si firide in grosimea pere\u021bilor completate cu diverse statue, avea acoperis \u00eenalt, care sublinia axa de simetrie.<\/p>\n\n\n\n<p><strong>PROGRAM<\/strong><\/p>\n\n\n\n<p>Pornirea ora 08:00<\/p>\n\n\n\n<p>Sosirea la H\u00eence\u0219ti, vizitarea obiectivelor:<\/p>\n\n\n\n<p>Complexul Manuc-Bei din H\u00e2nce\u015fti din care fac parte&nbsp;:<\/p>\n\n\n\n<ul><li>Castelul de v\u00e2n\u0103toare in care este amenajat Muzeul de Etnografie \u015fi Istorie Natural\u0103 din or. H\u00e2nce\u0219ti (Interior)<\/li><li>Palatul princiar sau Versaille al Moldovei (Exterior)<\/li><li>Casa Vechilului&nbsp; (Exterior)<\/li><li>Alte anexe<\/li><li>Ferma de stru\u021bi de la Bardar<\/li><li>M\u0103n\u0103stirea \u201eSf. Mc. Gheorghe\u201d, Suruceni (m\u0103n\u0103stire de c\u0103lug\u0103ri\u0163e)<\/li><\/ul>\n\n\n\n<p>Sosirea la ora 16:00 \u2013 17:00<\/p>\n\n\n\n<p>Detalii la telefon: 023 58 40 04 |060 552 999 | 069 997 722 | 060 822 899 | 060 822 899<br>\nE-mail: laspalmastur@yahoo.com<\/p>\n\n\n\n<p>*Compania isi rezerv\u0103 dreptul de a modifica pretul.<\/p>\n","protected":false},"excerpt":{"rendered":"<p>&nbsp;DETALII Conacul lui Manuc Bei&nbsp;sau&nbsp;Manuc Bey&nbsp;(oficial \u2013&nbsp;Complexul istorico-arhitectural Manuc Bey)&nbsp;este amplasat \u00een ora\u0219ul&nbsp;H\u00eence\u0219ti&nbsp;din partea central-vestic\u0103 a&nbsp;Republicii Moldova; \u0219i include urm\u0103toarele edificii: Palatul lui Manuc, Casa vechilului, C\u0103direa contesei, Castelul de &#8230;<\/p>\n","protected":false},"author":1,"featured_media":3479,"parent":0,"menu_order":0,"comment_status":"closed","ping_status":"closed","template":"","meta":[],"_links":{"self":[{"href":"https:\/\/laspalmas.md\/ru\/wp-json\/wp\/v2\/pages\/3458"}],"collection":[{"href":"https:\/\/laspalmas.md\/ru\/wp-json\/wp\/v2\/pages"}],"about":[{"href":"https:\/\/laspalmas.md\/ru\/wp-json\/wp\/v2\/types\/page"}],"author":[{"embeddable":true,"href":"https:\/\/laspalmas.md\/ru\/wp-json\/wp\/v2\/users\/1"}],"replies":[{"embeddable":true,"href":"https:\/\/laspalmas.md\/ru\/wp-json\/wp\/v2\/comments?post=3458"}],"version-history":[{"count":12,"href":"https:\/\/laspalmas.md\/ru\/wp-json\/wp\/v2\/pages\/3458\/revisions"}],"predecessor-version":[{"id":3607,"href":"https:\/\/laspalmas.md\/ru\/wp-json\/wp\/v2\/pages\/3458\/revisions\/3607"}],"wp:featuredmedia":[{"embeddable":true,"href":"https:\/\/laspalmas.md\/ru\/wp-json\/wp\/v2\/media\/3479"}],"wp:attachment":[{"href":"https:\/\/laspalmas.md\/ru\/wp-json\/wp\/v2\/media?parent=3458"}],"curies":[{"name":"wp","href":"https:\/\/api.w.org\/{rel}","templated":true}]}}