{"id":1070,"date":"2016-01-27T09:28:51","date_gmt":"2016-01-27T09:28:51","guid":{"rendered":"http:\/\/demo.themeton.com\/letstravel\/?page_id=1070"},"modified":"2021-03-13T12:38:34","modified_gmt":"2021-03-13T09:38:34","slug":"accordion","status":"publish","type":"page","link":"https:\/\/laspalmas.md\/ru\/accordion\/","title":{"rendered":"Asigurari"},"content":{"rendered":"<p><strong>Moldova este o \u021bar\u0103 mic\u0103 din Europa de Est. Solul bogat \u0219i climatul continental temperat cu veri calde \u0219i ierni bl\u00e2nde au f\u0103cut ca \u021bara s\u0103 fie una dintre cele mai productive regiuni agricole, \u00eenc\u0103 din cele mai vechi timpuri, \u0219i un furnizor major de produse agricole din sud-estul Europei. Solul fertil al Moldovei produce fructe, legume \u0219i produse cerealiere \u0219i una dintre cele mai importante industrii ale \u021b\u0103rii este industria vinicol\u0103, pentru care Republica Moldova este cunoscut\u0103 cu mult dincolo de grani\u021bele sale. Timp de mul\u021bi ani, producerea vinului \u00een Moldova a fost ocupa\u021bia de baz\u0103 a popula\u021biei.<\/strong><\/p>\n<table class=\"info-table\">\n<tbody>\n<tr>\n<td width=\"204\"><strong>Denumire oficial\u0103<\/strong><\/td>\n<td width=\"625\"><strong>Republica Moldova, abreviat RM sau R.M<\/strong><\/td>\n<\/tr>\n<tr>\n<td width=\"204\"><strong>\u021a\u0103ri vecine<\/strong><\/td>\n<td width=\"625\"><strong>Rom\u00e2nia la vest \u0219i Ucraina la nord, est \u0219i sud<\/strong><\/td>\n<\/tr>\n<tr>\n<td width=\"204\"><strong>Suprafa\u021ba<\/strong><\/td>\n<td width=\"625\"><strong>33.8 mii km\u00b2. Teritoriul Republicii Moldova este de 350 km lungime de la nord la sud \u0219i 150 km de la vest la est.<\/strong><\/td>\n<\/tr>\n<tr>\n<td width=\"204\"><strong>Descrierea<\/strong><\/td>\n<td width=\"625\"><strong>Moldova este un stat f\u0103r\u0103 ie\u0219ire la mare. Cu toate acestea, ea are un punct de acces la Dun\u0103re pe o por\u021biune de 430 de metri, la punctul cel mai sudic al \u021b\u0103rii (Giurgiule\u0219ti), care de asemenea, ofer\u0103 acces poten\u021bial la Marea Neagr\u0103.<\/strong><\/td>\n<\/tr>\n<tr>\n<td width=\"204\"><strong>Forma de guvernare<\/strong><\/td>\n<td width=\"625\"><strong>Republica Moldova este o republic\u0103 parlamentar\u0103 cu un pre\u0219edinte ca \u0219ef al statului \u0219i un prim-ministru ca \u0219ef al guvernului.<\/strong><\/td>\n<\/tr>\n<tr>\n<td width=\"204\"><strong>Diploma\u021bia<\/strong><\/td>\n<td width=\"625\"><strong>Moldova este membr\u0103 al Organiza\u021biei Na\u021biunilor Unite, Consiliul European, Parteneriatul pentru Pace, OMC, OSCE, GUAM, CSI, OCEMN \u0219i alte organiza\u021bii interna\u021bionale. Republica Moldova aspir\u0103 s\u0103 se al\u0103ture Uniunii Europene.<\/strong><\/td>\n<\/tr>\n<tr>\n<td width=\"204\"><strong>Popula\u021bia<\/strong><\/td>\n<td width=\"625\"><strong>3 550 900\u00a0locuitori (cu excep\u021bia regiunii transnistrene) \u2013 estimat \u00een 2014<\/strong><\/td>\n<\/tr>\n<tr>\n<td width=\"204\"><strong>Capitala<\/strong><\/td>\n<td width=\"625\"><strong>Municipiul Chi\u0219in\u0103u (814\u00a0100 locuitori). Cele mai mari ora\u0219e B\u0103l\u021bi, Soroca, Orhei, Cahul, Tiraspol.<\/strong><\/td>\n<\/tr>\n<tr>\n<td width=\"204\"><strong>Limba oficial\u0103<\/strong><\/td>\n<td width=\"625\"><strong>Rom\u00e2na, cu toate acestea ucrainean\u0103, rus\u0103, g\u0103g\u0103uz\u0103, bulgar\u0103 sunt de asemenea vorbite intens.<\/strong><\/td>\n<\/tr>\n<tr>\n<td width=\"204\"><strong>Aeroporturi<\/strong><\/td>\n<td width=\"625\"><strong>Aeroportul principal \u2013 Aeroportul Interna\u021bional Chi\u0219in\u0103u. Codul interna\u021bional aeroportuar KIV<\/strong><\/td>\n<\/tr>\n<tr>\n<td width=\"204\"><strong>Carduri de credit acceptate<\/strong><\/td>\n<td width=\"625\"><strong>Aproape toate tipurile de carduri de credit sunt acceptate, un num\u0103r foarte limitat de ATM-uri vor accepta carduri de tip &#8220;chip and pin&#8221;. Economia moldoveneasc\u0103 este \u00een mod tradi\u021bional tranzac\u021bionat\u0103 \u00een numerar, s-ar putea s\u0103 nu fie \u00eentotdeauna posibil de pl\u0103tit prin card (\u00een special \u00een afara capitalei Chi\u0219in\u0103u).<\/strong><\/td>\n<\/tr>\n<tr>\n<td width=\"204\"><strong>Indicatori de dezvoltare<\/strong><\/td>\n<td width=\"625\"><strong>PIB-ul \u021b\u0103rii\u00a011 miliarde $ (2019)<\/strong><\/p>\n<p><strong>Salariul minim lunar pe economie $ 150 (2019)<\/strong><\/p>\n<p><strong>Salariul mediu lunar pe economie $ 410(2019)<\/strong><\/td>\n<\/tr>\n<tr>\n<td width=\"204\"><strong>Regimul de\u00a0vize<\/strong><\/td>\n<td width=\"625\"><strong>De vize nu au nevoie cet\u0103\u021benii \u021b\u0103rilor UE, SUA, Canada, Japonia, Australia, Noua Zeeland\u0103 \u0219i statelor-membre ale CSI. Ob\u021bine\u021bi cele mai recente informa\u021bii de pe pagina web oficial\u0103 a\u00a0<a href=\"https:\/\/www.evisa.gov.md\/\">Ministerului Afacerilor Externe al Republicii Moldova.<\/a><\/strong><\/td>\n<\/tr>\n<\/tbody>\n<\/table>\n","protected":false},"excerpt":{"rendered":"<p>Moldova este o \u021bar\u0103 mic\u0103 din Europa de Est. Solul bogat \u0219i climatul continental temperat cu veri calde \u0219i ierni bl\u00e2nde au f\u0103cut ca \u021bara s\u0103 fie una dintre cele &#8230;<\/p>\n","protected":false},"author":1,"featured_media":4162,"parent":0,"menu_order":0,"comment_status":"closed","ping_status":"closed","template":"","meta":[],"_links":{"self":[{"href":"https:\/\/laspalmas.md\/ru\/wp-json\/wp\/v2\/pages\/1070"}],"collection":[{"href":"https:\/\/laspalmas.md\/ru\/wp-json\/wp\/v2\/pages"}],"about":[{"href":"https:\/\/laspalmas.md\/ru\/wp-json\/wp\/v2\/types\/page"}],"author":[{"embeddable":true,"href":"https:\/\/laspalmas.md\/ru\/wp-json\/wp\/v2\/users\/1"}],"replies":[{"embeddable":true,"href":"https:\/\/laspalmas.md\/ru\/wp-json\/wp\/v2\/comments?post=1070"}],"version-history":[{"count":11,"href":"https:\/\/laspalmas.md\/ru\/wp-json\/wp\/v2\/pages\/1070\/revisions"}],"predecessor-version":[{"id":4161,"href":"https:\/\/laspalmas.md\/ru\/wp-json\/wp\/v2\/pages\/1070\/revisions\/4161"}],"wp:featuredmedia":[{"embeddable":true,"href":"https:\/\/laspalmas.md\/ru\/wp-json\/wp\/v2\/media\/4162"}],"wp:attachment":[{"href":"https:\/\/laspalmas.md\/ru\/wp-json\/wp\/v2\/media?parent=1070"}],"curies":[{"name":"wp","href":"https:\/\/api.w.org\/{rel}","templated":true}]}}