{"id":1008,"date":"2016-01-27T06:11:33","date_gmt":"2016-01-27T06:11:33","guid":{"rendered":"http:\/\/demo.themeton.com\/letstravel\/?page_id=1008"},"modified":"2020-05-30T15:49:38","modified_gmt":"2020-05-30T12:49:38","slug":"cruise-block","status":"publish","type":"page","link":"https:\/\/laspalmas.md\/ru\/cruise-block\/","title":{"rendered":"COLABORARE"},"content":{"rendered":"\n<p style=\"text-align:left\"> <\/p>\n\n\n\n<p>Stimati parteneri !!!<\/p>\n\n\n\n<p>\u00a0\u00a0Compania\u00a0Las Palmas Tour (TM),\u00a0 i\u015fi exprim\u0103 respectul \u015fi va invit\u0103 la cooperare, care, dupa parerea noastra, va fi una fructuoas\u0103 \u015fi reciproc avantajoasa.<\/p>\n\n\n\n<p>&nbsp;&nbsp;A\u021bi f\u0103cut alegerea potrivit\u0103 \u0219i pute\u021bi fi siguri c\u0103 turi\u0219tii dvs. v\u0103 vor mul\u021bumi pentru restul.<\/p>\n\n\n\n<p>&nbsp;&nbsp;Compania noastra sta la dispozitia Dvs cu o gama larga de destinatii , tururi excursionale, programe de tratament, organizarea evenimentelor,bilete de avion&nbsp; etc.<\/p>\n\n\n\n<p>&nbsp;&nbsp;Pentru a \u00eencepe colaborarea cu noi, trebuie sa indepliniti cativa pasi:<\/p>\n\n\n\n<p>&nbsp;<strong>Pasul 1<\/strong><\/p>\n\n\n\n<p>\u00a0\u00a01.Incheia\u021bi un\u00a0<a href=\"http:\/\/mzlucas.ru\/wp-content\/uploads\/2018\/12\/contract-de-colaborare-agentii-de-turism-NOU.pdf\" target=\"_blank\" rel=\"noreferrer noopener\" aria-label=\" (\u043e\u0442\u043a\u0440\u043e\u0435\u0442\u0441\u044f \u0432 \u043d\u043e\u0432\u043e\u0439 \u0432\u043a\u043b\u0430\u0434\u043a\u0435)\">contract de colaborare<\/a>.<\/p>\n\n\n\n<p>\u00a02. S\u0103 trece\u021bi pasii de\u00a0 \u00eenregistrare pe situl:\u00a0<a href=\"http:\/\/online-reservation.md\/\">http:\/\/online.laspalmas.md<\/a><\/p>\n\n\n\n<p>Contractul este necesar sa-l imprimati in dou\u0103 exemplare \u0219i trimite\u021bi-ne in biroul nostru\u00a0<br><br>Dac\u0103 dori\u021bi s\u0103 v\u0103 schimba\u021bi parola, trebuie s\u0103 scrie\u021bi la adresa de e-mail\u00a0\u00a0<a href=\"mailto:laspalmastur@yahoo.com\">laspalmastur@yahoo.com<\/a><\/p>\n\n\n\n<p>\u00a03.Pimiti accesul in sistema de rezervari prin activare din partea companiei  Las Palmas Tour (TM).<\/p>\n\n\n\n<p>&nbsp;<strong>PASUL 2&nbsp;Rezerv\u0103ri<\/strong><\/p>\n\n\n\n<p>&nbsp;Accesa\u021bi pagina&nbsp; C\u0103utare pachet, citi\u021bi condi\u021biile de rezervare, selecta\u021bi parametrii de turism necesari \u0219i rezerva\u021bi-l introduc\u00e2nd datele de conectare \u0219i parola agen\u021biei.<\/p>\n\n\n\n<p>&nbsp;<strong>PASUL 3: Controlul cererilor<\/strong><\/p>\n\n\n\n<p>&nbsp;&nbsp;Pentru a vizualiza cererea Dstra , merge\u021bi in&nbsp; sistemul online \u00een sec\u021biunea: raportul cerere<\/p>\n\n\n\n<p>&nbsp;&nbsp;Dupa achitarea integrala a cererii&nbsp; primiti accesul la actele tuistilor<\/p>\n\n\n\n<p>Compania&nbsp; poate anula in orice moment rezervarea din partea agentiei , daca aceasta nu a achitat integral serviciile comandate la data scadenta a facturilor, inaintea de plecarea turistilor.In cazul neplatii inainte de plecare , a servicilor comandate, touroperatorul va refuza imbarcarea turistilor sau cazarea in unitatile de cazare comandate<\/p>\n\n\n\n<p>&nbsp;De toare consecintele legale si raspundere juridica&nbsp; pentru acest fapt va fi raspunzatoare Agentia de Turism care nu a facut plata.<\/p>\n\n\n\n<p>Suntem mereu bucuro\u0219i de o nou\u0103 cooperare!<\/p>\n","protected":false},"excerpt":{"rendered":"<p>Stimati parteneri !!! \u00a0\u00a0Compania\u00a0Las Palmas Tour (TM),\u00a0 i\u015fi exprim\u0103 respectul \u015fi va invit\u0103 la cooperare, care, dupa parerea noastra, va fi una fructuoas\u0103 \u015fi reciproc avantajoasa. &nbsp;&nbsp;A\u021bi f\u0103cut alegerea potrivit\u0103 &#8230;<\/p>\n","protected":false},"author":1,"featured_media":3814,"parent":0,"menu_order":0,"comment_status":"closed","ping_status":"closed","template":"","meta":[],"_links":{"self":[{"href":"https:\/\/laspalmas.md\/ru\/wp-json\/wp\/v2\/pages\/1008"}],"collection":[{"href":"https:\/\/laspalmas.md\/ru\/wp-json\/wp\/v2\/pages"}],"about":[{"href":"https:\/\/laspalmas.md\/ru\/wp-json\/wp\/v2\/types\/page"}],"author":[{"embeddable":true,"href":"https:\/\/laspalmas.md\/ru\/wp-json\/wp\/v2\/users\/1"}],"replies":[{"embeddable":true,"href":"https:\/\/laspalmas.md\/ru\/wp-json\/wp\/v2\/comments?post=1008"}],"version-history":[{"count":22,"href":"https:\/\/laspalmas.md\/ru\/wp-json\/wp\/v2\/pages\/1008\/revisions"}],"predecessor-version":[{"id":3915,"href":"https:\/\/laspalmas.md\/ru\/wp-json\/wp\/v2\/pages\/1008\/revisions\/3915"}],"wp:featuredmedia":[{"embeddable":true,"href":"https:\/\/laspalmas.md\/ru\/wp-json\/wp\/v2\/media\/3814"}],"wp:attachment":[{"href":"https:\/\/laspalmas.md\/ru\/wp-json\/wp\/v2\/media?parent=1008"}],"curies":[{"name":"wp","href":"https:\/\/api.w.org\/{rel}","templated":true}]}}